{"id":2177,"date":"2025-03-14T02:28:46","date_gmt":"2025-03-14T02:28:46","guid":{"rendered":"https:\/\/rifengcable.com\/?post_type=product&#038;p=2177"},"modified":"2025-04-26T03:54:53","modified_gmt":"2025-04-26T03:54:53","slug":"ac-power-cable","status":"publish","type":"product","link":"https:\/\/rifengcable.com\/tr\/manufacturer\/ac-power-cable\/","title":{"rendered":"AC G\u00fc\u00e7 Kablosu VV"},"content":{"rendered":"<h1 id=\"-ac-power-cable-vv-strong-safe-easy-power-\"><strong>AC G\u00fc\u00e7 Kablosu VV - G\u00fc\u00e7l\u00fc, G\u00fcvenli, Kolay G\u00fc\u00e7<\/strong><\/h1>\n<p>AC G\u00fc\u00e7 Kablosu VV, TV'lerinize, bilgisayarlar\u0131n\u0131za ve daha fazlas\u0131na g\u00fcvenli elektrik sa\u011flar. G\u00fc\u00e7l\u00fcd\u00fcr, basittir ve harika \u00e7al\u0131\u015f\u0131r.<\/p>\n<h3 id=\"-key-benefits-\"><strong>\u2705 Temel Faydalar<\/strong><\/h3>\n<p>\u2714\u00a0<strong>G\u00fcvenli g\u00fc\u00e7<\/strong>\u00a0- \u0130le \u00e7al\u0131\u015f\u0131r\u00a0<strong>125V, 10A<\/strong>\u00a0(evler ve ofisler i\u00e7in iyi).<\/p>\n<p>\u2714\u00a0<strong>G\u00fc\u00e7l\u00fc yap\u0131<\/strong>\u00a0-\u00a0<strong>Bak\u0131r tel<\/strong>\u00a0i\u00e7erisi serin kal\u0131r.<\/p>\n<p>\u2714\u00a0<strong>Bir\u00e7ok cihaza uyar<\/strong>\u00a0-\u00a0<strong>Samsung, Sony, Dell ve daha fazlas\u0131<\/strong>.<\/p>\n<p>\u2714\u00a0<strong>Kullan\u0131m\u0131 kolay<\/strong>\u00a0-\u00a0<strong>5 ft (1,5 m) uzunlu\u011funda<\/strong>\u00a0ile\u00a0<strong>3 u\u00e7lu fi\u015f<\/strong>.<\/p>\n<hr \/>\n<h2 id=\"-product-details-simple-clear-\"><strong>\ud83d\udd0c \u00dcr\u00fcn Detaylar\u0131 (Basit ve Net)<\/strong><\/h2>\n<table style=\"height: 171px;\" width=\"481\">\n<thead>\n<tr>\n<th><strong>\u00d6zellik<\/strong><\/th>\n<th><strong>Ne anlama geliyor<\/strong><\/th>\n<\/tr>\n<\/thead>\n<tbody>\n<tr>\n<td><strong>Uzunluk<\/strong><\/td>\n<td>5 ft (1,5 m) - Masa veya TV kurulumu i\u00e7in uygundur.<\/td>\n<\/tr>\n<tr>\n<td><strong>Tel Kal\u0131nl\u0131\u011f\u0131 (AWG)<\/strong><\/td>\n<td><strong>18 AWG<\/strong>\u00a0- 10 amper g\u00fc\u00e7 i\u00e7in g\u00fcvenlidir.<\/td>\n<\/tr>\n<tr>\n<td><strong>Fi\u015f Tipi<\/strong><\/td>\n<td><strong>3 u\u00e7lu<\/strong>\u00a0- Standart duvar prizlerine uyar.<\/td>\n<\/tr>\n<tr>\n<td><strong>Gerilim<\/strong><\/td>\n<td><strong>125V AC<\/strong>\u00a0- ABD evlerinde \u00e7al\u0131\u015f\u0131r.<\/td>\n<\/tr>\n<tr>\n<td><strong>\u0130\u00e7in En \u0130yisi<\/strong><\/td>\n<td>Televizyonlar, bilgisayarlar, monit\u00f6rler, yaz\u0131c\u0131lar.<\/td>\n<\/tr>\n<\/tbody>\n<\/table>\n<hr \/>\n<h2 id=\"-where-to-use-this-cable-\"><strong>\ud83d\udca1 Bu Kablo Nerede Kullan\u0131l\u0131r<\/strong><\/h2>\n<h3 id=\"-1-home-office-\"><strong>1\ufe0f\u20e3 Ev &amp; Ofis<\/strong><\/h3>\n<ul>\n<li><strong>TV'ler ve Monit\u00f6rler<\/strong>\u00a0- \u0130le \u00e7al\u0131\u015f\u0131r\u00a0<strong>Samsung, Sony, Acer, Vizio<\/strong>.<\/li>\n<li><strong>Yaz\u0131c\u0131lar ve Radyolar<\/strong>\u00a0- Basit fi\u015fli g\u00fc\u00e7.<\/li>\n<\/ul>\n<h3 id=\"-2-computers-laptops-\"><strong>2\ufe0f\u20e3 Bilgisayarlar ve Diz\u00fcst\u00fc Bilgisayarlar<\/strong><\/h3>\n<ul>\n<li>\u015eunun i\u00e7in iyi\u00a0<strong>Dell, Asus, Acer diz\u00fcst\u00fc bilgisayarlar<\/strong>.<\/li>\n<li>Uyuyor\u00a0<strong>PC g\u00fc\u00e7 kaynaklar\u0131<\/strong>.<\/li>\n<\/ul>\n<h3 id=\"-3-stronger-cables-for-factories-\"><strong>3\ufe0f\u20e3 Fabrikalar i\u00e7in Daha G\u00fc\u00e7l\u00fc Kablolar<\/strong><\/h3>\n<ul>\n<li>\u0130\u00e7in\u00a0<strong>a\u011f\u0131r makineler<\/strong>, get\u00a0<strong>petrole dayan\u0131kl\u0131 kablolar<\/strong>.\u00a0<em>(A\u011f\u0131r hizmet tipi g\u00fc\u00e7 \u00e7\u00f6z\u00fcmleri hakk\u0131nda bilgi edinin.)<\/em><\/li>\n<\/ul>\n<hr \/>\n<h2 id=\"-made-to-last-\"><strong>\ud83d\udd27 Uzun \u00d6m\u00fcrl\u00fc<\/strong><\/h2>\n<ul>\n<li><strong>Bak\u0131r tel<\/strong>\u00a0i\u00e7eride =\u00a0<strong>daha iyi g\u00fc\u00e7 ak\u0131\u015f\u0131<\/strong>.<\/li>\n<li><strong>PVC yal\u0131t\u0131m<\/strong>\u00a0=\u00a0<strong>uzun s\u00fcre dayan\u0131r, k\u0131r\u0131lma olmaz<\/strong>.<\/li>\n<li>\u015eunlar i\u00e7in test edildi\u00a0<strong>g\u00fcvenli ev ve ofis kullan\u0131m\u0131<\/strong>.<\/li>\n<\/ul>\n<hr \/>\n<p><strong>\u00d6zet:<\/strong>\u00a0Bu\u00a0<strong>AC G\u00fc\u00e7 Kablosu VV<\/strong>\u00a0\u00f6yle: \u2714\u00a0<strong>G\u00fcvenli<\/strong>\u00a0\u2714\u00a0<strong>G\u00fc\u00e7l\u00fc<\/strong>\u00a0\u2714\u00a0<strong>TV'ler ve bilgisayarlarla \u00e7al\u0131\u015f\u0131r<\/strong>. \u015eunun i\u00e7in harika\u00a0<strong>ev, ofis veya hafif i\u015fler<\/strong>.<\/p>","protected":false},"excerpt":{"rendered":"<p>\u00dcr\u00fcn\uff1aVV 0.6\/1kv<\/p>\n<p dir=\"ltr\" data-placeholder=\"Translation\" data-ved=\"2ahUKEwjRrbGas4iMAxUAnK8BHRg0BFYQ3ewLegQIChAV\" aria-label=\"Terc\u00fcme edilmi\u015f metin: Uygulama kapsam\u0131\">\u00dcr\u00fcn standartlar\u0131 \uff1a GB\/T 12706.1-2020<\/p>\n<p dir=\"ltr\" data-placeholder=\"Translation\" data-ved=\"2ahUKEwjRrbGas4iMAxUAnK8BHRg0BFYQ3ewLegQIChAV\" aria-label=\"\u00c7evrilmi\u015f metin: Nominal gerilim (Uo\/U)\"><strong>Temel Parametreler\uff1a<\/strong><\/p>\n<ul>\n<li id=\"tw-target-text\" class=\"tw-data-text tw-text-large tw-ta\" dir=\"ltr\" data-placeholder=\"Translation\" data-ved=\"2ahUKEwjRrbGas4iMAxUAnK8BHRg0BFYQ3ewLegQIChAV\" aria-label=\"\u00c7evrilmi\u015f metin: Nominal gerilim (Uo\/U)\"><span class=\"Y2IQFc\" lang=\"en\">Nominal gerilim (Uo\/U)\uff1a0,6\/1kv<\/span><\/li>\n<li class=\"tw-data-text tw-text-large tw-ta\" dir=\"ltr\" data-placeholder=\"Translation\" data-ved=\"2ahUKEwjRrbGas4iMAxUAnK8BHRg0BFYQ3ewLegQIChAV\" aria-label=\"\u00c7evrilmi\u015f metin: Nominal gerilim (Uo\/U)\">Maksimum sistem gerilimi (Um)\uff1a 1,2kv<\/li>\n<li class=\"tw-data-text tw-text-large tw-ta\" dir=\"ltr\" data-placeholder=\"Translation\" data-ved=\"2ahUKEwjRrbGas4iMAxUAnK8BHRg0BFYQ3ewLegQIChAV\" aria-label=\"\u00c7evrilmi\u015f metin: Nominal gerilim (Uo\/U)\">\u0130zolasyon\uff1aPVC<\/li>\n<li class=\"tw-data-text tw-text-large tw-ta\" dir=\"ltr\" data-placeholder=\"Translation\" data-ved=\"2ahUKEwjRrbGas4iMAxUAnK8BHRg0BFYQ3ewLegQIChAV\" aria-label=\"\u00c7evrilmi\u015f metin: Nominal gerilim (Uo\/U)\">Dolgu (iste\u011fe ba\u011fl\u0131)\uff1a<span style=\"color: #555555; font-size: 14.4px;\">Polipropilen \u00f6rg\u00fc kordon veya alev geciktirici dolgu<\/span><\/li>\n<li class=\"tw-data-text tw-text-large tw-ta\" dir=\"ltr\" data-placeholder=\"Translation\" data-ved=\"2ahUKEwjRrbGas4iMAxUAnK8BHRg0BFYQ3ewLegQIChAV\" aria-label=\"\u00c7evrilmi\u015f metin: Nominal gerilim (Uo\/U)\">Ceket Malzemesi\uff1a<span class=\"Y2IQFc\" lang=\"en\" style=\"color: #555555; font-size: 14.4px;\">Polivinil klor\u00fcr veya alev geciktirici polivinil klor\u00fcr<\/span><\/li>\n<\/ul>\n<p class=\"tw-data-text tw-text-large tw-ta\" dir=\"ltr\" data-placeholder=\"Translation\" data-ved=\"2ahUKEwjRrbGas4iMAxUAnK8BHRg0BFYQ3ewLegQIChAV\" aria-label=\"Terc\u00fcme edilmi\u015f metin: Uygulama kapsam\u0131\"><strong><span class=\"Y2IQFc\" lang=\"en\">Uygulama kapsam\u0131\uff1a<\/span><\/strong><\/p>\n<p class=\"tw-data-text tw-text-large tw-ta\" dir=\"ltr\" data-placeholder=\"Translation\" data-ved=\"2ahUKEwjRrbGas4iMAxUAnK8BHRg0BFYQ3ewLegQIChAV\" aria-label=\"Terc\u00fcme edilmi\u015f metin: Uygulama kapsam\u0131\"><span class=\"Y2IQFc\" lang=\"en\">Bu \u00fcr\u00fcn, elektrik enerjisinin iletimi ve da\u011f\u0131t\u0131m\u0131 i\u00e7in nominal gerilimi 0,6\/lkV'u a\u015fmayan AC 50Hz hatlar i\u00e7in uygundur.<\/span><\/p>\n<p>&nbsp;<\/p>","protected":false},"featured_media":2179,"template":"","meta":[],"product_brand":[],"product_cat":[46],"product_tag":[],"class_list":{"0":"post-2177","1":"product","2":"type-product","3":"status-publish","4":"has-post-thumbnail","6":"product_cat-power-cable","8":"first","9":"instock","10":"shipping-taxable","11":"product-type-simple"},"_links":{"self":[{"href":"https:\/\/rifengcable.com\/tr\/wp-json\/wp\/v2\/product\/2177","targetHints":{"allow":["GET"]}}],"collection":[{"href":"https:\/\/rifengcable.com\/tr\/wp-json\/wp\/v2\/product"}],"about":[{"href":"https:\/\/rifengcable.com\/tr\/wp-json\/wp\/v2\/types\/product"}],"wp:featuredmedia":[{"embeddable":true,"href":"https:\/\/rifengcable.com\/tr\/wp-json\/wp\/v2\/media\/2179"}],"wp:attachment":[{"href":"https:\/\/rifengcable.com\/tr\/wp-json\/wp\/v2\/media?parent=2177"}],"wp:term":[{"taxonomy":"product_brand","embeddable":true,"href":"https:\/\/rifengcable.com\/tr\/wp-json\/wp\/v2\/product_brand?post=2177"},{"taxonomy":"product_cat","embeddable":true,"href":"https:\/\/rifengcable.com\/tr\/wp-json\/wp\/v2\/product_cat?post=2177"},{"taxonomy":"product_tag","embeddable":true,"href":"https:\/\/rifengcable.com\/tr\/wp-json\/wp\/v2\/product_tag?post=2177"}],"curies":[{"name":"wp","href":"https:\/\/api.w.org\/{rel}","templated":true}]}}