{"id":1887,"date":"2025-03-05T07:33:49","date_gmt":"2025-03-05T07:33:49","guid":{"rendered":"https:\/\/rifengcable.com\/?post_type=product&#038;p=1887"},"modified":"2025-04-26T03:23:54","modified_gmt":"2025-04-26T03:23:54","slug":"ac-power-cord-rf-07","status":"publish","type":"product","link":"https:\/\/rifengcable.com\/tr\/manufacturer\/ac-power-cord-rf-07\/","title":{"rendered":"AC G\u00fc\u00e7 Kablosu RF-07"},"content":{"rendered":"<h1 id=\"-ac-power-cord-rf-07-replacement-cable-for-panasonic-radios-\"><strong>AC G\u00fc\u00e7 Kablosu RF-07 - Panasonic Telsizler i\u00e7in Yedek Kablo<\/strong><\/h1>\n<p>AC G\u00fc\u00e7 Kablosu RF-07, Panasonic AM\/FM radyonuza g\u00fc\u00e7 sa\u011flamak ve sorunsuz \u00e7al\u0131\u015fmas\u0131n\u0131 sa\u011flamak i\u00e7in \u00fcretilmi\u015ftir.<\/p>\n<h3 id=\"-works-with-\"><strong>\u2705 Birlikte \u00c7al\u0131\u015f\u0131r<\/strong><\/h3>\n<p>Modellere uyar:<\/p>\n<ul>\n<li><strong>RF-2400, RF-2400D, RF-2900<\/strong><\/li>\n<li><strong>RX-D10, RX-D11, RX-D12, RX-D13<\/strong><\/li>\n<li><strong>RQ-2102, DVD-XP50<\/strong><\/li>\n<\/ul>\n<p><em>Her zaman \u00f6nce radyonuzun fi\u015f boyutunu kontrol edin.<\/em><\/p>\n<h3 id=\"-cable-specs-\"><strong>\ud83d\udd0c Kablo \u00d6zellikleri<\/strong><\/h3>\n<table style=\"height: 142px;\" width=\"491\">\n<thead>\n<tr>\n<th><strong>\u00d6\u011fe<\/strong><\/th>\n<th><strong>Detaylar<\/strong><\/th>\n<\/tr>\n<\/thead>\n<tbody>\n<tr>\n<td><strong>Konekt\u00f6r<\/strong><\/td>\n<td><strong>C7 (\u015eekil 8) di\u015fi<\/strong>\u00a0i\u00e7in\u00a0<strong>NEMA 1-15P erkek<\/strong><\/td>\n<\/tr>\n<tr>\n<td><strong>Uzunluk<\/strong><\/td>\n<td>6ft (veya\u00a0<strong>8.2ft<\/strong>\u00a0ekstra eri\u015fim i\u00e7in)<\/td>\n<\/tr>\n<tr>\n<td><strong>G\u00fc\u00e7 De\u011feri<\/strong><\/td>\n<td>100-240V, 7A-10A (a\u015fa\u011f\u0131dakiler i\u00e7in g\u00fcvenli\u00a0<strong>ev ve seyahat<\/strong>)<\/td>\n<\/tr>\n<tr>\n<td><strong>Sertifikasyon<\/strong><\/td>\n<td><strong>UL listesinde<\/strong>\u00a0(a\u015f\u0131r\u0131 \u0131s\u0131nma yok)<\/td>\n<\/tr>\n<\/tbody>\n<\/table>\n<h3 id=\"-key-features-\"><strong>\ud83d\udd25 Temel \u00d6zellikler<\/strong><\/h3>\n<p>\u2714\u00a0<strong>G\u00fc\u00e7l\u00fc ve G\u00fcvenli<\/strong>\u00a0- Sert kablolar\u00a0<strong>son uzun<\/strong>\u00a0\u2714\u00a0<strong>Kolay Tak\u0131labilir<\/strong>\u00a0- Ba\u011flad\u0131\u011f\u0131n\u0131zda do\u011fru \u00e7al\u0131\u015f\u0131r \u2714\u00a0<strong>Do\u011fru Boyut<\/strong>\u00a0- S\u0131k\u0131 oturur (gev\u015fek tapa yok) \u2714\u00a0<strong>Garanti ile Desteklenir<\/strong>\u00a0-\u00a0<strong>24 ayl\u0131k<\/strong>\u00a0gerekirse de\u011fi\u015fim<\/p>\n<h3 id=\"-best-uses-\"><strong>\ud83d\udca1 En \u0130yi Kullan\u0131m Alanlar\u0131<\/strong><\/h3>\n<ul>\n<li><strong>Evde<\/strong>\u00a0- Durmadan radyo, kaset veya CD \u00e7alma<\/li>\n<li><strong>Seyahatlerde<\/strong>\u00a0- K\u00fc\u00e7\u00fck boy \u00e7antalara uyar (\u00e7al\u0131\u015f\u0131r\u00a0<strong>d\u00fcnya \u00e7ap\u0131nda<\/strong>)<\/li>\n<li><strong>Eski kablolar\u0131 onar\u0131n<\/strong>\u00a0- Kopan veya kaybolan g\u00fc\u00e7 kablolar\u0131n\u0131 h\u0131zl\u0131ca de\u011fi\u015ftirin<\/li>\n<\/ul>\n<hr \/>\n<h3 id=\"-how-to-order-\"><strong>\ud83d\udd27 Nas\u0131l Sipari\u015f Verilir<\/strong><\/h3>\n<ol>\n<li><strong>Se\u00e7im uzunlu\u011fu<\/strong>\u00a0(6ft veya 8.2ft).<\/li>\n<li>Kontrol et\u00a0<strong>Panasonic model numaras\u0131<\/strong>\u00a0radyonuzda.<\/li>\n<li><strong>\"\u015eimdi Sat\u0131n Al \"a t\u0131klay\u0131n<\/strong>\u00a0- h\u0131zl\u0131 g\u00f6nderilir!<\/li>\n<\/ol>\n<p>Bu\u00a0<strong>RF-07 kordon<\/strong>\u00a0m\u00fczik \u00e7almaya devam ediyor-<strong>bug\u00fcn si\u0307pari\u0307\u015f veri\u0307n!<\/strong><\/p>","protected":false},"excerpt":{"rendered":"<p>\u00dcr\u00fcn\uff1aRF-07<\/p>\n<p>Uygun Kablo Tipi\uff1a<\/p>\n<table style=\"border-collapse: collapse; width: 478px; height: 305px;\" border=\"0\" width=\"459\" cellspacing=\"0\" cellpadding=\"0\">\n<tbody>\n<tr style=\"height: 31.00pt;\">\n<td class=\"et3\" style=\"height: 31pt; width: 69.75pt; text-align: center;\" width=\"93\" height=\"41\">Tip<\/td>\n<td class=\"et3\" style=\"width: 166.5pt; text-align: center;\" width=\"222\">Nominal ak\u0131m ve gerilim<\/td>\n<td class=\"et3\" style=\"width: 108pt; text-align: center;\" width=\"144\">Teknik \u00d6zellikler<\/td>\n<\/tr>\n<tr style=\"height: 27.00pt;\">\n<td class=\"et4\" style=\"height: 27pt; text-align: center;\" height=\"36\">H03VVH2-F<\/td>\n<td class=\"et4\" style=\"text-align: center;\">16A\/250V<\/td>\n<td class=\"et4\" style=\"text-align: center;\">2*0.75m\u33a1<\/td>\n<\/tr>\n<tr style=\"height: 27.00pt;\">\n<td class=\"et4\" style=\"height: 27pt; text-align: center;\" height=\"36\">H03VV-F<\/td>\n<td class=\"et4\" style=\"text-align: center;\">16A\/250V<\/td>\n<td class=\"et4\" style=\"text-align: center;\">2*0.75m\u33a1<\/td>\n<\/tr>\n<tr style=\"height: 27.00pt;\">\n<td class=\"et4\" style=\"height: 27pt; text-align: center;\" height=\"36\">H05VVH2-F<\/td>\n<td class=\"et4\" style=\"text-align: center;\">16A\/250V<\/td>\n<td class=\"et4\" style=\"text-align: center;\">2*0.75m\u33a1<\/td>\n<\/tr>\n<tr style=\"height: 27.00pt;\">\n<td class=\"et4\" style=\"height: 27pt; text-align: center;\" height=\"36\">H05VV-F<\/td>\n<td class=\"et4\" style=\"text-align: center;\">16A\/250V<\/td>\n<td class=\"et4\" style=\"text-align: center;\">2*0.75-1.5m\u33a1<\/td>\n<\/tr>\n<tr style=\"height: 27.00pt;\">\n<td class=\"et4\" style=\"height: 27pt; text-align: center;\" height=\"36\">H05RR-F<\/td>\n<td class=\"et4\" style=\"text-align: center;\">16A\/250V<\/td>\n<td class=\"et4\" style=\"text-align: center;\">2*0.75-1.5m\u33a1<\/td>\n<\/tr>\n<tr style=\"height: 27.00pt;\">\n<td class=\"et4\" style=\"height: 27pt; text-align: center;\" height=\"36\">H05RN-F<\/td>\n<td class=\"et4\" style=\"text-align: center;\">16A\/250V<\/td>\n<td class=\"et4\" style=\"text-align: center;\">2*0.75-1m\u33a1<\/td>\n<\/tr>\n<tr style=\"height: 27.00pt;\">\n<td class=\"et4\" style=\"height: 27pt; text-align: center;\" height=\"36\">H07RN-F<\/td>\n<td class=\"et4\" style=\"text-align: center;\">16A\/250V<\/td>\n<td class=\"et4\" style=\"text-align: center;\">2*1.0-1.5m\u33a1<\/td>\n<\/tr>\n<\/tbody>\n<\/table>","protected":false},"featured_media":1888,"template":"","meta":[],"product_brand":[],"product_cat":[43],"product_tag":[],"class_list":{"0":"post-1887","1":"product","2":"type-product","3":"status-publish","4":"has-post-thumbnail","6":"product_cat-power-cords","8":"first","9":"instock","10":"shipping-taxable","11":"product-type-simple"},"_links":{"self":[{"href":"https:\/\/rifengcable.com\/tr\/wp-json\/wp\/v2\/product\/1887","targetHints":{"allow":["GET"]}}],"collection":[{"href":"https:\/\/rifengcable.com\/tr\/wp-json\/wp\/v2\/product"}],"about":[{"href":"https:\/\/rifengcable.com\/tr\/wp-json\/wp\/v2\/types\/product"}],"wp:featuredmedia":[{"embeddable":true,"href":"https:\/\/rifengcable.com\/tr\/wp-json\/wp\/v2\/media\/1888"}],"wp:attachment":[{"href":"https:\/\/rifengcable.com\/tr\/wp-json\/wp\/v2\/media?parent=1887"}],"wp:term":[{"taxonomy":"product_brand","embeddable":true,"href":"https:\/\/rifengcable.com\/tr\/wp-json\/wp\/v2\/product_brand?post=1887"},{"taxonomy":"product_cat","embeddable":true,"href":"https:\/\/rifengcable.com\/tr\/wp-json\/wp\/v2\/product_cat?post=1887"},{"taxonomy":"product_tag","embeddable":true,"href":"https:\/\/rifengcable.com\/tr\/wp-json\/wp\/v2\/product_tag?post=1887"}],"curies":[{"name":"wp","href":"https:\/\/api.w.org\/{rel}","templated":true}]}}