{"id":1883,"date":"2025-03-05T07:20:43","date_gmt":"2025-03-05T07:20:43","guid":{"rendered":"https:\/\/rifengcable.com\/?post_type=product&#038;p=1883"},"modified":"2025-04-26T03:16:23","modified_gmt":"2025-04-26T03:16:23","slug":"power-cables-rf-06","status":"publish","type":"product","link":"https:\/\/rifengcable.com\/tr\/manufacturer\/power-cables-rf-06\/","title":{"rendered":"G\u00fc\u00e7 Kablolar\u0131 RF-06"},"content":{"rendered":"<h1 id=\"-power-cables-rf-06-strong-simple-reliable-\"><strong>G\u00fc\u00e7 Kablolar\u0131 RF-06: G\u00fc\u00e7l\u00fc, Basit, G\u00fcvenilir<\/strong><\/h1>\n<p>Power Cables RF-06, elektrik g\u00fcc\u00fcn\u00fc ve sinyallerini g\u00fcvenli bir \u015fekilde ta\u015f\u0131maya yard\u0131mc\u0131 olur. B\u00fcy\u00fck i\u015fler i\u00e7in g\u00fc\u00e7l\u00fc bir \u015fekilde \u00fcretilmi\u015ftir.<\/p>\n<hr \/>\n<h2 id=\"-quick-facts-\"><strong>\ud83d\udd0d H\u0131zl\u0131 Bilgiler<\/strong><\/h2>\n<table style=\"height: 114px;\" width=\"429\">\n<thead>\n<tr>\n<th><strong>Bu Nedir<\/strong><\/th>\n<th><strong>Neden \u0130yi<\/strong><\/th>\n<\/tr>\n<\/thead>\n<tbody>\n<tr>\n<td><strong>RF Kablo Tertibat\u0131<\/strong><\/td>\n<td>\u0130le \u00e7al\u0131\u015f\u0131r\u00a0<strong>y\u00fcksek g\u00fc\u00e7l\u00fc sinyaller<\/strong><\/td>\n<\/tr>\n<tr>\n<td><strong>A\u011f\u0131r \u0130\u015fler \u0130\u00e7in<\/strong><\/td>\n<td>\u0130\u00e7inde kullan\u0131l\u0131r\u00a0<strong>fabrikalar, laboratuvarlar ve telekom<\/strong><\/td>\n<\/tr>\n<tr>\n<td><strong>D\u00fc\u015f\u00fck Sinyal Kayb\u0131<\/strong><\/td>\n<td>Sinyalleri tutar\u00a0<strong>net ve g\u00fc\u00e7l\u00fc<\/strong><\/td>\n<\/tr>\n<\/tbody>\n<\/table>\n<hr \/>\n<h2 id=\"-key-features-\"><strong>\u2705 Temel \u00d6zellikler<\/strong><\/h2>\n<p>\u2705\u00a0<strong>Bir\u00e7ok Makine ile \u00c7al\u0131\u015f\u0131r<\/strong>\u00a0- Uyuyor\u00a0<strong>BNC, SMA veya N tipi fi\u015fler<\/strong>.<\/p>\n<p>\u2705 <strong>G\u00fc\u00e7l\u00fc ve G\u00fcvenli<\/strong>\u00a0- Kulplar\u00a0<strong>d\u00fc\u015f\u00fck, orta veya y\u00fcksek g\u00fc\u00e7<\/strong>.<\/p>\n<p>\u2705 <strong>Sinyalleri Temizle<\/strong>\u00a0- Azalt\u0131r\u00a0<strong>sinyal kayb\u0131<\/strong> daha iyi test i\u00e7in.<\/p>\n<p>\u2705\u00a0<strong>Zor Yerler \u0130\u00e7in<\/strong>\u00a0-\u00a0<strong>Korumal\u0131 kablo<\/strong> m\u00fcdahaleyi durdurur.<\/p>\n<hr \/>\n<h2 id=\"-uses-where-it-works-best-\"><strong>\ud83d\udd27 Kullan\u0131m Alanlar\u0131 (En \u0130yi \u00c7al\u0131\u015ft\u0131\u011f\u0131 Yerler)<\/strong><\/h2>\n<h3 id=\"-1-testing-labs-\"><strong>1. Test Laboratuvarlar\u0131<\/strong><\/h3>\n<ul>\n<li>\u00c7ekler\u00a0<strong>radyolar, telefonlar ve Wi-Fi<\/strong> Sinyaller.<\/li>\n<li>Verileri tutar\u00a0<strong>tam olarak<\/strong>\u00a0ile\u00a0<strong>d\u00fc\u015f\u00fck kay\u0131p<\/strong>.<\/li>\n<\/ul>\n<h3 id=\"-2-telecom-5g-\"><strong>2. Telekom ve 5G<\/strong><\/h3>\n<ul>\n<li>Yard\u0131mc\u0131 olur\u00a0<strong>h\u00fccre kuleleri<\/strong> g\u00fc\u00e7l\u00fc sinyaller g\u00f6nderir.<\/li>\n<li>\u015eunun i\u00e7in iyi\u00a0<strong>h\u0131zl\u0131, net ba\u011flant\u0131lar<\/strong>.<\/li>\n<\/ul>\n<h3 id=\"-3-factories-robots-\"><strong>3. Fabrikalar ve Robotlar<\/strong><\/h3>\n<ul>\n<li>G\u00fc\u00e7ler\u00a0<strong>b\u00fcy\u00fck makineler g\u00fcvenle<\/strong>.<\/li>\n<li>Hay\u0131r\u00a0<strong>sinyal sorunlar\u0131<\/strong>\u00a0g\u00fcr\u00fclt\u00fcl\u00fc yerlerde.<\/li>\n<\/ul>\n<h3 id=\"-4-military-space-\"><strong>4. Askeri ve Uzay<\/strong><\/h3>\n<ul>\n<li>\u0130\u00e7inde \u00e7al\u0131\u015f\u0131r\u00a0<strong>\u00e7ok s\u0131cak veya so\u011fuk yerler<\/strong>.<\/li>\n<li>\u015eunlar i\u00e7in g\u00fcvenilir\u00a0<strong>\u00f6nemli\u0307 i\u0307\u015fler<\/strong>.<\/li>\n<\/ul>\n<hr \/>\n<h2 id=\"-tech-details-easy-to-read-\"><strong>\ud83d\udccf Teknik Ayr\u0131nt\u0131lar<\/strong><\/h2>\n<ul>\n<li><strong>Boyut:<\/strong>\u00a0Uyuyor\u00a0<strong>0,100\u2033 (2,54 mm) tapalar<\/strong>.<\/li>\n<li><strong>G\u00fc\u00e7:<\/strong>\u00a0\u0130le \u00e7al\u0131\u015f\u0131r\u00a0<strong>DC ila 26,5 GHz<\/strong>.<\/li>\n<li><strong>Malzeme:<\/strong>\u00a0<strong>Metal kalkan<\/strong> g\u00fcr\u00fclt\u00fcy\u00fc engeller.<\/li>\n<li><strong>G\u00fcvenlik:<\/strong>\u00a0Hay\u0131r\u00a0<strong>k\u0131r\u0131k sinyaller<\/strong>.<\/li>\n<\/ul>\n<hr \/>\n<h2 id=\"-why-pick-this-cable-\"><strong>\ud83d\ude80 Neden Bu Kabloyu Se\u00e7melisiniz?<\/strong><\/h2>\n<p>\u2714\u00a0<strong>K\u00f6t\u00fc sinyal yok<\/strong>\u00a0- Kal\u0131yor\u00a0<strong>temiz<\/strong>\u00a0g\u00fcr\u00fclt\u00fcl\u00fc yerlerde. \u2714\u00a0<strong>Bir\u00e7ok alete uyar<\/strong>\u00a0- \u0130le \u00e7al\u0131\u015f\u0131r\u00a0<strong>BNC, SMA ve daha fazlas\u0131<\/strong>. \u2714\u00a0<strong>Uzun s\u00fcre dayan\u0131r<\/strong>\u00a0- G\u00fc\u00e7l\u00fc i\u00e7in\u00a0<strong>y\u0131llarca kullan\u0131m<\/strong>.<\/p>\n<hr \/>\n<h2 id=\"-get-yours-today-\"><strong>\ud83d\uded2 Bug\u00fcn Sizinkini Al\u0131n!<\/strong><\/h2>\n<p><strong>G\u00fc\u00e7 Kablolar\u0131 RF-06<\/strong>\u00a0i\u00e7in haz\u0131r\u00a0<strong>a\u011f\u0131r i\u015f<\/strong>. Gibi g\u00fcvenilir sat\u0131c\u0131lardan sat\u0131n al\u0131n\u00a0<strong>Digi-Key<\/strong>,\u00a0<strong>Mouser<\/strong>veya RF End\u00fcstrileri.\u00a0<strong>G\u00fc\u00e7l\u00fc sinyaller burada ba\u015flar!<\/strong><\/p>","protected":false},"excerpt":{"rendered":"<p>\u00dcr\u00fcn\uff1aRF-06<\/p>\n<p>Uygun Kablo Tipi\uff1a<\/p>\n<table style=\"border-collapse: collapse; width: 446px; height: 172px;\" border=\"0\" width=\"438\" cellspacing=\"0\" cellpadding=\"0\">\n<tbody>\n<tr style=\"height: 31.00pt;\">\n<td class=\"et3\" style=\"height: 31pt; width: 54pt; text-align: center;\" width=\"72\" height=\"41\">Tip<\/td>\n<td class=\"et3\" style=\"width: 166.5pt; text-align: center;\" width=\"222\">Nominal ak\u0131m ve gerilim<\/td>\n<td class=\"et3\" style=\"width: 108pt; text-align: center;\" width=\"144\">Teknik \u00d6zellikler<\/td>\n<\/tr>\n<tr style=\"height: 23.00pt;\">\n<td class=\"et4\" style=\"height: 23pt; text-align: center;\" height=\"30\">H05RR-F<\/td>\n<td class=\"et4\" style=\"text-align: center;\">16A\/250V<\/td>\n<td class=\"et4\" style=\"text-align: center;\">2*0.75-1.5m\u33a1<\/td>\n<\/tr>\n<tr style=\"height: 23.00pt;\">\n<td class=\"et4\" style=\"height: 23pt; text-align: center;\" height=\"30\">H05RN-F<\/td>\n<td class=\"et4\" style=\"text-align: center;\">16A\/250V<\/td>\n<td class=\"et4\" style=\"text-align: center;\">2*0.75-1m\u33a1<\/td>\n<\/tr>\n<tr style=\"height: 23.00pt;\">\n<td class=\"et4\" style=\"height: 23pt; text-align: center;\" height=\"30\">H07RN-F<\/td>\n<td class=\"et4\" style=\"text-align: center;\">16A\/250V<\/td>\n<td class=\"et4\" style=\"text-align: center;\">2*1.0-1.5m\u33a1<\/td>\n<\/tr>\n<tr style=\"height: 23.00pt;\">\n<td class=\"et4\" style=\"height: 23pt; text-align: center;\" height=\"30\">H07RN8-F<\/td>\n<td class=\"et4\" style=\"text-align: center;\">16A\/250V<\/td>\n<td class=\"et4\" style=\"text-align: center;\">2*1.0-1.5m\u33a1<\/td>\n<\/tr>\n<\/tbody>\n<\/table>","protected":false},"featured_media":1884,"template":"","meta":[],"product_brand":[],"product_cat":[43],"product_tag":[],"class_list":{"0":"post-1883","1":"product","2":"type-product","3":"status-publish","4":"has-post-thumbnail","6":"product_cat-power-cords","8":"first","9":"instock","10":"shipping-taxable","11":"product-type-simple"},"_links":{"self":[{"href":"https:\/\/rifengcable.com\/tr\/wp-json\/wp\/v2\/product\/1883","targetHints":{"allow":["GET"]}}],"collection":[{"href":"https:\/\/rifengcable.com\/tr\/wp-json\/wp\/v2\/product"}],"about":[{"href":"https:\/\/rifengcable.com\/tr\/wp-json\/wp\/v2\/types\/product"}],"wp:featuredmedia":[{"embeddable":true,"href":"https:\/\/rifengcable.com\/tr\/wp-json\/wp\/v2\/media\/1884"}],"wp:attachment":[{"href":"https:\/\/rifengcable.com\/tr\/wp-json\/wp\/v2\/media?parent=1883"}],"wp:term":[{"taxonomy":"product_brand","embeddable":true,"href":"https:\/\/rifengcable.com\/tr\/wp-json\/wp\/v2\/product_brand?post=1883"},{"taxonomy":"product_cat","embeddable":true,"href":"https:\/\/rifengcable.com\/tr\/wp-json\/wp\/v2\/product_cat?post=1883"},{"taxonomy":"product_tag","embeddable":true,"href":"https:\/\/rifengcable.com\/tr\/wp-json\/wp\/v2\/product_tag?post=1883"}],"curies":[{"name":"wp","href":"https:\/\/api.w.org\/{rel}","templated":true}]}}