{"id":1828,"date":"2025-03-04T03:50:07","date_gmt":"2025-03-04T03:50:07","guid":{"rendered":"https:\/\/rifengcable.com\/?post_type=product&#038;p=1828"},"modified":"2025-04-25T07:33:03","modified_gmt":"2025-04-25T07:33:03","slug":"1-0-electrical-cable-seoo","status":"publish","type":"product","link":"https:\/\/rifengcable.com\/tr\/manufacturer\/1-0-electrical-cable-seoo\/","title":{"rendered":"1\/0 Elektrik Kablosu SEOO"},"content":{"rendered":"<h1 id=\"-1-0-electrical-cable-seoo-strong-power-wire-\"><strong>1\/0 Elektrik Kablosu SEOO - G\u00fc\u00e7l\u00fc G\u00fc\u00e7 Kablosu<\/strong><\/h1>\n<h3 id=\"-what-is-1-0-electrical-cable-seoo-\"><strong>1\/0 Elektrik Kablosu SEOO nedir?<\/strong><\/h3>\n<p>Bu, b\u00fcy\u00fck g\u00fc\u00e7 i\u015fleri i\u00e7in kal\u0131n, g\u00fc\u00e7l\u00fc bir teldir. Evlere, fabrikalara ve makinelere g\u00fcvenli bir \u015fekilde \u00e7ok miktarda elektrik ta\u015f\u0131r.<\/p>\n<p>\u2705\u00a0<strong>Islak veya kuru yerlerde \u00e7al\u0131\u015f\u0131r<\/strong>\u00a0\u2705\u00a0<strong>105\u00b0C'ye kadar \u0131s\u0131y\u0131 idare eder<\/strong>\u00a0\u2705\u00a0<strong>B\u00fcy\u00fck g\u00fc\u00e7 i\u00e7in iyi (227A'e kadar)<\/strong><\/p>\n<hr \/>\n<h2 id=\"-key-features-easy-list-\"><strong>Temel \u00d6zellikler (Kolay Liste)<\/strong><\/h2>\n<p>\u2714\u00a0<strong>Boyut:<\/strong>\u00a01\/0 AWG (\u00e7ok kal\u0131n) - a\u015fa\u011f\u0131dakiler i\u00e7in idealdir\u00a0<strong>150 amperlik servisler<\/strong>\u00a0 \u2714 <strong>Voltaj:<\/strong>\u00a0600V ila 25.000V - g\u00fc\u00e7ler\u00a0<strong>b\u00fcy\u00fck maki\u0307neler ve yeralti telleri\u0307<\/strong>\u00a0 \u2714 <strong>G\u00fcvenli ve G\u00fcvenilir:<\/strong>\u00a0<strong>UL, CSA ve NEC onayl\u0131<\/strong> - yang\u0131n yok, mola yok \u2714\u00a0<strong>Kolay b\u00fck\u00fcl\u00fcr:<\/strong>\u00a0<strong>B\u00fck\u00fcl\u00fc kablolar<\/strong> k\u0131r\u0131lmadan hareket edin \u2714\u00a0<strong>So\u011fuk ve S\u0131cakta \u00c7al\u0131\u015f\u0131r:<\/strong>\u00a0Kimden\u00a0<strong>-40\u00b0C ila +105\u00b0C<\/strong><\/p>\n<hr \/>\n<h2 id=\"-best-uses-for-1-0-seoo-cable-\"><strong>1\/0 SEOO Kablo i\u00e7in En \u0130yi Kullan\u0131m Alanlar\u0131<\/strong><\/h2>\n<table style=\"height: 142px;\" width=\"558\">\n<thead>\n<tr>\n<th><strong>\u0130\u015f<\/strong><\/th>\n<th><strong>Bu Kablo Neden \u00c7al\u0131\u015f\u0131r?<\/strong><\/th>\n<\/tr>\n<\/thead>\n<tbody>\n<tr>\n<td><strong>Ev Elektri\u011fi (Servis Giri\u015fi)<\/strong><\/td>\n<td>G\u00fc\u00e7l\u00fc i\u00e7in\u00a0<strong>120\/240V evler<\/strong> - erimez<\/td>\n<\/tr>\n<tr>\n<td><strong>Yeralt\u0131 Elektrik Hatlar\u0131<\/strong><\/td>\n<td><strong>25kV EPR kalkan\u0131<\/strong> suyu d\u0131\u015far\u0131da tutar<\/td>\n<\/tr>\n<tr>\n<td><strong>Makine G\u00fc\u00e7 Kablolar\u0131<\/strong><\/td>\n<td><strong>Ya\u011f ge\u00e7irmez ve esnek<\/strong> - uzun s\u00fcrer<\/td>\n<\/tr>\n<tr>\n<td><strong>Kaynak ve A\u011f\u0131r Aletler<\/strong><\/td>\n<td><strong>227A g\u00fc\u00e7<\/strong> - a\u015f\u0131r\u0131 y\u00fck yok<\/td>\n<\/tr>\n<\/tbody>\n<\/table>\n<hr \/>\n<h2 id=\"-why-you-should-pick-this-cable-\"><strong>Neden Bu Kabloyu Se\u00e7melisiniz<\/strong><\/h2>\n<h3 id=\"-1-safe-strong-\"><strong>1. G\u00fcvenli ve G\u00fc\u00e7l\u00fc<\/strong><\/h3>\n<ul>\n<li><strong>FT2 Alev Ge\u00e7irmez<\/strong> - h\u0131zl\u0131 ate\u015fi keser.<\/li>\n<li><strong>RoHS Uyumlu<\/strong> - K\u00f6t\u00fc kimyasallar yok.<\/li>\n<\/ul>\n<h3 id=\"-2-easy-to-install-\"><strong>2. Kolay Kurulum<\/strong><\/h3>\n<ul>\n<li><strong>Siyah\/Beyaz \u00e7izgili<\/strong> - Kablolar\u0131 birbirinden ay\u0131rmak kolay.<\/li>\n<li><strong>Dar alanlara uyar<\/strong> - ince kapak (0,555\"-0,661\").<\/li>\n<\/ul>\n<h3 id=\"-3-works-anywhere-\"><strong>3. Her Yerde \u00c7al\u0131\u015f\u0131r<\/strong><\/h3>\n<ul>\n<li><strong>So\u011fuk hava m\u0131?<\/strong> \u00c7atlama yok (-40\u00b0C).<\/li>\n<li><strong>S\u0131cak fabrika m\u0131?<\/strong> 105\u00b0C \u0131s\u0131ya dayan\u0131kl\u0131d\u0131r.<\/li>\n<\/ul>\n<hr \/>\n<h2 id=\"-compare-options-\"><strong>Se\u00e7enekleri Kar\u015f\u0131la\u015ft\u0131r\u0131n<\/strong><\/h2>\n<table style=\"height: 117px;\" width=\"482\">\n<thead>\n<tr>\n<th>Kablo Tipi<\/th>\n<th>\u0130\u00e7in En \u0130yisi<\/th>\n<th>G\u00fc\u00e7 (Amper)<\/th>\n<\/tr>\n<\/thead>\n<tbody>\n<tr>\n<td><strong>SEOO (EPR)<\/strong><\/td>\n<td>Islak yerler, yeralt\u0131<\/td>\n<td>135A<\/td>\n<\/tr>\n<tr>\n<td><strong>SEOOW (SEOPRENE\u00ae)<\/strong><\/td>\n<td>Ya\u011fl\u0131 noktalar, aletler<\/td>\n<td>227A<\/td>\n<\/tr>\n<tr>\n<td><strong>SEU (Servis)<\/strong><\/td>\n<td>Ev g\u00fcc\u00fc<\/td>\n<td>150A<\/td>\n<\/tr>\n<\/tbody>\n<\/table>\n<p>&nbsp;<\/p>\n<hr \/>\n<h2 id=\"-order-now-strong-power-no-worries-\"><strong>\u015eimdi Sipari\u015f Verin - G\u00fc\u00e7l\u00fc G\u00fc\u00e7, Endi\u015fe Yok!<\/strong><\/h2>\n<p>\ud83d\udcde\u00a0<strong>Bizi aray\u0131n<\/strong>\u00a0toplu indirimler i\u00e7in. \ud83d\udce6\u00a0<strong>H\u0131zl\u0131 kargo<\/strong>\u00a0bobinler ve kesikler \u00fczerinde.<\/p>\n<p><strong>Sa\u011flam, g\u00fcvenli g\u00fc\u00e7 kablosu i\u00e7in \"Sepete Ekle \"ye t\u0131klay\u0131n!<\/strong><\/p>","protected":false},"excerpt":{"rendered":"<div>\n<p>\u00dcr\u00fcn\uff1aSEOO<\/p>\n<p class=\"lableName\">\u00dcr\u00fcn Sertifikas\u0131: UL<\/p>\n<\/div>\n<div>\n<p class=\"lableName\"><strong>Temel Parametreler\uff1a<\/strong><\/p>\n<\/div>\n<div>\n<ul>\n<li class=\"lableName\">Nominal Voltag: 600V<\/li>\n<\/ul>\n<\/div>\n<div>\n<ul>\n<li class=\"lableName\">Anma \u00c7al\u0131\u015fma S\u0131cakl\u0131\u011f\u0131: 105\u2103<\/li>\n<\/ul>\n<\/div>\n<div>\n<ul>\n<li class=\"lableName\">Y\u00f6netici Standard\u0131: UL 62<\/li>\n<\/ul>\n<\/div>\n<div>\n<p class=\"lableName\"><strong>\u0130letken Yap\u0131s\u0131\uff1a<\/strong><\/p>\n<\/div>\n<div>\n<ul>\n<li class=\"lableName\"><span class=\"lableName\">\u0130letken Malzemesi\uff1a<\/span>\u00a0\u00c7\u0131plak Telli Bak\u0131r<\/li>\n<\/ul>\n<\/div>\n<div>\n<ul>\n<li class=\"lableName\">\u0130zolasyon Malzemesi: PVC<\/li>\n<\/ul>\n<\/div>\n<div>\n<ul>\n<li class=\"lableName\">Ceket Malzemesi \uff1a PVC<\/li>\n<\/ul>\n<\/div>","protected":false},"featured_media":1829,"template":"","meta":[],"product_brand":[],"product_cat":[40],"product_tag":[],"class_list":{"0":"post-1828","1":"product","2":"type-product","3":"status-publish","4":"has-post-thumbnail","6":"product_cat-pvc-cable","8":"first","9":"instock","10":"shipping-taxable","11":"product-type-simple"},"_links":{"self":[{"href":"https:\/\/rifengcable.com\/tr\/wp-json\/wp\/v2\/product\/1828","targetHints":{"allow":["GET"]}}],"collection":[{"href":"https:\/\/rifengcable.com\/tr\/wp-json\/wp\/v2\/product"}],"about":[{"href":"https:\/\/rifengcable.com\/tr\/wp-json\/wp\/v2\/types\/product"}],"wp:featuredmedia":[{"embeddable":true,"href":"https:\/\/rifengcable.com\/tr\/wp-json\/wp\/v2\/media\/1829"}],"wp:attachment":[{"href":"https:\/\/rifengcable.com\/tr\/wp-json\/wp\/v2\/media?parent=1828"}],"wp:term":[{"taxonomy":"product_brand","embeddable":true,"href":"https:\/\/rifengcable.com\/tr\/wp-json\/wp\/v2\/product_brand?post=1828"},{"taxonomy":"product_cat","embeddable":true,"href":"https:\/\/rifengcable.com\/tr\/wp-json\/wp\/v2\/product_cat?post=1828"},{"taxonomy":"product_tag","embeddable":true,"href":"https:\/\/rifengcable.com\/tr\/wp-json\/wp\/v2\/product_tag?post=1828"}],"curies":[{"name":"wp","href":"https:\/\/api.w.org\/{rel}","templated":true}]}}