{"id":1816,"date":"2025-03-03T09:42:51","date_gmt":"2025-03-03T09:42:51","guid":{"rendered":"https:\/\/rifengcable.com\/?post_type=product&#038;p=1816"},"modified":"2025-04-25T06:55:56","modified_gmt":"2025-04-25T06:55:56","slug":"6-3-electrical-cable","status":"publish","type":"product","link":"https:\/\/rifengcable.com\/tr\/manufacturer\/6-3-electrical-cable\/","title":{"rendered":"6\/3 Elektrik Kablosu SPT-2W"},"content":{"rendered":"<h1 id=\"-6-3-spt-2w-electrical-cable-heavy-duty-power-cord-\"><strong>6\/3 SPT-2W Elektrik Kablosu - A\u011f\u0131r Hizmet Tipi G\u00fc\u00e7 Kablosu<\/strong><\/h1>\n<p>6\/3 SPT-2W Elektrik Kablosu, b\u00fcy\u00fck g\u00fc\u00e7 ihtiya\u00e7lar\u0131 i\u00e7in g\u00fc\u00e7l\u00fc, g\u00fcvenli ve kullan\u0131m\u0131 kolay bir kablodur. \u0130\u00e7 ve d\u0131\u015f mekanlarda \u0131\u015f\u0131klar, aletler ve daha fazlas\u0131 i\u00e7in \u00e7al\u0131\u015f\u0131r.<\/p>\n<hr \/>\n<h2 id=\"-key-features-\"><strong>\ud83d\udd0c Temel \u00d6zellikler<\/strong><\/h2>\n<p>\u2705\u00a0<strong>6 AWG (3 tel)<\/strong>\u00a0- Kulplar\u00a0<strong>b\u00fcy\u00fck g\u00fc\u00e7<\/strong>\u00a0a\u011f\u0131r i\u015fler i\u00e7in<\/p>\n<p>\u2705\u00a0<strong>300V de\u011ferinde<\/strong>\u00a0- \u0130\u00e7in g\u00fcvenli\u00a0<strong>duvarlardaki veya d\u0131\u015far\u0131daki kablolar<\/strong><\/p>\n<p>\u2705\u00a0<strong>PVC yal\u0131t\u0131m<\/strong>\u00a0- Kal\u0131yor\u00a0<strong>so\u011fukta yumu\u015fak<\/strong>,\u00a0<strong>\u00e7atlamaz<\/strong><\/p>\n<p>\u2705\u00a0<strong>55 amper g\u00fc\u00e7<\/strong>\u00a0- Ko\u015far\u00a0<strong>b\u00fcy\u00fck makineler<\/strong>\u00a0a\u015f\u0131r\u0131 \u0131s\u0131nma olmadan<\/p>\n<p>\u2705\u00a0<strong>CSA &amp; UL Listeli<\/strong>\u00a0- \u015eunlar i\u00e7in test edildi\u00a0<strong>G\u00fcvenlik<\/strong><\/p>\n<hr \/>\n<h2 id=\"-product-specs-simple-table-\"><strong>\ud83d\udccf \u00dcr\u00fcn \u00d6zellikleri<\/strong><\/h2>\n<p>|\u00a0<strong>Boyut<\/strong>\u00a0| 6 AWG (3 tel i\u00e7eride) | |\u00a0<strong>G\u00fc\u00e7<\/strong>\u00a0| 300V - 55 amper | |\u00a0<strong>Ceket<\/strong>\u00a0| SPT-2W (PVC Plastik) | |\u00a0<strong>Renkler<\/strong>\u00a0| Siyah, Beyaz, Sar\u0131 | |\u00a0<strong>Uzunluk<\/strong>\u00a0| 25ft, 50ft, 100ft |<\/p>\n<hr \/>\n<h2 id=\"-where-to-use-this-cable-\"><strong>\ud83d\udd27 Bu Kablo Nerede Kullan\u0131l\u0131r<\/strong><\/h2>\n<h3 id=\"-1-outdoor-lighting-\"><strong>1. D\u0131\u015f Ayd\u0131nlatma<\/strong><\/h3>\n<ul>\n<li><strong>Tatil \u0131\u015f\u0131klar\u0131<\/strong>,\u00a0<strong>bah\u00e7e lambalar\u0131<\/strong>,\u00a0<strong>veranda telleri<\/strong><\/li>\n<li><strong>Suya dayan\u0131kl\u0131<\/strong>\u00a0- \u0130\u00e7inde \u00e7al\u0131\u015f\u0131r\u00a0<strong>ya\u011fmur ve kar<\/strong>\u00a0\u2744\ufe0f<\/li>\n<\/ul>\n<h3 id=\"-2-big-machines-tools-\"><strong>2. B\u00fcy\u00fck Makineler ve Aletler<\/strong><\/h3>\n<ul>\n<li><strong>Klimalar<\/strong>,\u00a0<strong>jenerat\u00f6rler<\/strong>,\u00a0<strong>at\u00f6lye aletleri\u0307<\/strong>\u00a0\ud83d\udd27<\/li>\n<li>Kulplar\u00a0<strong>55 amper<\/strong>\u00a0- Erime yok, yang\u0131n yok<\/li>\n<\/ul>\n<h3 id=\"-3-home-appliances-\"><strong>3. Ev Aletleri<\/strong><\/h3>\n<ul>\n<li><strong>Hayranlar<\/strong>,\u00a0<strong>saatler<\/strong>,\u00a0<strong>k\u00fc\u00e7\u00fck motorlar<\/strong>\u00a0\u23f0<\/li>\n<li><strong>Esnek<\/strong>\u00a0- Mobilyalar\u0131n arkas\u0131na kolayca b\u00fck\u00fcl\u00fcr<\/li>\n<\/ul>\n<h3 id=\"-4-diy-projects-\"><strong>4. Kendin Yap Projeleri<\/strong><\/h3>\n<ul>\n<li>Kestik.\u00a0<strong>\u00f6zel uzunluklar<\/strong>\u00a0tel kesicilerle \u2702\ufe0f<\/li>\n<li>\u0130le \u00e7al\u0131\u015f\u0131r\u00a0<strong>vampi\u0307r fi\u0307\u015fleri\u0307<\/strong>\u00a0(alet gerekmez!)<\/li>\n<\/ul>\n<hr \/>\n<h2 id=\"-why-buy-this-cable-\"><strong>\ud83d\ude80 Neden Bu Kabloyu Sat\u0131n Almal\u0131s\u0131n\u0131z?<\/strong><\/h2>\n<p>\u2714\u00a0<strong>10+ y\u0131l dayan\u0131r<\/strong>\u00a0- Sert PVC \u00e7atlamaz \u2714\u00a0<strong>G\u00fc\u00e7 kayb\u0131 yok<\/strong>\u00a0- Kal\u0131n 6 AWG bak\u0131r teller \u2714\u00a0<strong>Kurulumu kolay<\/strong>\u00a0- Sadece fi\u015fe tak\u0131n ve gidin<\/p>\n<hr \/>\n<h2 id=\"-faq-\"><strong>\u2753 SSS<\/strong><\/h2>\n<p><strong>S: Bu kablo t\u00fcm evi kapsayan bir jenerat\u00f6r\u00fc \u00e7al\u0131\u015ft\u0131rabilir mi?<\/strong>\u00a0\ud83d\udc49\u00a0<em>Evet! 6 AWG 55A'y\u0131 idare eder - yedek g\u00fc\u00e7 i\u00e7in m\u00fckemmeldir.<\/em><\/p>\n<p><strong>S: D\u0131\u015f mekan Noel \u0131\u015f\u0131klar\u0131 i\u00e7in g\u00fcvenli midir?<\/strong>\u00a0\ud83d\udc49\u00a0<em>Evet! SPT-2W hava ko\u015fullar\u0131na dayan\u0131kl\u0131d\u0131r.<\/em><\/p>\n<p><strong>S: Duvarlar\u0131n i\u00e7inde \u00e7al\u0131\u015ft\u0131rabilir miyim?<\/strong>\u00a0\ud83d\udc49\u00a0<em>Hay\u0131r - Gizli kablolar i\u00e7in NM-B kablo kullan\u0131n.<\/em><\/p>\n<h3 id=\"-trusted-by-\"><strong>\ud83d\udd27 G\u00fcvenilen Ki\u015fi:<\/strong><\/h3>\n<ul>\n<li>Elektrik\u00e7iler<\/li>\n<li>Kendin Yap\u00e7\u0131lar<\/li>\n<li>Ayd\u0131nlatma Uzmanlar\u0131<\/li>\n<\/ul>","protected":false},"excerpt":{"rendered":"<p>\u00dcr\u00fcn\uff1aSPT2-W<\/p>\n<div>\n<p class=\"lableName\">\u00dcr\u00fcn Sertifikas\u0131: UL<\/p>\n<\/div>\n<div>\n<p class=\"lableName\"><strong>Temel Parametreler\uff1a<\/strong><\/p>\n<\/div>\n<div>\n<ul>\n<li class=\"lableName\">Nominal Voltag: 300V<\/li>\n<li class=\"lableName\">Anma \u00c7al\u0131\u015fma S\u0131cakl\u0131\u011f\u0131: <span style=\"color: #555555; font-size: 14.4px;\">105\u2103<\/span><\/li>\n<li class=\"lableName\">Y\u00f6netici Standard\u0131:\u00a0<span style=\"color: #555555; font-size: 14.4px;\">UL 62<\/span><\/li>\n<\/ul>\n<\/div>\n<div>\n<p class=\"lableName\"><strong>\u0130letken Yap\u0131s\u0131\uff1a<\/strong><\/p>\n<\/div>\n<div>\n<ul>\n<li class=\"lableName\"><span class=\"lableName\">\u0130letken Malzemesi\uff1a<\/span> \u00c7\u0131plak Telli Bak\u0131r<\/li>\n<li class=\"lableName\">\u0130zolasyon Malzemesi:\u00a0<span style=\"color: #555555; font-size: 14.4px;\">PVC<\/span><\/li>\n<li class=\"lableName\">Ceket Malzemesi\uff1a\u00a0<span style=\"color: #555555; font-size: 14.4px;\">PVC<\/span><\/li>\n<\/ul>\n<\/div>\n<div>\n<p class=\"lableName\"><strong>\u00dcr\u00fcn \u00d6zellikleri\uff1a<\/strong><\/p>\n<ul>\n<li class=\"labelContent\">Alevi \u00f6nlemek ve g\u00fcvenli\u011fi sa\u011flamak i\u00e7in V0 S\u0131n\u0131f\u0131 y\u00fcksek yal\u0131t\u0131m malzemesi benimsenmi\u015ftir;<\/li>\n<li class=\"labelContent\">Elektrik ka\u00e7a\u011f\u0131n\u0131 \u00f6nlemek ve g\u00fcvenli\u011fi sa\u011flamak i\u00e7in yepyeni y\u00fcksek yal\u0131t\u0131m malzemesi benimsenmi\u015ftir;<\/li>\n<li class=\"labelContent\">Hizmet \u00f6mr\u00fcn\u00fc uzatmak ve g\u00fcvenli\u011fi art\u0131rmak i\u00e7in yepyeni ya\u015flanma kar\u015f\u0131t\u0131 malzeme benimsenmi\u015ftir;<\/li>\n<\/ul>\n<\/div>","protected":false},"featured_media":1817,"template":"","meta":[],"product_brand":[],"product_cat":[40],"product_tag":[],"class_list":{"0":"post-1816","1":"product","2":"type-product","3":"status-publish","4":"has-post-thumbnail","6":"product_cat-pvc-cable","8":"first","9":"instock","10":"shipping-taxable","11":"product-type-simple"},"_links":{"self":[{"href":"https:\/\/rifengcable.com\/tr\/wp-json\/wp\/v2\/product\/1816","targetHints":{"allow":["GET"]}}],"collection":[{"href":"https:\/\/rifengcable.com\/tr\/wp-json\/wp\/v2\/product"}],"about":[{"href":"https:\/\/rifengcable.com\/tr\/wp-json\/wp\/v2\/types\/product"}],"wp:featuredmedia":[{"embeddable":true,"href":"https:\/\/rifengcable.com\/tr\/wp-json\/wp\/v2\/media\/1817"}],"wp:attachment":[{"href":"https:\/\/rifengcable.com\/tr\/wp-json\/wp\/v2\/media?parent=1816"}],"wp:term":[{"taxonomy":"product_brand","embeddable":true,"href":"https:\/\/rifengcable.com\/tr\/wp-json\/wp\/v2\/product_brand?post=1816"},{"taxonomy":"product_cat","embeddable":true,"href":"https:\/\/rifengcable.com\/tr\/wp-json\/wp\/v2\/product_cat?post=1816"},{"taxonomy":"product_tag","embeddable":true,"href":"https:\/\/rifengcable.com\/tr\/wp-json\/wp\/v2\/product_tag?post=1816"}],"curies":[{"name":"wp","href":"https:\/\/api.w.org\/{rel}","templated":true}]}}