{"id":1804,"date":"2025-03-03T08:37:16","date_gmt":"2025-03-03T08:37:16","guid":{"rendered":"https:\/\/rifengcable.com\/?post_type=product&#038;p=1804"},"modified":"2025-04-25T06:26:11","modified_gmt":"2025-04-25T06:26:11","slug":"ev-charging-cable-h07v-k","status":"publish","type":"product","link":"https:\/\/rifengcable.com\/tr\/manufacturer\/ev-charging-cable-h07v-k\/","title":{"rendered":"Elektrikli Ara\u00e7 \u015earj Kablosu H07V-K"},"content":{"rendered":"<h1 id=\"-electric-vehicle-charging-cable-\"><strong>Elektrikli Ara\u00e7 \u015earj Kablosu<\/strong><\/h1>\n<p>Elektrikli araban\u0131z\u0131 h\u0131zl\u0131 ve kolay \u015farj edin! EV \u015farj kablomuz \u00e7o\u011fu elektrikli otomobil ve plug-in hibrit ile \u00e7al\u0131\u015f\u0131r. G\u00fc\u00e7l\u00fc, g\u00fcvenli ve gelece\u011fe haz\u0131rd\u0131r.<\/p>\n<hr \/>\n<h2 id=\"-why-choose-our-ev-charging-cable-\"><strong>Neden EV \u015earj Kablomuzu Se\u00e7melisiniz?<\/strong><\/h2>\n<p>\u2705\u00a0<strong>Her yerde \u00e7al\u0131\u015f\u0131r<\/strong>\u00a0- Ev, i\u015f veya yol gezileri.<\/p>\n<p>\u2705\u00a0<strong>\u00c7o\u011fu arabaya uyar<\/strong> - H07V-K fi\u015fler ile \u00e7al\u0131\u015f\u0131r.<\/p>\n<p>\u2705\u00a0<strong>H\u0131zl\u0131 \u015farj<\/strong>\u00a0- Kullan\u0131m Alanlar\u0131\u00a0<strong>99,5% saf bak\u0131r<\/strong>\u00a0daha iyi g\u00fc\u00e7 i\u00e7in.<\/p>\n<p>\u2705\u00a0<strong>G\u00fc\u00e7l\u00fc ve g\u00fcvenli<\/strong>\u00a0- Su ge\u00e7irmez ve uzun \u00f6m\u00fcrl\u00fcd\u00fcr.<\/p>\n<p>\u2705\u00a0<strong>Ak\u0131ll\u0131 ve gelece\u011fe haz\u0131r<\/strong>\u00a0- \u0130le \u00e7al\u0131\u015f\u0131r\u00a0<strong>Yapay zeka \u015farj uygulamalar\u0131<\/strong>\u00a0ve\u00a0<strong>g\u00fcne\u015f enerjisi<\/strong>.<\/p>\n<hr \/>\n<h2 id=\"-features-benefits-\"><strong>\u00d6zellikler &amp; Faydalar<\/strong><\/h2>\n<h3 id=\"-1-fast-strong-charging-\"><strong>1. H\u0131zl\u0131 ve G\u00fc\u00e7l\u00fc \u015earj<\/strong><\/h3>\n<ul>\n<li>ile yap\u0131lm\u0131\u015ft\u0131r\u00a0<strong>y\u00fcksek safl\u0131kta bak\u0131r<\/strong>\u00a0h\u0131zl\u0131 g\u00fc\u00e7 ak\u0131\u015f\u0131 i\u00e7in.<\/li>\n<li>Destekler\u00a0<strong>Seviye 1 (110V)<\/strong>\u00a0ve\u00a0<strong>Seviye 2 (240V)<\/strong>\u00a0\u015farj oluyor.<\/li>\n<li><strong>Is\u0131y\u0131 azalt\u0131r<\/strong>\u00a0daha g\u00fcvenli \u015farj i\u00e7in.<\/li>\n<\/ul>\n<h3 id=\"-2-fits-tight-spaces-\"><strong>2. Dar Alanlara Uyar<\/strong><\/h3>\n<ul>\n<li><strong>Uzun 23 fit kablo<\/strong>\u00a0- K\u00fc\u00e7\u00fck garajlar veya park yerleri i\u00e7in m\u00fckemmeldir.<\/li>\n<li>E\u011filme veya zorlanma yok.<\/li>\n<\/ul>\n<h3 id=\"-3-works-in-all-weather-\"><strong>3. Her Hava Ko\u015fulunda \u00c7al\u0131\u015f\u0131r<\/strong><\/h3>\n<ul>\n<li><strong>Ya\u011fmur ya da g\u00fcne\u015f<\/strong>\u00a0- D\u0131\u015far\u0131da kullanmak i\u00e7in g\u00fcvenlidir.<\/li>\n<li>Pas veya hasar yok.<\/li>\n<\/ul>\n<h3 id=\"-4-smart-charging-\"><strong>4. Ak\u0131ll\u0131 \u015earj<\/strong><\/h3>\n<ul>\n<li><strong>Yapay zeka destekli uygulamalar<\/strong>\u00a0\u015farj istasyonlar\u0131n\u0131 h\u0131zl\u0131 bulmaya yard\u0131mc\u0131 olur.<\/li>\n<li><strong>\u00c7ift y\u00f6nl\u00fc \u015farj (V2G\/V2H)<\/strong>\u00a0- Araban\u0131z\u0131n ak\u00fcs\u00fc ile evinize g\u00fc\u00e7 sa\u011flay\u0131n!<\/li>\n<\/ul>\n<hr \/>\n<h2 id=\"-perfect-for-these-uses-\"><strong>Bu Kullan\u0131mlar i\u00e7in M\u00fckemmel<\/strong><\/h2>\n<table>\n<thead>\n<tr>\n<th><strong>Nerede?<\/strong><\/th>\n<th><strong>Neden?<\/strong><\/th>\n<\/tr>\n<\/thead>\n<tbody>\n<tr>\n<td><strong>Evde \u015earj<\/strong><\/td>\n<td>Gece boyunca \u015farj edin, paradan tasarruf edin ve dolu bir pille uyan\u0131n.<\/td>\n<\/tr>\n<tr>\n<td><strong>Yolculuklar<\/strong><\/td>\n<td>Yapay zeka destekli haritalar ile \u015farj istasyonlar\u0131n\u0131 h\u0131zl\u0131ca bulun.<\/td>\n<\/tr>\n<tr>\n<td><strong>\u0130\u015f \u015earj\u0131<\/strong><\/td>\n<td>Art\u0131k bir\u00e7ok ofis, \u00e7al\u0131\u015fanlar i\u00e7in elektrikli ara\u00e7 \u015farj etme imkan\u0131 sunuyor.<\/td>\n<\/tr>\n<tr>\n<td><strong>G\u00fcne\u015f Enerjisi<\/strong><\/td>\n<td>\u0130le \u00e7al\u0131\u015f\u0131r\u00a0<strong>g\u00fcne\u015f enerjili istasyonlar<\/strong>\u00a0ye\u015fil enerji i\u00e7in.<\/td>\n<\/tr>\n<\/tbody>\n<\/table>\n<hr \/>\n<h2 id=\"-future-ready-technology-\"><strong>Gelece\u011fe Haz\u0131r Teknoloji<\/strong><\/h2>\n<p>Yeni\u00a0<strong>2025 Elektrikli Ara\u00e7lar<\/strong>\u00a0var\u00a0<strong>daha h\u0131zl\u0131 \u015farj<\/strong>. Kablomuz haz\u0131r:<\/p>\n<ul>\n<li><strong>Ultra h\u0131zl\u0131 \u015farj<\/strong>\u00a0(dakikalar, saatler de\u011fil).<\/li>\n<li><strong>\u00c7ift y\u00f6nl\u00fc g\u00fc\u00e7<\/strong>\u00a0(evinize g\u00fc\u00e7 sa\u011flamak i\u00e7in araban\u0131z\u0131 kullan\u0131n).<\/li>\n<li><strong>Ak\u0131ll\u0131 \u015febekeler<\/strong>\u00a0enerji tasarrufu sa\u011flar.<\/li>\n<\/ul>\n<hr \/>\n<h2 id=\"-frequently-asked-questions-\"><strong>S\u0131k\u00e7a Sorulan Sorular<\/strong><\/h2>\n<p><strong>\u2753 T\u00fcm elektrikli ara\u00e7larla \u00e7al\u0131\u015f\u0131yor mu?<\/strong> Evet! H07V-K fi\u015flere uyar.<\/p>\n<p>\u2753\u00a0<strong>Ya\u011fmurda g\u00fcvenli mi?<\/strong>\u00a0Evet!\u00a0<strong>Su ge\u00e7irmez<\/strong>\u00a0ve hava ko\u015fullar\u0131na dayan\u0131kl\u0131d\u0131r.<\/p>\n<p>\u2753\u00a0<strong>Halka a\u00e7\u0131k \u015farj istasyonlar\u0131nda kullanabilir miyim?<\/strong>\u00a0Evet! \u0130le \u00e7al\u0131\u015f\u0131r\u00a0<strong>h\u0131zl\u0131 \u015farj cihazlar\u0131 ve ev istasyonlar\u0131<\/strong>.<\/p>\n<hr \/>\n<h2 id=\"-ready-to-buy-\"><strong>Sat\u0131n Almaya Haz\u0131r m\u0131s\u0131n\u0131z?<\/strong><\/h2>\n<p>\ud83d\ude97\u00a0<strong>EV \u015farj kablonuzu bug\u00fcn al\u0131n ve daha ak\u0131ll\u0131 \u015farj edin!<\/strong><\/p>\n<p>\ud83d\udcde\u00a0<strong>Yard\u0131ma ihtiyac\u0131n\u0131z var m\u0131?<\/strong>\u00a0Uzman tavsiyesi i\u00e7in bizimle ileti\u015fime ge\u00e7in.<\/p>\n<hr \/>\n<h3 id=\"-why-trust-us-\"><strong>Neden Bize G\u00fcvenmelisiniz?<\/strong><\/h3>\n<ul>\n<li><strong>16% pazar b\u00fcy\u00fcmesi<\/strong>\u00a0- Her y\u0131l daha fazla insan EV kablolar\u0131n\u0131 tercih ediyor.<\/li>\n<li><strong>En y\u00fcksek puan<\/strong>\u00a0- Ev kullan\u0131c\u0131lar\u0131 ve i\u015fletmeler taraf\u0131ndan sevilir.<\/li>\n<li><strong>Gelece\u011fe haz\u0131r<\/strong>\u00a0- Haz\u0131r\u00a0<strong>Yapay zeka, g\u00fcne\u015f enerjisi ve V2G teknolojisi<\/strong>.<\/li>\n<\/ul>","protected":false},"excerpt":{"rendered":"<p class=\"header-vfC6AV auto-hide-last-sibling-br\"><strong>\u00dcr\u00fcn Sertifikasyonu<\/strong><\/p>\n<div class=\"auto-hide-last-sibling-br paragraph-JOTKXA paragraph-element br-paragraph-space\">Bu \u00fcr\u00fcn \u00c7in Zorunlu Sertifikas\u0131 (CCC) ile onaylanm\u0131\u015ft\u0131r. Bu sertifika, \u00fcr\u00fcn\u00fcn \u00c7in h\u00fck\u00fcmeti taraf\u0131ndan belirlenen zorunlu g\u00fcvenlik ve kalite gereksinimlerini kar\u015f\u0131lad\u0131\u011f\u0131n\u0131 g\u00f6sterir ve piyasada kullan\u0131m i\u00e7in g\u00fcvenilirli\u011fini ve g\u00fcvenli\u011fini sa\u011flar.<\/div>\n<p class=\"header-vfC6AV auto-hide-last-sibling-br\"><strong>Temel Parametreler<\/strong><\/p>\n<ul class=\"auto-hide-last-sibling-br\">\n<li><strong>Nominal Gerilim<\/strong>: Bu \u00fcr\u00fcn\u00fcn nominal gerilimi 450\/750V'tur.<\/li>\n<li><strong>Nominal \u00c7al\u0131\u015fma S\u0131cakl\u0131\u011f\u0131<\/strong>: \u00dcr\u00fcn 70\u00b0C nominal \u00e7al\u0131\u015fma s\u0131cakl\u0131\u011f\u0131nda \u00e7al\u0131\u015facak \u015fekilde tasarlanm\u0131\u015ft\u0131r.<\/li>\n<li><strong>Y\u00f6netici Standard\u0131<\/strong>: \u00dcr\u00fcn EN 50525 - 2 - 31 standard\u0131na uygundur.<\/li>\n<\/ul>\n<p class=\"header-vfC6AV auto-hide-last-sibling-br\"><strong>\u0130letken Yap\u0131s\u0131<\/strong><\/p>\n<ul class=\"auto-hide-last-sibling-br\">\n<li><strong>\u0130letken Malzeme<\/strong>: \u0130letken Tip 5\/2\/1 \u00e7\u0131plak \u00e7ok telli bak\u0131rdan yap\u0131lm\u0131\u015ft\u0131r.<\/li>\n<li><strong>\u0130zolasyon Malzemesi<\/strong>: \u0130zolasyon malzemesi olarak Polivinil Klor\u00fcr (PVC) kullan\u0131l\u0131r.<\/li>\n<\/ul>\n<p class=\"header-vfC6AV auto-hide-last-sibling-br\"><strong>\u00dcr\u00fcn \u00d6zellikleri<\/strong><\/p>\n<ol class=\"auto-hide-last-sibling-br\">\n<li><strong>Alev Geciktirici G\u00fcvenlik<\/strong>: \u00dcr\u00fcnde V0 s\u0131n\u0131f\u0131 y\u00fcksek yal\u0131t\u0131m malzemesi kullan\u0131lm\u0131\u015ft\u0131r.<\/li>\n<li><strong>Elektrik Ka\u00e7aklar\u0131n\u0131n \u00d6nlenmesi<\/strong>: Yepyeni y\u00fcksek yal\u0131t\u0131m malzemeleri \u00fcr\u00fcne dahil edilmi\u015ftir.<\/li>\n<li><strong>Uzat\u0131lm\u0131\u015f Hizmet \u00d6mr\u00fc ve Geli\u015ftirilmi\u015f G\u00fcvenlik<\/strong>: \u00dcr\u00fcnde yepyeni ya\u015flanma kar\u015f\u0131t\u0131 malzemeler kullan\u0131lm\u0131\u015ft\u0131r.<\/li>\n<\/ol>","protected":false},"featured_media":2233,"template":"","meta":[],"product_brand":[],"product_cat":[40],"product_tag":[],"class_list":{"0":"post-1804","1":"product","2":"type-product","3":"status-publish","4":"has-post-thumbnail","6":"product_cat-pvc-cable","8":"first","9":"instock","10":"shipping-taxable","11":"product-type-simple"},"_links":{"self":[{"href":"https:\/\/rifengcable.com\/tr\/wp-json\/wp\/v2\/product\/1804","targetHints":{"allow":["GET"]}}],"collection":[{"href":"https:\/\/rifengcable.com\/tr\/wp-json\/wp\/v2\/product"}],"about":[{"href":"https:\/\/rifengcable.com\/tr\/wp-json\/wp\/v2\/types\/product"}],"wp:featuredmedia":[{"embeddable":true,"href":"https:\/\/rifengcable.com\/tr\/wp-json\/wp\/v2\/media\/2233"}],"wp:attachment":[{"href":"https:\/\/rifengcable.com\/tr\/wp-json\/wp\/v2\/media?parent=1804"}],"wp:term":[{"taxonomy":"product_brand","embeddable":true,"href":"https:\/\/rifengcable.com\/tr\/wp-json\/wp\/v2\/product_brand?post=1804"},{"taxonomy":"product_cat","embeddable":true,"href":"https:\/\/rifengcable.com\/tr\/wp-json\/wp\/v2\/product_cat?post=1804"},{"taxonomy":"product_tag","embeddable":true,"href":"https:\/\/rifengcable.com\/tr\/wp-json\/wp\/v2\/product_tag?post=1804"}],"curies":[{"name":"wp","href":"https:\/\/api.w.org\/{rel}","templated":true}]}}