{"id":1801,"date":"2025-03-03T08:26:54","date_gmt":"2025-03-03T08:26:54","guid":{"rendered":"https:\/\/rifengcable.com\/?post_type=product&#038;p=1801"},"modified":"2025-04-18T08:19:56","modified_gmt":"2025-04-18T08:19:56","slug":"seu-electrical-cable-h07v-r","status":"publish","type":"product","link":"https:\/\/rifengcable.com\/tr\/manufacturer\/seu-electrical-cable-h07v-r\/","title":{"rendered":"SEU Elektrik Kablosu H07V-R"},"content":{"rendered":"<h1 id=\"-seu-electrical-cable-power-your-home-safely-\"><strong>SEU Elektrik Kablosu - Evinize G\u00fcvenle G\u00fc\u00e7 Sa\u011flay\u0131n<\/strong><\/h1>\n<h3 id=\"-what-is-seu-cable-\"><strong>SEU Kablo nedir?<\/strong><\/h3>\n<p><strong>SEU kablosu<\/strong>\u00a0getiren g\u00fc\u00e7l\u00fc bir teldir.\u00a0<strong>elektrik g\u00fcc\u00fc<\/strong>\u00a0evlere kadar. \u00c7al\u0131\u015fmalar\u00a0<strong>enerji\u0307 \u015fi\u0307rketi\u0307 hatlari<\/strong>\u00a0senin\u00a0<strong>saya\u00e7 ve pano kutusu<\/strong>. \u015eunlar i\u00e7in g\u00fcvenlidir\u00a0<strong>\u0131slak veya kuru<\/strong>\u00a0ve uzun s\u00fcre dayan\u0131r.<\/p>\n<hr \/>\n<h2 id=\"-key-features-of-seu-cable-\"><strong>\u2705 SEU Kablonun Temel \u00d6zellikleri<\/strong><\/h2>\n<p>\u2714\u00a0<strong>600V G\u00fc\u00e7<\/strong> - Ev ve i\u015fyeri elektri\u011fi ile ilgilenir.<\/p>\n<p>\u2714\u00a0<strong>Islak\/Kuru Alanlarda \u00c7al\u0131\u015f\u0131r<\/strong>\u00a0- Kullan\u0131labilir\u00a0<strong>d\u0131\u015far\u0131da veya i\u00e7eride<\/strong>.<\/p>\n<p>\u2714\u00a0<strong>G\u00fcvenli ve G\u00fc\u00e7l\u00fc<\/strong> - Yang\u0131nlar\u0131 durdurur ve suya kar\u015f\u0131 diren\u00e7lidir.<\/p>\n<p>\u2714\u00a0<strong>G\u00fcvenlik Kurallar\u0131na Uygundur<\/strong>\u00a0- Takip eder\u00a0<strong>NEC (NFPA 70) &amp; UL<\/strong> Standartlar.<\/p>\n<p>\u2714\u00a0<strong>2 Tip<\/strong>\u00a0-\u00a0<strong>Bak\u0131r (CU)<\/strong>\u00a0veya\u00a0<strong>Al\u00fcminyum (AL)<\/strong> Teller.<\/p>\n<hr \/>\n<h2 id=\"-technical-info-easy-table-\"><strong>\ud83d\udccbTeknik Bilgi (Kolay Tablo)<\/strong><\/h2>\n<table style=\"height: 197px;\" width=\"383\">\n<thead>\n<tr>\n<th><strong>Bilmeniz Gerekenler<\/strong><\/th>\n<th><strong>Detaylar<\/strong><\/th>\n<\/tr>\n<\/thead>\n<tbody>\n<tr>\n<td><strong>Gerilim<\/strong><\/td>\n<td>600V<\/td>\n<\/tr>\n<tr>\n<td><strong>Tel \u00c7e\u015fitleri<\/strong><\/td>\n<td>Bak\u0131r (CU) veya Al\u00fcminyum (AL)<\/td>\n<\/tr>\n<tr>\n<td><strong>Is\u0131 S\u0131n\u0131r\u0131<\/strong><\/td>\n<td>90\u00b0C'ye (194\u00b0F) kadar<\/td>\n<\/tr>\n<tr>\n<td><strong>Renkler<\/strong><\/td>\n<td>Gri (yayg\u0131n)<\/td>\n<\/tr>\n<tr>\n<td><strong>Boyutlar<\/strong><\/td>\n<td>\u00d6rnek: 6-6-8 (kal\u0131n tel)<\/td>\n<\/tr>\n<tr>\n<td><strong>Uzunluklar<\/strong><\/td>\n<td>B\u00fcy\u00fck rulolar (500 ft. gibi)<\/td>\n<\/tr>\n<\/tbody>\n<\/table>\n<hr \/>\n<h2 id=\"-best-uses-for-seu-cable-\"><strong>\ud83d\ude80 SEU Kablo i\u00e7in En \u0130yi Kullan\u0131m Alanlar\u0131<\/strong><\/h2>\n<ul>\n<li><strong>Direkten Eve G\u00fc\u00e7<\/strong>\u00a0- Ba\u011flant\u0131lar\u00a0<strong>servis kablolar\u0131<\/strong> sayac\u0131n\u0131za.<\/li>\n<li><strong>Saya\u00e7tan Elektrik Panosuna<\/strong> - G\u00fcc\u00fc evinizin i\u00e7ine ta\u015f\u0131r.<\/li>\n<li><strong>HVAC Sistemleri<\/strong>\u00a0- \u015eunlar i\u00e7in \u00e7al\u0131\u015f\u0131r\u00a0<strong>\u0131s\u0131t\u0131c\u0131lar ve hava \u00fcniteleri<\/strong>.<\/li>\n<li><strong>D\u0131\u015f Mekan &amp; \u0130\u00e7 Mekan<\/strong>\u00a0- G\u00fcvenli\u00a0<strong>ya\u011fmur ya da g\u00fcne\u015f<\/strong>.<\/li>\n<\/ul>\n<hr \/>\n<h2 id=\"-why-choose-seu-cable-\"><strong>\ud83d\udd25 Neden SEU Kabloyu Se\u00e7melisiniz?<\/strong><\/h2>\n<p>\u2714\u00a0<strong>Elektrik\u00e7iler Taraf\u0131ndan G\u00fcvenilen<\/strong> - Evlerde ve i\u015fyerlerinde kullan\u0131l\u0131r.<\/p>\n<p>\u2714\u00a0<strong>G\u00fc\u00e7 Kayb\u0131 Yok<\/strong>\u00a0- Uzun kablolar \u00fczerinde elektri\u011fi g\u00fc\u00e7l\u00fc tutar.<\/p>\n<p>\u2714\u00a0<strong>Kurulumu Kolay<\/strong>\u00a0- Dar alanlarda \u00e7al\u0131\u015f\u0131r.<\/p>\n<p>\u2714\u00a0<strong>Y\u0131llarca Dayan\u0131r<\/strong>\u00a0- Sert ceket onu hasardan korur.<\/p>\n<hr \/>\n<h2 id=\"-where-to-buy-how-to-use-\"><strong>\ud83d\udd27 Nereden Al\u0131n\u0131r &amp; Nas\u0131l Kullan\u0131l\u0131r<\/strong><\/h2>\n<p>SEU kablosunu \u015fu adresten sat\u0131n alabilirsiniz:<\/p>\n<ul>\n<li><strong>Donan\u0131m ma\u011fazalar\u0131<\/strong>\u00a0(Home Depot gibi).<\/li>\n<li><strong>\u00c7evrimi\u00e7i ma\u011fazalar<\/strong>\u00a0(Southwire, Nassau National Cable).<\/li>\n<\/ul>\n<p>\ud83d\udccc\u00a0<strong>Profesyonel ipucu:<\/strong>\u00a0\u0130\u015fe al\u0131n\u00a0<strong>li\u0307sansli elektri\u0307k\u00e7i\u0307<\/strong>\u00a0g\u00fcvenli kablolama i\u00e7in!<\/p>\n<hr \/>\n<h2 id=\"-ready-to-get-seu-cable-\"><strong>\ud83d\uded2 SEU Kablosu Almaya Haz\u0131r m\u0131s\u0131n\u0131z?<\/strong><\/h2>\n<p>A\u015fa\u011f\u0131ya t\u0131klay\u0131n\u00a0<strong>fiyatlar\u0131 g\u00f6r\u00fcn<\/strong>\u00a0ve\u00a0<strong>\u015eimdi sat\u0131n al<\/strong>:<\/p>\n<ul>\n<li>Bak\u0131r SEU Kablo<\/li>\n<li>Al\u00fcminyum SEU Kablo<\/li>\n<\/ul>\n<hr \/>\n<h3 id=\"-final-notes-\"><strong>\ud83d\udcdc Son Notlar<\/strong><\/h3>\n<ul>\n<li>\u2705\u00a0<strong>Islak\/kuru i\u00e7in g\u00fcvenli<\/strong>\u00a0alanlar.<\/li>\n<li>\u2705\u00a0<strong>NEC kurallar\u0131na uyar<\/strong>.<\/li>\n<li>\u2705\u00a0<strong>HVAC ve paneller ile \u00e7al\u0131\u015f\u0131r<\/strong>.<\/li>\n<li>\u2705\u00a0<strong>Uzun s\u00fcreli kullan\u0131m i\u00e7in g\u00fc\u00e7l\u00fc<\/strong>.<\/li>\n<\/ul>\n<p>(<strong>Dikkatli olun!<\/strong>\u00a0\u00c7al\u0131\u015fmadan \u00f6nce elektrik g\u00fcvenli\u011fi ipu\u00e7lar\u0131n\u0131 okuyun).<\/p>","protected":false},"excerpt":{"rendered":"<div>\n<p>\u00dcr\u00fcn:H07V-R<\/p>\n<p class=\"lableName\">\u00dcr\u00fcn Sertifikas\u0131: CCC<\/p>\n<\/div>\n<div>\n<p class=\"lableName\"><strong>Temel Parametreler\uff1a<\/strong><\/p>\n<\/div>\n<div>\n<ul>\n<li class=\"lableName\">Nominal Voltag: 450\/750V<\/li>\n<\/ul>\n<\/div>\n<div>\n<ul>\n<li class=\"lableName\">Nominal \u00c7al\u0131\u015fma S\u0131cakl\u0131\u011f\u0131: 70 \u2103<\/li>\n<\/ul>\n<\/div>\n<div>\n<ul>\n<li class=\"lableName\">Y\u00f6netici Standard\u0131: EN 50525-2-31<\/li>\n<\/ul>\n<\/div>\n<div>\n<p class=\"lableName\"><strong>\u0130letken Yap\u0131s\u0131\uff1a<\/strong><\/p>\n<\/div>\n<div>\n<ul>\n<li class=\"lableName\"><span class=\"lableName\">\u0130letken Malzemesi\uff1a<\/span>\u00a0Tip 5\/2\/1\u00c7\u0131plak Telli Bak\u0131r<\/li>\n<\/ul>\n<\/div>\n<div>\n<ul>\n<li class=\"lableName\">\u0130zolasyon Malzemesi: PVC<\/li>\n<\/ul>\n<\/div>\n<div>\n<p class=\"lableName\"><strong>\u00dcr\u00fcn \u00d6zellikleri\uff1a<\/strong><\/p>\n<ul>\n<li class=\"labelContent\">Alevi \u00f6nlemek ve g\u00fcvenli\u011fi sa\u011flamak i\u00e7in V0 S\u0131n\u0131f\u0131 y\u00fcksek yal\u0131t\u0131m malzemesi benimsenmi\u015ftir;<\/li>\n<li class=\"labelContent\">Elektrik ka\u00e7a\u011f\u0131n\u0131 \u00f6nlemek ve g\u00fcvenli\u011fi sa\u011flamak i\u00e7in yepyeni y\u00fcksek yal\u0131t\u0131m malzemesi benimsenmi\u015ftir;<\/li>\n<li class=\"labelContent\">Hizmet \u00f6mr\u00fcn\u00fc uzatmak ve g\u00fcvenli\u011fi art\u0131rmak i\u00e7in yepyeni ya\u015flanma kar\u015f\u0131t\u0131 malzeme benimsenmi\u015ftir;<\/li>\n<\/ul>\n<\/div>","protected":false},"featured_media":2246,"template":"","meta":[],"product_brand":[],"product_cat":[40],"product_tag":[],"class_list":{"0":"post-1801","1":"product","2":"type-product","3":"status-publish","4":"has-post-thumbnail","6":"product_cat-pvc-cable","8":"first","9":"instock","10":"shipping-taxable","11":"product-type-simple"},"_links":{"self":[{"href":"https:\/\/rifengcable.com\/tr\/wp-json\/wp\/v2\/product\/1801","targetHints":{"allow":["GET"]}}],"collection":[{"href":"https:\/\/rifengcable.com\/tr\/wp-json\/wp\/v2\/product"}],"about":[{"href":"https:\/\/rifengcable.com\/tr\/wp-json\/wp\/v2\/types\/product"}],"wp:featuredmedia":[{"embeddable":true,"href":"https:\/\/rifengcable.com\/tr\/wp-json\/wp\/v2\/media\/2246"}],"wp:attachment":[{"href":"https:\/\/rifengcable.com\/tr\/wp-json\/wp\/v2\/media?parent=1801"}],"wp:term":[{"taxonomy":"product_brand","embeddable":true,"href":"https:\/\/rifengcable.com\/tr\/wp-json\/wp\/v2\/product_brand?post=1801"},{"taxonomy":"product_cat","embeddable":true,"href":"https:\/\/rifengcable.com\/tr\/wp-json\/wp\/v2\/product_cat?post=1801"},{"taxonomy":"product_tag","embeddable":true,"href":"https:\/\/rifengcable.com\/tr\/wp-json\/wp\/v2\/product_tag?post=1801"}],"curies":[{"name":"wp","href":"https:\/\/api.w.org\/{rel}","templated":true}]}}