{"id":1756,"date":"2025-03-03T03:18:46","date_gmt":"2025-03-03T03:18:46","guid":{"rendered":"https:\/\/rifengcable.com\/?post_type=product&#038;p=1756"},"modified":"2025-06-05T07:06:49","modified_gmt":"2025-06-05T07:06:49","slug":"welding-cable-h01n2-d","status":"publish","type":"product","link":"https:\/\/rifengcable.com\/tr\/manufacturer\/welding-cable-h01n2-d\/","title":{"rendered":"Kaynak Kablosu H01N2-D"},"content":{"rendered":"<h1 id=\"-h01n2-d-welding-cable-heavy-duty-rubber-sheathed-cable-\"><strong>H01N2-D Kaynak Kablosu - A\u011f\u0131r Hizmet Tipi Kau\u00e7uk K\u0131l\u0131fl\u0131 Kablo<\/strong><\/h1>\n<p>H01N2-D g\u00fc\u00e7l\u00fc, esnek, g\u00fcvenli bir kaynak kablosudur. HAR sertifikal\u0131d\u0131r ve 100V AC ve 150V DC ile \u00e7al\u0131\u015f\u0131r. Otomatik, yar\u0131 otomatik ve manuel kaynak i\u00e7in m\u00fckemmeldir.<\/p>\n<p>\u2705\u00a0<strong>Kolay b\u00fck\u00fclebilir<\/strong>\u00a0- Dar alanlar i\u00e7in idealdir. \u2705\u00a0<strong>A\u015f\u0131r\u0131 so\u011fuk ve s\u0131cakta \u00e7al\u0131\u015f\u0131r<\/strong>\u00a0(-40\u00b0C ila +85\u00b0C). \u2705\u00a0<strong>Ya\u011f ge\u00e7irmez, alev almaz ve uzun \u00f6m\u00fcrl\u00fcd\u00fcr<\/strong>. \u2705\u00a0<strong>Tersanelerde, fabrikalarda ve in\u015faatlarda kullan\u0131l\u0131r<\/strong>.<\/p>\n<hr \/>\n<h2 id=\"-why-buy-h01n2-d-\"><strong>Neden H01N2-D Sat\u0131n Almal\u0131s\u0131n\u0131z?<\/strong><\/h2>\n<p>\u2714\u00a0<strong>G\u00fcvenli ve Sertifikal\u0131<\/strong>\u00a0- Bulu\u015fmalar\u00a0<strong>EN 50525-2-81<\/strong>\u00a0ve\u00a0<strong>IEC 60245<\/strong>. \u2714\u00a0<strong>G\u00fc\u00e7l\u00fc Bak\u0131r \u00c7ekirdek<\/strong>\u00a0- A\u011f\u0131r kullan\u0131mda bile k\u0131r\u0131lma olmaz. \u2714\u00a0<strong>Esnek Kau\u00e7uk Kapak<\/strong>\u00a0- Kolayca \u00e7atlamaz veya y\u0131rt\u0131lmaz. \u2714\u00a0<strong>Her Hava Ko\u015fulunda \u00c7al\u0131\u015f\u0131r<\/strong>\u00a0- \u015eunun i\u00e7in iyi\u00a0<strong>so\u011fuk (-40\u00b0C) ve s\u0131cak (+85\u00b0C) yerler<\/strong>.<\/p>\n<hr \/>\n<h2 id=\"-specs-at-a-glance-\"><strong>Bir Bak\u0131\u015fta \u00d6zellikler<\/strong><\/h2>\n<table>\n<thead>\n<tr>\n<th><strong>\u00d6zellik<\/strong><\/th>\n<th><strong>Detaylar<\/strong><\/th>\n<\/tr>\n<\/thead>\n<tbody>\n<tr>\n<td><strong>Tip<\/strong><\/td>\n<td>Kaynak kablosu<\/td>\n<\/tr>\n<tr>\n<td><strong>Standart<\/strong><\/td>\n<td>EN 50525-2-81, HAR<\/td>\n<\/tr>\n<tr>\n<td><strong>Gerilim<\/strong><\/td>\n<td>100V AC \/ 150V DC<\/td>\n<\/tr>\n<tr>\n<td><strong>S\u0131cakl\u0131k<\/strong><\/td>\n<td>-40\u00b0C ila +85\u00b0C (sabit) \/ -20\u00b0C ila +85\u00b0C (hareketli)<\/td>\n<\/tr>\n<tr>\n<td><strong>Kond\u00fckt\u00f6r<\/strong><\/td>\n<td>\u00c7\u0131plak bak\u0131r (esnek)<\/td>\n<\/tr>\n<tr>\n<td><strong>Ceket<\/strong><\/td>\n<td>Kau\u00e7uk (EM5)<\/td>\n<\/tr>\n<tr>\n<td><strong>G\u00f6rev D\u00f6ng\u00fcs\u00fc<\/strong><\/td>\n<td><strong>Tam otomatik<\/strong>: 100%\u00a0<strong>\u23d0 Yar\u0131 otomatik<\/strong>: 65-85%\u00a0<strong>\u23d0 El Kitab\u0131<\/strong>: 30-60%<\/td>\n<\/tr>\n<\/tbody>\n<\/table>\n<hr \/>\n<h2 id=\"-best-uses-for-h01n2-d-\"><strong>H01N2-D i\u00e7in En \u0130yi Kullan\u0131mlar<\/strong><\/h2>\n<p>\ud83d\udd25\u00a0<strong>Tam Otomatik Kaynak (100% g\u00f6rev d\u00f6ng\u00fcs\u00fc)<\/strong>\u00a0\ud83d\udee0\ufe0f\u00a0<strong>Manuel Kaynak (30-60% g\u00f6rev d\u00f6ng\u00fcs\u00fc)<\/strong>\u00a0\u2699\ufe0f\u00a0<strong>End\u00fcstriyel \u0130\u015fler (tersaneler, araba fabrikalar\u0131, madencilik)<\/strong><\/p>\n<hr \/>\n<h2 id=\"-safety-performance-tips-\"><strong>G\u00fcvenlik ve Performans \u0130pu\u00e7lar\u0131<\/strong><\/h2>\n<ul>\n<li>\ud83d\udd25\u00a0<strong>Alev ge\u00e7irmez<\/strong>\u00a0- K\u0131v\u0131lc\u0131mlar\u0131n yak\u0131n\u0131nda g\u00fcvenlidir.<\/li>\n<li>\ud83c\udf21\ufe0f\u00a0<strong>85\u00b0C'nin \u00fczerinde kullanmay\u0131n<\/strong>\u00a0veya\u00a0<strong>40\u00b0C'nin alt\u0131nda<\/strong>.<\/li>\n<li>\ud83d\udd0c\u00a0<strong>Dirsekleri kontrol edin<\/strong>\u00a0- Devam et\u00a0<strong>4-8x kablo kal\u0131nl\u0131\u011f\u0131<\/strong>.<\/li>\n<\/ul>\n<hr \/>\n<h2 id=\"-order-h01n2-d-today-\"><strong>H01N2-D'yi Bug\u00fcn Sipari\u015f Edin!<\/strong><\/h2>\n<p><strong>G\u00fc\u00e7l\u00fc. G\u00fcvenli. G\u00fcvenilir.<\/strong>\u00a0Senin olsun\u00a0<strong>H01N2-D kaynak kablosu<\/strong>\u00a0\u015eimdi.<\/p>\n<p>\ud83d\udcde\u00a0<strong>Bizi aray\u0131n<\/strong>\u00a0veya\u00a0<strong>TEKL\u0130F \u0130STE<\/strong>\u00a0Bug\u00fcn!<\/p>","protected":false},"excerpt":{"rendered":"<p>\u00dcr\u00fcn:H01N2-D<\/p>\n<div>\n<p class=\"lableName\">\u00dcr\u00fcn Sertifikasyonu: VDE<\/p>\n<\/div>\n<div>\n<p class=\"lableName\"><strong>Temel Parametreler\uff1a<\/strong><\/p>\n<\/div>\n<div>\n<ul>\n<li class=\"lableName\">Nominal Voltag: 100\/100V<\/li>\n<li class=\"lableName\">Nominal \u00c7al\u0131\u015fma S\u0131cakl\u0131\u011f\u0131: 60 \u2103<\/li>\n<li class=\"lableName\">Y\u00f6netici Standard\u0131: VDE 0282-6<\/li>\n<\/ul>\n<\/div>\n<div><\/div>\n<div><\/div>\n<div>\n<p class=\"lableName\"><strong>\u0130letken Yap\u0131s\u0131<\/strong>\uff1a<\/p>\n<\/div>\n<div>\n<ul>\n<li class=\"lableName\"><span class=\"lableName\">\u0130letken Malzemesi\uff1a<\/span> \u00c7\u0131plak Telli Bak\u0131r<\/li>\n<li class=\"lableName\">Ceket Malzemesi \uff1a CPE<\/li>\n<\/ul>\n<\/div>\n<div>\n<p><strong>Kaynak Kablosu Uygulamalar\u0131 H01N2-D:<\/strong><\/p>\n<p>Bu kablolar, kaynak jenerat\u00f6r\u00fcn\u00fc el elektroduna ve i\u015f par\u00e7as\u0131na ba\u011flamak i\u00e7in tasarlanm\u0131\u015ft\u0131r, bu da onlar\u0131 \u00e7e\u015fitli kaynak i\u015flemleri i\u00e7in gerekli k\u0131lar. Yayg\u0131n olarak kullan\u0131l\u0131rlar:<\/p>\n<ul>\n<li>Otomotiv End\u00fcstrisi: Kaynak ve imalat i\u015fleri i\u00e7in.<\/li>\n<li>Gemi yap\u0131m\u0131: Zorlu deniz ortamlar\u0131 i\u00e7in uygundur.<\/li>\n<li>Ta\u015f\u0131ma ve Konvey\u00f6r Sistemleri: Bak\u0131m ve montaj i\u015fleri i\u00e7in idealdir.<\/li>\n<li>Alet Yap\u0131m\u0131 ve Makineleri: \u0130malat ve onar\u0131m s\u00fcre\u00e7lerinde kullan\u0131l\u0131r.<\/li>\n<li>Kaynak Robotlar\u0131: Otomatik kaynak sistemlerinde g\u00fcvenilir performans sa\u011flar.<\/li>\n<\/ul>\n<\/div>","protected":false},"featured_media":1759,"template":"","meta":[],"product_brand":[],"product_cat":[39],"product_tag":[],"class_list":{"0":"post-1756","1":"product","2":"type-product","3":"status-publish","4":"has-post-thumbnail","6":"product_cat-welding-cable","8":"first","9":"instock","10":"shipping-taxable","11":"product-type-simple"},"_links":{"self":[{"href":"https:\/\/rifengcable.com\/tr\/wp-json\/wp\/v2\/product\/1756","targetHints":{"allow":["GET"]}}],"collection":[{"href":"https:\/\/rifengcable.com\/tr\/wp-json\/wp\/v2\/product"}],"about":[{"href":"https:\/\/rifengcable.com\/tr\/wp-json\/wp\/v2\/types\/product"}],"wp:featuredmedia":[{"embeddable":true,"href":"https:\/\/rifengcable.com\/tr\/wp-json\/wp\/v2\/media\/1759"}],"wp:attachment":[{"href":"https:\/\/rifengcable.com\/tr\/wp-json\/wp\/v2\/media?parent=1756"}],"wp:term":[{"taxonomy":"product_brand","embeddable":true,"href":"https:\/\/rifengcable.com\/tr\/wp-json\/wp\/v2\/product_brand?post=1756"},{"taxonomy":"product_cat","embeddable":true,"href":"https:\/\/rifengcable.com\/tr\/wp-json\/wp\/v2\/product_cat?post=1756"},{"taxonomy":"product_tag","embeddable":true,"href":"https:\/\/rifengcable.com\/tr\/wp-json\/wp\/v2\/product_tag?post=1756"}],"curies":[{"name":"wp","href":"https:\/\/api.w.org\/{rel}","templated":true}]}}