{"id":1735,"date":"2025-03-01T08:30:44","date_gmt":"2025-03-01T08:30:44","guid":{"rendered":"https:\/\/rifengcable.com\/?post_type=product&#038;p=1735"},"modified":"2025-04-24T09:10:41","modified_gmt":"2025-04-24T09:10:41","slug":"high-voltage-electric-cable","status":"publish","type":"product","link":"https:\/\/rifengcable.com\/tr\/manufacturer\/high-voltage-electric-cable\/","title":{"rendered":"Y\u00fcksek Gerilim Elektrik Kablosu HHFF"},"content":{"rendered":"<h1 id=\"-high-voltage-electric-cable-hhff-power-your-future-\"><strong>Y\u00fcksek Gerilim Elektrik Kablosu HHFF - Gelece\u011finize G\u00fc\u00e7 Verin<\/strong><\/h1>\n<p>Bu\u00a0<strong>Y\u00fcksek Gerilim Elektrik Kablosu HHFF<\/strong>\u00a0o\u00a0<strong>g\u00fc\u00e7l\u00fc<\/strong>,\u00a0<strong>g\u00fcvenli<\/strong>ve\u00a0<strong>uzun \u00f6m\u00fcrl\u00fc<\/strong>. Hareket ediyor\u00a0<strong>b\u00fcy\u00fck g\u00fc\u00e7<\/strong>\u00a0\u00fczerinde\u00a0<strong>uzun mesafeler<\/strong>. \u0130\u00e7in m\u00fckemmel\u00a0<strong>r\u00fczgar \u00e7i\u0307ftli\u0307kleri\u0307<\/strong>,\u00a0<strong>g\u00fcne\u015f \u015febekeleri<\/strong>ve\u00a0<strong>\u015fehir elektrik hatlar\u0131<\/strong>.<\/p>\n<hr \/>\n<h2 id=\"-why-choose-hhff-cables-\"><strong>\ud83d\ude80 Neden HHFF Kablolar\u0131 Se\u00e7melisiniz?<\/strong><\/h2>\n<p>\u2705\u00a0<strong>G\u00fc\u00e7l\u00fc G\u00fc\u00e7 Hareketi<\/strong>\u00a0- Kulplar\u00a0<strong>66kV ila 500kV<\/strong>\u00a0(i\u00e7in iyi\u00a0<strong>HVDC ve HVAC sistemleri<\/strong>).<\/p>\n<p>\u2705\u00a0<strong>G\u00fc\u00e7 Kayb\u0131 Yok<\/strong>\u00a0- Kullan\u0131m Alanlar\u0131\u00a0<strong>bak\u0131r veya al\u00fcminyum teller<\/strong>\u00a0i\u00e7in\u00a0<strong>h\u0131zl\u0131 enerji ak\u0131\u015f\u0131<\/strong>.<\/p>\n<p>\u2705\u00a0<strong>S\u0131cak ve So\u011fukta \u00c7al\u0131\u015f\u0131r<\/strong>\u00a0- Eserlerden\u00a0<strong>-40\u00b0C ila +90\u00b0C<\/strong>\u00a0(i\u00e7in iyi\u00a0<strong>\u00e7\u00f6ller ve buz<\/strong>).<\/p>\n<p>\u2705\u00a0<strong>30+ Y\u0131l Dayan\u0131r<\/strong>\u00a0- Kullan\u0131m Alanlar\u0131\u00a0<strong>XLPE izolasyon<\/strong>\u00a0(\u00e7atlamaz veya erimez).<\/p>\n<p>\u2705\u00a0<strong>Her Yere Uyar<\/strong>\u00a0- \u0130\u015fler\u00a0<strong>yeralt\u0131<\/strong>,\u00a0<strong>Sualt\u0131<\/strong>veya\u00a0<strong>direklerde<\/strong>.<\/p>\n<hr \/>\n<h2 id=\"-key-numbers-hhff-cable-\"><strong>\ud83d\udcca Anahtar Numaralar - HHFF Kablo<\/strong><\/h2>\n<table style=\"height: 197px;\" width=\"332\">\n<thead>\n<tr>\n<th><strong>\u00d6zellik<\/strong><\/th>\n<th><strong>Detaylar<\/strong><\/th>\n<\/tr>\n<\/thead>\n<tbody>\n<tr>\n<td><strong>Gerilim<\/strong><\/td>\n<td>66kV-500kV<\/td>\n<\/tr>\n<tr>\n<td><strong>Tel Tipi<\/strong><\/td>\n<td>Bak\u0131r veya Al\u00fcminyum<\/td>\n<\/tr>\n<tr>\n<td><strong>\u0130zolasyon<\/strong><\/td>\n<td>XLPE (s\u00fcper g\u00fc\u00e7l\u00fc)<\/td>\n<\/tr>\n<tr>\n<td><strong>S\u0131cak\/So\u011fuk \u00c7al\u0131\u015fma<\/strong><\/td>\n<td>-40\u00b0C ila +90\u00b0C<\/td>\n<\/tr>\n<tr>\n<td><strong>Ya\u015fam<\/strong><\/td>\n<td>30+ y\u0131l<\/td>\n<\/tr>\n<tr>\n<td><strong>Sertifikal\u0131<\/strong><\/td>\n<td>IEC, IEEE, UL<\/td>\n<\/tr>\n<\/tbody>\n<\/table>\n<p>&nbsp;<\/p>\n<hr \/>\n<h2 id=\"-where-hhff-cables-work-best-\"><strong>\ud83d\udd0c HHFF Kablolar\u0131n\u0131n En \u0130yi \u00c7al\u0131\u015ft\u0131\u011f\u0131 Yerler<\/strong><\/h2>\n<h3 id=\"-1-wind-solar-power-\"><strong>1. R\u00fczgar ve G\u00fcne\u015f Enerjisi<\/strong><\/h3>\n<ul>\n<li>Ye\u015fil enerjiyi\u00a0<strong>r\u00fczgar t\u00fcrbi\u0307nleri\u0307<\/strong>\u00a0ve\u00a0<strong>g\u00fcne\u015f \u00e7i\u0307ftli\u0307kleri\u0307<\/strong>.<\/li>\n<li>\u0130\u00e7in g\u00fcvenli\u00a0<strong>a\u00e7\u0131k deniz r\u00fczgar\u0131<\/strong>\u00a0(tuzlu su onu pasland\u0131rmaz).\u00a0<strong>R\u00fczgar \u00e7iftlikleri hakk\u0131nda daha fazla bilgi<\/strong>.<\/li>\n<\/ul>\n<h3 id=\"-2-big-power-lines-hvdc-\"><strong>2. B\u00fcy\u00fck G\u00fc\u00e7 Hatlar\u0131 (HVDC)<\/strong><\/h3>\n<ul>\n<li>Ba\u011flant\u0131lar\u00a0<strong>\u015fehirler ve \u00fclkeler<\/strong>\u00a0ile\u00a0<strong>d\u00fc\u015f\u00fck enerji kayb\u0131<\/strong>.<\/li>\n<li>B\u00fcy\u00fcr\u00a0<strong>Y\u0131l ba\u015f\u0131na 3,3%<\/strong>\u00a0(2025-2033)\u00a0<strong>HVDC trendlerine bak\u0131n<\/strong>.<\/li>\n<\/ul>\n<h3 id=\"-3-city-power-upgrades-\"><strong>3. \u015eehir G\u00fc\u00e7 Y\u00fckseltmeleri<\/strong><\/h3>\n<ul>\n<li><strong>Yeralt\u0131 kablolar\u0131<\/strong>\u00a0i\u00e7in\u00a0<strong>daha temi\u0307z sokaklar<\/strong>.<\/li>\n<li>Uyuyor\u00a0<strong>yeni elektrikli ara\u00e7 \u015farj merkezleri<\/strong>\u00a0(800V haz\u0131r).<\/li>\n<\/ul>\n<h3 id=\"-4-factories-mines-\"><strong>4. Fabrikalar ve Madenler<\/strong><\/h3>\n<ul>\n<li>G\u00fc\u00e7l\u00fc i\u00e7in\u00a0<strong>a\u011f\u0131r makineler<\/strong>\u00a0ve\u00a0<strong>s\u0131cak yerler<\/strong>.<\/li>\n<li>Yang\u0131n yok (<strong>\u0131s\u0131 ge\u00e7irmez<\/strong>).<\/li>\n<\/ul>\n<hr \/>\n<h2 id=\"-why-trust-hhff-cables-\"><strong>\ud83d\udca1 Neden HHFF Kablolar\u0131na G\u00fcvenmelisiniz?<\/strong><\/h2>\n<ul>\n<li><strong>B\u00fcy\u00fck Pazar<\/strong>\u00a0- YG kablolar\u0131\u00a0<strong>2025 y\u0131l\u0131na kadar $42,25B<\/strong><\/li>\n<li><strong>Kan\u0131tlanm\u0131\u015f Teknoloji<\/strong>\u00a0- Kullan\u0131m Alanlar\u0131\u00a0<strong>XLPE<\/strong>\u00a0(en iyi markalar Sumitomo &amp; Prysmian gibi).<\/li>\n<li><strong>Gelece\u011fe Haz\u0131r<\/strong>\u00a0- \u0130le \u00e7al\u0131\u015f\u0131r\u00a0<strong>ak\u0131ll\u0131 \u015febekeler<\/strong>\u00a0ve\u00a0<strong>ye\u015fil enerji<\/strong>.<\/li>\n<\/ul>\n<hr \/>\n<h2 id=\"-full-specs-\"><strong>\ud83d\udcdc Tam \u00d6zellikler<\/strong><\/h2>\n<ul>\n<li><strong>Voltaj:<\/strong>\u00a066kV-500kV<\/li>\n<li><strong>Tel:<\/strong>\u00a0Bak\u0131r \/ Al\u00fcminyum<\/li>\n<li><strong>Yal\u0131t\u0131m:<\/strong>\u00a0XLPE<\/li>\n<li><strong>S\u0131cakl\u0131k:<\/strong>\u00a0-40\u00b0C ila +90\u00b0C<\/li>\n<li><strong>Hayat:<\/strong>\u00a030+ y\u0131l<\/li>\n<li><strong>G\u00fcvenli:<\/strong>\u00a0R\u00fczgar, g\u00fcne\u015f, \u015fehirler, fabrikalar<\/li>\n<\/ul>\n<hr \/>\n<h2 id=\"-buy-hhff-cables-today-\"><strong>\ud83c\udfaf HHFF Kablolar\u0131n\u0131 Bug\u00fcn Sat\u0131n Al\u0131n<\/strong><\/h2>\n<p>\ud83d\udd39\u00a0<strong>Zaman \u0130\u00e7inde D\u00fc\u015f\u00fck Maliyet<\/strong>\u00a0(30+ y\u0131l s\u00fcrer). \ud83d\udd39\u00a0<strong>Kurulumu Kolay<\/strong>\u00a0(uyuyor\u00a0<strong>yeralt\u0131\/su alt\u0131<\/strong>). \ud83d\udd39\u00a0<strong>Ye\u015fil Enerjiyi Destekler<\/strong>\u00a0(r\u00fczgar, g\u00fcne\u015f, elektrikli ara\u00e7 \u015farj cihazlar\u0131).<\/p>\n<p><strong><a href=\"\/tr\/contact\/\">\u00dccretsiz Teklif Al\u0131n<\/a><\/strong>\u00a0\u2192<\/p>","protected":false},"excerpt":{"rendered":"<p>\u00dcr\u00fcn\uff1aHHFF<\/p>\n<div>\n<p class=\"lableName\">\u00dcr\u00fcn Sertifikasyonu: JIS<\/p>\n<\/div>\n<div>\n<p class=\"lableName\">Temel Parametreler\uff1a<\/p>\n<\/div>\n<div>\n<ul>\n<li class=\"lableName\">Nominal Voltag: 300V<\/li>\n<\/ul>\n<\/div>\n<div>\n<ul>\n<li class=\"lableName\">Y\u00f6netici Standard\u0131: JIS C 3301<\/li>\n<\/ul>\n<\/div>\n<div>\n<p class=\"lableName\">\u0130letken Yap\u0131s\u0131\uff1a<\/p>\n<\/div>\n<div>\n<ul>\n<li>Yal\u0131t\u0131m Malzemesi: CSM<\/li>\n<\/ul>\n<p class=\"lableName\"><strong>Uygulama<\/strong>\uff1a<\/p>\n<p class=\"labelContent\">Bu \u00fcr\u00fcn 300V AC g\u00fc\u00e7 anma gerilimi ve a\u015fa\u011f\u0131daki a\u011f\u0131r hizmet tipi, ev aletleri, elektrikli aletler i\u00e7in uygundur<br \/>\nve mobil kablo i\u00e7in \u00e7e\u015fitli elektrikli ekipman ve aletler.<\/p>\n<\/div>","protected":false},"featured_media":1736,"template":"","meta":[],"product_brand":[],"product_cat":[38],"product_tag":[],"class_list":{"0":"post-1735","1":"product","2":"type-product","3":"status-publish","4":"has-post-thumbnail","6":"product_cat-rubber-cable","8":"first","9":"instock","10":"shipping-taxable","11":"product-type-simple"},"_links":{"self":[{"href":"https:\/\/rifengcable.com\/tr\/wp-json\/wp\/v2\/product\/1735","targetHints":{"allow":["GET"]}}],"collection":[{"href":"https:\/\/rifengcable.com\/tr\/wp-json\/wp\/v2\/product"}],"about":[{"href":"https:\/\/rifengcable.com\/tr\/wp-json\/wp\/v2\/types\/product"}],"wp:featuredmedia":[{"embeddable":true,"href":"https:\/\/rifengcable.com\/tr\/wp-json\/wp\/v2\/media\/1736"}],"wp:attachment":[{"href":"https:\/\/rifengcable.com\/tr\/wp-json\/wp\/v2\/media?parent=1735"}],"wp:term":[{"taxonomy":"product_brand","embeddable":true,"href":"https:\/\/rifengcable.com\/tr\/wp-json\/wp\/v2\/product_brand?post=1735"},{"taxonomy":"product_cat","embeddable":true,"href":"https:\/\/rifengcable.com\/tr\/wp-json\/wp\/v2\/product_cat?post=1735"},{"taxonomy":"product_tag","embeddable":true,"href":"https:\/\/rifengcable.com\/tr\/wp-json\/wp\/v2\/product_tag?post=1735"}],"curies":[{"name":"wp","href":"https:\/\/api.w.org\/{rel}","templated":true}]}}