{"id":1617,"date":"2025-02-25T02:41:58","date_gmt":"2025-02-25T02:41:58","guid":{"rendered":"https:\/\/rifengcable.com\/?page_id=1617"},"modified":"2025-03-11T03:46:39","modified_gmt":"2025-03-11T03:46:39","slug":"cable-service","status":"publish","type":"page","link":"https:\/\/rifengcable.com\/tr\/cable-service\/","title":{"rendered":"Hizmet Deste\u011fi"},"content":{"rendered":"<div class=\"banner has-hover\" id=\"banner-1525455663\">\n          <div class=\"banner-inner fill\">\n        <div class=\"banner-bg fill\" >\n            <div class=\"bg fill bg-fill\"><\/div>\n                                    \n                    <\/div>\n\t\t\n        <div class=\"banner-layers container\">\n            <div class=\"fill banner-link\"><\/div>            \n   <div id=\"text-box-2003220178\" class=\"text-box banner-layer x50 md-x50 lg-x50 y50 md-y50 lg-y50 res-text\">\n                                <div class=\"text-box-content text dark\">\n              \n              <div class=\"text-inner text-center\">\n                  \n<h1 style=\"text-align: center;\">Hizmet Deste\u011fi<\/h1>\n              <\/div>\n           <\/div>\n                            \n<style>\n#text-box-2003220178 {\n  width: 60%;\n}\n#text-box-2003220178 .text-box-content {\n  font-size: 100%;\n}\n<\/style>\n    <\/div>\n \n        <\/div>\n      <\/div>\n\n            \n<style>\n#banner-1525455663 {\n  padding-top: 165px;\n  background-color: rgba(0, 0, 0, 0.384);\n}\n<\/style>\n  <\/div>\n\n\n\t<section class=\"section\" id=\"section_331301738\">\n\t\t<div class=\"bg section-bg fill bg-fill  bg-loaded\" >\n\n\t\t\t\n\t\t\t\n\t\t\t\n\n\t\t<\/div>\n\n\t\t\n\n\t\t<div class=\"section-content relative\">\n\t\t\t\n<div class=\"row\"  id=\"row-1679549779\">\n\n\t<div id=\"col-105093861\" class=\"col small-12 large-12\"  >\n\t\t\t\t<div class=\"col-inner\"  >\n\t\t\t\n\t\t\t\n<h2><strong>I. Hizmet Felsefesi<\/strong><\/h2>\n<p>Profesyonel hizmetlerimizle kal\u0131c\u0131 de\u011fer yarat\u0131rken, \u00f6zel \u00fcr\u00fcn ve \u00e7\u00f6z\u00fcmler sunarak m\u00fc\u015fteri kazanmay\u0131 hedefliyoruz.<\/p>\n<h2><strong>II. Kablo Hizmetlerine Ba\u011fl\u0131l\u0131k<\/strong><\/h2>\n<p><strong>1. Sat\u0131\u015f \u00d6ncesi Hizmetler<\/strong><\/p>\n<p>1.1\u00a0<strong>Uzman Proje Ekibi<\/strong>: Kablo end\u00fcstrisindeki 20 y\u0131l\u0131 a\u015fk\u0131n deneyimimizle desteklenen yetenekli teknik ekibimiz, ki\u015fiselle\u015ftirilmi\u015f, bire bir destek sunar.<\/p>\n<p>1.2\u00a0<strong>\u00d6zel \u00dcr\u00fcn Tasar\u0131m\u0131<\/strong>: Her \u00fcr\u00fcn, m\u00fc\u015fterilerimizin benzersiz gereksinimlerini kar\u015f\u0131lamak i\u00e7in titizlikle tasarlanm\u0131\u015ft\u0131r.<\/p>\n<p>1.3\u00a0<strong>Entegre \u00c7\u00f6z\u00fcmler<\/strong>: M\u00fc\u015fterilerimizin mevcut ihtiya\u00e7lar\u0131na ve gelecekteki b\u00fcy\u00fcmelerine g\u00f6re uyarlanm\u0131\u015f kapsaml\u0131 \u00e7\u00f6z\u00fcmler sunuyoruz.<\/p>\n<p><strong>2. Sat\u0131n Alma Hizmetleri<\/strong><\/p>\n<p>2.1\u00a0<strong>Proje \u0130lerleme Takibi<\/strong>: M\u00fc\u015fteri gereksinimlerinin zaman\u0131nda kar\u015f\u0131lanmas\u0131n\u0131 sa\u011flamak i\u00e7in proje ilerlemesinin ger\u00e7ek zamanl\u0131, 24 saat izlenmesi.<\/p>\n<p>2.2\u00a0<strong>Verimli \u0130leti\u015fim<\/strong>Kaynaklar\u0131 ve talepleri uyumlu hale getirmek i\u00e7in 24 saat ileti\u015fim ve koordinasyon, eksiksiz m\u00fc\u015fteri memnuniyeti sa\u011flamak.<\/p>\n<p>2.3\u00a0<strong>Kalite G\u00fcvence<\/strong>: \u00dcst\u00fcn sonu\u00e7lar\u0131 garanti etmek i\u00e7in sim\u00fcle edilmi\u015f zorlu ko\u015fullar alt\u0131nda stres testi de dahil olmak \u00fczere hammaddelerin ve \u00fcr\u00fcn kalitesinin titiz, 24 saat izlenmesi.<\/p>\n<p><strong>3. Pazar Sonras\u0131 Hizmetler<\/strong><\/p>\n<p>3.1\u00a0<strong>H\u0131zl\u0131 \u0130leti\u015fim<\/strong>: Profesyonel dan\u0131\u015fmanl\u0131k ve yard\u0131m i\u00e7in 24 saat \u00f6zel destek.<\/p>\n<p>3.2\u00a0<strong>H\u0131zl\u0131 M\u00fcdahale<\/strong>: 24 saat yan\u0131t mekanizmas\u0131, m\u00fc\u015fteri ihtiya\u00e7lar\u0131n\u0131 kar\u015f\u0131lamak i\u00e7in zaman\u0131nda yerinde hizmet sa\u011flar.<\/p>\n<p>3.3\u00a0<strong>S\u00fcrekli \u0130yile\u015ftirme<\/strong>: Sorunlar\u0131 k\u00f6k\u00fcnden \u00e7\u00f6zmek ve m\u00fc\u015fteriler i\u00e7in s\u00fcrekli de\u011fer yarat\u0131lmas\u0131n\u0131 sa\u011flamak i\u00e7in 72 saat i\u00e7inde bir 8D raporunun teslim edilmesi.<\/p>\n\t\t<\/div>\n\t\t\t\t\t<\/div>\n\n\t\n<\/div>\n\t\t<\/div>\n\n\t\t\n<style>\n#section_331301738 {\n  padding-top: 30px;\n  padding-bottom: 30px;\n}\n<\/style>\n\t<\/section>","protected":false},"excerpt":{"rendered":"","protected":false},"author":3,"featured_media":0,"parent":0,"menu_order":0,"comment_status":"closed","ping_status":"closed","template":"page-blank.php","meta":{"footnotes":""},"class_list":["post-1617","page","type-page","status-publish","hentry"],"_links":{"self":[{"href":"https:\/\/rifengcable.com\/tr\/wp-json\/wp\/v2\/pages\/1617","targetHints":{"allow":["GET"]}}],"collection":[{"href":"https:\/\/rifengcable.com\/tr\/wp-json\/wp\/v2\/pages"}],"about":[{"href":"https:\/\/rifengcable.com\/tr\/wp-json\/wp\/v2\/types\/page"}],"author":[{"embeddable":true,"href":"https:\/\/rifengcable.com\/tr\/wp-json\/wp\/v2\/users\/3"}],"replies":[{"embeddable":true,"href":"https:\/\/rifengcable.com\/tr\/wp-json\/wp\/v2\/comments?post=1617"}],"version-history":[{"count":6,"href":"https:\/\/rifengcable.com\/tr\/wp-json\/wp\/v2\/pages\/1617\/revisions"}],"predecessor-version":[{"id":2077,"href":"https:\/\/rifengcable.com\/tr\/wp-json\/wp\/v2\/pages\/1617\/revisions\/2077"}],"wp:attachment":[{"href":"https:\/\/rifengcable.com\/tr\/wp-json\/wp\/v2\/media?parent=1617"}],"curies":[{"name":"wp","href":"https:\/\/api.w.org\/{rel}","templated":true}]}}