{"id":2189,"date":"2025-03-14T03:28:12","date_gmt":"2025-03-14T03:28:12","guid":{"rendered":"https:\/\/rifengcable.com\/?post_type=product&#038;p=2189"},"modified":"2025-04-26T06:35:30","modified_gmt":"2025-04-26T06:35:30","slug":"power-switch-cable","status":"publish","type":"product","link":"https:\/\/rifengcable.com\/sv\/manufacturer\/power-switch-cable\/","title":{"rendered":"Kabel f\u00f6r str\u00f6mbrytare YJV32"},"content":{"rendered":"<h1 id=\"-yjv32-power-switch-cable-\"><strong>YJV32 Kabel f\u00f6r str\u00f6mbrytare<\/strong>\u00a0\u26a1<\/h1>\n<p>Den h\u00e4r starka kabeln hj\u00e4lper elkraften att r\u00f6ra sig s\u00e4kert. Den \u00e4r armerad med st\u00e5l f\u00f6r att skydda den under jord eller p\u00e5 farliga platser.<\/p>\n<h2 id=\"-why-choose-this-cable-\"><strong>Varf\u00f6r v\u00e4lja denna kabel?<\/strong><\/h2>\n<p>\u2705\u00a0<strong>Koppartr\u00e5dar<\/strong>\u00a0- B\u00e4st f\u00f6r\u00a0<strong>effektkontroll<\/strong><\/p>\n<p>\u2705\u00a0<strong>XLPE-isolering<\/strong>\u00a0- Stoppar\u00a0<strong>v\u00e4rme och st\u00f6tar<\/strong><\/p>\n<p>\u2705\u00a0<strong>Rustning av st\u00e5l<\/strong>\u00a0- Inga avbrott i\u00a0<strong>h\u00e5rd smuts eller vatten<\/strong><\/p>\n<p>\u2705\u00a0<strong>Flams\u00e4kert<\/strong>\u00a0- S\u00e4ker i\u00a0<strong>fabriker och gruvor<\/strong><\/p>\n<h2 id=\"-cable-details-easy-table-\"><strong>Kabeldetaljer (enkelt bord!)<\/strong><\/h2>\n<table style=\"height: 142px;\" width=\"383\">\n<thead>\n<tr>\n<th><strong>Del<\/strong><\/th>\n<th><strong>Vad den g\u00f6r<\/strong><\/th>\n<\/tr>\n<\/thead>\n<tbody>\n<tr>\n<td><strong>Ledare<\/strong><\/td>\n<td><strong>Koppartr\u00e5dar<\/strong>\u00a0(stark elektricitet)<\/td>\n<\/tr>\n<tr>\n<td><strong>Isolering<\/strong><\/td>\n<td><strong>XLPE-plast<\/strong>\u00a0(blockerar v\u00e4rme)<\/td>\n<\/tr>\n<tr>\n<td><strong>Rustning<\/strong><\/td>\n<td><strong>St\u00e5ltr\u00e5dar<\/strong>\u00a0(sluta krossa)<\/td>\n<\/tr>\n<tr>\n<td><strong>Yttre h\u00f6lje<\/strong><\/td>\n<td><strong>PVC\/PE<\/strong>\u00a0(s\u00e4ker i vatten)<\/td>\n<\/tr>\n<\/tbody>\n<\/table>\n<h2 id=\"-where-to-use-it-\"><strong>Var ska man anv\u00e4nda den?<\/strong><\/h2>\n<p>\ud83d\udccc\u00a0<strong>Underjordisk<\/strong>\u00a0- H\u00e5ller sig s\u00e4ker i\u00a0<strong>diken och tunnlar<\/strong>\u00a0[liknande\u00a0<strong>underjordiska kraftkablar<\/strong>]\n<p>\ud83d\udccc\u00a0<strong>Stora maskiner<\/strong>\u00a0- Befogenheter\u00a0<strong>fabriker, gruvor, j\u00e4rnv\u00e4gar<\/strong><\/p>\n<p>\ud83d\udccc\u00a0<strong>N\u00f6dkraft<\/strong>\u00a0- Fungerar \u00e4ven om\u00a0<strong>kortslutningar intr\u00e4ffar<\/strong><\/p>\n<p>\ud83d\udccc\u00a0<strong>Vind-\/solkraftverk<\/strong>\u00a0- Bra f\u00f6r\u00a0<strong>gr\u00f6n energi<\/strong><\/p>\n<h2 id=\"-voltage-safety-\"><strong>Sp\u00e4nning &amp; s\u00e4kerhet<\/strong><\/h2>\n<p>\u2714\u00a0<strong>Arbetar med<\/strong>:\u00a0<strong>0,6\/1kV, 6\/10kV, 26\/35kV effekt<\/strong>\u00a0\u2714\u00a0<strong>Varmt eller kallt<\/strong>:\u00a0<strong>-15\u00b0C till +90\u00b0C<\/strong>\u00a0(sm\u00e4lter eller fryser inte) \u2714\u00a0<strong>Brands\u00e4ker<\/strong>:\u00a0<strong>ZR-YJV32<\/strong>\u00a0typen slutar brinna<\/p>\n<h2 id=\"-trusted-by-big-companies-\"><strong>Betrodda av stora f\u00f6retag<\/strong><\/h2>\n<p>\ud83d\udd39\u00a0<strong>ISO 9001\/14001<\/strong>\u00a0- B\u00e4sta kvalitet \ud83d\udd39\u00a0<strong>CE &amp; CCC<\/strong>\u00a0- S\u00e4ker f\u00f6r\u00a0<strong>Europa &amp; Kina<\/strong>\u00a0\ud83d\udd39\u00a0<strong>Samma som IEC 60502<\/strong>\u00a0- Arbetar \u00f6ver hela v\u00e4rlden<\/p>\n<h2 id=\"-need-custom-cables-\"><strong>Beh\u00f6ver du anpassade kablar?<\/strong><\/h2>\n<p>Vi kan g\u00f6ra\u00a0<strong>specialstorlekar<\/strong>\u00a0eller\u00a0<strong>extra l\u00e5nga kablar<\/strong>! [Gilla\u00a0<strong>anpassade kraftkablar f\u00f6r industrier<\/strong>]\n<p>\ud83d\udcde\u00a0<strong>Ring eller mejla<\/strong>\u00a0- H\u00e4mta\u00a0<strong>b\u00e4sta pris snabbt<\/strong>!<\/p>","protected":false},"excerpt":{"rendered":"<p>Artikel\uff1aYJV32 0,6\/1kv YJV72 0,6\/1kv<\/p>\n<p dir=\"ltr\" data-placeholder=\"Translation\" data-ved=\"2ahUKEwjRrbGas4iMAxUAnK8BHRg0BFYQ3ewLegQIChAV\" aria-label=\"\u00d6versatt text: Till\u00e4mpningsomr\u00e5de\">Produktstandarder: GB\/T 12706.1-2020<\/p>\n<p dir=\"ltr\" data-placeholder=\"Translation\" data-ved=\"2ahUKEwjRrbGas4iMAxUAnK8BHRg0BFYQ3ewLegQIChAV\" aria-label=\"\u00d6versatt text: M\u00e4rksp\u00e4nning (Uo\/U)\"><strong>Grundl\u00e4ggande parametrar\uff1a<\/strong><\/p>\n<ul>\n<li id=\"tw-target-text\" class=\"tw-data-text tw-text-large tw-ta\" dir=\"ltr\" data-placeholder=\"Translation\" data-ved=\"2ahUKEwjRrbGas4iMAxUAnK8BHRg0BFYQ3ewLegQIChAV\" aria-label=\"\u00d6versatt text: M\u00e4rksp\u00e4nning (Uo\/U)\"><span class=\"Y2IQFc\" lang=\"en\">M\u00e4rksp\u00e4nning (Uo\/U)\uff1a0,6\/1kv<\/span><\/li>\n<li class=\"tw-data-text tw-text-large tw-ta\" dir=\"ltr\" data-placeholder=\"Translation\" data-ved=\"2ahUKEwjRrbGas4iMAxUAnK8BHRg0BFYQ3ewLegQIChAV\" aria-label=\"\u00d6versatt text: M\u00e4rksp\u00e4nning (Uo\/U)\">Maximal systemsp\u00e4nning (Um)\uff1a1,2kv<\/li>\n<li class=\"tw-data-text tw-text-large tw-ta\" dir=\"ltr\" data-placeholder=\"Translation\" data-ved=\"2ahUKEwjRrbGas4iMAxUAnK8BHRg0BFYQ3ewLegQIChAV\" aria-label=\"\u00d6versatt text: M\u00e4rksp\u00e4nning (Uo\/U)\">Isolering\uff1aXLPE<\/li>\n<li dir=\"ltr\" data-placeholder=\"Translation\" data-ved=\"2ahUKEwjRrbGas4iMAxUAnK8BHRg0BFYQ3ewLegQIChAV\" aria-label=\"\u00d6versatt text: M\u00e4rksp\u00e4nning (Uo\/U)\">Temperatur i driftmilj\u00f6: -15\u00b0C~55\u00b0C<\/li>\n<li dir=\"ltr\" data-placeholder=\"Translation\" data-ved=\"2ahUKEwjRrbGas4iMAxUAnK8BHRg0BFYQ3ewLegQIChAV\" aria-label=\"\u00d6versatt text: M\u00e4rksp\u00e4nning (Uo\/U)\"><span class=\"Y2IQFc\" lang=\"en\"><span class=\"Y2IQFc\" lang=\"en\">Rustning:<\/span><\/span>Aluminiumtr\u00e5d eller tr\u00e5d av rostfritt st\u00e5l, galvaniserad st\u00e5ltr\u00e5d<\/li>\n<li class=\"tw-data-text tw-text-large tw-ta\" dir=\"ltr\" data-placeholder=\"Translation\" data-ved=\"2ahUKEwjRrbGas4iMAxUAnK8BHRg0BFYQ3ewLegQIChAV\" aria-label=\"\u00d6versatt text: M\u00e4rksp\u00e4nning (Uo\/U)\">Stoppning (tillval)\uff1aPolypropylenn\u00e4t ripcord eller flamskyddad stoppning<\/li>\n<\/ul>\n<p class=\"tw-data-text tw-text-large tw-ta\" dir=\"ltr\" data-placeholder=\"Translation\" data-ved=\"2ahUKEwjRrbGas4iMAxUAnK8BHRg0BFYQ3ewLegQIChAV\" aria-label=\"\u00d6versatt text: Till\u00e4mpningsomr\u00e5de\"><strong><span class=\"Y2IQFc\" lang=\"en\">Till\u00e4mpningsomr\u00e5de \uff1a<\/span><\/strong><\/p>\n<p class=\"tw-data-text tw-text-large tw-ta\" dir=\"ltr\" data-placeholder=\"Translation\" data-ved=\"2ahUKEwjRrbGas4iMAxUAnK8BHRg0BFYQ3ewLegQIChAV\" aria-label=\"\u00d6versatt text: Till\u00e4mpningsomr\u00e5de\"><span class=\"Y2IQFc\" lang=\"en\">Denna produkt \u00e4r l\u00e4mplig f\u00f6r AC 50Hz-ledningar med m\u00e4rksp\u00e4nning som inte \u00f6verstiger 0,6\/lkV f\u00f6r \u00f6verf\u00f6ring och distribution av elektrisk energi.<\/span><\/p>","protected":false},"featured_media":2190,"template":"","meta":[],"product_brand":[],"product_cat":[46],"product_tag":[],"class_list":{"0":"post-2189","1":"product","2":"type-product","3":"status-publish","4":"has-post-thumbnail","6":"product_cat-power-cable","8":"first","9":"instock","10":"shipping-taxable","11":"product-type-simple"},"_links":{"self":[{"href":"https:\/\/rifengcable.com\/sv\/wp-json\/wp\/v2\/product\/2189","targetHints":{"allow":["GET"]}}],"collection":[{"href":"https:\/\/rifengcable.com\/sv\/wp-json\/wp\/v2\/product"}],"about":[{"href":"https:\/\/rifengcable.com\/sv\/wp-json\/wp\/v2\/types\/product"}],"wp:featuredmedia":[{"embeddable":true,"href":"https:\/\/rifengcable.com\/sv\/wp-json\/wp\/v2\/media\/2190"}],"wp:attachment":[{"href":"https:\/\/rifengcable.com\/sv\/wp-json\/wp\/v2\/media?parent=2189"}],"wp:term":[{"taxonomy":"product_brand","embeddable":true,"href":"https:\/\/rifengcable.com\/sv\/wp-json\/wp\/v2\/product_brand?post=2189"},{"taxonomy":"product_cat","embeddable":true,"href":"https:\/\/rifengcable.com\/sv\/wp-json\/wp\/v2\/product_cat?post=2189"},{"taxonomy":"product_tag","embeddable":true,"href":"https:\/\/rifengcable.com\/sv\/wp-json\/wp\/v2\/product_tag?post=2189"}],"curies":[{"name":"wp","href":"https:\/\/api.w.org\/{rel}","templated":true}]}}