{"id":1816,"date":"2025-03-03T09:42:51","date_gmt":"2025-03-03T09:42:51","guid":{"rendered":"https:\/\/rifengcable.com\/?post_type=product&#038;p=1816"},"modified":"2025-04-25T06:55:56","modified_gmt":"2025-04-25T06:55:56","slug":"6-3-electrical-cable","status":"publish","type":"product","link":"https:\/\/rifengcable.com\/sv\/manufacturer\/6-3-electrical-cable\/","title":{"rendered":"6\/3 Elektrisk kabel SPT-2W"},"content":{"rendered":"<h1 id=\"-6-3-spt-2w-electrical-cable-heavy-duty-power-cord-\"><strong>6\/3 SPT-2W elkabel - kraftfull n\u00e4tsladd<\/strong><\/h1>\n<p>6\/3 SPT-2W elkabel \u00e4r en stark, s\u00e4ker och l\u00e4ttanv\u00e4nd kabel f\u00f6r stora str\u00f6mbehov. Den fungerar b\u00e5de inomhus och utomhus f\u00f6r lampor, verktyg och mycket mer.<\/p>\n<hr \/>\n<h2 id=\"-key-features-\"><strong>\ud83d\udd0c Viktiga funktioner<\/strong><\/h2>\n<p>\u2705\u00a0<strong>6 AWG (3 ledningar)<\/strong>\u00a0- Handtag\u00a0<strong>stor kraft<\/strong>\u00a0f\u00f6r tunga jobb<\/p>\n<p>\u2705\u00a0<strong>300V klassning<\/strong>\u00a0- S\u00e4ker f\u00f6r\u00a0<strong>ledningar i v\u00e4ggar eller p\u00e5 utsidan<\/strong><\/p>\n<p>\u2705\u00a0<strong>PVC-isolering<\/strong>\u00a0- Vistelser\u00a0<strong>mjuk i kyla<\/strong>,\u00a0<strong>kommer inte att spricka<\/strong><\/p>\n<p>\u2705\u00a0<strong>55 ampere effekt<\/strong>\u00a0- Runs\u00a0<strong>stora maskiner<\/strong>\u00a0utan \u00f6verhettning<\/p>\n<p>\u2705\u00a0<strong>CSA &amp; UL-listad<\/strong>\u00a0- Testad f\u00f6r\u00a0<strong>S\u00e4kerhet<\/strong><\/p>\n<hr \/>\n<h2 id=\"-product-specs-simple-table-\"><strong>\ud83d\udccf Produktspecifikationer<\/strong><\/h2>\n<p>|\u00a0<strong>Storlek<\/strong>\u00a0| 6 AWG (3 tr\u00e5dar inuti) | | | 6 AWG (3 tr\u00e5dar inuti)\u00a0<strong>Kraft<\/strong>\u00a0300V - 55 ampere | | | 300V - 55 ampere\u00a0<strong>Jacka<\/strong>\u00a0SPT-2W (PVC-plast) | | | SPT-2W (PVC-plast)\u00a0<strong>F\u00e4rger<\/strong>\u00a0| Svart, vit, gul | | | Svart, vit, gul\u00a0<strong>L\u00e4ngd<\/strong>\u00a0| 25ft, 50ft, 100ft | 25ft, 50ft, 100ft<\/p>\n<hr \/>\n<h2 id=\"-where-to-use-this-cable-\"><strong>\ud83d\udd27 Var du ska anv\u00e4nda den h\u00e4r kabeln<\/strong><\/h2>\n<h3 id=\"-1-outdoor-lighting-\"><strong>1. Belysning utomhus<\/strong><\/h3>\n<ul>\n<li><strong>Julbelysning<\/strong>,\u00a0<strong>tr\u00e4dg\u00e5rdslampor<\/strong>,\u00a0<strong>uteplats str\u00e4ngar<\/strong><\/li>\n<li><strong>Vattenavvisande<\/strong>\u00a0- Arbetar i\u00a0<strong>regn &amp; sn\u00f6<\/strong>\u00a0\u2744\ufe0f<\/li>\n<\/ul>\n<h3 id=\"-2-big-machines-tools-\"><strong>2. Stora maskiner och verktyg<\/strong><\/h3>\n<ul>\n<li><strong>Luftkonditioneringsapparater<\/strong>,\u00a0<strong>generatorer<\/strong>,\u00a0<strong>Verkstadsverktyg<\/strong>\u00a0\ud83d\udd27<\/li>\n<li>Handtag\u00a0<strong>55 ampere<\/strong>\u00a0- Ingen sm\u00e4ltning, inga br\u00e4nder<\/li>\n<\/ul>\n<h3 id=\"-3-home-appliances-\"><strong>3. Hush\u00e5llsapparater<\/strong><\/h3>\n<ul>\n<li><strong>Fans<\/strong>,\u00a0<strong>klockor<\/strong>,\u00a0<strong>sm\u00e5 motorer<\/strong>\u00a0\u23f0<\/li>\n<li><strong>Flexibel<\/strong>\u00a0- B\u00f6js l\u00e4tt bakom m\u00f6bler<\/li>\n<\/ul>\n<h3 id=\"-4-diy-projects-\"><strong>4. G\u00f6r-det-sj\u00e4lv-projekt<\/strong><\/h3>\n<ul>\n<li>Klipp till\u00a0<strong>anpassade l\u00e4ngder<\/strong>\u00a0med avbitart\u00e5ng \u2702\ufe0f<\/li>\n<li>Arbetar med\u00a0<strong>vampyrpluggar<\/strong>\u00a0(inga verktyg beh\u00f6vs!)<\/li>\n<\/ul>\n<hr \/>\n<h2 id=\"-why-buy-this-cable-\"><strong>\ud83d\ude80 Varf\u00f6r k\u00f6pa den h\u00e4r kabeln?<\/strong><\/h2>\n<p>\u2714\u00a0<strong>H\u00e5ller i 10+ \u00e5r<\/strong>\u00a0- T\u00e5lig PVC som inte spricker \u2714\u00a0<strong>Ingen effektf\u00f6rlust<\/strong>\u00a0- Tjocka 6 AWG koppartr\u00e5dar \u2714\u00a0<strong>L\u00e4tt att installera<\/strong>\u00a0- Bara att koppla in och k\u00f6ra<\/p>\n<hr \/>\n<h2 id=\"-faq-\"><strong>\u2753 VANLIGA FR\u00c5GOR<\/strong><\/h2>\n<p><strong>F: Kan den h\u00e4r kabeln driva en generator f\u00f6r hela huset?<\/strong>\u00a0\ud83d\udc49\u00a0<em>Ja! 6 AWG klarar 55A - perfekt f\u00f6r reservkraft.<\/em><\/p>\n<p><strong>F: \u00c4r det s\u00e4kert f\u00f6r julbelysning utomhus?<\/strong>\u00a0\ud83d\udc49\u00a0<em>Ja, det \u00e4r det! SPT-2W \u00e4r v\u00e4derbest\u00e4ndig.<\/em><\/p>\n<p><strong>Q: Kan jag anv\u00e4nda den inuti v\u00e4ggar?<\/strong>\u00a0\ud83d\udc49\u00a0<em>Nej - Anv\u00e4nd NM-B-kabel f\u00f6r dolda ledningar.<\/em><\/p>\n<h3 id=\"-trusted-by-\"><strong>\ud83d\udd27 Betrodd av:<\/strong><\/h3>\n<ul>\n<li>Elektriker<\/li>\n<li>G\u00f6r-det-sj\u00e4lvare<\/li>\n<li>Belysningsproffs<\/li>\n<\/ul>","protected":false},"excerpt":{"rendered":"<p>Artikel \uff1aSPT2-W<\/p>\n<div>\n<p class=\"lableName\">Produktcertifiering: UL<\/p>\n<\/div>\n<div>\n<p class=\"lableName\"><strong>Grundl\u00e4ggande parametrar\uff1a<\/strong><\/p>\n<\/div>\n<div>\n<ul>\n<li class=\"lableName\">M\u00e4rksp\u00e4nning: 300V<\/li>\n<li class=\"lableName\">Klassad arbetstemperatur: <span style=\"color: #555555; font-size: 14.4px;\">105\u2103<\/span><\/li>\n<li class=\"lableName\">Executive Standard:\u00a0<span style=\"color: #555555; font-size: 14.4px;\">UL 62<\/span><\/li>\n<\/ul>\n<\/div>\n<div>\n<p class=\"lableName\"><strong>Ledarstruktur\uff1a.<\/strong><\/p>\n<\/div>\n<div>\n<ul>\n<li class=\"lableName\"><span class=\"lableName\">Ledarmaterial:.<\/span> Blanktr\u00e5dad koppar<\/li>\n<li class=\"lableName\">Isoleringsmaterial:\u00a0<span style=\"color: #555555; font-size: 14.4px;\">PVC<\/span><\/li>\n<li class=\"lableName\">Material i jacka\uff1a.\u00a0<span style=\"color: #555555; font-size: 14.4px;\">PVC<\/span><\/li>\n<\/ul>\n<\/div>\n<div>\n<p class=\"lableName\"><strong>Produktens egenskaper<\/strong><\/p>\n<ul>\n<li class=\"labelContent\">H\u00f6gisolerande material av V0-kvalitet anv\u00e4nds f\u00f6r att f\u00f6rhindra flammor och garantera s\u00e4kerheten;<\/li>\n<li class=\"labelContent\">Det helt nya h\u00f6gisolerande materialet anv\u00e4nds f\u00f6r att f\u00f6rhindra elektriskt l\u00e4ckage och garantera s\u00e4kerheten;<\/li>\n<li class=\"labelContent\">Det helt nya anti-aging-materialet anv\u00e4nds f\u00f6r att f\u00f6rl\u00e4nga livsl\u00e4ngden och f\u00f6rb\u00e4ttra s\u00e4kerheten;<\/li>\n<\/ul>\n<\/div>","protected":false},"featured_media":1817,"template":"","meta":[],"product_brand":[],"product_cat":[40],"product_tag":[],"class_list":{"0":"post-1816","1":"product","2":"type-product","3":"status-publish","4":"has-post-thumbnail","6":"product_cat-pvc-cable","8":"first","9":"instock","10":"shipping-taxable","11":"product-type-simple"},"_links":{"self":[{"href":"https:\/\/rifengcable.com\/sv\/wp-json\/wp\/v2\/product\/1816","targetHints":{"allow":["GET"]}}],"collection":[{"href":"https:\/\/rifengcable.com\/sv\/wp-json\/wp\/v2\/product"}],"about":[{"href":"https:\/\/rifengcable.com\/sv\/wp-json\/wp\/v2\/types\/product"}],"wp:featuredmedia":[{"embeddable":true,"href":"https:\/\/rifengcable.com\/sv\/wp-json\/wp\/v2\/media\/1817"}],"wp:attachment":[{"href":"https:\/\/rifengcable.com\/sv\/wp-json\/wp\/v2\/media?parent=1816"}],"wp:term":[{"taxonomy":"product_brand","embeddable":true,"href":"https:\/\/rifengcable.com\/sv\/wp-json\/wp\/v2\/product_brand?post=1816"},{"taxonomy":"product_cat","embeddable":true,"href":"https:\/\/rifengcable.com\/sv\/wp-json\/wp\/v2\/product_cat?post=1816"},{"taxonomy":"product_tag","embeddable":true,"href":"https:\/\/rifengcable.com\/sv\/wp-json\/wp\/v2\/product_tag?post=1816"}],"curies":[{"name":"wp","href":"https:\/\/api.w.org\/{rel}","templated":true}]}}