{"id":1772,"date":"2025-03-03T06:33:03","date_gmt":"2025-03-03T06:33:03","guid":{"rendered":"https:\/\/rifengcable.com\/?post_type=product&#038;p=1772"},"modified":"2025-06-05T06:55:10","modified_gmt":"2025-06-05T06:55:10","slug":"pvc-cable-h03vvh2-f","status":"publish","type":"product","link":"https:\/\/rifengcable.com\/sv\/manufacturer\/pvc-cable-h03vvh2-f\/","title":{"rendered":"PVC-kabel H03VVH2-F"},"content":{"rendered":"<h1 id=\"-pvc-cable-strong-safe-and-easy-to-reuse-\"><strong>PVC-kabel - stark, s\u00e4ker och l\u00e4tt att \u00e5teranv\u00e4nda<\/strong><\/h1>\n<p><strong>PVC-kablar<\/strong>\u00a0\u00e4r\u00a0<strong>starka ledningar<\/strong>\u00a0anv\u00e4nds i\u00a0<strong>bost\u00e4der, fabriker<\/strong>, och\u00a0<strong>Solenergi<\/strong>. De h\u00e5ller l\u00e4nge, b\u00f6jer sig l\u00e4tt och h\u00e5ller elen s\u00e4ker. De \u00e4r ocks\u00e5\u00a0<strong>bra f\u00f6r jorden<\/strong>\u00a0eftersom de kan vara\u00a0<strong>\u00e5tervunnen<\/strong>.<\/p>\n<hr \/>\n<h2 id=\"-why-choose-pvc-cables-\"><strong>Varf\u00f6r v\u00e4lja PVC-kablar?<\/strong><\/h2>\n<p>\u2705\u00a0<strong>S\u00e4ker<\/strong>\u00a0- Stoppar br\u00e4nder (testad f\u00f6r VW-1-flammor).<\/p>\n<p>\u2705\u00a0<strong>Stark<\/strong>\u00a0- Arbetar i\u00a0<strong>het<\/strong>\u00a0(+105\u00b0C) och\u00a0<strong>kall<\/strong>\u00a0(-20\u00b0C).<\/p>\n<p>\u2705\u00a0<strong>B\u00f6jer sig l\u00e4tt<\/strong>\u00a0- Bra f\u00f6r\u00a0<strong>r\u00f6rliga maskiner<\/strong>\u00a0som robotar.<\/p>\n<p>\u2705\u00a0<strong>\u00c5tervinningsbar<\/strong>\u00a0- Kan anv\u00e4ndas igen utan att f\u00f6rlora styrka.<\/p>\n<hr \/>\n<h2 id=\"-what-s-inside-pvc-cables-\"><strong>Vad finns inuti PVC-kablar?<\/strong><\/h2>\n<table style=\"height: 143px;\" width=\"669\">\n<thead>\n<tr>\n<th><strong>Del<\/strong><\/th>\n<th><strong>Vad den g\u00f6r<\/strong><\/th>\n<th><strong>Varf\u00f6r den \u00e4r bra<\/strong><\/th>\n<\/tr>\n<\/thead>\n<tbody>\n<tr>\n<td><strong>Ledare<\/strong><\/td>\n<td>B\u00e4r elektricitet<\/td>\n<td>Tillverkad av\u00a0<strong>f\u00f6rtennad koppar (7\/30 tr\u00e5d)<\/strong> f\u00f6r smidigt kraftfl\u00f6de<\/td>\n<\/tr>\n<tr>\n<td><strong>Isolering av PVC<\/strong><\/td>\n<td>Skyddar kablar<\/td>\n<td>H\u00e5ller str\u00f6mmen s\u00e4ker, varar l\u00e4nge \u00e4ven utomhus<\/td>\n<\/tr>\n<tr>\n<td><strong>Kromad jacka<\/strong><\/td>\n<td>Yttre omslag<\/td>\n<td><strong>UV-best\u00e4ndig<\/strong> (solljus skadar den inte)<\/td>\n<\/tr>\n<tr>\n<td><strong>Sk\u00f6ld<\/strong>\u00a0(Vissa typer)<\/td>\n<td>Blockerar st\u00f6rningar<\/td>\n<td>Bra f\u00f6r\u00a0<strong>ljud- och datakablar<\/strong><\/td>\n<\/tr>\n<\/tbody>\n<\/table>\n<hr \/>\n<h2 id=\"-where-to-use-pvc-cables-\"><strong>Var ska man anv\u00e4nda PVC-kablar?<\/strong><\/h2>\n<h3 id=\"-1-factories-machines-\"><strong>1. Fabriker &amp; Maskiner<\/strong><\/h3>\n<ul>\n<li>Robotar, r\u00f6rliga armar och stor utrustning (<strong>b\u00f6jer sig utan att g\u00e5 s\u00f6nder<\/strong>).<\/li>\n<li>F\u00f6ljare\u00a0<strong>UL2464 &amp; CM<\/strong> standarder f\u00f6r s\u00e4kerhet.<\/li>\n<\/ul>\n<h3 id=\"-2-solar-wind-power-\"><strong>2. Sol- och vindkraft<\/strong><\/h3>\n<ul>\n<li><strong>Skyddar mot solljus<\/strong> (spricker inte i UV-ljus).<\/li>\n<li>Hanterar v\u00e4der (<strong>regn, vind, v\u00e4rme<\/strong>).<\/li>\n<\/ul>\n<h3 id=\"-3-homes-buildings-\"><strong>3. Hem &amp; byggnader<\/strong><\/h3>\n<ul>\n<li>S\u00e4kert f\u00f6r v\u00e4ggar och tak (<strong>flamskyddsmedel<\/strong>).<\/li>\n<li>Anv\u00e4nds i\u00a0<strong>kablage och h\u00f6gtalare<\/strong> (f\u00e4rgkodade f\u00f6r enkel installation).<\/li>\n<\/ul>\n<h3 id=\"-4-internet-sound-systems-\"><strong>4. Internet &amp; ljudsystem<\/strong><\/h3>\n<ul>\n<li><strong>Sk\u00e4rmade typer<\/strong> Stoppa statisk elektricitet i musik och Wi-Fi.<\/li>\n<li>Fungerar f\u00f6r\u00a0<strong>Cat 5E &amp; Cat 6<\/strong> internetkablar.<\/li>\n<\/ul>\n<hr \/>\n<h2 id=\"-our-pvc-cables-help-the-earth-\"><strong>V\u00e5ra PVC-kablar hj\u00e4lper jorden<\/strong><\/h2>\n<p>\u267b\ufe0f\u00a0<strong>\u00c5tervinningsbar<\/strong> - Kan sm\u00e4ltas och omformas utan att f\u00f6rlora h\u00e5llfasthet.<\/p>\n<p>\ud83c\udf0e\u00a0<strong>Mindre avfall<\/strong>\u00a0- St\u00f6d f\u00f6r\u00a0<strong>cirkul\u00e4r ekonomi<\/strong> (\u00e5teranv\u00e4nd, sl\u00e4ng inte i papperskorgen).<\/p>\n<p>\ud83d\udd2c <strong>Ny teknik<\/strong>\u00a0- B\u00e4ttre s\u00e4tt att\u00a0<strong>sortera och \u00e5tervinna<\/strong> som kommer 2025.<\/p>\n<hr \/>\n<h2 id=\"-need-pvc-cables-\"><strong>Beh\u00f6ver du PVC-kablar?<\/strong><\/h2>\n<p>Vi s\u00e4ljer\u00a0<strong>PVC-kablar av h\u00f6g kvalitet<\/strong>\u00a0f\u00f6r: \u2714\u00a0<strong>Fabriker<\/strong>\u00a0(starka b\u00f6jbara tr\u00e5dar) \u2714\u00a0<strong>Solenergiprojekt<\/strong>\u00a0(solt\u00e5lig) \u2714\u00a0<strong>Bost\u00e4der &amp; kontor<\/strong>\u00a0(s\u00e4ker och tyst)<\/p>\n<p>\ud83d\udcde\u00a0<strong><a href=\"\/sv\/contact\/\">Ring oss<\/a> idag<\/strong>\u00a0eller bes\u00f6k\u00a0<strong>V\u00e5ra industrikablar<\/strong>\u00a0f\u00f6r bulkbest\u00e4llningar.<\/p>","protected":false},"excerpt":{"rendered":"<p>Artikel \uff1aH03VVH2-F<\/p>\n<div>\n<p class=\"lableName\">Produktcertifiering: VDE<\/p>\n<\/div>\n<div>\n<p class=\"lableName\"><strong>Grundl\u00e4ggande parametrar\uff1a<\/strong><\/p>\n<\/div>\n<div>\n<ul>\n<li class=\"lableName\">M\u00e4rksp\u00e4nning: 450\/750V<\/li>\n<li class=\"lableName\">Klassad arbetstemperatur: <span style=\"color: #555555; font-size: 14.4px;\">70\u2103<\/span><\/li>\n<li class=\"lableName\">Executive Standard:\u00a0<span style=\"color: #555555; font-size: 14.4px;\">AS\/NZS 60227.5<\/span><\/li>\n<\/ul>\n<\/div>\n<div>\n<p class=\"lableName\">Ledarstruktur\uff1a.<\/p>\n<\/div>\n<div>\n<ul>\n<li class=\"lableName\"><span class=\"lableName\">Ledarmaterial:.<\/span> Blanktr\u00e5dad koppar<\/li>\n<li class=\"lableName\">Isoleringsmaterial:\u00a0<span style=\"color: #555555; font-size: 14.4px;\">PVC<\/span><\/li>\n<li class=\"lableName\">Material i manteln: PVC<\/li>\n<\/ul>\n<\/div>\n<div>\n<p><strong>Applikationer:<\/strong><\/p>\n<p>Dessa kablar \u00e4r avsedda att anv\u00e4ndas som elektriska anslutningsledningar i en m\u00e4ngd olika milj\u00f6er, inklusive kraftinstallationer, hush\u00e5llsapparater och elektriskt drivna verktyg. De \u00e4r l\u00e4mpliga f\u00f6r applikationer med en m\u00e4rksp\u00e4nning p\u00e5 AC 300\/300V eller l\u00e4gre, vilket garanterar s\u00e4ker och tillf\u00f6rlitlig prestanda i vardagliga elektriska system.<\/p>\n<\/div>","protected":false},"featured_media":2285,"template":"","meta":[],"product_brand":[],"product_cat":[40],"product_tag":[],"class_list":{"0":"post-1772","1":"product","2":"type-product","3":"status-publish","4":"has-post-thumbnail","6":"product_cat-pvc-cable","8":"first","9":"instock","10":"shipping-taxable","11":"product-type-simple"},"_links":{"self":[{"href":"https:\/\/rifengcable.com\/sv\/wp-json\/wp\/v2\/product\/1772","targetHints":{"allow":["GET"]}}],"collection":[{"href":"https:\/\/rifengcable.com\/sv\/wp-json\/wp\/v2\/product"}],"about":[{"href":"https:\/\/rifengcable.com\/sv\/wp-json\/wp\/v2\/types\/product"}],"wp:featuredmedia":[{"embeddable":true,"href":"https:\/\/rifengcable.com\/sv\/wp-json\/wp\/v2\/media\/2285"}],"wp:attachment":[{"href":"https:\/\/rifengcable.com\/sv\/wp-json\/wp\/v2\/media?parent=1772"}],"wp:term":[{"taxonomy":"product_brand","embeddable":true,"href":"https:\/\/rifengcable.com\/sv\/wp-json\/wp\/v2\/product_brand?post=1772"},{"taxonomy":"product_cat","embeddable":true,"href":"https:\/\/rifengcable.com\/sv\/wp-json\/wp\/v2\/product_cat?post=1772"},{"taxonomy":"product_tag","embeddable":true,"href":"https:\/\/rifengcable.com\/sv\/wp-json\/wp\/v2\/product_tag?post=1772"}],"curies":[{"name":"wp","href":"https:\/\/api.w.org\/{rel}","templated":true}]}}