{"id":1746,"date":"2025-03-03T02:08:58","date_gmt":"2025-03-03T02:08:58","guid":{"rendered":"https:\/\/rifengcable.com\/?post_type=product&#038;p=1746"},"modified":"2025-06-05T07:11:21","modified_gmt":"2025-06-05T07:11:21","slug":"6-wire-electrical-cable-318trs","status":"publish","type":"product","link":"https:\/\/rifengcable.com\/sv\/manufacturer\/6-wire-electrical-cable-318trs\/","title":{"rendered":"3-tr\u00e5dig elkabel 318TRS"},"content":{"rendered":"<h1 id=\"-6-wire-electrical-cable-318trs-tough-flexible-power-cable-\"><strong>3-tr\u00e5dig elkabel 318TRS - T\u00e5lig och flexibel kraftkabel<\/strong><\/h1>\n<hr \/>\n<h2 id=\"-why-choose-this-cable-\"><strong>Varf\u00f6r v\u00e4lja denna kabel?<\/strong><\/h2>\n<p>\u2705\u00a0<strong>Kraftigt gummi\u00f6verdrag<\/strong>\u00a0- H\u00e5ller l\u00e4nge p\u00e5 tuffa platser. \u2705\u00a0<strong>Fungerar i varmt och kallt<\/strong>\u00a0(-25\u00b0C till +60\u00b0C). \u2705\u00a0<strong>S\u00e4ker f\u00f6r maskiner, verktyg och k\u00f6k<\/strong>. \u2705\u00a0<strong>Uppfyller brittiska och EU-regler (BS 6500, H05RR-F)<\/strong>. \u2705\u00a0<strong>L\u00e4tt att b\u00f6ja, g\u00e5r inte s\u00f6nder<\/strong>.<\/p>\n<hr \/>\n<h2 id=\"-what-is-this-cable-used-for-\"><strong>Vad anv\u00e4nds den h\u00e4r kabeln till?<\/strong><\/h2>\n<p>Detta\u00a0<strong>3-tr\u00e5dig elkabel 318TRS<\/strong>\u00a0\u00e4r perfekt f\u00f6r:<\/p>\n<p>\ud83d\udd0c\u00a0<strong>Sm\u00e5 maskiner<\/strong>\u00a0- Borrmaskiner, strykj\u00e4rn och l\u00f6dverktyg. \ud83c\udf73\u00a0<strong>K\u00f6ksredskap<\/strong>\u00a0- Br\u00f6drostar, spisar, blenders. \ud83c\udfe2\u00a0<strong>Utrustning f\u00f6r kontor<\/strong>\u00a0- Skrivare, v\u00e4rmare. \ud83d\udecb\ufe0f\u00a0<strong>Dolda kablar<\/strong>\u00a0- Inuti m\u00f6bler eller v\u00e4ggar.<\/p>\n<hr \/>\n<h2 id=\"-key-features-\"><strong>Viktiga funktioner<\/strong><\/h2>\n<h3 id=\"-1-high-safety-standards-\"><strong>1. H\u00f6ga s\u00e4kerhetsstandarder<\/strong><\/h3>\n<p>\u2705\u00a0<strong>BS 6500 &amp; BS EN 50525-2-21<\/strong>\u00a0- F\u00f6ljer strikta regler. \u2705\u00a0<strong>H05RR-F<\/strong>\u00a0- Fungerar som EU:s str\u00f6mkablar. \u2705\u00a0<strong>H\u00e5ller sig s\u00e4ker p\u00e5 fuktiga eller torra platser<\/strong>.<\/p>\n<h3 id=\"-2-tough-rubber-cover-trs-\"><strong>2. T\u00e5ligt gummiskydd (TRS)<\/strong><\/h3>\n<p>\u2714\u00a0<strong>Inga t\u00e5rar<\/strong>\u00a0- Bra f\u00f6r tuff anv\u00e4ndning. \u2714\u00a0<strong>S\u00e4ker n\u00e4ra vatten<\/strong>\u00a0- Fungerar p\u00e5 fuktiga st\u00e4llen. \u2714\u00a0<strong>L\u00e4tt att flytta<\/strong>\u00a0- B\u00f6js utan att g\u00e5 s\u00f6nder.<\/p>\n<h3 id=\"-3-strong-copper-wires-\"><strong>3. Starka koppartr\u00e5dar<\/strong><\/h3>\n<p>\ud83d\udd17\u00a0<strong>6 kablar inuti<\/strong>\u00a0- Bra f\u00f6r stora maskiner. \u26a1\u00a0<strong>300\/500V effekt<\/strong>\u00a0- Hanterar verktyg och v\u00e4rmare. \ud83d\udd04\u00a0<strong>24 sm\u00e5 tr\u00e5dar (0,20 mm vardera)<\/strong>\u00a0- F\u00f6rblir flexibel.<\/p>\n<hr \/>\n<h2 id=\"-full-product-details-\"><strong>Fullst\u00e4ndiga produktdetaljer<\/strong><\/h2>\n<table style=\"height: 228px;\" width=\"459\">\n<thead>\n<tr>\n<th><strong>Funktion<\/strong><\/th>\n<th><strong>Detaljer<\/strong><\/th>\n<\/tr>\n<\/thead>\n<tbody>\n<tr>\n<td><strong>Namn<\/strong><\/td>\n<td>3-tr\u00e5dig 318TRS-kabel<\/td>\n<\/tr>\n<tr>\n<td><strong>Material<\/strong><\/td>\n<td>Gummi + koppar<\/td>\n<\/tr>\n<tr>\n<td><strong>Effekt (sp\u00e4nning)<\/strong><\/td>\n<td>300\/500V<\/td>\n<\/tr>\n<tr>\n<td><strong>Storlek<\/strong><\/td>\n<td>Vanligtvis 0,75 mm\u00b2 (6 tr\u00e5dar)<\/td>\n<\/tr>\n<tr>\n<td><strong>Arbetar i<\/strong><\/td>\n<td>-25\u00b0C till +60\u00b0C<\/td>\n<\/tr>\n<tr>\n<td><strong>Anv\u00e4nd f\u00f6r<\/strong><\/td>\n<td>Verktyg, k\u00f6k, kontor<\/td>\n<\/tr>\n<tr>\n<td><strong>S\u00e4kerhetsetiketter<\/strong><\/td>\n<td>BS 6500, H05RR-F<\/td>\n<\/tr>\n<\/tbody>\n<\/table>\n<p>&nbsp;<\/p>\n<hr \/>\n<h2 id=\"-where-to-use-this-cable-\"><strong>Var ska denna kabel anv\u00e4ndas?<\/strong><\/h2>\n<h3 id=\"-1-at-home-\"><strong>1. Hemma<\/strong><\/h3>\n<ul>\n<li>\ud83d\udd25\u00a0<strong>Br\u00f6drostar, ugnar, strykj\u00e4rn<\/strong><\/li>\n<li>\ud83d\udee0\ufe0f\u00a0<strong>Verktyg f\u00f6r g\u00f6r-det-sj\u00e4lv<\/strong><\/li>\n<\/ul>\n<h3 id=\"-2-in-workshops-\"><strong>2. I verkst\u00e4der<\/strong><\/h3>\n<ul>\n<li>\u26a1\u00a0<strong>L\u00f6dpistoler, borrmaskiner<\/strong><\/li>\n<li>\ud83d\udca1\u00a0<strong>Lampor, maskiner<\/strong><\/li>\n<\/ul>\n<h3 id=\"-3-offices-stores-\"><strong>3. Kontor &amp; butiker<\/strong><\/h3>\n<ul>\n<li>\ud83d\udda8\ufe0f\u00a0<strong>Skrivare, datorer<\/strong><\/li>\n<li>\u2744\ufe0f\u00a0<strong>Sm\u00e5 kylsk\u00e5p<\/strong><\/li>\n<\/ul>\n<hr \/>\n<h2 id=\"-why-trust-this-cable-\"><strong>Varf\u00f6r lita p\u00e5 denna kabel?<\/strong><\/h2>\n<ul>\n<li>\u2714\u00a0<strong>Testad f\u00f6r s\u00e4kerhet<\/strong>\u00a0(inga br\u00e4nder eller st\u00f6tar).<\/li>\n<li>\u2714\u00a0<strong>H\u00e5ller i flera \u00e5r<\/strong>\u00a0- Gummit spricker inte.<\/li>\n<li>\u2714\u00a0<strong>Ingen effektf\u00f6rlust<\/strong>\u00a0- Koppartr\u00e5dar fungerar bra.<\/li>\n<\/ul>\n<hr \/>\n<h2 id=\"-order-now-\"><strong>Best\u00e4ll nu!<\/strong><\/h2>\n<p>H\u00e4mta din\u00a0<strong>318TRS 3-ledarkabel<\/strong>\u00a0idag f\u00f6r: \ud83d\udd27\u00a0<strong>Stark verktygskraft<\/strong>\u00a0\ud83c\udfe0\u00a0<strong>S\u00e4ker kabeldragning i hemmet<\/strong>\u00a0\ud83d\uded2\u00a0<em>Snabb leverans!<\/em><\/p>","protected":false},"excerpt":{"rendered":"<p>Artikel \uff1a318TRS<\/p>\n<div>\n<p class=\"lableName\">Produktcertifiering: BS<\/p>\n<\/div>\n<div>\n<p class=\"lableName\"><strong>Grundl\u00e4ggande parametrar\uff1a<\/strong><\/p>\n<\/div>\n<div>\n<ul>\n<li class=\"lableName\">M\u00e4rksp\u00e4nning: 300\/500V<\/li>\n<\/ul>\n<\/div>\n<div>\n<ul>\n<li class=\"lableName\">Klassad arbetstemperatur: 90 \u2103<\/li>\n<\/ul>\n<\/div>\n<div>\n<ul>\n<li class=\"lableName\">Verkst\u00e4llande standard: VDE 0282<\/li>\n<\/ul>\n<\/div>\n<div>\n<p class=\"lableName\"><strong>Ledarstruktur\uff1a.<\/strong><\/p>\n<\/div>\n<div>\n<ul>\n<li class=\"lableName\"><span class=\"lableName\">Ledarmaterial:.<\/span>\u00a0Blanktr\u00e5dad koppar<\/li>\n<\/ul>\n<\/div>\n<div>\n<ul>\n<li class=\"lableName\">Isoleringsmaterial: EPDM<\/li>\n<\/ul>\n<\/div>\n<div>\n<ul>\n<li class=\"lableName\">Material i jacka: CPE<\/li>\n<\/ul>\n<p><strong>Anv\u00e4ndningsomr\u00e5den f\u00f6r 6-tr\u00e5dig elkabel 318TRS:<\/strong><\/p>\n<p>Denna kabel \u00e4r konstruerad f\u00f6r m\u00e5ngsidig anv\u00e4ndning i en m\u00e4ngd olika milj\u00f6er, inklusive torra, fuktiga eller v\u00e5ta f\u00f6rh\u00e5llanden, liksom omr\u00e5den som uts\u00e4tts f\u00f6r olja eller fett. Den fungerar tillf\u00f6rlitligt i olika v\u00e4derf\u00f6rh\u00e5llanden och under l\u00e4tt mekanisk p\u00e5frestning. Vanliga anv\u00e4ndningsomr\u00e5den \u00e4r bl.a:<\/p>\n<ul>\n<li>Str\u00f6mf\u00f6rs\u00f6rjning f\u00f6r sm\u00e5apparater i industrianl\u00e4ggningar och maskinverkst\u00e4der.<\/li>\n<li>V\u00e4rmeplattor och b\u00e4rbara belysningssystem.<\/li>\n<li>Lantbruk och lantbruksutrustning.<\/li>\n<li>Husvagnar och campingutrustning.<\/li>\n<\/ul>\n<p>Den t\u00e5liga konstruktionen g\u00f6r den l\u00e4mplig f\u00f6r b\u00e5de inomhus- och utomhusbruk, vilket garanterar konsekvent prestanda under utmanande f\u00f6rh\u00e5llanden.<\/p>\n<\/div>","protected":false},"featured_media":2360,"template":"","meta":[],"product_brand":[],"product_cat":[38],"product_tag":[],"class_list":{"0":"post-1746","1":"product","2":"type-product","3":"status-publish","4":"has-post-thumbnail","6":"product_cat-rubber-cable","8":"first","9":"instock","10":"shipping-taxable","11":"product-type-simple"},"_links":{"self":[{"href":"https:\/\/rifengcable.com\/sv\/wp-json\/wp\/v2\/product\/1746","targetHints":{"allow":["GET"]}}],"collection":[{"href":"https:\/\/rifengcable.com\/sv\/wp-json\/wp\/v2\/product"}],"about":[{"href":"https:\/\/rifengcable.com\/sv\/wp-json\/wp\/v2\/types\/product"}],"wp:featuredmedia":[{"embeddable":true,"href":"https:\/\/rifengcable.com\/sv\/wp-json\/wp\/v2\/media\/2360"}],"wp:attachment":[{"href":"https:\/\/rifengcable.com\/sv\/wp-json\/wp\/v2\/media?parent=1746"}],"wp:term":[{"taxonomy":"product_brand","embeddable":true,"href":"https:\/\/rifengcable.com\/sv\/wp-json\/wp\/v2\/product_brand?post=1746"},{"taxonomy":"product_cat","embeddable":true,"href":"https:\/\/rifengcable.com\/sv\/wp-json\/wp\/v2\/product_cat?post=1746"},{"taxonomy":"product_tag","embeddable":true,"href":"https:\/\/rifengcable.com\/sv\/wp-json\/wp\/v2\/product_tag?post=1746"}],"curies":[{"name":"wp","href":"https:\/\/api.w.org\/{rel}","templated":true}]}}