{"id":25,"date":"2023-03-05T10:39:43","date_gmt":"2023-03-05T10:39:43","guid":{"rendered":"https:\/\/rifengcable.com\/?page_id=25"},"modified":"2025-05-20T08:30:49","modified_gmt":"2025-05-20T08:30:49","slug":"about-cable-manufacturer","status":"publish","type":"page","link":"https:\/\/rifengcable.com\/sv\/about-cable-manufacturer\/","title":{"rendered":"F\u00f6retagets profil"},"content":{"rendered":"<div class=\"banner has-hover has-parallax\" id=\"banner-649339157\">\n          <div class=\"banner-inner fill\">\n        <div class=\"banner-bg fill\" data-parallax=\"-3\" data-parallax-container=\".banner\" data-parallax-background>\n            <div class=\"bg fill bg-fill\"><\/div>\n                                    \n                    <\/div>\n\t\t\n        <div class=\"banner-layers container\">\n            <div class=\"fill banner-link\"><\/div>            \n   <div id=\"text-box-853964939\" class=\"text-box banner-layer x50 md-x50 lg-x50 y50 md-y50 lg-y50 res-text\">\n                     <div data-animate=\"fadeInLeft\">           <div class=\"text-box-content text dark\">\n              \n              <div class=\"text-inner text-center\">\n                  \n<h1><span style=\"font-size: 100%;\">Tillverkare av gummikablar<\/span><\/h1>\n              <\/div>\n           <\/div>\n       <\/div>                     \n<style>\n#text-box-853964939 {\n  width: 80%;\n}\n#text-box-853964939 .text-box-content {\n  font-size: 100%;\n}\n@media (min-width:550px) {\n  #text-box-853964939 {\n    width: 69%;\n  }\n}\n<\/style>\n    <\/div>\n \n        <\/div>\n      <\/div>\n\n            \n<style>\n#banner-649339157 {\n  padding-top: 162px;\n  background-color: rgba(0, 0, 0, 0.384);\n}\n#banner-649339157 .bg.bg-loaded {\n  background-image: 8950;\n}\n#banner-649339157 .overlay {\n  background-color: rgba(0, 0, 0, 0.3);\n}\n#banner-649339157 .bg {\n  background-position: 35% 23%;\n}\n<\/style>\n  <\/div>\n\n\n\t<section class=\"section\" id=\"section_1352589412\">\n\t\t<div class=\"bg section-bg fill bg-fill  bg-loaded\" >\n\n\t\t\t\n\t\t\t\n\t\t\t\n\n\t\t<\/div>\n\n\t\t\n\n\t\t<div class=\"section-content relative\">\n\t\t\t\n<div class=\"row\"  id=\"row-377705760\">\n\n\t<div id=\"col-228013677\" class=\"col small-12 large-12\"  >\n\t\t\t\t<div class=\"col-inner\"  >\n\t\t\t\n\t\t\t\n<div class=\"row\"  id=\"row-336982334\">\n\n\t<div id=\"col-1560279043\" class=\"col small-12 large-12\"  >\n\t\t\t\t<div class=\"col-inner\"  >\n\t\t\t\n\t\t\t\n<div class=\"row\"  id=\"row-1144884224\">\n\n\t<div id=\"col-713420179\" class=\"col small-12 large-12\"  >\n\t\t\t\t<div class=\"col-inner\"  >\n\t\t\t\n\t\t\t\n\t<div id=\"text-4230127126\" class=\"text\">\n\t\t\n<h2 style=\"text-align: left;\">Om Guangdong Rifeng Kabeltillverkare<\/h2>\n\t\t\n<style>\n#text-4230127126 {\n  text-align: left;\n}\n<\/style>\n\t<\/div>\n\t\n\t\t<\/div>\n\t\t\t\t\t<\/div>\n\n\t\n<\/div>\n<div class=\"row\"  id=\"row-1320600532\">\n\n\t<div id=\"col-1111684512\" class=\"col medium-6 small-12 large-6\"  >\n\t\t\t\t<div class=\"col-inner\"  >\n\t\t\t\n\t\t\t\n<p>Guangdong Rifeng Cable Co, Ltd, grundat 1986 och med huvudkontor i Zhongshan City, Guangdong-provinsen, \u00e4r en ledande tillverkare av gummikablar och kabeltillverkare som specialiserat sig p\u00e5 forskning, design, produktion och f\u00f6rs\u00e4ljning av \"utrustningskablar\". F\u00f6retaget har f\u00f6r n\u00e4rvarande sex st\u00f6rre produktionsanl\u00e4ggningar som t\u00e4cker \u00f6ver 400.000 kvadratmeter. Dess produkter anv\u00e4nds ofta i branscher som ny energi (vindkraft \/ fotovoltaik), elfordon (v\u00e4tskekylda kompressorkanoner \/ h\u00f6gsp\u00e4nningsledningsn\u00e4t i fordon), energilagring (litiumbatterianslutningar \/ formning och kapacitet), avancerad utrustning (sk\u00f6ldmaskiner \/ ombordstigningsbroar f\u00f6r flygplan), byggmaskiner (tornkranar \/ hissar), lyftutrustning (hamnmaskiner), gruvutrustning, marin utrustning, svetsutrustning, kommunikationsenheter (5G-basstationer), hush\u00e5llsapparater (luftkonditioneringsapparater), str\u00f6mf\u00f6rs\u00f6rjning och elektriska verktyg. F\u00f6retaget har en \u00e5rlig f\u00f6rs\u00e4ljningsint\u00e4kt p\u00e5 $580 miljoner, med ett f\u00f6rs\u00e4ljningsn\u00e4tverk som sp\u00e4nner \u00f6ver 30 l\u00e4nder och regioner \u00f6ver hela v\u00e4rlden.<\/p>\n\t\t<\/div>\n\t\t\t\t\t<\/div>\n\n\t\n\n\t<div id=\"col-1070110536\" class=\"col medium-6 small-12 large-6\"  >\n\t\t\t\t<div class=\"col-inner\"  >\n\t\t\t\n\t\t\t\n<div class=\"video video-fit mb\" style=\"padding-top:56.25%;\"><div style=\"width: 640px;\" class=\"wp-video\"><!--[if lt IE 9]><script>document.createElement('video');<\/script><![endif]-->\n<video class=\"wp-video-shortcode\" id=\"video-25-1\" width=\"640\" height=\"360\" preload=\"metadata\" controls=\"controls\"><source type=\"video\/mp4\" src=\"http:\/\/rifengcable.com\/wp-content\/uploads\/2025\/05\/compressO-MyVideo_1.mp4?_=1\" \/><a href=\"http:\/\/rifengcable.com\/wp-content\/uploads\/2025\/05\/compressO-MyVideo_1.mp4\">http:\/\/rifengcable.com\/wp-content\/uploads\/2025\/05\/compressO-MyVideo_1.mp4<\/a><\/video><\/div>\n<\/div>\n\t\t<\/div>\n\t\t\t\t\n<style>\n#col-1070110536 > .col-inner {\n  padding: 0px 0px 0px 0px;\n  margin: -330px 0px 0px 0px;\n}\n<\/style>\n\t<\/div>\n\n\t\n<\/div>\n\t\t<\/div>\n\t\t\t\t\t<\/div>\n\n\t\n<\/div>\n\t\t<\/div>\n\t\t\t\t\t<\/div>\n\n\t\n<\/div>\n\t\t<\/div>\n\n\t\t\n<style>\n#section_1352589412 {\n  padding-top: 30px;\n  padding-bottom: 30px;\n}\n<\/style>\n\t<\/section>\n\t\n\t<section class=\"section\" id=\"section_1802864257\">\n\t\t<div class=\"bg section-bg fill bg-fill  bg-loaded\" >\n\n\t\t\t\n\t\t\t\n\t\t\t\n\n\t\t<\/div>\n\n\t\t\n\n\t\t<div class=\"section-content relative\">\n\t\t\t\n<div class=\"row\"  id=\"row-1135602379\">\n\n\t<div id=\"col-205869606\" class=\"col medium-6 small-12 large-6\"  >\n\t\t\t\t<div class=\"col-inner\"  >\n\t\t\t\n\t\t\t\n<div class=\"slider-wrapper relative\" id=\"slider-1108615119\" >\n    <div class=\"slider slider-nav-circle slider-nav-large slider-nav-light slider-style-normal\"\n        data-flickity-options='{            \"cellAlign\": \"center\",            \"imagesLoaded\": true,            \"lazyLoad\": 1,            \"freeScroll\": false,            \"wrapAround\": true,            \"autoPlay\": 6000,            \"pauseAutoPlayOnHover\" : true,            \"prevNextButtons\": true,            \"contain\" : true,            \"adaptiveHeight\" : true,            \"dragThreshold\" : 10,            \"percentPosition\": true,            \"pageDots\": true,            \"rightToLeft\": false,            \"draggable\": true,            \"selectedAttraction\": 0.1,            \"parallax\" : 0,            \"friction\": 0.6        }'\n        >\n        \n\t<div class=\"img has-hover x md-x lg-x y md-y lg-y\" id=\"image_1367260525\">\n\t\t\t\t\t\t\t\t<div class=\"img-inner image-cover dark\" style=\"padding-top:90%;\">\n\t\t\t<img loading=\"lazy\" decoding=\"async\" width=\"800\" height=\"800\" src=\"https:\/\/rifengcable.com\/wp-content\/uploads\/2025\/03\/20-1.jpg\" class=\"attachment-original size-original\" alt=\"Produktionskapacitet\" srcset=\"https:\/\/rifengcable.com\/wp-content\/uploads\/2025\/03\/20-1.jpg 800w, https:\/\/rifengcable.com\/wp-content\/uploads\/2025\/03\/20-1-300x300.jpg 300w, https:\/\/rifengcable.com\/wp-content\/uploads\/2025\/03\/20-1-150x150.jpg 150w, https:\/\/rifengcable.com\/wp-content\/uploads\/2025\/03\/20-1-768x768.jpg 768w, https:\/\/rifengcable.com\/wp-content\/uploads\/2025\/03\/20-1-12x12.jpg 12w, https:\/\/rifengcable.com\/wp-content\/uploads\/2025\/03\/20-1-600x600.jpg 600w, https:\/\/rifengcable.com\/wp-content\/uploads\/2025\/03\/20-1-100x100.jpg 100w\" sizes=\"auto, (max-width: 800px) 100vw, 800px\" title=\"\">\t\t\t\t\t\t\n\t\t\t\t\t<\/div>\n\t\t\t\t\t\t\t\t\n<style>\n#image_1367260525 {\n  width: 100%;\n}\n<\/style>\n\t<\/div>\n\t\n\t<div class=\"img has-hover x md-x lg-x y md-y lg-y\" id=\"image_1112462601\">\n\t\t\t\t\t\t\t\t<div class=\"img-inner image-cover dark\" style=\"padding-top:90%;\">\n\t\t\t<img loading=\"lazy\" decoding=\"async\" width=\"800\" height=\"800\" src=\"https:\/\/rifengcable.com\/wp-content\/uploads\/2025\/03\/14-1.jpg\" class=\"attachment-original size-original\" alt=\"Produktionskapacitet\" srcset=\"https:\/\/rifengcable.com\/wp-content\/uploads\/2025\/03\/14-1.jpg 800w, https:\/\/rifengcable.com\/wp-content\/uploads\/2025\/03\/14-1-300x300.jpg 300w, https:\/\/rifengcable.com\/wp-content\/uploads\/2025\/03\/14-1-150x150.jpg 150w, https:\/\/rifengcable.com\/wp-content\/uploads\/2025\/03\/14-1-768x768.jpg 768w, https:\/\/rifengcable.com\/wp-content\/uploads\/2025\/03\/14-1-12x12.jpg 12w, https:\/\/rifengcable.com\/wp-content\/uploads\/2025\/03\/14-1-600x600.jpg 600w, https:\/\/rifengcable.com\/wp-content\/uploads\/2025\/03\/14-1-100x100.jpg 100w\" sizes=\"auto, (max-width: 800px) 100vw, 800px\" title=\"\">\t\t\t\t\t\t\n\t\t\t\t\t<\/div>\n\t\t\t\t\t\t\t\t\n<style>\n#image_1112462601 {\n  width: 100%;\n}\n<\/style>\n\t<\/div>\n\t\n     <\/div>\n\n     <div class=\"loading-spin dark large centered\"><\/div>\n\n\t<\/div>\n\n\n\t\t<\/div>\n\t\t\t\t\t<\/div>\n\n\t\n\n\t<div id=\"col-1423961881\" class=\"col medium-6 small-12 large-6\"  >\n\t\t\t\t<div class=\"col-inner\"  >\n\t\t\t\n\t\t\t\n<h3>Avancerad FoU- och produktionskapacitet<\/h3>\n<p>F\u00f6retaget har ett komplett och robust FoU- och produktionssystem med avancerade laboratorier och 79 nationella patentans\u00f6kningar. Som en kabeltillverkare i toppklass driver Rifeng det mest avancerade och st\u00f6rsta gummiraffineringscentret i branschen, inklusive sex toppmoderna helautomatiska produktionslinjer f\u00f6r gummiraffinering, \u00f6ver 130 olika produktionslinjer f\u00f6r tr\u00e5d och kabel och fem importerade produktionslinjer f\u00f6r tv\u00e4rbindning av bestr\u00e5lning. Med en \u00e5rlig produktionskapacitet p\u00e5 \u00f6ver 20 miljoner kilometer av olika f\u00e4rdiga tr\u00e5dar och kablar bef\u00e4ster Rifeng sin position som en p\u00e5litlig tillverkare av gummikablar.<\/p>\n<h3>Erk\u00e4nnande och prestationer inom branschen<\/h3>\n<p>F\u00f6retaget har konsekvent erk\u00e4nts som ett av de \"10 mest konkurrenskraftiga f\u00f6retagen i Guangdongs kabelindustri\", ett av de \"100 b\u00e4sta f\u00f6retagen i den kinesiska kabelindustrin\" och ett av de \"500 b\u00e4sta f\u00f6retagen i Guangdong-provinsen\". F\u00f6retaget har ocks\u00e5 f\u00e5tt utm\u00e4rkelser som \"Zhongshan City Invention Patent Gold Award\" och \"Zhongshan City Science and Technology Progress Award\". Dessa utm\u00e4rkelser belyser Rifengs ledarskap som en ledande tillverkare av gummikablar och kabeltillverkare inom den inhemska sektorn f\u00f6r mantlade gummikablar.<\/p>\n\t\t<\/div>\n\t\t\t\t\t<\/div>\n\n\t\n<\/div>\n\t\t<\/div>\n\n\t\t\n<style>\n#section_1802864257 {\n  padding-top: 30px;\n  padding-bottom: 30px;\n  background-color: #ececec;\n}\n<\/style>\n\t<\/section>\n\t\n\t<section class=\"section\" id=\"section_1378984812\">\n\t\t<div class=\"bg section-bg fill bg-fill  bg-loaded\" >\n\n\t\t\t\n\t\t\t\n\t\t\t\n\n\t\t<\/div>\n\n\t\t\n\n\t\t<div class=\"section-content relative\">\n\t\t\t\n<div class=\"row\"  id=\"row-1814369967\">\n\n\t<div id=\"col-1234121591\" class=\"col medium-6 small-12 large-6\"  >\n\t\t\t\t<div class=\"col-inner\"  >\n\t\t\t\n\t\t\t\n<h3>Engagemang f\u00f6r kvalitet och innovation<\/h3>\n<p>Rifeng har \u00e5tagit sig att leverera h\u00f6gkvalitativa och innovativa kabell\u00f6sningar. Som en p\u00e5litlig kabeltillverkare f\u00f6ljer f\u00f6retaget strikta standarder f\u00f6r kvalitetskontroll och investerar kontinuerligt i avancerad teknik f\u00f6r att m\u00f6ta de globala kundernas f\u00f6r\u00e4nderliga behov. Rifengs str\u00e4van efter excellens har gjort f\u00f6retaget till en f\u00f6redragen partner f\u00f6r industrier som kr\u00e4ver tillf\u00f6rlitliga och h\u00e5llbara gummimantlade kablar.<\/p>\n<h3>Global r\u00e4ckvidd och strategiska partnerskap<\/h3>\n<p>Med ett f\u00f6rs\u00e4ljningsn\u00e4tverk som sp\u00e4nner \u00f6ver mer \u00e4n 30 l\u00e4nder och regioner har Rifeng etablerat sig som en global tillverkare av gummikablar. F\u00f6retagets strategiska partnerskap med ledande f\u00f6retag inom olika branscher understryker dess rykte om att tillhandah\u00e5lla s\u00e4kra, effektiva och milj\u00f6v\u00e4nliga kabell\u00f6sningar. Rifengs f\u00f6rm\u00e5ga att tillgodose olika marknadsbehov st\u00e4rker ytterligare f\u00f6retagets position som en ledande kabeltillverkare.<\/p>\n\t\t<\/div>\n\t\t\t\t\t<\/div>\n\n\t\n\n\t<div id=\"col-907293013\" class=\"col medium-6 small-12 large-6\"  >\n\t\t\t\t<div class=\"col-inner\"  >\n\t\t\t\n\t\t\t\n<div class=\"slider-wrapper relative\" id=\"slider-1794289491\" >\n    <div class=\"slider slider-nav-circle slider-nav-large slider-nav-light slider-style-normal\"\n        data-flickity-options='{            \"cellAlign\": \"center\",            \"imagesLoaded\": true,            \"lazyLoad\": 1,            \"freeScroll\": false,            \"wrapAround\": true,            \"autoPlay\": 6000,            \"pauseAutoPlayOnHover\" : true,            \"prevNextButtons\": true,            \"contain\" : true,            \"adaptiveHeight\" : true,            \"dragThreshold\" : 10,            \"percentPosition\": true,            \"pageDots\": true,            \"rightToLeft\": false,            \"draggable\": true,            \"selectedAttraction\": 0.1,            \"parallax\" : 0,            \"friction\": 0.6        }'\n        >\n        \n\t<div class=\"img has-hover x md-x lg-x y md-y lg-y\" id=\"image_1411256690\">\n\t\t\t\t\t\t\t\t<div class=\"img-inner image-zoom image-zoom image-cover dark\" style=\"padding-top:75%;\">\n\t\t\t<img loading=\"lazy\" decoding=\"async\" width=\"800\" height=\"600\" src=\"https:\/\/rifengcable.com\/wp-content\/uploads\/2025\/03\/1-1.jpg\" class=\"attachment-original size-original\" alt=\"en global kabeltillverkare\" srcset=\"https:\/\/rifengcable.com\/wp-content\/uploads\/2025\/03\/1-1.jpg 800w, https:\/\/rifengcable.com\/wp-content\/uploads\/2025\/03\/1-1-300x225.jpg 300w, https:\/\/rifengcable.com\/wp-content\/uploads\/2025\/03\/1-1-768x576.jpg 768w, https:\/\/rifengcable.com\/wp-content\/uploads\/2025\/03\/1-1-16x12.jpg 16w, https:\/\/rifengcable.com\/wp-content\/uploads\/2025\/03\/1-1-600x450.jpg 600w\" sizes=\"auto, (max-width: 800px) 100vw, 800px\" title=\"\">\t\t\t\t\t\t\n\t\t\t\t\t<\/div>\n\t\t\t\t\t\t\t\t\n<style>\n#image_1411256690 {\n  width: 100%;\n}\n<\/style>\n\t<\/div>\n\t\n\t<div class=\"img has-hover x md-x lg-x y md-y lg-y\" id=\"image_1167868870\">\n\t\t\t\t\t\t\t\t<div class=\"img-inner image-zoom image-zoom image-cover dark\" style=\"padding-top:75%;\">\n\t\t\t<img loading=\"lazy\" decoding=\"async\" width=\"800\" height=\"600\" src=\"https:\/\/rifengcable.com\/wp-content\/uploads\/2025\/03\/3.jpg\" class=\"attachment-original size-original\" alt=\"en global kabeltillverkare\" srcset=\"https:\/\/rifengcable.com\/wp-content\/uploads\/2025\/03\/3.jpg 800w, https:\/\/rifengcable.com\/wp-content\/uploads\/2025\/03\/3-300x225.jpg 300w, https:\/\/rifengcable.com\/wp-content\/uploads\/2025\/03\/3-768x576.jpg 768w, https:\/\/rifengcable.com\/wp-content\/uploads\/2025\/03\/3-16x12.jpg 16w, https:\/\/rifengcable.com\/wp-content\/uploads\/2025\/03\/3-600x450.jpg 600w\" sizes=\"auto, (max-width: 800px) 100vw, 800px\" title=\"\">\t\t\t\t\t\t\n\t\t\t\t\t<\/div>\n\t\t\t\t\t\t\t\t\n<style>\n#image_1167868870 {\n  width: 100%;\n}\n<\/style>\n\t<\/div>\n\t\n\t<div class=\"img has-hover x md-x lg-x y md-y lg-y\" id=\"image_940394830\">\n\t\t\t\t\t\t\t\t<div class=\"img-inner image-zoom image-zoom image-cover dark\" style=\"padding-top:75%;\">\n\t\t\t<img loading=\"lazy\" decoding=\"async\" width=\"800\" height=\"600\" src=\"https:\/\/rifengcable.com\/wp-content\/uploads\/2025\/03\/2024\u4e1d\u8def\u4e2d\u4e9a\u7535\u529b\u7535\u5de5\u535a\u89c8\u4f1a-2024.8.26-28-\u4e4c\u5179\u522b\u514b\u65af\u5766-\u5854\u4ec0\u5e723.jpg\" class=\"attachment-original size-original\" alt=\"en global kabeltillverkare\" srcset=\"https:\/\/rifengcable.com\/wp-content\/uploads\/2025\/03\/2024\u4e1d\u8def\u4e2d\u4e9a\u7535\u529b\u7535\u5de5\u535a\u89c8\u4f1a-2024.8.26-28-\u4e4c\u5179\u522b\u514b\u65af\u5766-\u5854\u4ec0\u5e723.jpg 800w, https:\/\/rifengcable.com\/wp-content\/uploads\/2025\/03\/2024\u4e1d\u8def\u4e2d\u4e9a\u7535\u529b\u7535\u5de5\u535a\u89c8\u4f1a-2024.8.26-28-\u4e4c\u5179\u522b\u514b\u65af\u5766-\u5854\u4ec0\u5e723-300x225.jpg 300w, https:\/\/rifengcable.com\/wp-content\/uploads\/2025\/03\/2024\u4e1d\u8def\u4e2d\u4e9a\u7535\u529b\u7535\u5de5\u535a\u89c8\u4f1a-2024.8.26-28-\u4e4c\u5179\u522b\u514b\u65af\u5766-\u5854\u4ec0\u5e723-768x576.jpg 768w, https:\/\/rifengcable.com\/wp-content\/uploads\/2025\/03\/2024\u4e1d\u8def\u4e2d\u4e9a\u7535\u529b\u7535\u5de5\u535a\u89c8\u4f1a-2024.8.26-28-\u4e4c\u5179\u522b\u514b\u65af\u5766-\u5854\u4ec0\u5e723-16x12.jpg 16w, https:\/\/rifengcable.com\/wp-content\/uploads\/2025\/03\/2024\u4e1d\u8def\u4e2d\u4e9a\u7535\u529b\u7535\u5de5\u535a\u89c8\u4f1a-2024.8.26-28-\u4e4c\u5179\u522b\u514b\u65af\u5766-\u5854\u4ec0\u5e723-600x450.jpg 600w\" sizes=\"auto, (max-width: 800px) 100vw, 800px\" title=\"\">\t\t\t\t\t\t\n\t\t\t\t\t<\/div>\n\t\t\t\t\t\t\t\t\n<style>\n#image_940394830 {\n  width: 100%;\n}\n<\/style>\n\t<\/div>\n\t\n\t<div class=\"img has-hover x md-x lg-x y md-y lg-y\" id=\"image_1490327861\">\n\t\t\t\t\t\t\t\t<div class=\"img-inner image-zoom image-zoom image-cover dark\" style=\"padding-top:75%;\">\n\t\t\t<img loading=\"lazy\" decoding=\"async\" width=\"800\" height=\"600\" src=\"https:\/\/rifengcable.com\/wp-content\/uploads\/2025\/03\/2024\u4e1d\u8def\u4e2d\u4e9a\u7535\u529b\u7535\u5de5\u535a\u89c8\u4f1a-2024.8.26-28-\u4e4c\u5179\u522b\u514b\u65af\u5766-\u5854\u4ec0\u5e724.jpg\" class=\"attachment-original size-original\" alt=\"en global kabeltillverkare\" srcset=\"https:\/\/rifengcable.com\/wp-content\/uploads\/2025\/03\/2024\u4e1d\u8def\u4e2d\u4e9a\u7535\u529b\u7535\u5de5\u535a\u89c8\u4f1a-2024.8.26-28-\u4e4c\u5179\u522b\u514b\u65af\u5766-\u5854\u4ec0\u5e724.jpg 800w, https:\/\/rifengcable.com\/wp-content\/uploads\/2025\/03\/2024\u4e1d\u8def\u4e2d\u4e9a\u7535\u529b\u7535\u5de5\u535a\u89c8\u4f1a-2024.8.26-28-\u4e4c\u5179\u522b\u514b\u65af\u5766-\u5854\u4ec0\u5e724-300x225.jpg 300w, https:\/\/rifengcable.com\/wp-content\/uploads\/2025\/03\/2024\u4e1d\u8def\u4e2d\u4e9a\u7535\u529b\u7535\u5de5\u535a\u89c8\u4f1a-2024.8.26-28-\u4e4c\u5179\u522b\u514b\u65af\u5766-\u5854\u4ec0\u5e724-768x576.jpg 768w, https:\/\/rifengcable.com\/wp-content\/uploads\/2025\/03\/2024\u4e1d\u8def\u4e2d\u4e9a\u7535\u529b\u7535\u5de5\u535a\u89c8\u4f1a-2024.8.26-28-\u4e4c\u5179\u522b\u514b\u65af\u5766-\u5854\u4ec0\u5e724-16x12.jpg 16w, https:\/\/rifengcable.com\/wp-content\/uploads\/2025\/03\/2024\u4e1d\u8def\u4e2d\u4e9a\u7535\u529b\u7535\u5de5\u535a\u89c8\u4f1a-2024.8.26-28-\u4e4c\u5179\u522b\u514b\u65af\u5766-\u5854\u4ec0\u5e724-600x450.jpg 600w\" sizes=\"auto, (max-width: 800px) 100vw, 800px\" title=\"\">\t\t\t\t\t\t\n\t\t\t\t\t<\/div>\n\t\t\t\t\t\t\t\t\n<style>\n#image_1490327861 {\n  width: 100%;\n}\n<\/style>\n\t<\/div>\n\t\n     <\/div>\n\n     <div class=\"loading-spin dark large centered\"><\/div>\n\n\t<\/div>\n\n\n\t\t<\/div>\n\t\t\t\t\t<\/div>\n\n\t\n<\/div>\n\t\t<\/div>\n\n\t\t\n<style>\n#section_1378984812 {\n  padding-top: 30px;\n  padding-bottom: 30px;\n}\n<\/style>\n\t<\/section>\n\t\n\t<section class=\"section\" id=\"section_882538497\">\n\t\t<div class=\"bg section-bg fill bg-fill  bg-loaded\" >\n\n\t\t\t\n\t\t\t\n\t\t\t\n\n\t\t<\/div>\n\n\t\t\n\n\t\t<div class=\"section-content relative\">\n\t\t\t\n<div class=\"row\"  id=\"row-1549033194\">\n\n\t<div id=\"col-1432146606\" class=\"col small-12 large-12\"  >\n\t\t\t\t<div class=\"col-inner\"  >\n\t\t\t\n\t\t\t\n<h2 style=\"text-align: center;\">Kontakta oss<\/h2>\n\t\t<\/div>\n\t\t\t\t\t<\/div>\n\n\t\n<\/div>\n<div class=\"row\"  id=\"row-1542110167\">\n\n\t<div id=\"col-2084584736\" class=\"col small-12 large-12\"  >\n\t\t\t\t<div class=\"col-inner\"  >\n\t\t\t\n\t\t\t\n\n<div class=\"wpcf7 no-js\" id=\"wpcf7-f280-o1\" lang=\"en-US\" dir=\"ltr\" data-wpcf7-id=\"280\">\n<div class=\"screen-reader-response\"><p role=\"status\" aria-live=\"polite\" aria-atomic=\"true\"><\/p> <ul><\/ul><\/div>\n<form action=\"\/sv\/wp-json\/wp\/v2\/pages\/25#wpcf7-f280-o1\" method=\"post\" class=\"wpcf7-form init\" aria-label=\"Kontaktformul\u00e4r\" novalidate=\"novalidate\" data-status=\"init\" data-trp-original-action=\"\/sv\/wp-json\/wp\/v2\/pages\/25#wpcf7-f280-o1\">\n<fieldset class=\"hidden-fields-container\"><input type=\"hidden\" name=\"_wpcf7\" value=\"280\" \/><input type=\"hidden\" name=\"_wpcf7_version\" value=\"6.1.1\" \/><input type=\"hidden\" name=\"_wpcf7_locale\" value=\"en_US\" \/><input type=\"hidden\" name=\"_wpcf7_unit_tag\" value=\"wpcf7-f280-o1\" \/><input type=\"hidden\" name=\"_wpcf7_container_post\" value=\"0\" \/><input type=\"hidden\" name=\"_wpcf7_posted_data_hash\" value=\"\" \/>\n<\/fieldset>\n<div class='custom_contact_style'>\n\t<div class=\"row row-small\">\n\t\t<div class=\"col medium-6 small-12 large-6\">\n\t\t\t<div class=\"col-inner\">\n\t\t\t\t<p><span class=\"wpcf7-form-control-wrap\" data-name=\"your-name\"><input size=\"40\" maxlength=\"400\" class=\"wpcf7-form-control wpcf7-text wpcf7-validates-as-required\" aria-required=\"true\" aria-invalid=\"false\" placeholder=\"Namn\" value=\"\" type=\"text\" name=\"your-name\" \/><\/span>\n\t\t\t\t<\/p>\n\t\t\t<\/div>\n\t\t<\/div>\n\t\t<div class=\"col medium-6 small-12 large-6\">\n\t\t\t<div class=\"col-inner\">\n\t\t\t\t<p><span class=\"wpcf7-form-control-wrap\" data-name=\"your-email\"><input size=\"40\" maxlength=\"400\" class=\"wpcf7-form-control wpcf7-email wpcf7-validates-as-required wpcf7-text wpcf7-validates-as-email\" aria-required=\"true\" aria-invalid=\"false\" placeholder=\"E-post*\" value=\"\" type=\"email\" name=\"your-email\" \/><\/span>\n\t\t\t\t<\/p>\n\t\t\t<\/div>\n\t\t<\/div>\n\t<\/div>\n\t<div class='cus_contact_form_bottom'>\n\t\t<p><span class=\"wpcf7-form-control-wrap\" data-name=\"your-phone\"><input size=\"40\" maxlength=\"400\" class=\"wpcf7-form-control wpcf7-text\" aria-invalid=\"false\" placeholder=\"Telefon\" value=\"\" type=\"text\" name=\"your-phone\" \/><\/span>\n\t\t<\/p>\n\t<\/div>\n\t<div class='cus_contact_form_bottom'>\n\t\t<p><span class=\"wpcf7-form-control-wrap\" data-name=\"your-country\"><input size=\"40\" maxlength=\"400\" class=\"wpcf7-form-control wpcf7-text\" aria-invalid=\"false\" placeholder=\"Land\" value=\"\" type=\"text\" name=\"your-country\" \/><\/span>\n\t\t<\/p>\n\t<\/div>\n\t<p><span class=\"wpcf7-form-control-wrap\" data-name=\"your-message\"><textarea cols=\"40\" rows=\"10\" maxlength=\"2000\" class=\"wpcf7-form-control wpcf7-textarea wpcf7-validates-as-required\" aria-required=\"true\" aria-invalid=\"false\" placeholder=\"Ditt meddelande *\" name=\"your-message\"><\/textarea><\/span>\n\t<\/p>\n\t<div style=\"margin-bottom:10px;\">\n\t\t<p><span class=\"wpcf7-form-control-wrap kc_captcha cf7ic-toggle\" data-name=\"kc_captcha\"><span class=\"wpcf7-form-control wpcf7-radio\"><span class=\"captcha-image\" style=\"display: none;\"><span class=\"cf7ic_instructions\">Bevisa att du \u00e4r m\u00e4nniska genom att v\u00e4lja<span> lastbil<\/span>.<\/span><label><input aria-label=\"1\" type=\"radio\" name=\"kc_captcha\" value=\"bot\" \/><svg aria-hidden=\"true\" role=\"img\" xmlns=\"http:\/\/www.w3.org\/2000\/svg\" viewbox=\"0 0 576 512\"><path fill=\"currentColor\" d=\"M259 18l-65 132-146 22c-26 3-37 36-18 54l106 103-25 146c-5 26 23 46 46 33l131-68 131 68c23 13 51-7 46-33l-25-146 106-103c19-18 8-51-18-54l-146-22-65-132a32 32 0 00-58 0z\"\/><\/svg><\/label><label><input aria-label=\"2\" type=\"radio\" name=\"kc_captcha\" value=\"bot\" \/><svg aria-hidden=\"true\" role=\"img\" xmlns=\"http:\/\/www.w3.org\/2000\/svg\" viewbox=\"0 0 512 512\"><path fill=\"currentColor\" d=\"M350 99c-54 0-98-35-166-35-25 0-47 4-68 12a56 56 0 004-24C118 24 95 1 66 0a56 56 0 00-34 102v386c0 13 11 24 24 24h16c13 0 24-11 24-24v-94c28-12 64-23 114-23 54 0 98 35 166 35 48 0 86-16 122-41 9-6 14-15 14-26V96c0-23-24-39-45-29-35 16-77 32-117 32z\"\/><\/svg><\/label><label><input aria-label=\"3\" type=\"radio\" name=\"kc_captcha\" value=\"kc_human\" \/><svg aria-hidden=\"true\" role=\"img\" xmlns=\"http:\/\/www.w3.org\/2000\/svg\" viewbox=\"0 0 640 512\"><path fill=\"currentColor\" d=\"M624 352h-16V244c0-13-5-25-14-34L494 110c-9-9-21-14-34-14h-44V48c0-26-21-48-48-48H48C22 0 0 22 0 48v320c0 27 22 48 48 48h16a96 96 0 00192 0h128a96 96 0 00192 0h48c9 0 16-7 16-16v-32c0-9-7-16-16-16zM160 464a48 48 0 110-96 48 48 0 010 96zm320 0a48 48 0 110-96 48 48 0 010 96zm80-208H416V144h44l100 100v12z\"\/><\/svg><\/label>\r\n    <\/span>\r\n    <span style=\"display:none\">\r\n        <input type=\"text\" name=\"kc_honeypot\">\r\n    <\/span><\/span><\/span>\n\t\t<\/p>\n\t<\/div>\n\t<p><input class=\"wpcf7-form-control wpcf7-submit has-spinner\" type=\"submit\" value=\"Skicka meddelande\" \/>\n\t<\/p>\n<\/div><div class=\"wpcf7-response-output\" aria-hidden=\"true\"><\/div>\n<input type=\"hidden\" name=\"trp-form-language\" value=\"sv\"\/><\/form>\n<\/div>\n\n\t\t<\/div>\n\t\t\t\t\t<\/div>\n\n\t\n<\/div>\n\t\t<\/div>\n\n\t\t\n<style>\n#section_882538497 {\n  padding-top: 30px;\n  padding-bottom: 30px;\n  background-color: #ececec;\n}\n<\/style>\n\t<\/section>","protected":false},"excerpt":{"rendered":"","protected":false},"author":3,"featured_media":2004,"parent":0,"menu_order":0,"comment_status":"closed","ping_status":"closed","template":"page-blank.php","meta":{"footnotes":""},"class_list":["post-25","page","type-page","status-publish","has-post-thumbnail","hentry"],"_links":{"self":[{"href":"https:\/\/rifengcable.com\/sv\/wp-json\/wp\/v2\/pages\/25","targetHints":{"allow":["GET"]}}],"collection":[{"href":"https:\/\/rifengcable.com\/sv\/wp-json\/wp\/v2\/pages"}],"about":[{"href":"https:\/\/rifengcable.com\/sv\/wp-json\/wp\/v2\/types\/page"}],"author":[{"embeddable":true,"href":"https:\/\/rifengcable.com\/sv\/wp-json\/wp\/v2\/users\/3"}],"replies":[{"embeddable":true,"href":"https:\/\/rifengcable.com\/sv\/wp-json\/wp\/v2\/comments?post=25"}],"version-history":[{"count":53,"href":"https:\/\/rifengcable.com\/sv\/wp-json\/wp\/v2\/pages\/25\/revisions"}],"predecessor-version":[{"id":2335,"href":"https:\/\/rifengcable.com\/sv\/wp-json\/wp\/v2\/pages\/25\/revisions\/2335"}],"wp:featuredmedia":[{"embeddable":true,"href":"https:\/\/rifengcable.com\/sv\/wp-json\/wp\/v2\/media\/2004"}],"wp:attachment":[{"href":"https:\/\/rifengcable.com\/sv\/wp-json\/wp\/v2\/media?parent=25"}],"curies":[{"name":"wp","href":"https:\/\/api.w.org\/{rel}","templated":true}]}}