{"id":1622,"date":"2025-02-25T02:43:41","date_gmt":"2025-02-25T02:43:41","guid":{"rendered":"https:\/\/rifengcable.com\/?page_id=1622"},"modified":"2025-03-13T02:42:37","modified_gmt":"2025-03-13T02:42:37","slug":"cable-solution","status":"publish","type":"page","link":"https:\/\/rifengcable.com\/sv\/cable-solution\/","title":{"rendered":"L\u00f6sning &amp; till\u00e4mpning"},"content":{"rendered":"<div class=\"banner has-hover\" id=\"banner-607692478\">\n          <div class=\"banner-inner fill\">\n        <div class=\"banner-bg fill\" >\n            <div class=\"bg fill bg-fill\"><\/div>\n                                    \n                    <\/div>\n\t\t\n        <div class=\"banner-layers container\">\n            <div class=\"fill banner-link\"><\/div>            \n   <div id=\"text-box-1232782544\" class=\"text-box banner-layer x50 md-x50 lg-x50 y50 md-y50 lg-y50 res-text\">\n                                <div class=\"text-box-content text dark\">\n              \n              <div class=\"text-inner text-center\">\n                  \n<h1 style=\"text-align: center;\">L\u00f6sning och till\u00e4mpning av kablar<\/h1>\n              <\/div>\n           <\/div>\n                            \n<style>\n#text-box-1232782544 {\n  width: 88%;\n}\n#text-box-1232782544 .text-box-content {\n  font-size: 100%;\n}\n<\/style>\n    <\/div>\n \n        <\/div>\n      <\/div>\n\n            \n<style>\n#banner-607692478 {\n  padding-top: 173px;\n  background-color: rgba(0, 0, 0, 0.384);\n}\n<\/style>\n  <\/div>\n\n\n\t<section class=\"section\" id=\"section_2132005057\">\n\t\t<div class=\"bg section-bg fill bg-fill  bg-loaded\" >\n\n\t\t\t\n\t\t\t\n\t\t\t\n\n\t\t<\/div>\n\n\t\t\n\n\t\t<div class=\"section-content relative\">\n\t\t\t\n<div class=\"row\"  id=\"row-2004095036\">\n\n\t<div id=\"col-1232353912\" class=\"col small-12 large-12\"  >\n\t\t\t\t<div class=\"col-inner\"  >\n\t\t\t\n\t\t\t\n<h2 style=\"text-align: center;\">Helt\u00e4ckande kabell\u00f6sningar f\u00f6r alla behov<\/h2>\n<p>P\u00e5 Rifeng \u00e4r vi stolta \u00f6ver att leverera innovativa och tillf\u00f6rlitliga kabell\u00f6sningar som \u00e4r skr\u00e4ddarsydda f\u00f6r att m\u00f6ta v\u00e5ra kunders unika behov. Oavsett om du beh\u00f6ver standardkablar eller h\u00f6gspecialiserade konstruktioner \u00e4r v\u00e5rt team dedikerat till att tillhandah\u00e5lla anpassade, h\u00f6gpresterande l\u00f6sningar som s\u00e4kerst\u00e4ller optimal funktionalitet och effektivitet. Med decennier av erfarenhet och ett engagemang f\u00f6r excellens \u00e4r vi din p\u00e5litliga partner f\u00f6r alla dina kabelbehov.<\/p>\n<div class=\"row\"  id=\"row-1491316751\">\n\n\t<div id=\"col-1393967233\" class=\"col medium-6 small-12 large-6\"  >\n\t\t\t\t<div class=\"col-inner\"  >\n\t\t\t\n\t\t\t\n\t<div class=\"img has-hover x md-x lg-x y md-y lg-y\" id=\"image_863554731\">\n\t\t\t\t\t\t\t\t<div class=\"img-inner image-cover dark\" style=\"padding-top:95%;\">\n\t\t\t<img loading=\"lazy\" decoding=\"async\" width=\"800\" height=\"800\" src=\"https:\/\/rifengcable.com\/wp-content\/uploads\/2025\/03\/Rifeng-cable-custom1.jpg\" class=\"attachment-original size-original\" alt=\"Rifeng kabel anpassad\" srcset=\"https:\/\/rifengcable.com\/wp-content\/uploads\/2025\/03\/Rifeng-cable-custom1.jpg 800w, https:\/\/rifengcable.com\/wp-content\/uploads\/2025\/03\/Rifeng-cable-custom1-300x300.jpg 300w, https:\/\/rifengcable.com\/wp-content\/uploads\/2025\/03\/Rifeng-cable-custom1-150x150.jpg 150w, https:\/\/rifengcable.com\/wp-content\/uploads\/2025\/03\/Rifeng-cable-custom1-768x768.jpg 768w, https:\/\/rifengcable.com\/wp-content\/uploads\/2025\/03\/Rifeng-cable-custom1-12x12.jpg 12w, https:\/\/rifengcable.com\/wp-content\/uploads\/2025\/03\/Rifeng-cable-custom1-600x600.jpg 600w, https:\/\/rifengcable.com\/wp-content\/uploads\/2025\/03\/Rifeng-cable-custom1-100x100.jpg 100w\" sizes=\"auto, (max-width: 800px) 100vw, 800px\" title=\"\">\t\t\t\t\t\t\n\t\t\t\t\t<\/div>\n\t\t\t\t\t\t\t\t\n<style>\n#image_863554731 {\n  width: 100%;\n}\n<\/style>\n\t<\/div>\n\t\n\t\t<\/div>\n\t\t\t\t\t<\/div>\n\n\t\n\n\t<div id=\"col-1130414939\" class=\"col medium-6 small-12 large-6\"  >\n\t\t\t\t<div class=\"col-inner\"  >\n\t\t\t\n\t\t\t\n<p><strong>1. Anpassad design<\/strong><\/p>\n<p>Varje projekt \u00e4r unikt, och s\u00e5 \u00e4r \u00e4ven v\u00e5ra l\u00f6sningar. V\u00e5r kundanpassade kabeldesigntj\u00e4nst s\u00e4kerst\u00e4ller att varje produkt \u00e4r konstruerad f\u00f6r att uppfylla dina specifika tekniska och operativa krav. Fr\u00e5n materialval till prestandaspecifikationer arbetar vi i n\u00e4ra samarbete med dig f\u00f6r att skapa kablar som ger o\u00f6vertr\u00e4ffad prestanda och tillf\u00f6rlitlighet.<\/p>\n<p><strong>2. Teknisk expertis<\/strong><\/p>\n<p>Med \u00f6ver tv\u00e5 decenniers erfarenhet av kabelindustrin bidrar v\u00e5rt team av experter med o\u00f6vertr\u00e4ffad teknisk kunskap i varje projekt. Vi erbjuder personlig teknisk support f\u00f6r att v\u00e4gleda dig genom varje steg, fr\u00e5n inledande konsultation till slutlig implementering.<\/p>\n<p><strong>3. Integrerade l\u00f6sningar<\/strong><\/p>\n<p>Vi tillhandah\u00e5ller inte bara kablar - vi levererar integrerade l\u00f6sningar som t\u00e4cker alla aspekter av ditt projekt. Fr\u00e5n inledande design och prototypframtagning till tillverkning, testning och leverans hanterar vi hela processen f\u00f6r att s\u00e4kerst\u00e4lla ett s\u00f6ml\u00f6st genomf\u00f6rande och \u00f6verl\u00e4gsna resultat.<\/p>\n\t\t<\/div>\n\t\t\t\t\t<\/div>\n\n\t\n<\/div>\n\t\t<\/div>\n\t\t\t\t\t<\/div>\n\n\t\n<\/div>\n\t\t<\/div>\n\n\t\t\n<style>\n#section_2132005057 {\n  padding-top: 30px;\n  padding-bottom: 30px;\n}\n<\/style>\n\t<\/section>\n\t\n\t<section class=\"section\" id=\"section_1767384135\">\n\t\t<div class=\"bg section-bg fill bg-fill  bg-loaded\" >\n\n\t\t\t\n\t\t\t\n\t\t\t\n\n\t\t<\/div>\n\n\t\t\n\n\t\t<div class=\"section-content relative\">\n\t\t\t\n<div class=\"row\"  id=\"row-888939807\">\n\n\t<div id=\"col-920249461\" class=\"col small-12 large-12\"  >\n\t\t\t\t<div class=\"col-inner\"  >\n\t\t\t\n\t\t\t\n<h2 style=\"text-align: center;\">Kabeltill\u00e4mpningar med brett spektrum inom olika branscher<\/h2>\n<p style=\"text-align: left;\">Kablar \u00e4r livlinan i modern infrastruktur och m\u00f6jligg\u00f6r uppkoppling, kraft och kommunikation i otaliga branscher. P\u00e5 Rifeng tillhandah\u00e5ller vi h\u00f6gpresterande kabell\u00f6sningar som uppfyller de olika behoven inom olika sektorer. Fr\u00e5n energi och telekommunikation till transport och f\u00f6rnybar energi - v\u00e5ra kablar \u00e4r konstruerade f\u00f6r att leverera tillf\u00f6rlitlighet, effektivitet och h\u00e5llbarhet \u00e4ven i de mest kr\u00e4vande milj\u00f6erna. Utforska hur v\u00e5ra l\u00f6sningar ger kraft till v\u00e4rlden omkring oss.<\/p>\n<div class=\"row\"  id=\"row-258158898\">\n\n\t<div id=\"col-313873361\" class=\"col medium-6 small-12 large-6\"  >\n\t\t\t\t<div class=\"col-inner\"  >\n\t\t\t\n\t\t\t\n\t<div class=\"img has-hover x md-x lg-x y md-y lg-y\" id=\"image_1954891504\">\n\t\t\t\t\t\t\t\t<div class=\"img-inner image-cover dark\" style=\"padding-top:60%;\">\n\t\t\t<img loading=\"lazy\" decoding=\"async\" width=\"800\" height=\"550\" src=\"https:\/\/rifengcable.com\/wp-content\/uploads\/2025\/03\/energy-power1.jpg\" class=\"attachment-original size-original\" alt=\"Energi &amp; kraft\" srcset=\"https:\/\/rifengcable.com\/wp-content\/uploads\/2025\/03\/energy-power1.jpg 800w, https:\/\/rifengcable.com\/wp-content\/uploads\/2025\/03\/energy-power1-300x206.jpg 300w, https:\/\/rifengcable.com\/wp-content\/uploads\/2025\/03\/energy-power1-768x528.jpg 768w, https:\/\/rifengcable.com\/wp-content\/uploads\/2025\/03\/energy-power1-18x12.jpg 18w, https:\/\/rifengcable.com\/wp-content\/uploads\/2025\/03\/energy-power1-600x413.jpg 600w\" sizes=\"auto, (max-width: 800px) 100vw, 800px\" title=\"\">\t\t\t\t\t\t\n\t\t\t\t\t<\/div>\n\t\t\t\t\t\t\t\t\n<style>\n#image_1954891504 {\n  width: 100%;\n}\n<\/style>\n\t<\/div>\n\t\n\t\t<\/div>\n\t\t\t\t\t<\/div>\n\n\t\n\n\t<div id=\"col-506797536\" class=\"col medium-6 small-12 large-6\"  >\n\t\t\t\t<div class=\"col-inner\"  >\n\t\t\t\n\t\t\t\n<h3>1. Energi och kraft<\/h3>\n<p>Tillf\u00f6r v\u00e4rlden kraft med tillf\u00f6rlitliga l\u00f6sningar<br \/>\nV\u00e5ra kablar \u00e4r centrala f\u00f6r energiproduktion, -\u00f6verf\u00f6ring och -distribution. Oavsett om det handlar om h\u00f6gsp\u00e4nningsledningar eller invecklade distributionsn\u00e4t tillhandah\u00e5ller vi kablar som s\u00e4kerst\u00e4ller effektiv och oavbruten str\u00f6mf\u00f6rs\u00f6rjning.<\/p>\n<ul>\n<li><strong>Till\u00e4mpningar<\/strong>:\n<ul>\n<li>Kablar f\u00f6r \u00f6verf\u00f6ring av h\u00f6gsp\u00e4nning.<\/li>\n<li>Kraftkablar under jord och under havsytan.<\/li>\n<li>Distributionsn\u00e4t f\u00f6r stads- och landsbygdsomr\u00e5den.<\/li>\n<\/ul>\n<\/li>\n<\/ul>\n\t\t<\/div>\n\t\t\t\t\t<\/div>\n\n\t\n<\/div>\n<div class=\"row\"  id=\"row-941874584\">\n\n\t<div id=\"col-318817657\" class=\"col medium-6 small-12 large-6\"  >\n\t\t\t\t<div class=\"col-inner\"  >\n\t\t\t\n\t\t\t\n<h3>2. Telekommunikation<\/h3>\n<p>M\u00f6jligg\u00f6r s\u00f6ml\u00f6s konnektivitet<br \/>\nI den snabba telekommunikationsv\u00e4rlden utg\u00f6r v\u00e5ra kablar ryggraden f\u00f6r h\u00f6ghastighetsdata\u00f6verf\u00f6ring och tillf\u00f6rlitliga kommunikationsn\u00e4t. Fr\u00e5n fiberoptik till koaxialkablar levererar vi l\u00f6sningar som h\u00e5ller v\u00e4rlden uppkopplad.<\/p>\n<ul>\n<li><strong>Till\u00e4mpningar<\/strong>:\n<ul>\n<li>Fiberoptiska kablar f\u00f6r h\u00f6ghastighetsinternet.<\/li>\n<li>Koaxialkablar f\u00f6r TV- och bredbandsn\u00e4t.<\/li>\n<li>Konnektivitetsl\u00f6sningar f\u00f6r datacenter.<\/li>\n<\/ul>\n<\/li>\n<\/ul>\n\t\t<\/div>\n\t\t\t\t\t<\/div>\n\n\t\n\n\t<div id=\"col-154214838\" class=\"col medium-6 small-12 large-6\"  >\n\t\t\t\t<div class=\"col-inner\"  >\n\t\t\t\n\t\t\t\n\t<div class=\"img has-hover x md-x lg-x y md-y lg-y\" id=\"image_1345643677\">\n\t\t\t\t\t\t\t\t<div class=\"img-inner image-cover dark\" style=\"padding-top:65%;\">\n\t\t\t<img loading=\"lazy\" decoding=\"async\" width=\"800\" height=\"450\" src=\"https:\/\/rifengcable.com\/wp-content\/uploads\/2025\/03\/telecommunication1.jpg\" class=\"attachment-original size-original\" alt=\"telekommunikation\" srcset=\"https:\/\/rifengcable.com\/wp-content\/uploads\/2025\/03\/telecommunication1.jpg 800w, https:\/\/rifengcable.com\/wp-content\/uploads\/2025\/03\/telecommunication1-300x169.jpg 300w, https:\/\/rifengcable.com\/wp-content\/uploads\/2025\/03\/telecommunication1-768x432.jpg 768w, https:\/\/rifengcable.com\/wp-content\/uploads\/2025\/03\/telecommunication1-18x10.jpg 18w, https:\/\/rifengcable.com\/wp-content\/uploads\/2025\/03\/telecommunication1-600x338.jpg 600w\" sizes=\"auto, (max-width: 800px) 100vw, 800px\" title=\"\">\t\t\t\t\t\t\n\t\t\t\t\t<\/div>\n\t\t\t\t\t\t\t\t\n<style>\n#image_1345643677 {\n  width: 100%;\n}\n<\/style>\n\t<\/div>\n\t\n\t\t<\/div>\n\t\t\t\t\t<\/div>\n\n\t\n<\/div>\n\t\t<\/div>\n\t\t\t\t\t<\/div>\n\n\t\n<\/div>\n\t\t<\/div>\n\n\t\t\n<style>\n#section_1767384135 {\n  padding-top: 30px;\n  padding-bottom: 30px;\n  background-color: rgba(0, 0, 0, 0.07);\n}\n<\/style>\n\t<\/section>\n\t\n\t<section class=\"section\" id=\"section_1797269294\">\n\t\t<div class=\"bg section-bg fill bg-fill  bg-loaded\" >\n\n\t\t\t\n\t\t\t\n\t\t\t\n\n\t\t<\/div>\n\n\t\t\n\n\t\t<div class=\"section-content relative\">\n\t\t\t\n<div class=\"row\"  id=\"row-1611883697\">\n\n\t<div id=\"col-725641634\" class=\"col medium-6 small-12 large-6\"  >\n\t\t\t\t<div class=\"col-inner\"  >\n\t\t\t\n\t\t\t\n\t<div class=\"img has-hover x md-x lg-x y md-y lg-y\" id=\"image_1490701085\">\n\t\t\t\t\t\t\t\t<div class=\"img-inner image-cover dark\" style=\"padding-top:65%;\">\n\t\t\t<img loading=\"lazy\" decoding=\"async\" width=\"800\" height=\"432\" src=\"https:\/\/rifengcable.com\/wp-content\/uploads\/2025\/03\/Transportation-311.jpg\" class=\"attachment-original size-original\" alt=\"Transport\" srcset=\"https:\/\/rifengcable.com\/wp-content\/uploads\/2025\/03\/Transportation-311.jpg 800w, https:\/\/rifengcable.com\/wp-content\/uploads\/2025\/03\/Transportation-311-300x162.jpg 300w, https:\/\/rifengcable.com\/wp-content\/uploads\/2025\/03\/Transportation-311-768x415.jpg 768w, https:\/\/rifengcable.com\/wp-content\/uploads\/2025\/03\/Transportation-311-18x10.jpg 18w, https:\/\/rifengcable.com\/wp-content\/uploads\/2025\/03\/Transportation-311-600x324.jpg 600w\" sizes=\"auto, (max-width: 800px) 100vw, 800px\" title=\"\">\t\t\t\t\t\t\n\t\t\t\t\t<\/div>\n\t\t\t\t\t\t\t\t\n<style>\n#image_1490701085 {\n  width: 100%;\n}\n<\/style>\n\t<\/div>\n\t\n\t\t<\/div>\n\t\t\t\t\t<\/div>\n\n\t\n\n\t<div id=\"col-355689841\" class=\"col medium-6 small-12 large-6\"  >\n\t\t\t\t<div class=\"col-inner\"  >\n\t\t\t\n\t\t\t\n<h3>3. Transporter<\/h3>\n<p>Driva innovation inom mobilitet<br \/>\nV\u00e5ra kablar spelar en viktig roll inom transportindustrin, fr\u00e5n j\u00e4rnv\u00e4gar och bilar till flyg- och rymdindustrin. De tillhandah\u00e5ller kraft, kontroll och kommunikation f\u00f6r fordon och infrastruktur, vilket garanterar s\u00e4kerhet och effektivitet.<\/p>\n<ul>\n<li><strong>Till\u00e4mpningar<\/strong>:\n<ul>\n<li>Signal- och kraftkablar f\u00f6r j\u00e4rnv\u00e4g.<\/li>\n<li>Kabelh\u00e4rvor f\u00f6r fordon.<\/li>\n<li>Flyg- och rymdkablar f\u00f6r flygplanssystem.<\/li>\n<\/ul>\n<\/li>\n<\/ul>\n\t\t<\/div>\n\t\t\t\t\t<\/div>\n\n\t\n<\/div>\n<div class=\"row\"  id=\"row-773317495\">\n\n\t<div id=\"col-2018847194\" class=\"col medium-6 small-12 large-6\"  >\n\t\t\t\t<div class=\"col-inner\"  >\n\t\t\t\n\t\t\t\n<h3>4. Industriell<\/h3>\n<p>Drivkraft f\u00f6r industriell tillv\u00e4xt<br \/>\nI industriella milj\u00f6er \u00e4r v\u00e5ra kablar viktiga f\u00f6r att driva maskiner, automationssystem och kontrolln\u00e4tverk. De \u00e4r konstruerade f\u00f6r att t\u00e5la tuffa milj\u00f6er och s\u00e4kerst\u00e4lla oavbruten drift.<\/p>\n<ul>\n<li><strong>Till\u00e4mpningar<\/strong>:\n<ul>\n<li>Kablar f\u00f6r tunga maskiner och utrustning.<\/li>\n<li>Kablar f\u00f6r automations- och styrsystem.<\/li>\n<li>L\u00f6sningar f\u00f6r robotteknik och tillverkning.<\/li>\n<\/ul>\n<\/li>\n<\/ul>\n\t\t<\/div>\n\t\t\t\t\t<\/div>\n\n\t\n\n\t<div id=\"col-1519659257\" class=\"col medium-6 small-12 large-6\"  >\n\t\t\t\t<div class=\"col-inner\"  >\n\t\t\t\n\t\t\t\n\t<div class=\"img has-hover x md-x lg-x y md-y lg-y\" id=\"image_810084820\">\n\t\t\t\t\t\t\t\t<div class=\"img-inner dark\" >\n\t\t\t<img loading=\"lazy\" decoding=\"async\" width=\"612\" height=\"409\" src=\"https:\/\/rifengcable.com\/wp-content\/uploads\/2025\/03\/Industrial.jpg\" class=\"attachment-original size-original\" alt=\"Industriell\" srcset=\"https:\/\/rifengcable.com\/wp-content\/uploads\/2025\/03\/Industrial.jpg 612w, https:\/\/rifengcable.com\/wp-content\/uploads\/2025\/03\/Industrial-300x200.jpg 300w, https:\/\/rifengcable.com\/wp-content\/uploads\/2025\/03\/Industrial-18x12.jpg 18w, https:\/\/rifengcable.com\/wp-content\/uploads\/2025\/03\/Industrial-600x401.jpg 600w\" sizes=\"auto, (max-width: 612px) 100vw, 612px\" title=\"\">\t\t\t\t\t\t\n\t\t\t\t\t<\/div>\n\t\t\t\t\t\t\t\t\n<style>\n#image_810084820 {\n  width: 100%;\n}\n<\/style>\n\t<\/div>\n\t\n\t\t<\/div>\n\t\t\t\t\t<\/div>\n\n\t\n<\/div>\n\t\t<\/div>\n\n\t\t\n<style>\n#section_1797269294 {\n  padding-top: 30px;\n  padding-bottom: 30px;\n}\n<\/style>\n\t<\/section>\n\t\n\t<section class=\"section\" id=\"section_1416165027\">\n\t\t<div class=\"bg section-bg fill bg-fill  bg-loaded\" >\n\n\t\t\t\n\t\t\t\n\t\t\t\n\n\t\t<\/div>\n\n\t\t\n\n\t\t<div class=\"section-content relative\">\n\t\t\t\n<div class=\"row\"  id=\"row-648155969\">\n\n\t<div id=\"col-1438315992\" class=\"col medium-6 small-12 large-6\"  >\n\t\t\t\t<div class=\"col-inner\"  >\n\t\t\t\n\t\t\t\n\t<div class=\"img has-hover x md-x lg-x y md-y lg-y\" id=\"image_474434322\">\n\t\t\t\t\t\t\t\t<div class=\"img-inner dark\" >\n\t\t\t<img loading=\"lazy\" decoding=\"async\" width=\"800\" height=\"533\" src=\"https:\/\/rifengcable.com\/wp-content\/uploads\/2025\/03\/Renewable-Energy1.jpg\" class=\"attachment-original size-original\" alt=\"F\u00f6rnybar energi\" srcset=\"https:\/\/rifengcable.com\/wp-content\/uploads\/2025\/03\/Renewable-Energy1.jpg 800w, https:\/\/rifengcable.com\/wp-content\/uploads\/2025\/03\/Renewable-Energy1-300x200.jpg 300w, https:\/\/rifengcable.com\/wp-content\/uploads\/2025\/03\/Renewable-Energy1-768x512.jpg 768w, https:\/\/rifengcable.com\/wp-content\/uploads\/2025\/03\/Renewable-Energy1-18x12.jpg 18w, https:\/\/rifengcable.com\/wp-content\/uploads\/2025\/03\/Renewable-Energy1-600x400.jpg 600w\" sizes=\"auto, (max-width: 800px) 100vw, 800px\" title=\"\">\t\t\t\t\t\t\n\t\t\t\t\t<\/div>\n\t\t\t\t\t\t\t\t\n<style>\n#image_474434322 {\n  width: 100%;\n}\n<\/style>\n\t<\/div>\n\t\n\t\t<\/div>\n\t\t\t\t\t<\/div>\n\n\t\n\n\t<div id=\"col-1995958171\" class=\"col medium-6 small-12 large-6\"  >\n\t\t\t\t<div class=\"col-inner\"  >\n\t\t\t\n\t\t\t\n<h3>5. F\u00f6rnyelsebar energi<\/h3>\n<p>St\u00f6djer en h\u00e5llbar framtid<br \/>\nI takt med att v\u00e4rlden \u00f6verg\u00e5r till f\u00f6rnybar energi m\u00f6jligg\u00f6r v\u00e5ra kablar effektiv produktion och distribution av ren energi. Fr\u00e5n vindkraftsparker till solcellsanl\u00e4ggningar tillhandah\u00e5ller vi l\u00f6sningar som st\u00f6der h\u00e5llbara energisystem.<\/p>\n<ul>\n<li><strong>Till\u00e4mpningar<\/strong>:\n<ul>\n<li>Kablar f\u00f6r vindturbinsystem.<\/li>\n<li>Kabeldragning och anslutning av solpaneler.<\/li>\n<li>Energilagring och distributionsn\u00e4t.<\/li>\n<\/ul>\n<\/li>\n<\/ul>\n\t\t<\/div>\n\t\t\t\t\t<\/div>\n\n\t\n<\/div>\n\t\t<\/div>\n\n\t\t\n<style>\n#section_1416165027 {\n  padding-top: 30px;\n  padding-bottom: 30px;\n  background-color: #ededed;\n}\n<\/style>\n\t<\/section>\n\t\n\t<section class=\"section\" id=\"section_2133992884\">\n\t\t<div class=\"bg section-bg fill bg-fill  bg-loaded\" >\n\n\t\t\t\n\t\t\t\n\t\t\t\n\n\t\t<\/div>\n\n\t\t\n\n\t\t<div class=\"section-content relative\">\n\t\t\t\n<div class=\"row\"  id=\"row-1438573427\">\n\n\t<div id=\"col-2090607482\" class=\"col small-12 large-12\"  >\n\t\t\t\t<div class=\"col-inner\"  >\n\t\t\t\n\t\t\t\n<h2 style=\"text-align: center;\">Kontakta oss<\/h2>\n\t\t<\/div>\n\t\t\t\t\t<\/div>\n\n\t\n<\/div>\n<div class=\"row\"  id=\"row-1507587981\">\n\n\t<div id=\"col-1307712112\" class=\"col small-12 large-12\"  >\n\t\t\t\t<div class=\"col-inner\"  >\n\t\t\t\n\t\t\t\n\n<div class=\"wpcf7 no-js\" id=\"wpcf7-f280-o1\" lang=\"en-US\" dir=\"ltr\" data-wpcf7-id=\"280\">\n<div class=\"screen-reader-response\"><p role=\"status\" aria-live=\"polite\" aria-atomic=\"true\"><\/p> <ul><\/ul><\/div>\n<form action=\"\/sv\/wp-json\/wp\/v2\/pages\/1622#wpcf7-f280-o1\" method=\"post\" class=\"wpcf7-form init\" aria-label=\"Kontaktformul\u00e4r\" novalidate=\"novalidate\" data-status=\"init\" data-trp-original-action=\"\/sv\/wp-json\/wp\/v2\/pages\/1622#wpcf7-f280-o1\">\n<fieldset class=\"hidden-fields-container\"><input type=\"hidden\" name=\"_wpcf7\" value=\"280\" \/><input type=\"hidden\" name=\"_wpcf7_version\" value=\"6.1.1\" \/><input type=\"hidden\" name=\"_wpcf7_locale\" value=\"en_US\" \/><input type=\"hidden\" name=\"_wpcf7_unit_tag\" value=\"wpcf7-f280-o1\" \/><input type=\"hidden\" name=\"_wpcf7_container_post\" value=\"0\" \/><input type=\"hidden\" name=\"_wpcf7_posted_data_hash\" value=\"\" \/>\n<\/fieldset>\n<div class='custom_contact_style'>\n\t<div class=\"row row-small\">\n\t\t<div class=\"col medium-6 small-12 large-6\">\n\t\t\t<div class=\"col-inner\">\n\t\t\t\t<p><span class=\"wpcf7-form-control-wrap\" data-name=\"your-name\"><input size=\"40\" maxlength=\"400\" class=\"wpcf7-form-control wpcf7-text wpcf7-validates-as-required\" aria-required=\"true\" aria-invalid=\"false\" placeholder=\"Namn\" value=\"\" type=\"text\" name=\"your-name\" \/><\/span>\n\t\t\t\t<\/p>\n\t\t\t<\/div>\n\t\t<\/div>\n\t\t<div class=\"col medium-6 small-12 large-6\">\n\t\t\t<div class=\"col-inner\">\n\t\t\t\t<p><span class=\"wpcf7-form-control-wrap\" data-name=\"your-email\"><input size=\"40\" maxlength=\"400\" class=\"wpcf7-form-control wpcf7-email wpcf7-validates-as-required wpcf7-text wpcf7-validates-as-email\" aria-required=\"true\" aria-invalid=\"false\" placeholder=\"E-post*\" value=\"\" type=\"email\" name=\"your-email\" \/><\/span>\n\t\t\t\t<\/p>\n\t\t\t<\/div>\n\t\t<\/div>\n\t<\/div>\n\t<div class='cus_contact_form_bottom'>\n\t\t<p><span class=\"wpcf7-form-control-wrap\" data-name=\"your-phone\"><input size=\"40\" maxlength=\"400\" class=\"wpcf7-form-control wpcf7-text\" aria-invalid=\"false\" placeholder=\"Telefon\" value=\"\" type=\"text\" name=\"your-phone\" \/><\/span>\n\t\t<\/p>\n\t<\/div>\n\t<div class='cus_contact_form_bottom'>\n\t\t<p><span class=\"wpcf7-form-control-wrap\" data-name=\"your-country\"><input size=\"40\" maxlength=\"400\" class=\"wpcf7-form-control wpcf7-text\" aria-invalid=\"false\" placeholder=\"Land\" value=\"\" type=\"text\" name=\"your-country\" \/><\/span>\n\t\t<\/p>\n\t<\/div>\n\t<p><span class=\"wpcf7-form-control-wrap\" data-name=\"your-message\"><textarea cols=\"40\" rows=\"10\" maxlength=\"2000\" class=\"wpcf7-form-control wpcf7-textarea wpcf7-validates-as-required\" aria-required=\"true\" aria-invalid=\"false\" placeholder=\"Ditt meddelande *\" name=\"your-message\"><\/textarea><\/span>\n\t<\/p>\n\t<div style=\"margin-bottom:10px;\">\n\t\t<p><span class=\"wpcf7-form-control-wrap kc_captcha cf7ic-toggle\" data-name=\"kc_captcha\"><span class=\"wpcf7-form-control wpcf7-radio\"><span class=\"captcha-image\" style=\"display: none;\"><span class=\"cf7ic_instructions\">Bevisa att du \u00e4r m\u00e4nniska genom att v\u00e4lja<span> lastbil<\/span>.<\/span><label><input aria-label=\"1\" type=\"radio\" name=\"kc_captcha\" value=\"bot\" \/><svg aria-hidden=\"true\" role=\"img\" xmlns=\"http:\/\/www.w3.org\/2000\/svg\" viewbox=\"0 0 640 512\"><path fill=\"currentColor\" d=\"M192 384h192c53 0 96-43 96-96h32a128 128 0 000-256H120c-13 0-24 11-24 24v232c0 53 43 96 96 96zM512 96a64 64 0 010 128h-32V96h32zm48 384H48c-47 0-61-64-36-64h584c25 0 11 64-36 64z\"\/><\/svg><\/label><label><input aria-label=\"2\" type=\"radio\" name=\"kc_captcha\" value=\"kc_human\" \/><svg aria-hidden=\"true\" role=\"img\" xmlns=\"http:\/\/www.w3.org\/2000\/svg\" viewbox=\"0 0 640 512\"><path fill=\"currentColor\" d=\"M624 352h-16V244c0-13-5-25-14-34L494 110c-9-9-21-14-34-14h-44V48c0-26-21-48-48-48H48C22 0 0 22 0 48v320c0 27 22 48 48 48h16a96 96 0 00192 0h128a96 96 0 00192 0h48c9 0 16-7 16-16v-32c0-9-7-16-16-16zM160 464a48 48 0 110-96 48 48 0 010 96zm320 0a48 48 0 110-96 48 48 0 010 96zm80-208H416V144h44l100 100v12z\"\/><\/svg><\/label><label><input aria-label=\"3\" type=\"radio\" name=\"kc_captcha\" value=\"bot\" \/><svg aria-hidden=\"true\" role=\"img\" xmlns=\"http:\/\/www.w3.org\/2000\/svg\" viewbox=\"0 0 384 512\"><path fill=\"currentColor\" d=\"M377 375l-83-87h34c21 0 32-25 17-40l-82-88h33c21 0 32-25 18-40L210 8c-10-11-26-11-36 0L70 120c-14 15-3 40 18 40h33l-82 88c-15 15-4 40 17 40h34L7 375c-15 16-4 41 17 41h120c0 33-11 49-34 68-12 9-5 28 10 28h144c15 0 22-19 10-28-20-16-34-32-34-68h120c21 0 32-25 17-41z\"\/><\/svg><\/label>\r\n    <\/span>\r\n    <span style=\"display:none\">\r\n        <input type=\"text\" name=\"kc_honeypot\">\r\n    <\/span><\/span><\/span>\n\t\t<\/p>\n\t<\/div>\n\t<p><input class=\"wpcf7-form-control wpcf7-submit has-spinner\" type=\"submit\" value=\"Skicka meddelande\" \/>\n\t<\/p>\n<\/div><div class=\"wpcf7-response-output\" aria-hidden=\"true\"><\/div>\n<input type=\"hidden\" name=\"trp-form-language\" value=\"sv\"\/><\/form>\n<\/div>\n\n\t\t<\/div>\n\t\t\t\t\t<\/div>\n\n\t\n<\/div>\n\t\t<\/div>\n\n\t\t\n<style>\n#section_2133992884 {\n  padding-top: 30px;\n  padding-bottom: 30px;\n}\n<\/style>\n\t<\/section>","protected":false},"excerpt":{"rendered":"","protected":false},"author":3,"featured_media":0,"parent":0,"menu_order":0,"comment_status":"closed","ping_status":"closed","template":"page-blank.php","meta":{"footnotes":""},"class_list":["post-1622","page","type-page","status-publish","hentry"],"_links":{"self":[{"href":"https:\/\/rifengcable.com\/sv\/wp-json\/wp\/v2\/pages\/1622","targetHints":{"allow":["GET"]}}],"collection":[{"href":"https:\/\/rifengcable.com\/sv\/wp-json\/wp\/v2\/pages"}],"about":[{"href":"https:\/\/rifengcable.com\/sv\/wp-json\/wp\/v2\/types\/page"}],"author":[{"embeddable":true,"href":"https:\/\/rifengcable.com\/sv\/wp-json\/wp\/v2\/users\/3"}],"replies":[{"embeddable":true,"href":"https:\/\/rifengcable.com\/sv\/wp-json\/wp\/v2\/comments?post=1622"}],"version-history":[{"count":20,"href":"https:\/\/rifengcable.com\/sv\/wp-json\/wp\/v2\/pages\/1622\/revisions"}],"predecessor-version":[{"id":2134,"href":"https:\/\/rifengcable.com\/sv\/wp-json\/wp\/v2\/pages\/1622\/revisions\/2134"}],"wp:attachment":[{"href":"https:\/\/rifengcable.com\/sv\/wp-json\/wp\/v2\/media?parent=1622"}],"curies":[{"name":"wp","href":"https:\/\/api.w.org\/{rel}","templated":true}]}}