{"id":1620,"date":"2025-02-25T02:42:49","date_gmt":"2025-02-25T02:42:49","guid":{"rendered":"https:\/\/rifengcable.com\/?page_id=1620"},"modified":"2025-03-11T07:21:33","modified_gmt":"2025-03-11T07:21:33","slug":"cable-certificate","status":"publish","type":"page","link":"https:\/\/rifengcable.com\/sv\/cable-certificate\/","title":{"rendered":"Certifikat"},"content":{"rendered":"<div class=\"banner has-hover\" id=\"banner-1514969440\">\n          <div class=\"banner-inner fill\">\n        <div class=\"banner-bg fill\" >\n            <div class=\"bg fill bg-fill\"><\/div>\n                                    \n                    <\/div>\n\t\t\n        <div class=\"banner-layers container\">\n            <div class=\"fill banner-link\"><\/div>            \n   <div id=\"text-box-584541672\" class=\"text-box banner-layer x50 md-x50 lg-x50 y50 md-y50 lg-y50 res-text\">\n                                <div class=\"text-box-content text dark\">\n              \n              <div class=\"text-inner text-center\">\n                  \n<h1>Kabelcertifikat<\/h1>\n              <\/div>\n           <\/div>\n                            \n<style>\n#text-box-584541672 {\n  width: 60%;\n}\n#text-box-584541672 .text-box-content {\n  font-size: 100%;\n}\n<\/style>\n    <\/div>\n \n        <\/div>\n      <\/div>\n\n            \n<style>\n#banner-1514969440 {\n  padding-top: 149px;\n  background-color: rgba(0, 0, 0, 0.384);\n}\n<\/style>\n  <\/div>\n\n\n\t<section class=\"section\" id=\"section_2142522946\">\n\t\t<div class=\"bg section-bg fill bg-fill  bg-loaded\" >\n\n\t\t\t\n\t\t\t\n\t\t\t\n\n\t\t<\/div>\n\n\t\t\n\n\t\t<div class=\"section-content relative\">\n\t\t\t\n<div class=\"row\"  id=\"row-756139897\">\n\n\t<div id=\"col-1234148191\" class=\"col small-12 large-12\"  >\n\t\t\t\t<div class=\"col-inner\"  >\n\t\t\t\n\t\t\t\n<h2 style=\"text-align: center;\"><strong>V\u00e5ra kabelcertifikat - en kvalitets- och tillf\u00f6rlitlighetsst\u00e4mpel<\/strong><\/h2>\n\t\t<\/div>\n\t\t\t\t\t<\/div>\n\n\t\n<\/div>\n<div class=\"row\" style=\"max-width:1600px\" id=\"row-811143697\">\n\n\t<div id=\"col-498594609\" class=\"col medium-3 small-6 large-3\"  >\n\t\t\t\t<div class=\"col-inner\"  >\n\t\t\t\n\t\t\t\n\t<div class=\"img has-hover x md-x lg-x y md-y lg-y\" id=\"image_634191736\">\n\t\t\t\t\t\t\t\t<div class=\"img-inner dark\" >\n\t\t\t<img loading=\"lazy\" decoding=\"async\" width=\"800\" height=\"1132\" src=\"https:\/\/rifengcable.com\/wp-content\/uploads\/2025\/03\/BSCI.jpg\" class=\"attachment-original size-original\" alt=\"BSCI\" srcset=\"https:\/\/rifengcable.com\/wp-content\/uploads\/2025\/03\/BSCI.jpg 800w, https:\/\/rifengcable.com\/wp-content\/uploads\/2025\/03\/BSCI-212x300.jpg 212w, https:\/\/rifengcable.com\/wp-content\/uploads\/2025\/03\/BSCI-724x1024.jpg 724w, https:\/\/rifengcable.com\/wp-content\/uploads\/2025\/03\/BSCI-768x1087.jpg 768w, https:\/\/rifengcable.com\/wp-content\/uploads\/2025\/03\/BSCI-8x12.jpg 8w, https:\/\/rifengcable.com\/wp-content\/uploads\/2025\/03\/BSCI-600x849.jpg 600w\" sizes=\"auto, (max-width: 800px) 100vw, 800px\" title=\"\">\t\t\t\t\t\t\n\t\t\t\t\t<\/div>\n\t\t\t\t\t\t\t\t\n<style>\n#image_634191736 {\n  width: 100%;\n}\n<\/style>\n\t<\/div>\n\t\n\t\t<\/div>\n\t\t\t\t\t<\/div>\n\n\t\n\n\t<div id=\"col-796750925\" class=\"col medium-3 small-6 large-3\"  >\n\t\t\t\t<div class=\"col-inner\"  >\n\t\t\t\n\t\t\t\n\t<div class=\"img has-hover x md-x lg-x y md-y lg-y\" id=\"image_2056886637\">\n\t\t\t\t\t\t\t\t<div class=\"img-inner dark\" >\n\t\t\t<img loading=\"lazy\" decoding=\"async\" width=\"800\" height=\"1131\" src=\"https:\/\/rifengcable.com\/wp-content\/uploads\/2025\/03\/CE-\u63d2\u5934\u7c7b\u8bc1\u4e6620190723_00.jpg\" class=\"attachment-original size-original\" alt=\"CE 20190723_00\" srcset=\"https:\/\/rifengcable.com\/wp-content\/uploads\/2025\/03\/CE-\u63d2\u5934\u7c7b\u8bc1\u4e6620190723_00.jpg 800w, https:\/\/rifengcable.com\/wp-content\/uploads\/2025\/03\/CE-\u63d2\u5934\u7c7b\u8bc1\u4e6620190723_00-212x300.jpg 212w, https:\/\/rifengcable.com\/wp-content\/uploads\/2025\/03\/CE-\u63d2\u5934\u7c7b\u8bc1\u4e6620190723_00-724x1024.jpg 724w, https:\/\/rifengcable.com\/wp-content\/uploads\/2025\/03\/CE-\u63d2\u5934\u7c7b\u8bc1\u4e6620190723_00-768x1086.jpg 768w, https:\/\/rifengcable.com\/wp-content\/uploads\/2025\/03\/CE-\u63d2\u5934\u7c7b\u8bc1\u4e6620190723_00-8x12.jpg 8w, https:\/\/rifengcable.com\/wp-content\/uploads\/2025\/03\/CE-\u63d2\u5934\u7c7b\u8bc1\u4e6620190723_00-600x848.jpg 600w\" sizes=\"auto, (max-width: 800px) 100vw, 800px\" title=\"\">\t\t\t\t\t\t\n\t\t\t\t\t<\/div>\n\t\t\t\t\t\t\t\t\n<style>\n#image_2056886637 {\n  width: 100%;\n}\n<\/style>\n\t<\/div>\n\t\n\t\t<\/div>\n\t\t\t\t\t<\/div>\n\n\t\n\n\t<div id=\"col-1368440803\" class=\"col medium-3 small-6 large-3\"  >\n\t\t\t\t<div class=\"col-inner\"  >\n\t\t\t\n\t\t\t\n\t<div class=\"img has-hover x md-x lg-x y md-y lg-y\" id=\"image_150629225\">\n\t\t\t\t\t\t\t\t<div class=\"img-inner dark\" >\n\t\t\t<img loading=\"lazy\" decoding=\"async\" width=\"800\" height=\"1131\" src=\"https:\/\/rifengcable.com\/wp-content\/uploads\/2025\/03\/CE-\u5c3e\u63d2\u8bc1\u4e6620190723_00.jpg\" class=\"attachment-original size-original\" alt=\"CE 20190723_00\" srcset=\"https:\/\/rifengcable.com\/wp-content\/uploads\/2025\/03\/CE-\u5c3e\u63d2\u8bc1\u4e6620190723_00.jpg 800w, https:\/\/rifengcable.com\/wp-content\/uploads\/2025\/03\/CE-\u5c3e\u63d2\u8bc1\u4e6620190723_00-212x300.jpg 212w, https:\/\/rifengcable.com\/wp-content\/uploads\/2025\/03\/CE-\u5c3e\u63d2\u8bc1\u4e6620190723_00-724x1024.jpg 724w, https:\/\/rifengcable.com\/wp-content\/uploads\/2025\/03\/CE-\u5c3e\u63d2\u8bc1\u4e6620190723_00-768x1086.jpg 768w, https:\/\/rifengcable.com\/wp-content\/uploads\/2025\/03\/CE-\u5c3e\u63d2\u8bc1\u4e6620190723_00-8x12.jpg 8w, https:\/\/rifengcable.com\/wp-content\/uploads\/2025\/03\/CE-\u5c3e\u63d2\u8bc1\u4e6620190723_00-600x848.jpg 600w\" sizes=\"auto, (max-width: 800px) 100vw, 800px\" title=\"\">\t\t\t\t\t\t\n\t\t\t\t\t<\/div>\n\t\t\t\t\t\t\t\t\n<style>\n#image_150629225 {\n  width: 100%;\n}\n<\/style>\n\t<\/div>\n\t\n\t\t<\/div>\n\t\t\t\t\t<\/div>\n\n\t\n\n\t<div id=\"col-183578529\" class=\"col medium-3 small-6 large-3\"  >\n\t\t\t\t<div class=\"col-inner\"  >\n\t\t\t\n\t\t\t\n\t<div class=\"img has-hover x md-x lg-x y md-y lg-y\" id=\"image_1869306026\">\n\t\t\t\t\t\t\t\t<div class=\"img-inner dark\" >\n\t\t\t<img loading=\"lazy\" decoding=\"async\" width=\"800\" height=\"1131\" src=\"https:\/\/rifengcable.com\/wp-content\/uploads\/2025\/03\/E318939\u63d2\u5934\uff09_00.jpg\" class=\"attachment-original size-original\" alt=\"E318939_00\" srcset=\"https:\/\/rifengcable.com\/wp-content\/uploads\/2025\/03\/E318939\u63d2\u5934\uff09_00.jpg 800w, https:\/\/rifengcable.com\/wp-content\/uploads\/2025\/03\/E318939\u63d2\u5934\uff09_00-212x300.jpg 212w, https:\/\/rifengcable.com\/wp-content\/uploads\/2025\/03\/E318939\u63d2\u5934\uff09_00-724x1024.jpg 724w, https:\/\/rifengcable.com\/wp-content\/uploads\/2025\/03\/E318939\u63d2\u5934\uff09_00-768x1086.jpg 768w, https:\/\/rifengcable.com\/wp-content\/uploads\/2025\/03\/E318939\u63d2\u5934\uff09_00-8x12.jpg 8w, https:\/\/rifengcable.com\/wp-content\/uploads\/2025\/03\/E318939\u63d2\u5934\uff09_00-600x848.jpg 600w\" sizes=\"auto, (max-width: 800px) 100vw, 800px\" title=\"\">\t\t\t\t\t\t\n\t\t\t\t\t<\/div>\n\t\t\t\t\t\t\t\t\n<style>\n#image_1869306026 {\n  width: 100%;\n}\n<\/style>\n\t<\/div>\n\t\n\t\t<\/div>\n\t\t\t\t\t<\/div>\n\n\t\n<\/div>\n\t<div id=\"gap-1785550529\" class=\"gap-element clearfix\" style=\"display:block; height:auto;\">\n\t\t\n<style>\n#gap-1785550529 {\n  padding-top: 30px;\n}\n<\/style>\n\t<\/div>\n\t\n<div class=\"row\" style=\"max-width:1600px\" id=\"row-1319320080\">\n\n\t<div id=\"col-2037172333\" class=\"col medium-3 small-6 large-3\"  >\n\t\t\t\t<div class=\"col-inner\"  >\n\t\t\t\n\t\t\t\n\t<div class=\"img has-hover x md-x lg-x y md-y lg-y\" id=\"image_37825045\">\n\t\t\t\t\t\t\t\t<div class=\"img-inner dark\" >\n\t\t\t<img loading=\"lazy\" decoding=\"async\" width=\"800\" height=\"1035\" src=\"https:\/\/rifengcable.com\/wp-content\/uploads\/2025\/03\/ELT-RF-91\uff08\u8fde\u63a5\u5668\uff09_00.jpg\" class=\"attachment-original size-original\" alt=\"ELT-RF-91\" srcset=\"https:\/\/rifengcable.com\/wp-content\/uploads\/2025\/03\/ELT-RF-91\uff08\u8fde\u63a5\u5668\uff09_00.jpg 800w, https:\/\/rifengcable.com\/wp-content\/uploads\/2025\/03\/ELT-RF-91\uff08\u8fde\u63a5\u5668\uff09_00-232x300.jpg 232w, https:\/\/rifengcable.com\/wp-content\/uploads\/2025\/03\/ELT-RF-91\uff08\u8fde\u63a5\u5668\uff09_00-791x1024.jpg 791w, https:\/\/rifengcable.com\/wp-content\/uploads\/2025\/03\/ELT-RF-91\uff08\u8fde\u63a5\u5668\uff09_00-768x994.jpg 768w, https:\/\/rifengcable.com\/wp-content\/uploads\/2025\/03\/ELT-RF-91\uff08\u8fde\u63a5\u5668\uff09_00-9x12.jpg 9w, https:\/\/rifengcable.com\/wp-content\/uploads\/2025\/03\/ELT-RF-91\uff08\u8fde\u63a5\u5668\uff09_00-600x776.jpg 600w\" sizes=\"auto, (max-width: 800px) 100vw, 800px\" title=\"\">\t\t\t\t\t\t\n\t\t\t\t\t<\/div>\n\t\t\t\t\t\t\t\t\n<style>\n#image_37825045 {\n  width: 100%;\n}\n<\/style>\n\t<\/div>\n\t\n\t\t<\/div>\n\t\t\t\t\t<\/div>\n\n\t\n\n\t<div id=\"col-2100893825\" class=\"col medium-3 small-6 large-3\"  >\n\t\t\t\t<div class=\"col-inner\"  >\n\t\t\t\n\t\t\t\n\t<div class=\"img has-hover x md-x lg-x y md-y lg-y\" id=\"image_392443535\">\n\t\t\t\t\t\t\t\t<div class=\"img-inner dark\" >\n\t\t\t<img loading=\"lazy\" decoding=\"async\" width=\"800\" height=\"1035\" src=\"https:\/\/rifengcable.com\/wp-content\/uploads\/2025\/03\/ETL-\u63d2\u5934_00.jpg\" class=\"attachment-original size-original\" alt=\"ETL _00\" srcset=\"https:\/\/rifengcable.com\/wp-content\/uploads\/2025\/03\/ETL-\u63d2\u5934_00.jpg 800w, https:\/\/rifengcable.com\/wp-content\/uploads\/2025\/03\/ETL-\u63d2\u5934_00-232x300.jpg 232w, https:\/\/rifengcable.com\/wp-content\/uploads\/2025\/03\/ETL-\u63d2\u5934_00-791x1024.jpg 791w, https:\/\/rifengcable.com\/wp-content\/uploads\/2025\/03\/ETL-\u63d2\u5934_00-768x994.jpg 768w, https:\/\/rifengcable.com\/wp-content\/uploads\/2025\/03\/ETL-\u63d2\u5934_00-9x12.jpg 9w, https:\/\/rifengcable.com\/wp-content\/uploads\/2025\/03\/ETL-\u63d2\u5934_00-600x776.jpg 600w\" sizes=\"auto, (max-width: 800px) 100vw, 800px\" title=\"\">\t\t\t\t\t\t\n\t\t\t\t\t<\/div>\n\t\t\t\t\t\t\t\t\n<style>\n#image_392443535 {\n  width: 100%;\n}\n<\/style>\n\t<\/div>\n\t\n\t\t<\/div>\n\t\t\t\t\t<\/div>\n\n\t\n\n\t<div id=\"col-341146182\" class=\"col medium-3 small-6 large-3\"  >\n\t\t\t\t<div class=\"col-inner\"  >\n\t\t\t\n\t\t\t\n\t<div class=\"img has-hover x md-x lg-x y md-y lg-y\" id=\"image_763217584\">\n\t\t\t\t\t\t\t\t<div class=\"img-inner dark\" >\n\t\t\t<img loading=\"lazy\" decoding=\"async\" width=\"800\" height=\"1035\" src=\"https:\/\/rifengcable.com\/wp-content\/uploads\/2025\/03\/ETL-\u7535\u7ebf\u7535\u7f06_00.jpg\" class=\"attachment-original size-original\" alt=\"ETL-kabel_00\" srcset=\"https:\/\/rifengcable.com\/wp-content\/uploads\/2025\/03\/ETL-\u7535\u7ebf\u7535\u7f06_00.jpg 800w, https:\/\/rifengcable.com\/wp-content\/uploads\/2025\/03\/ETL-\u7535\u7ebf\u7535\u7f06_00-232x300.jpg 232w, https:\/\/rifengcable.com\/wp-content\/uploads\/2025\/03\/ETL-\u7535\u7ebf\u7535\u7f06_00-791x1024.jpg 791w, https:\/\/rifengcable.com\/wp-content\/uploads\/2025\/03\/ETL-\u7535\u7ebf\u7535\u7f06_00-768x994.jpg 768w, https:\/\/rifengcable.com\/wp-content\/uploads\/2025\/03\/ETL-\u7535\u7ebf\u7535\u7f06_00-9x12.jpg 9w, https:\/\/rifengcable.com\/wp-content\/uploads\/2025\/03\/ETL-\u7535\u7ebf\u7535\u7f06_00-600x776.jpg 600w\" sizes=\"auto, (max-width: 800px) 100vw, 800px\" title=\"\">\t\t\t\t\t\t\n\t\t\t\t\t<\/div>\n\t\t\t\t\t\t\t\t\n<style>\n#image_763217584 {\n  width: 100%;\n}\n<\/style>\n\t<\/div>\n\t\n\t\t<\/div>\n\t\t\t\t\t<\/div>\n\n\t\n\n\t<div id=\"col-596855585\" class=\"col medium-3 small-6 large-3\"  >\n\t\t\t\t<div class=\"col-inner\"  >\n\t\t\t\n\t\t\t\n\t<div class=\"img has-hover x md-x lg-x y md-y lg-y\" id=\"image_1761624976\">\n\t\t\t\t\t\t\t\t<div class=\"img-inner dark\" >\n\t\t\t<img loading=\"lazy\" decoding=\"async\" width=\"800\" height=\"1131\" src=\"https:\/\/rifengcable.com\/wp-content\/uploads\/2025\/03\/ETL\u8bc1\u4e66-HPN-R\u6a61\u80f6\u7ebf_00.jpg\" class=\"attachment-original size-original\" alt=\"ETL\u8bc1\u4e66-HPN-R_00\" srcset=\"https:\/\/rifengcable.com\/wp-content\/uploads\/2025\/03\/ETL\u8bc1\u4e66-HPN-R\u6a61\u80f6\u7ebf_00.jpg 800w, https:\/\/rifengcable.com\/wp-content\/uploads\/2025\/03\/ETL\u8bc1\u4e66-HPN-R\u6a61\u80f6\u7ebf_00-212x300.jpg 212w, https:\/\/rifengcable.com\/wp-content\/uploads\/2025\/03\/ETL\u8bc1\u4e66-HPN-R\u6a61\u80f6\u7ebf_00-724x1024.jpg 724w, https:\/\/rifengcable.com\/wp-content\/uploads\/2025\/03\/ETL\u8bc1\u4e66-HPN-R\u6a61\u80f6\u7ebf_00-768x1086.jpg 768w, https:\/\/rifengcable.com\/wp-content\/uploads\/2025\/03\/ETL\u8bc1\u4e66-HPN-R\u6a61\u80f6\u7ebf_00-8x12.jpg 8w, https:\/\/rifengcable.com\/wp-content\/uploads\/2025\/03\/ETL\u8bc1\u4e66-HPN-R\u6a61\u80f6\u7ebf_00-600x848.jpg 600w\" sizes=\"auto, (max-width: 800px) 100vw, 800px\" title=\"\">\t\t\t\t\t\t\n\t\t\t\t\t<\/div>\n\t\t\t\t\t\t\t\t\n<style>\n#image_1761624976 {\n  width: 100%;\n}\n<\/style>\n\t<\/div>\n\t\n\t\t<\/div>\n\t\t\t\t\t<\/div>\n\n\t\n<\/div>\n\t<div id=\"gap-1613261393\" class=\"gap-element clearfix\" style=\"display:block; height:auto;\">\n\t\t\n<style>\n#gap-1613261393 {\n  padding-top: 30px;\n}\n<\/style>\n\t<\/div>\n\t\n<div class=\"row\" style=\"max-width:1600px\" id=\"row-788391045\">\n\n\t<div id=\"col-1663539330\" class=\"col medium-3 small-6 large-3\"  >\n\t\t\t\t<div class=\"col-inner\"  >\n\t\t\t\n\t\t\t\n\t<div class=\"img has-hover x md-x lg-x y md-y lg-y\" id=\"image_821774834\">\n\t\t\t\t\t\t\t\t<div class=\"img-inner dark\" >\n\t\t\t<img loading=\"lazy\" decoding=\"async\" width=\"800\" height=\"1131\" src=\"https:\/\/rifengcable.com\/wp-content\/uploads\/2025\/03\/ETL\u8bc1\u4e66-\u7535\u7ebf\u7535\u7f06_00.jpg\" class=\"attachment-original size-original\" alt=\"ETL-kabel\" srcset=\"https:\/\/rifengcable.com\/wp-content\/uploads\/2025\/03\/ETL\u8bc1\u4e66-\u7535\u7ebf\u7535\u7f06_00.jpg 800w, https:\/\/rifengcable.com\/wp-content\/uploads\/2025\/03\/ETL\u8bc1\u4e66-\u7535\u7ebf\u7535\u7f06_00-212x300.jpg 212w, https:\/\/rifengcable.com\/wp-content\/uploads\/2025\/03\/ETL\u8bc1\u4e66-\u7535\u7ebf\u7535\u7f06_00-724x1024.jpg 724w, https:\/\/rifengcable.com\/wp-content\/uploads\/2025\/03\/ETL\u8bc1\u4e66-\u7535\u7ebf\u7535\u7f06_00-768x1086.jpg 768w, https:\/\/rifengcable.com\/wp-content\/uploads\/2025\/03\/ETL\u8bc1\u4e66-\u7535\u7ebf\u7535\u7f06_00-8x12.jpg 8w, https:\/\/rifengcable.com\/wp-content\/uploads\/2025\/03\/ETL\u8bc1\u4e66-\u7535\u7ebf\u7535\u7f06_00-600x848.jpg 600w\" sizes=\"auto, (max-width: 800px) 100vw, 800px\" title=\"\">\t\t\t\t\t\t\n\t\t\t\t\t<\/div>\n\t\t\t\t\t\t\t\t\n<style>\n#image_821774834 {\n  width: 100%;\n}\n<\/style>\n\t<\/div>\n\t\n\t\t<\/div>\n\t\t\t\t\t<\/div>\n\n\t\n\n\t<div id=\"col-777060356\" class=\"col medium-3 small-6 large-3\"  >\n\t\t\t\t<div class=\"col-inner\"  >\n\t\t\t\n\t\t\t\n\t<div class=\"img has-hover x md-x lg-x y md-y lg-y\" id=\"image_1122949073\">\n\t\t\t\t\t\t\t\t<div class=\"img-inner dark\" >\n\t\t\t<img loading=\"lazy\" decoding=\"async\" width=\"800\" height=\"1132\" src=\"https:\/\/rifengcable.com\/wp-content\/uploads\/2025\/03\/HPN-R-\u7535\u7ebf_00.jpg\" class=\"attachment-original size-original\" alt=\"HPN-R kabel_00\" srcset=\"https:\/\/rifengcable.com\/wp-content\/uploads\/2025\/03\/HPN-R-\u7535\u7ebf_00.jpg 800w, https:\/\/rifengcable.com\/wp-content\/uploads\/2025\/03\/HPN-R-\u7535\u7ebf_00-212x300.jpg 212w, https:\/\/rifengcable.com\/wp-content\/uploads\/2025\/03\/HPN-R-\u7535\u7ebf_00-724x1024.jpg 724w, https:\/\/rifengcable.com\/wp-content\/uploads\/2025\/03\/HPN-R-\u7535\u7ebf_00-768x1087.jpg 768w, https:\/\/rifengcable.com\/wp-content\/uploads\/2025\/03\/HPN-R-\u7535\u7ebf_00-8x12.jpg 8w, https:\/\/rifengcable.com\/wp-content\/uploads\/2025\/03\/HPN-R-\u7535\u7ebf_00-600x849.jpg 600w\" sizes=\"auto, (max-width: 800px) 100vw, 800px\" title=\"\">\t\t\t\t\t\t\n\t\t\t\t\t<\/div>\n\t\t\t\t\t\t\t\t\n<style>\n#image_1122949073 {\n  width: 100%;\n}\n<\/style>\n\t<\/div>\n\t\n\t\t<\/div>\n\t\t\t\t\t<\/div>\n\n\t\n\n\t<div id=\"col-1370906165\" class=\"col medium-3 small-6 large-3\"  >\n\t\t\t\t<div class=\"col-inner\"  >\n\t\t\t\n\t\t\t\n\t<div class=\"img has-hover x md-x lg-x y md-y lg-y\" id=\"image_400537464\">\n\t\t\t\t\t\t\t\t<div class=\"img-inner dark\" >\n\t\t\t<img loading=\"lazy\" decoding=\"async\" width=\"800\" height=\"1132\" src=\"https:\/\/rifengcable.com\/wp-content\/uploads\/2025\/03\/RF-03-TUV\u8bc1\u4e66\uff08\u9632\u6c34\u6cd5\u5f0f\u63d2\uff09_00.jpg\" class=\"attachment-original size-original\" alt=\"RF-03 TUV_00\" srcset=\"https:\/\/rifengcable.com\/wp-content\/uploads\/2025\/03\/RF-03-TUV\u8bc1\u4e66\uff08\u9632\u6c34\u6cd5\u5f0f\u63d2\uff09_00.jpg 800w, https:\/\/rifengcable.com\/wp-content\/uploads\/2025\/03\/RF-03-TUV\u8bc1\u4e66\uff08\u9632\u6c34\u6cd5\u5f0f\u63d2\uff09_00-212x300.jpg 212w, https:\/\/rifengcable.com\/wp-content\/uploads\/2025\/03\/RF-03-TUV\u8bc1\u4e66\uff08\u9632\u6c34\u6cd5\u5f0f\u63d2\uff09_00-724x1024.jpg 724w, https:\/\/rifengcable.com\/wp-content\/uploads\/2025\/03\/RF-03-TUV\u8bc1\u4e66\uff08\u9632\u6c34\u6cd5\u5f0f\u63d2\uff09_00-768x1087.jpg 768w, https:\/\/rifengcable.com\/wp-content\/uploads\/2025\/03\/RF-03-TUV\u8bc1\u4e66\uff08\u9632\u6c34\u6cd5\u5f0f\u63d2\uff09_00-8x12.jpg 8w, https:\/\/rifengcable.com\/wp-content\/uploads\/2025\/03\/RF-03-TUV\u8bc1\u4e66\uff08\u9632\u6c34\u6cd5\u5f0f\u63d2\uff09_00-600x849.jpg 600w\" sizes=\"auto, (max-width: 800px) 100vw, 800px\" title=\"\">\t\t\t\t\t\t\n\t\t\t\t\t<\/div>\n\t\t\t\t\t\t\t\t\n<style>\n#image_400537464 {\n  width: 100%;\n}\n<\/style>\n\t<\/div>\n\t\n\t\t<\/div>\n\t\t\t\t\t<\/div>\n\n\t\n\n\t<div id=\"col-900221833\" class=\"col medium-3 small-6 large-3\"  >\n\t\t\t\t<div class=\"col-inner\"  >\n\t\t\t\n\t\t\t\n\t<div class=\"img has-hover x md-x lg-x y md-y lg-y\" id=\"image_22920875\">\n\t\t\t\t\t\t\t\t<div class=\"img-inner dark\" >\n\t\t\t<img loading=\"lazy\" decoding=\"async\" width=\"800\" height=\"1132\" src=\"https:\/\/rifengcable.com\/wp-content\/uploads\/2025\/03\/RF-06-TUV\u8bc1\u4e66\uff08\u9632\u6c34\u5de5\u5177\u63d2\uff09_00.jpg\" class=\"attachment-original size-original\" alt=\"RF-06 TUV_00\" srcset=\"https:\/\/rifengcable.com\/wp-content\/uploads\/2025\/03\/RF-06-TUV\u8bc1\u4e66\uff08\u9632\u6c34\u5de5\u5177\u63d2\uff09_00.jpg 800w, https:\/\/rifengcable.com\/wp-content\/uploads\/2025\/03\/RF-06-TUV\u8bc1\u4e66\uff08\u9632\u6c34\u5de5\u5177\u63d2\uff09_00-212x300.jpg 212w, https:\/\/rifengcable.com\/wp-content\/uploads\/2025\/03\/RF-06-TUV\u8bc1\u4e66\uff08\u9632\u6c34\u5de5\u5177\u63d2\uff09_00-724x1024.jpg 724w, https:\/\/rifengcable.com\/wp-content\/uploads\/2025\/03\/RF-06-TUV\u8bc1\u4e66\uff08\u9632\u6c34\u5de5\u5177\u63d2\uff09_00-768x1087.jpg 768w, https:\/\/rifengcable.com\/wp-content\/uploads\/2025\/03\/RF-06-TUV\u8bc1\u4e66\uff08\u9632\u6c34\u5de5\u5177\u63d2\uff09_00-8x12.jpg 8w, https:\/\/rifengcable.com\/wp-content\/uploads\/2025\/03\/RF-06-TUV\u8bc1\u4e66\uff08\u9632\u6c34\u5de5\u5177\u63d2\uff09_00-600x849.jpg 600w\" sizes=\"auto, (max-width: 800px) 100vw, 800px\" title=\"\">\t\t\t\t\t\t\n\t\t\t\t\t<\/div>\n\t\t\t\t\t\t\t\t\n<style>\n#image_22920875 {\n  width: 100%;\n}\n<\/style>\n\t<\/div>\n\t\n\t\t<\/div>\n\t\t\t\t\t<\/div>\n\n\t\n<\/div>\n\t<div id=\"gap-1172745211\" class=\"gap-element clearfix\" style=\"display:block; height:auto;\">\n\t\t\n<style>\n#gap-1172745211 {\n  padding-top: 30px;\n}\n<\/style>\n\t<\/div>\n\t\n<div class=\"row\" style=\"max-width:1600px\" id=\"row-105170781\">\n\n\t<div id=\"col-1234658440\" class=\"col medium-3 small-6 large-3\"  >\n\t\t\t\t<div class=\"col-inner\"  >\n\t\t\t\n\t\t\t\n\t<div class=\"img has-hover x md-x lg-x y md-y lg-y\" id=\"image_731655870\">\n\t\t\t\t\t\t\t\t<div class=\"img-inner dark\" >\n\t\t\t<img loading=\"lazy\" decoding=\"async\" width=\"800\" height=\"1132\" src=\"https:\/\/rifengcable.com\/wp-content\/uploads\/2025\/03\/Rifeng-ISO14001-\uff082022.5.5-2025.6.13\uff09_00.jpg\" class=\"attachment-original size-original\" alt=\"Rifeng ISO14001-\uff082022.5.5-2025.6.13\uff09_00\" srcset=\"https:\/\/rifengcable.com\/wp-content\/uploads\/2025\/03\/Rifeng-ISO14001-\uff082022.5.5-2025.6.13\uff09_00.jpg 800w, https:\/\/rifengcable.com\/wp-content\/uploads\/2025\/03\/Rifeng-ISO14001-\uff082022.5.5-2025.6.13\uff09_00-212x300.jpg 212w, https:\/\/rifengcable.com\/wp-content\/uploads\/2025\/03\/Rifeng-ISO14001-\uff082022.5.5-2025.6.13\uff09_00-724x1024.jpg 724w, https:\/\/rifengcable.com\/wp-content\/uploads\/2025\/03\/Rifeng-ISO14001-\uff082022.5.5-2025.6.13\uff09_00-768x1087.jpg 768w, https:\/\/rifengcable.com\/wp-content\/uploads\/2025\/03\/Rifeng-ISO14001-\uff082022.5.5-2025.6.13\uff09_00-8x12.jpg 8w, https:\/\/rifengcable.com\/wp-content\/uploads\/2025\/03\/Rifeng-ISO14001-\uff082022.5.5-2025.6.13\uff09_00-600x849.jpg 600w\" sizes=\"auto, (max-width: 800px) 100vw, 800px\" title=\"\">\t\t\t\t\t\t\n\t\t\t\t\t<\/div>\n\t\t\t\t\t\t\t\t\n<style>\n#image_731655870 {\n  width: 100%;\n}\n<\/style>\n\t<\/div>\n\t\n\t\t<\/div>\n\t\t\t\t\t<\/div>\n\n\t\n\n\t<div id=\"col-597512700\" class=\"col medium-3 small-6 large-3\"  >\n\t\t\t\t<div class=\"col-inner\"  >\n\t\t\t\n\t\t\t\n\t<div class=\"img has-hover x md-x lg-x y md-y lg-y\" id=\"image_1232743426\">\n\t\t\t\t\t\t\t\t<div class=\"img-inner dark\" >\n\t\t\t<img loading=\"lazy\" decoding=\"async\" width=\"800\" height=\"1132\" src=\"https:\/\/rifengcable.com\/wp-content\/uploads\/2025\/03\/Rifeng-ISO9001_00.jpg\" class=\"attachment-original size-original\" alt=\"Rifeng-ISO9001_00\" srcset=\"https:\/\/rifengcable.com\/wp-content\/uploads\/2025\/03\/Rifeng-ISO9001_00.jpg 800w, https:\/\/rifengcable.com\/wp-content\/uploads\/2025\/03\/Rifeng-ISO9001_00-212x300.jpg 212w, https:\/\/rifengcable.com\/wp-content\/uploads\/2025\/03\/Rifeng-ISO9001_00-724x1024.jpg 724w, https:\/\/rifengcable.com\/wp-content\/uploads\/2025\/03\/Rifeng-ISO9001_00-768x1087.jpg 768w, https:\/\/rifengcable.com\/wp-content\/uploads\/2025\/03\/Rifeng-ISO9001_00-8x12.jpg 8w, https:\/\/rifengcable.com\/wp-content\/uploads\/2025\/03\/Rifeng-ISO9001_00-600x849.jpg 600w\" sizes=\"auto, (max-width: 800px) 100vw, 800px\" title=\"\">\t\t\t\t\t\t\n\t\t\t\t\t<\/div>\n\t\t\t\t\t\t\t\t\n<style>\n#image_1232743426 {\n  width: 100%;\n}\n<\/style>\n\t<\/div>\n\t\n\t\t<\/div>\n\t\t\t\t\t<\/div>\n\n\t\n\n\t<div id=\"col-1982072989\" class=\"col medium-3 small-6 large-3\"  >\n\t\t\t\t<div class=\"col-inner\"  >\n\t\t\t\n\t\t\t\n\t<div class=\"img has-hover x md-x lg-x y md-y lg-y\" id=\"image_1364890843\">\n\t\t\t\t\t\t\t\t<div class=\"img-inner dark\" >\n\t\t\t<img loading=\"lazy\" decoding=\"async\" width=\"800\" height=\"1035\" src=\"https:\/\/rifengcable.com\/wp-content\/uploads\/2025\/03\/SPT-2-R-\u7535\u7ebf_00.jpg\" class=\"attachment-original size-original\" alt=\"SPT-2-R _00\" srcset=\"https:\/\/rifengcable.com\/wp-content\/uploads\/2025\/03\/SPT-2-R-\u7535\u7ebf_00.jpg 800w, https:\/\/rifengcable.com\/wp-content\/uploads\/2025\/03\/SPT-2-R-\u7535\u7ebf_00-232x300.jpg 232w, https:\/\/rifengcable.com\/wp-content\/uploads\/2025\/03\/SPT-2-R-\u7535\u7ebf_00-791x1024.jpg 791w, https:\/\/rifengcable.com\/wp-content\/uploads\/2025\/03\/SPT-2-R-\u7535\u7ebf_00-768x994.jpg 768w, https:\/\/rifengcable.com\/wp-content\/uploads\/2025\/03\/SPT-2-R-\u7535\u7ebf_00-9x12.jpg 9w, https:\/\/rifengcable.com\/wp-content\/uploads\/2025\/03\/SPT-2-R-\u7535\u7ebf_00-600x776.jpg 600w\" sizes=\"auto, (max-width: 800px) 100vw, 800px\" title=\"\">\t\t\t\t\t\t\n\t\t\t\t\t<\/div>\n\t\t\t\t\t\t\t\t\n<style>\n#image_1364890843 {\n  width: 100%;\n}\n<\/style>\n\t<\/div>\n\t\n\t\t<\/div>\n\t\t\t\t\t<\/div>\n\n\t\n\n\t<div id=\"col-562852183\" class=\"col medium-3 small-6 large-3\"  >\n\t\t\t\t<div class=\"col-inner\"  >\n\t\t\t\n\t\t\t\n\t<div class=\"img has-hover x md-x lg-x y md-y lg-y\" id=\"image_522160145\">\n\t\t\t\t\t\t\t\t<div class=\"img-inner dark\" >\n\t\t\t<img loading=\"lazy\" decoding=\"async\" width=\"800\" height=\"1131\" src=\"https:\/\/rifengcable.com\/wp-content\/uploads\/2025\/03\/VDE_RF-93\u8bc1\u4e6620180309_00.jpg\" class=\"attachment-original size-original\" alt=\"VDE_RF-93 20180309_00\" srcset=\"https:\/\/rifengcable.com\/wp-content\/uploads\/2025\/03\/VDE_RF-93\u8bc1\u4e6620180309_00.jpg 800w, https:\/\/rifengcable.com\/wp-content\/uploads\/2025\/03\/VDE_RF-93\u8bc1\u4e6620180309_00-212x300.jpg 212w, https:\/\/rifengcable.com\/wp-content\/uploads\/2025\/03\/VDE_RF-93\u8bc1\u4e6620180309_00-724x1024.jpg 724w, https:\/\/rifengcable.com\/wp-content\/uploads\/2025\/03\/VDE_RF-93\u8bc1\u4e6620180309_00-768x1086.jpg 768w, https:\/\/rifengcable.com\/wp-content\/uploads\/2025\/03\/VDE_RF-93\u8bc1\u4e6620180309_00-8x12.jpg 8w, https:\/\/rifengcable.com\/wp-content\/uploads\/2025\/03\/VDE_RF-93\u8bc1\u4e6620180309_00-600x848.jpg 600w\" sizes=\"auto, (max-width: 800px) 100vw, 800px\" title=\"\">\t\t\t\t\t\t\n\t\t\t\t\t<\/div>\n\t\t\t\t\t\t\t\t\n<style>\n#image_522160145 {\n  width: 100%;\n}\n<\/style>\n\t<\/div>\n\t\n\t\t<\/div>\n\t\t\t\t\t<\/div>\n\n\t\n<\/div>\n\t\t<\/div>\n\n\t\t\n<style>\n#section_2142522946 {\n  padding-top: 30px;\n  padding-bottom: 30px;\n}\n<\/style>\n\t<\/section>","protected":false},"excerpt":{"rendered":"","protected":false},"author":3,"featured_media":2103,"parent":0,"menu_order":0,"comment_status":"closed","ping_status":"closed","template":"page-blank.php","meta":{"footnotes":""},"class_list":["post-1620","page","type-page","status-publish","has-post-thumbnail","hentry"],"_links":{"self":[{"href":"https:\/\/rifengcable.com\/sv\/wp-json\/wp\/v2\/pages\/1620","targetHints":{"allow":["GET"]}}],"collection":[{"href":"https:\/\/rifengcable.com\/sv\/wp-json\/wp\/v2\/pages"}],"about":[{"href":"https:\/\/rifengcable.com\/sv\/wp-json\/wp\/v2\/types\/page"}],"author":[{"embeddable":true,"href":"https:\/\/rifengcable.com\/sv\/wp-json\/wp\/v2\/users\/3"}],"replies":[{"embeddable":true,"href":"https:\/\/rifengcable.com\/sv\/wp-json\/wp\/v2\/comments?post=1620"}],"version-history":[{"count":9,"href":"https:\/\/rifengcable.com\/sv\/wp-json\/wp\/v2\/pages\/1620\/revisions"}],"predecessor-version":[{"id":2102,"href":"https:\/\/rifengcable.com\/sv\/wp-json\/wp\/v2\/pages\/1620\/revisions\/2102"}],"wp:featuredmedia":[{"embeddable":true,"href":"https:\/\/rifengcable.com\/sv\/wp-json\/wp\/v2\/media\/2103"}],"wp:attachment":[{"href":"https:\/\/rifengcable.com\/sv\/wp-json\/wp\/v2\/media?parent=1620"}],"curies":[{"name":"wp","href":"https:\/\/api.w.org\/{rel}","templated":true}]}}