{"id":1790,"date":"2025-03-03T07:38:12","date_gmt":"2025-03-03T07:38:12","guid":{"rendered":"https:\/\/rifengcable.com\/?post_type=product&#038;p=1790"},"modified":"2025-04-25T06:07:42","modified_gmt":"2025-04-25T06:07:42","slug":"h05vv-f-cable","status":"publish","type":"product","link":"https:\/\/rifengcable.com\/ro\/manufacturer\/h05vv-f-cable\/","title":{"rendered":"Cablu H05VV-F"},"content":{"rendered":"<h1 id=\"-h05vv-f-flexible-power-cable-\"><strong>H05VV-F Cablu de alimentare flexibil<\/strong><\/h1>\n<h3 id=\"-what-is-the-h05vv-f-cable-\"><strong>Ce este cablul H05VV-F?<\/strong><\/h3>\n<p>Cablul H05VV-F este un cablu de alimentare flexibil, sigur \u0219i puternic. Este utilizat pentru ma\u0219ini, unelte \u0219i aparate de uz casnic.<\/p>\n<p><strong>Principalele fapte:<\/strong><\/p>\n<ul>\n<li>\u2705\u00a0<strong>300\/500V<\/strong>\u00a0putere nominal\u0103<\/li>\n<li>\u2705\u00a0<strong>Rezistent la ulei<\/strong>\u00a0&amp;\u00a0<strong>ignifug\u0103-retardant\u0103<\/strong><\/li>\n<li>\u2705 Lucreaz\u0103 \u00een\u00a0<strong>rece<\/strong>\u00a0(-5\u00b0C) \u0219i\u00a0<strong>fierbinte<\/strong>\u00a0(+70\u00b0C) locuri<\/li>\n<li>\u2705\u00a0<strong>Fire de cupru \u00eempletite<\/strong>\u00a0pentru \u00eendoire<\/li>\n<\/ul>\n<hr \/>\n<h2 id=\"-why-choose-the-h05vv-f-cable-\"><strong>De ce s\u0103 alege\u021bi cablul H05VV-F?<\/strong><\/h2>\n<h3 id=\"-1-safe-strong-\"><strong>1. Siguran\u021b\u0103 \u0219i rezisten\u021b\u0103<\/strong><\/h3>\n<p>\u2714\u00a0<strong>F\u0103r\u0103 risc de incendiu<\/strong> - Opre\u0219te arderea dac\u0103 \u00eencepe focul. \u2714\u00a0<strong>Nici o deteriorare a uleiului<\/strong>\u00a0- Lucr\u0103ri \u00een apropiere de\u00a0<strong>ma\u0219ini<\/strong> cu ulei. \u2714\u00a0<strong>Testat la 2000V<\/strong> - Dublu control de siguran\u021b\u0103.<\/p>\n<h3 id=\"-2-perfect-for-many-uses-\"><strong>2. Perfect pentru multe utiliz\u0103ri<\/strong><\/h3>\n<table style=\"height: 142px;\" width=\"388\">\n<thead>\n<tr>\n<th><strong>Cel mai bun pentru<\/strong><\/th>\n<th><strong>Exemple<\/strong><\/th>\n<\/tr>\n<\/thead>\n<tbody>\n<tr>\n<td><strong>Acas\u0103<\/strong><\/td>\n<td>Cuptoare cu microunde, \u00eenc\u0103lzitoare, l\u0103mpi<\/td>\n<\/tr>\n<tr>\n<td><strong>Birou<\/strong><\/td>\n<td>Imprimante, calculatoare<\/td>\n<\/tr>\n<tr>\n<td><strong>Fabricile<\/strong><\/td>\n<td>Benzi transportoare, unelte<\/td>\n<\/tr>\n<tr>\n<td><strong>HVAC<\/strong><\/td>\n<td>Aparate de aer condi\u021bionat<\/td>\n<\/tr>\n<\/tbody>\n<\/table>\n<h3 id=\"-3-easy-to-install-\"><strong>3. U\u0219or de instalat<\/strong><\/h3>\n<p>\u2714\u00a0<strong>Se \u00eendoaie u\u0219or<\/strong> - Se potrive\u0219te spa\u021biilor \u00eenguste. \u2714 <strong>Culoarea firelor<\/strong> - U\u0219or de conectat (verde-galben = mas\u0103). \u2714\u00a0<strong>2 jachete<\/strong> - Negru sau alb.<\/p>\n<hr \/>\n<h2 id=\"-technical-details-simple-table-\"><strong>Detalii tehnice (tabel simplu)<\/strong><\/h2>\n<table style=\"height: 170px;\" width=\"381\">\n<thead>\n<tr>\n<th><strong>Caracteristic\u0103<\/strong><\/th>\n<th><strong>Specifica\u021bii<\/strong><\/th>\n<\/tr>\n<\/thead>\n<tbody>\n<tr>\n<td><strong>Tensiune<\/strong><\/td>\n<td>300\/500V<\/td>\n<\/tr>\n<tr>\n<td><strong>Temperatura<\/strong><\/td>\n<td>-5\u00b0C p\u00e2n\u0103 la +70\u00b0C<\/td>\n<\/tr>\n<tr>\n<td><strong>Fire \u00een interior<\/strong><\/td>\n<td>Cupru \u00eempletit<\/td>\n<\/tr>\n<tr>\n<td><strong>Siguran\u021ba la incendiu<\/strong><\/td>\n<td>IEC 60332-1 (autoextingere)<\/td>\n<\/tr>\n<tr>\n<td><strong>\u00cendoire<\/strong><\/td>\n<td>7,5 \u00d7 grosimea cablului<\/td>\n<\/tr>\n<\/tbody>\n<\/table>\n<hr \/>\n<h2 id=\"-where-to-use-it-\"><strong>Unde s\u0103 \u00eel utiliza\u021bi?<\/strong><\/h2>\n<p>\ud83d\udd39\u00a0<strong>La domiciliu<\/strong>\u00a0- Cafetiere, aspiratoare \ud83d\udd39\u00a0<strong>\u00cen birouri<\/strong>\u00a0- Bare de alimentare, monitoare \ud83d\udd39\u00a0<strong>\u00cen ma\u0219ini<\/strong> - Ma\u0219ini de g\u0103urit, benzi transportoare<\/p>\n<p><strong>\u26a0\ufe0f NU folosi\u021bi \u00een exterior pentru totdeauna.<\/strong><\/p>\n<hr \/>\n<h2 id=\"-need-more-info-check-these-links-\"><strong>Ave\u021bi nevoie de mai multe informa\u021bii? Consulta\u021bi aceste linkuri<\/strong><\/h2>\n<ul>\n<li>\ud83d\udd17\u00a0<strong>Cabluri flexibile cu izola\u021bie din PVC<\/strong>\u00a0(fire de siguran\u021b\u0103 similare)<\/li>\n<li>\ud83d\udd17\u00a0<strong>Solu\u021bii de alimentare de 300\/500V<\/strong>\u00a0(cabluri mai puternice pentru ma\u0219ini mari)<\/li>\n<li>\ud83d\udd17\u00a0<strong>Ghid de cablare ignifug\u0103<\/strong>\u00a0(afla\u021bi mai multe despre firele ignifuge)<\/li>\n<\/ul>\n<hr \/>\n<h2 id=\"-order-now-\"><strong>Comanda\u021bi acum!<\/strong><\/h2>\n<p>Cump\u0103ra\u021bi\u00a0<strong>Cablu H05VV-F<\/strong>\u00a0ast\u0103zi pentru\u00a0<strong>sigur<\/strong>,\u00a0<strong>flexibil<\/strong>\u00a0putere \u00een casa sau la locul de munc\u0103!<\/p>\n<p>\ud83d\udca1\u00a0<strong>\u0218tia\u021bi?<\/strong>\u00a0Acest cablu este\u00a0<strong>mai bun dec\u00e2t H03VV-F<\/strong> pentru putere medie.<\/p>","protected":false},"excerpt":{"rendered":"<p>Articolul\uff1aH05VV-F<\/p>\n<p class=\"header-vfC6AV auto-hide-last-sibling-br\"><strong>Certificarea produselor<\/strong><\/p>\n<div class=\"auto-hide-last-sibling-br paragraph-JOTKXA paragraph-element br-paragraph-space\">Acest produs de\u021bine certificarea VDE, care atest\u0103 conformitatea sa cu standardele stricte de siguran\u021b\u0103 \u0219i calitate din industria electric\u0103.<\/div>\n<p class=\"header-vfC6AV auto-hide-last-sibling-br\"><strong>Parametrii de baz\u0103<\/strong><\/p>\n<ul class=\"auto-hide-last-sibling-br\">\n<li>Tensiune nominal\u0103: 300\/500V.<\/li>\n<li>Temperatura nominal\u0103 de lucru: 70 \u2103.<\/li>\n<li>Standard executiv: AS\/NZS 60227.5.<\/li>\n<\/ul>\n<p class=\"header-vfC6AV auto-hide-last-sibling-br\"><strong>Structura conductorului<\/strong><\/p>\n<ul class=\"auto-hide-last-sibling-br\">\n<li>Material conductor: Cupru f\u0103r\u0103 fire.<\/li>\n<li>Material de izolare: PVC.<\/li>\n<li>Material jachet\u0103: PVC.<\/li>\n<\/ul>","protected":false},"featured_media":1791,"template":"","meta":[],"product_brand":[],"product_cat":[40],"product_tag":[],"class_list":{"0":"post-1790","1":"product","2":"type-product","3":"status-publish","4":"has-post-thumbnail","6":"product_cat-pvc-cable","8":"first","9":"instock","10":"shipping-taxable","11":"product-type-simple"},"_links":{"self":[{"href":"https:\/\/rifengcable.com\/ro\/wp-json\/wp\/v2\/product\/1790","targetHints":{"allow":["GET"]}}],"collection":[{"href":"https:\/\/rifengcable.com\/ro\/wp-json\/wp\/v2\/product"}],"about":[{"href":"https:\/\/rifengcable.com\/ro\/wp-json\/wp\/v2\/types\/product"}],"wp:featuredmedia":[{"embeddable":true,"href":"https:\/\/rifengcable.com\/ro\/wp-json\/wp\/v2\/media\/1791"}],"wp:attachment":[{"href":"https:\/\/rifengcable.com\/ro\/wp-json\/wp\/v2\/media?parent=1790"}],"wp:term":[{"taxonomy":"product_brand","embeddable":true,"href":"https:\/\/rifengcable.com\/ro\/wp-json\/wp\/v2\/product_brand?post=1790"},{"taxonomy":"product_cat","embeddable":true,"href":"https:\/\/rifengcable.com\/ro\/wp-json\/wp\/v2\/product_cat?post=1790"},{"taxonomy":"product_tag","embeddable":true,"href":"https:\/\/rifengcable.com\/ro\/wp-json\/wp\/v2\/product_tag?post=1790"}],"curies":[{"name":"wp","href":"https:\/\/api.w.org\/{rel}","templated":true}]}}