{"id":1772,"date":"2025-03-03T06:33:03","date_gmt":"2025-03-03T06:33:03","guid":{"rendered":"https:\/\/rifengcable.com\/?post_type=product&#038;p=1772"},"modified":"2025-06-05T06:55:10","modified_gmt":"2025-06-05T06:55:10","slug":"pvc-cable-h03vvh2-f","status":"publish","type":"product","link":"https:\/\/rifengcable.com\/ro\/manufacturer\/pvc-cable-h03vvh2-f\/","title":{"rendered":"Cablu PVC H03VVH2-F"},"content":{"rendered":"<h1 id=\"-pvc-cable-strong-safe-and-easy-to-reuse-\"><strong>Cablu PVC - puternic, sigur \u0219i u\u0219or de reutilizat<\/strong><\/h1>\n<p><strong>Cabluri din PVC<\/strong>\u00a0sunt\u00a0<strong>fire puternice<\/strong>\u00a0utilizate \u00een\u00a0<strong>locuin\u021be, fabrici<\/strong>, \u0219i\u00a0<strong>energie solar\u0103<\/strong>. Acestea dureaz\u0103 mult, se \u00eendoaie u\u0219or \u0219i men\u021bin electricitatea \u00een siguran\u021b\u0103. De asemenea, ele sunt\u00a0<strong>bun pentru P\u0103m\u00e2nt<\/strong>\u00a0deoarece acestea pot fi\u00a0<strong>reciclate<\/strong>.<\/p>\n<hr \/>\n<h2 id=\"-why-choose-pvc-cables-\"><strong>De ce s\u0103 alege\u021bi cabluri din PVC?<\/strong><\/h2>\n<p>\u2705\u00a0<strong>Siguran\u021b\u0103<\/strong>\u00a0- Opre\u0219te incendiile (testat pentru fl\u0103c\u0103rile VW-1).<\/p>\n<p>\u2705\u00a0<strong>Puternic<\/strong>\u00a0- Lucr\u0103ri \u00een\u00a0<strong>fierbinte<\/strong>\u00a0(+105\u00b0C) \u0219i\u00a0<strong>rece<\/strong>\u00a0(-20\u00b0C).<\/p>\n<p>\u2705\u00a0<strong>Se \u00eendoaie u\u0219or<\/strong>\u00a0- Bun pentru\u00a0<strong>ma\u0219ini \u00een mi\u0219care<\/strong>\u00a0ca robo\u021bii.<\/p>\n<p>\u2705\u00a0<strong>Reciclabile<\/strong>\u00a0- Poate fi utilizat din nou f\u0103r\u0103 a-\u0219i pierde rezisten\u021ba.<\/p>\n<hr \/>\n<h2 id=\"-what-s-inside-pvc-cables-\"><strong>Ce se afl\u0103 \u00een interiorul cablurilor din PVC?<\/strong><\/h2>\n<table style=\"height: 143px;\" width=\"669\">\n<thead>\n<tr>\n<th><strong>Parte<\/strong><\/th>\n<th><strong>Ce face<\/strong><\/th>\n<th><strong>De ce este bun<\/strong><\/th>\n<\/tr>\n<\/thead>\n<tbody>\n<tr>\n<td><strong>Conductor<\/strong><\/td>\n<td>Transport\u0103 electricitate<\/td>\n<td>Fabricat din\u00a0<strong>cupru staniu (7\/30 toroane)<\/strong> pentru un flux de energie f\u0103r\u0103 probleme<\/td>\n<\/tr>\n<tr>\n<td><strong>Izola\u021bie PVC<\/strong><\/td>\n<td>Protejeaz\u0103 firele<\/td>\n<td>P\u0103streaz\u0103 energia \u00een siguran\u021b\u0103, dureaz\u0103 mult chiar \u0219i \u00een aer liber<\/td>\n<\/tr>\n<tr>\n<td><strong>Jachet\u0103 cromat\u0103<\/strong><\/td>\n<td>Capac exterior<\/td>\n<td><strong>Rezistent la UV<\/strong> (lumina soarelui nu \u00eel va deteriora)<\/td>\n<\/tr>\n<tr>\n<td><strong>Scut<\/strong>\u00a0(Unele tipuri)<\/td>\n<td>Blocheaz\u0103 interferen\u021bele<\/td>\n<td>Bun pentru\u00a0<strong>cabluri audio \u0219i de date<\/strong><\/td>\n<\/tr>\n<\/tbody>\n<\/table>\n<hr \/>\n<h2 id=\"-where-to-use-pvc-cables-\"><strong>Unde se folosesc cablurile din PVC?<\/strong><\/h2>\n<h3 id=\"-1-factories-machines-\"><strong>1. Fabrici \u0219i ma\u0219ini<\/strong><\/h3>\n<ul>\n<li>Robo\u021bi, bra\u021be mobile \u0219i echipamente mari (<strong>se flexeaz\u0103 f\u0103r\u0103 s\u0103 se rup\u0103<\/strong>).<\/li>\n<li>Urmeaz\u0103\u00a0<strong>UL2464 &amp; CM<\/strong> standarde de siguran\u021b\u0103.<\/li>\n<\/ul>\n<h3 id=\"-2-solar-wind-power-\"><strong>2. Energie solar\u0103 \u0219i eolian\u0103<\/strong><\/h3>\n<ul>\n<li><strong>Rezistent la lumina soarelui<\/strong> (nu se crap\u0103 \u00een lumina UV).<\/li>\n<li>Gestioneaz\u0103 vremea (<strong>ploaie, v\u00e2nt, c\u0103ldur\u0103<\/strong>).<\/li>\n<\/ul>\n<h3 id=\"-3-homes-buildings-\"><strong>3. Case \u0219i cl\u0103diri<\/strong><\/h3>\n<ul>\n<li>Sigur pentru pere\u021bi \u0219i tavane (<strong>ignifug\u0103-retardant\u0103<\/strong>).<\/li>\n<li>Folosit \u00een\u00a0<strong>cablare \u0219i difuzoare<\/strong> (coduri de culoare pentru o instalare u\u0219oar\u0103).<\/li>\n<\/ul>\n<h3 id=\"-4-internet-sound-systems-\"><strong>4. Internet \u0219i sisteme de sunet<\/strong><\/h3>\n<ul>\n<li><strong>Tipuri ecranate<\/strong> opri\u021bi statica \u00een muzic\u0103 \u0219i Wi-Fi.<\/li>\n<li>Lucr\u0103ri pentru\u00a0<strong>Cat 5E &amp; Cat 6<\/strong> cabluri de internet.<\/li>\n<\/ul>\n<hr \/>\n<h2 id=\"-our-pvc-cables-help-the-earth-\"><strong>Cablurile noastre din PVC ajut\u0103 P\u0103m\u00e2ntul<\/strong><\/h2>\n<p>\u267b\ufe0f\u00a0<strong>Reciclabile<\/strong> - Se poate topi \u0219i reface f\u0103r\u0103 a-\u0219i pierde rezisten\u021ba.<\/p>\n<p>\ud83c\udf0e\u00a0<strong>Mai pu\u021bine de\u0219euri<\/strong>\u00a0- Suporturi\u00a0<strong>economie circular\u0103<\/strong> (reutiliza\u021bi, nu arunca\u021bi).<\/p>\n<p>\ud83d\udd2c <strong>Tehnologie nou\u0103<\/strong>\u00a0- Modalit\u0103\u021bi mai bune de a\u00a0<strong>sortare \u0219i reciclare<\/strong> \u00een 2025.<\/p>\n<hr \/>\n<h2 id=\"-need-pvc-cables-\"><strong>Ave\u021bi nevoie de cabluri din PVC?<\/strong><\/h2>\n<p>Noi vindem\u00a0<strong>cabluri PVC de \u00eenalt\u0103 calitate<\/strong>\u00a0pentru: \u2714\u00a0<strong>Fabricile<\/strong>\u00a0(fire flexibile puternice) \u2714\u00a0<strong>Proiecte solare<\/strong>\u00a0(rezistent la soare) \u2714\u00a0<strong>Case \u0219i birouri<\/strong>\u00a0(sigur \u0219i lini\u0219tit)<\/p>\n<p>\ud83d\udcde\u00a0<strong><a href=\"\/ro\/contact\/\">Suna\u021bi-ne<\/a> ast\u0103zi<\/strong>\u00a0sau vizita\u021bi\u00a0<strong>Cablurile noastre industriale<\/strong>\u00a0pentru comenzi \u00een vrac.<\/p>","protected":false},"excerpt":{"rendered":"<p>Articolul\uff1aH03VVH2-F<\/p>\n<div>\n<p class=\"lableName\">Certificare produs: VDE<\/p>\n<\/div>\n<div>\n<p class=\"lableName\"><strong>Parametrii de baz\u0103\uff1a<\/strong><\/p>\n<\/div>\n<div>\n<ul>\n<li class=\"lableName\">Voltaj nominal: 450\/750V<\/li>\n<li class=\"lableName\">Evaluat Temperatura de lucru: <span style=\"color: #555555; font-size: 14.4px;\">70\u2103<\/span><\/li>\n<li class=\"lableName\">Standard executiv:\u00a0<span style=\"color: #555555; font-size: 14.4px;\">AS\/NZS 60227.5<\/span><\/li>\n<\/ul>\n<\/div>\n<div>\n<p class=\"lableName\">Structura conductorului\uff1a<\/p>\n<\/div>\n<div>\n<ul>\n<li class=\"lableName\"><span class=\"lableName\">Material conductor\uff1a<\/span> Cupru f\u0103r\u0103 fir<\/li>\n<li class=\"lableName\">Material de izolare:\u00a0<span style=\"color: #555555; font-size: 14.4px;\">PVC<\/span><\/li>\n<li class=\"lableName\">Material jachet\u0103: PVC<\/li>\n<\/ul>\n<\/div>\n<div>\n<p><strong>Aplica\u021bii:<\/strong><\/p>\n<p>Aceste cabluri sunt concepute pentru a fi utilizate ca linii electrice de conectare \u00eentr-o varietate de contexte, inclusiv instala\u021bii electrice, aparate de uz casnic \u0219i unelte ac\u021bionate electric. Ele sunt potrivite pentru aplica\u021bii cu o tensiune nominal\u0103 de A.C 300\/300V sau mai mic\u0103, asigur\u00e2nd o performan\u021b\u0103 sigur\u0103 \u0219i fiabil\u0103 \u00een sistemele electrice de zi cu zi.<\/p>\n<\/div>","protected":false},"featured_media":2285,"template":"","meta":[],"product_brand":[],"product_cat":[40],"product_tag":[],"class_list":{"0":"post-1772","1":"product","2":"type-product","3":"status-publish","4":"has-post-thumbnail","6":"product_cat-pvc-cable","8":"first","9":"instock","10":"shipping-taxable","11":"product-type-simple"},"_links":{"self":[{"href":"https:\/\/rifengcable.com\/ro\/wp-json\/wp\/v2\/product\/1772","targetHints":{"allow":["GET"]}}],"collection":[{"href":"https:\/\/rifengcable.com\/ro\/wp-json\/wp\/v2\/product"}],"about":[{"href":"https:\/\/rifengcable.com\/ro\/wp-json\/wp\/v2\/types\/product"}],"wp:featuredmedia":[{"embeddable":true,"href":"https:\/\/rifengcable.com\/ro\/wp-json\/wp\/v2\/media\/2285"}],"wp:attachment":[{"href":"https:\/\/rifengcable.com\/ro\/wp-json\/wp\/v2\/media?parent=1772"}],"wp:term":[{"taxonomy":"product_brand","embeddable":true,"href":"https:\/\/rifengcable.com\/ro\/wp-json\/wp\/v2\/product_brand?post=1772"},{"taxonomy":"product_cat","embeddable":true,"href":"https:\/\/rifengcable.com\/ro\/wp-json\/wp\/v2\/product_cat?post=1772"},{"taxonomy":"product_tag","embeddable":true,"href":"https:\/\/rifengcable.com\/ro\/wp-json\/wp\/v2\/product_tag?post=1772"}],"curies":[{"name":"wp","href":"https:\/\/api.w.org\/{rel}","templated":true}]}}