{"id":1756,"date":"2025-03-03T03:18:46","date_gmt":"2025-03-03T03:18:46","guid":{"rendered":"https:\/\/rifengcable.com\/?post_type=product&#038;p=1756"},"modified":"2025-06-05T07:06:49","modified_gmt":"2025-06-05T07:06:49","slug":"welding-cable-h01n2-d","status":"publish","type":"product","link":"https:\/\/rifengcable.com\/ro\/manufacturer\/welding-cable-h01n2-d\/","title":{"rendered":"Cablu de sudur\u0103 H01N2-D"},"content":{"rendered":"<h1 id=\"-h01n2-d-welding-cable-heavy-duty-rubber-sheathed-cable-\"><strong>H01N2-D Cablu de sudur\u0103 - cablu cu manta de cauciuc rezistent<\/strong><\/h1>\n<p>H01N2-D este un cablu de sudur\u0103 puternic, flexibil \u0219i sigur. Este certificat HAR \u0219i func\u021bioneaz\u0103 cu 100V AC \u0219i 150V DC. Perfect pentru sudarea automat\u0103, semi-automat\u0103 \u0219i manual\u0103.<\/p>\n<p>\u2705\u00a0<strong>U\u0219or de \u00eendoit<\/strong>\u00a0- Ideal\u0103 pentru spa\u021bii \u00eenguste. \u2705\u00a0<strong>Func\u021bioneaz\u0103 \u00een condi\u021bii extreme de frig \u0219i c\u0103ldur\u0103<\/strong>\u00a0(-40\u00b0C p\u00e2n\u0103 la +85\u00b0C). \u2705\u00a0<strong>Rezistent la ulei, la flac\u0103r\u0103 \u0219i de lung\u0103 durat\u0103<\/strong>. \u2705\u00a0<strong>Utilizate \u00een \u0219antierele navale, fabrici \u0219i construc\u021bii<\/strong>.<\/p>\n<hr \/>\n<h2 id=\"-why-buy-h01n2-d-\"><strong>De ce s\u0103 cump\u0103ra\u021bi H01N2-D?<\/strong><\/h2>\n<p>\u2714\u00a0<strong>Sigur \u0219i certificat<\/strong>\u00a0- \u00cent\u00e2lniri\u00a0<strong>EN 50525-2-81<\/strong>\u00a0\u0219i\u00a0<strong>IEC 60245<\/strong>. \u2714\u00a0<strong>Nucleu puternic de cupru<\/strong>\u00a0- Nu se rupe, chiar \u0219i cu utilizare intens\u0103. \u2714\u00a0<strong>Capac din cauciuc flexibil<\/strong>\u00a0- Nu se va fisura sau rupe u\u0219or. \u2714\u00a0<strong>Func\u021bioneaz\u0103 \u00een orice vreme<\/strong>\u00a0- Bun pentru\u00a0<strong>locuri reci (-40\u00b0C) \u0219i calde (+85\u00b0C)<\/strong>.<\/p>\n<hr \/>\n<h2 id=\"-specs-at-a-glance-\"><strong>Specifica\u021bii la o privire de ansamblu<\/strong><\/h2>\n<table>\n<thead>\n<tr>\n<th><strong>Caracteristic\u0103<\/strong><\/th>\n<th><strong>Detalii<\/strong><\/th>\n<\/tr>\n<\/thead>\n<tbody>\n<tr>\n<td><strong>Tip<\/strong><\/td>\n<td>Cablu de sudur\u0103<\/td>\n<\/tr>\n<tr>\n<td><strong>Standard<\/strong><\/td>\n<td>EN 50525-2-81, HAR<\/td>\n<\/tr>\n<tr>\n<td><strong>Tensiune<\/strong><\/td>\n<td>100V AC \/ 150V DC<\/td>\n<\/tr>\n<tr>\n<td><strong>Temperatura<\/strong><\/td>\n<td>-40\u00b0C p\u00e2n\u0103 la +85\u00b0C (fix) \/ -20\u00b0C p\u00e2n\u0103 la +85\u00b0C (mobil)<\/td>\n<\/tr>\n<tr>\n<td><strong>Conductor<\/strong><\/td>\n<td>Cupru gol (flexibil)<\/td>\n<\/tr>\n<tr>\n<td><strong>Jachet\u0103<\/strong><\/td>\n<td>Cauciuc (EM5)<\/td>\n<\/tr>\n<tr>\n<td><strong>Ciclul de func\u021bionare<\/strong><\/td>\n<td><strong>Complet automat<\/strong>: 100%\u00a0<strong>\u23d0 Semi-auto<\/strong>: 65-85%\u00a0<strong>\u23d0 Manual<\/strong>: 30-60%<\/td>\n<\/tr>\n<\/tbody>\n<\/table>\n<hr \/>\n<h2 id=\"-best-uses-for-h01n2-d-\"><strong>Cele mai bune utiliz\u0103ri pentru H01N2-D<\/strong><\/h2>\n<p>\ud83d\udd25\u00a0<strong>Sudare complet automat\u0103 (ciclu de lucru 100%)<\/strong>\u00a0\ud83d\udee0\ufe0f\u00a0<strong>Sudare manual\u0103 (ciclu de lucru 30-60%)<\/strong>\u00a0\u2699\ufe0f\u00a0<strong>Munc\u0103 industrial\u0103 (\u0219antiere navale, fabrici de automobile, minerit)<\/strong><\/p>\n<hr \/>\n<h2 id=\"-safety-performance-tips-\"><strong>Sfaturi de siguran\u021b\u0103 \u0219i performan\u021b\u0103<\/strong><\/h2>\n<ul>\n<li>\ud83d\udd25\u00a0<strong>Rezistent la fl\u0103c\u0103ri<\/strong>\u00a0- \u00cen siguran\u021b\u0103 \u00een apropierea sc\u00e2nteilor.<\/li>\n<li>\ud83c\udf21\ufe0f\u00a0<strong>Nu utiliza\u021bi peste +85\u00b0C<\/strong>\u00a0sau\u00a0<strong>sub -40\u00b0C<\/strong>.<\/li>\n<li>\ud83d\udd0c\u00a0<strong>Verificarea curbelor<\/strong>\u00a0- P\u0103stra\u021bi la\u00a0<strong>4-8x grosimea cablului<\/strong>.<\/li>\n<\/ul>\n<hr \/>\n<h2 id=\"-order-h01n2-d-today-\"><strong>Comanda\u021bi H01N2-D ast\u0103zi!<\/strong><\/h2>\n<p><strong>Puternic. Sigur. Fiabile.<\/strong>\u00a0Ia-\u021bi\u00a0<strong>Cablu de sudur\u0103 H01N2-D<\/strong>\u00a0acum.<\/p>\n<p>\ud83d\udcde\u00a0<strong>Suna\u021bi-ne<\/strong>\u00a0sau\u00a0<strong>solicita\u021bi o ofert\u0103<\/strong>\u00a0ast\u0103zi!<\/p>","protected":false},"excerpt":{"rendered":"<p>Articolul\uff1aH01N2-D<\/p>\n<div>\n<p class=\"lableName\">Certificare produs: VDE<\/p>\n<\/div>\n<div>\n<p class=\"lableName\"><strong>Parametrii de baz\u0103\uff1a<\/strong><\/p>\n<\/div>\n<div>\n<ul>\n<li class=\"lableName\">Voltaj nominal: 100\/100V<\/li>\n<li class=\"lableName\">Evaluat Temperatura de lucru: 60 \u2103<\/li>\n<li class=\"lableName\">Standard executiv: VDE 0282-6<\/li>\n<\/ul>\n<\/div>\n<div><\/div>\n<div><\/div>\n<div>\n<p class=\"lableName\"><strong>Structura conductorului<\/strong>\uff1a<\/p>\n<\/div>\n<div>\n<ul>\n<li class=\"lableName\"><span class=\"lableName\">Material conductor\uff1a<\/span> Cupru f\u0103r\u0103 fir<\/li>\n<li class=\"lableName\">Material jachet\u0103: CPE<\/li>\n<\/ul>\n<\/div>\n<div>\n<p><strong>Aplica\u021bii ale cablului de sudur\u0103 H01N2-D:<\/strong><\/p>\n<p>Aceste cabluri sunt concepute pentru conectarea generatorului de sudur\u0103 la electrodul manual \u0219i la piesa de prelucrat, ceea ce le face esen\u021biale pentru diverse opera\u021biuni de sudare. Ele sunt utilizate pe scar\u0103 larg\u0103 \u00een:<\/p>\n<ul>\n<li>Industria auto: Pentru activit\u0103\u021bi de sudare \u0219i fabricare.<\/li>\n<li>Construc\u021bii navale: Potrivit pentru medii marine solicitante.<\/li>\n<li>Sisteme de transport \u0219i transportoare: Ideale pentru lucr\u0103ri de \u00eentre\u021binere \u0219i asamblare.<\/li>\n<li>Fabricarea sculelor \u0219i utilajelor: Utilizate \u00een procesele de fabrica\u021bie \u0219i reparare.<\/li>\n<li>Robo\u021bi de sudare: Asigur\u0103 performan\u021be fiabile \u00een sistemele automate de sudare.<\/li>\n<\/ul>\n<\/div>","protected":false},"featured_media":1759,"template":"","meta":[],"product_brand":[],"product_cat":[39],"product_tag":[],"class_list":{"0":"post-1756","1":"product","2":"type-product","3":"status-publish","4":"has-post-thumbnail","6":"product_cat-welding-cable","8":"first","9":"instock","10":"shipping-taxable","11":"product-type-simple"},"_links":{"self":[{"href":"https:\/\/rifengcable.com\/ro\/wp-json\/wp\/v2\/product\/1756","targetHints":{"allow":["GET"]}}],"collection":[{"href":"https:\/\/rifengcable.com\/ro\/wp-json\/wp\/v2\/product"}],"about":[{"href":"https:\/\/rifengcable.com\/ro\/wp-json\/wp\/v2\/types\/product"}],"wp:featuredmedia":[{"embeddable":true,"href":"https:\/\/rifengcable.com\/ro\/wp-json\/wp\/v2\/media\/1759"}],"wp:attachment":[{"href":"https:\/\/rifengcable.com\/ro\/wp-json\/wp\/v2\/media?parent=1756"}],"wp:term":[{"taxonomy":"product_brand","embeddable":true,"href":"https:\/\/rifengcable.com\/ro\/wp-json\/wp\/v2\/product_brand?post=1756"},{"taxonomy":"product_cat","embeddable":true,"href":"https:\/\/rifengcable.com\/ro\/wp-json\/wp\/v2\/product_cat?post=1756"},{"taxonomy":"product_tag","embeddable":true,"href":"https:\/\/rifengcable.com\/ro\/wp-json\/wp\/v2\/product_tag?post=1756"}],"curies":[{"name":"wp","href":"https:\/\/api.w.org\/{rel}","templated":true}]}}