{"id":1622,"date":"2025-02-25T02:43:41","date_gmt":"2025-02-25T02:43:41","guid":{"rendered":"https:\/\/rifengcable.com\/?page_id=1622"},"modified":"2025-03-13T02:42:37","modified_gmt":"2025-03-13T02:42:37","slug":"cable-solution","status":"publish","type":"page","link":"https:\/\/rifengcable.com\/ro\/cable-solution\/","title":{"rendered":"Solu\u021bii \u0219i aplica\u021bii"},"content":{"rendered":"<div class=\"banner has-hover\" id=\"banner-1555151370\">\n          <div class=\"banner-inner fill\">\n        <div class=\"banner-bg fill\" >\n            <div class=\"bg fill bg-fill\"><\/div>\n                                    \n                    <\/div>\n\t\t\n        <div class=\"banner-layers container\">\n            <div class=\"fill banner-link\"><\/div>            \n   <div id=\"text-box-951320773\" class=\"text-box banner-layer x50 md-x50 lg-x50 y50 md-y50 lg-y50 res-text\">\n                                <div class=\"text-box-content text dark\">\n              \n              <div class=\"text-inner text-center\">\n                  \n<h1 style=\"text-align: center;\">Solu\u021bia \u0219i aplicarea cablurilor<\/h1>\n              <\/div>\n           <\/div>\n                            \n<style>\n#text-box-951320773 {\n  width: 88%;\n}\n#text-box-951320773 .text-box-content {\n  font-size: 100%;\n}\n<\/style>\n    <\/div>\n \n        <\/div>\n      <\/div>\n\n            \n<style>\n#banner-1555151370 {\n  padding-top: 173px;\n  background-color: rgba(0, 0, 0, 0.384);\n}\n<\/style>\n  <\/div>\n\n\n\t<section class=\"section\" id=\"section_762248054\">\n\t\t<div class=\"bg section-bg fill bg-fill  bg-loaded\" >\n\n\t\t\t\n\t\t\t\n\t\t\t\n\n\t\t<\/div>\n\n\t\t\n\n\t\t<div class=\"section-content relative\">\n\t\t\t\n<div class=\"row\"  id=\"row-312792299\">\n\n\t<div id=\"col-1452666260\" class=\"col small-12 large-12\"  >\n\t\t\t\t<div class=\"col-inner\"  >\n\t\t\t\n\t\t\t\n<h2 style=\"text-align: center;\">Solu\u021bii complete de cabluri pentru orice nevoie<\/h2>\n<p>La Rifeng, ne m\u00e2ndrim cu furnizarea de solu\u021bii de cabluri inovatoare \u0219i fiabile, adaptate pentru a satisface nevoile unice ale clien\u021bilor no\u0219tri. Indiferent dac\u0103 ave\u021bi nevoie de cabluri standard sau de modele foarte specializate, echipa noastr\u0103 este dedicat\u0103 furniz\u0103rii de solu\u021bii personalizate, de \u00eenalt\u0103 performan\u021b\u0103, care asigur\u0103 func\u021bionalitate \u0219i eficien\u021b\u0103 optime. Cu zeci de ani de experien\u021b\u0103 \u0219i un angajament fa\u021b\u0103 de excelen\u021b\u0103, suntem partenerul dvs. de \u00eencredere pentru toate nevoile dvs. de cabluri.<\/p>\n<div class=\"row\"  id=\"row-834434227\">\n\n\t<div id=\"col-765807347\" class=\"col medium-6 small-12 large-6\"  >\n\t\t\t\t<div class=\"col-inner\"  >\n\t\t\t\n\t\t\t\n\t<div class=\"img has-hover x md-x lg-x y md-y lg-y\" id=\"image_1433267021\">\n\t\t\t\t\t\t\t\t<div class=\"img-inner image-cover dark\" style=\"padding-top:95%;\">\n\t\t\t<img loading=\"lazy\" decoding=\"async\" width=\"800\" height=\"800\" src=\"https:\/\/rifengcable.com\/wp-content\/uploads\/2025\/03\/Rifeng-cable-custom1.jpg\" class=\"attachment-original size-original\" alt=\"Cablu Rifeng personalizat\" srcset=\"https:\/\/rifengcable.com\/wp-content\/uploads\/2025\/03\/Rifeng-cable-custom1.jpg 800w, https:\/\/rifengcable.com\/wp-content\/uploads\/2025\/03\/Rifeng-cable-custom1-300x300.jpg 300w, https:\/\/rifengcable.com\/wp-content\/uploads\/2025\/03\/Rifeng-cable-custom1-150x150.jpg 150w, https:\/\/rifengcable.com\/wp-content\/uploads\/2025\/03\/Rifeng-cable-custom1-768x768.jpg 768w, https:\/\/rifengcable.com\/wp-content\/uploads\/2025\/03\/Rifeng-cable-custom1-12x12.jpg 12w, https:\/\/rifengcable.com\/wp-content\/uploads\/2025\/03\/Rifeng-cable-custom1-600x600.jpg 600w, https:\/\/rifengcable.com\/wp-content\/uploads\/2025\/03\/Rifeng-cable-custom1-100x100.jpg 100w\" sizes=\"auto, (max-width: 800px) 100vw, 800px\" title=\"\">\t\t\t\t\t\t\n\t\t\t\t\t<\/div>\n\t\t\t\t\t\t\t\t\n<style>\n#image_1433267021 {\n  width: 100%;\n}\n<\/style>\n\t<\/div>\n\t\n\t\t<\/div>\n\t\t\t\t\t<\/div>\n\n\t\n\n\t<div id=\"col-379758384\" class=\"col medium-6 small-12 large-6\"  >\n\t\t\t\t<div class=\"col-inner\"  >\n\t\t\t\n\t\t\t\n<p><strong>1. Design personalizat<\/strong><\/p>\n<p>Fiecare proiect este unic, a\u0219a cum sunt \u0219i solu\u021biile noastre. Serviciul nostru personalizat de proiectare a cablurilor asigur\u0103 c\u0103 fiecare produs este proiectat pentru a \u00eendeplini cerin\u021bele dvs. tehnice \u0219i opera\u021bionale specifice. De la selectarea materialelor la specifica\u021biile de performan\u021b\u0103, lucr\u0103m \u00eendeaproape cu dvs. pentru a crea cabluri care ofer\u0103 performan\u021b\u0103 \u0219i fiabilitate de neegalat.<\/p>\n<p><strong>2. Expertiza tehnic\u0103<\/strong><\/p>\n<p>Cu peste dou\u0103 decenii de experien\u021b\u0103 \u00een industria cablurilor, echipa noastr\u0103 de exper\u021bi aduce cuno\u0219tin\u021be tehnice de neegalat pentru fiecare proiect. Oferim asisten\u021b\u0103 tehnic\u0103 personalizat\u0103 pentru a v\u0103 ghida \u00een fiecare etap\u0103, de la consultan\u021ba ini\u021bial\u0103 p\u00e2n\u0103 la implementarea final\u0103.<\/p>\n<p><strong>3. Solu\u021bii integrate<\/strong><\/p>\n<p>Nu furniz\u0103m doar cabluri - oferim solu\u021bii integrate care acoper\u0103 fiecare aspect al proiectului dumneavoastr\u0103. De la proiectarea ini\u021bial\u0103 \u0219i crearea prototipurilor p\u00e2n\u0103 la produc\u021bie, testare \u0219i livrare, gestion\u0103m \u00eentregul proces pentru a asigura o execu\u021bie f\u0103r\u0103 probleme \u0219i rezultate superioare.<\/p>\n\t\t<\/div>\n\t\t\t\t\t<\/div>\n\n\t\n<\/div>\n\t\t<\/div>\n\t\t\t\t\t<\/div>\n\n\t\n<\/div>\n\t\t<\/div>\n\n\t\t\n<style>\n#section_762248054 {\n  padding-top: 30px;\n  padding-bottom: 30px;\n}\n<\/style>\n\t<\/section>\n\t\n\t<section class=\"section\" id=\"section_1727392006\">\n\t\t<div class=\"bg section-bg fill bg-fill  bg-loaded\" >\n\n\t\t\t\n\t\t\t\n\t\t\t\n\n\t\t<\/div>\n\n\t\t\n\n\t\t<div class=\"section-content relative\">\n\t\t\t\n<div class=\"row\"  id=\"row-1601469968\">\n\n\t<div id=\"col-479008073\" class=\"col small-12 large-12\"  >\n\t\t\t\t<div class=\"col-inner\"  >\n\t\t\t\n\t\t\t\n<h2 style=\"text-align: center;\">Aplica\u021bii variate pentru cabluri \u00een toate industriile<\/h2>\n<p style=\"text-align: left;\">Cablurile sunt leg\u0103tura vital\u0103 a infrastructurii moderne, permi\u021b\u00e2nd conectivitatea, alimentarea \u0219i comunicarea \u00een nenum\u0103rate industrii. La Rifeng, oferim solu\u021bii de cabluri de \u00eenalt\u0103 performan\u021b\u0103 care r\u0103spund nevoilor diverse ale diferitelor sectoare. De la energie \u0219i telecomunica\u021bii la transport \u0219i energie regenerabil\u0103, cablurile noastre sunt proiectate pentru a oferi fiabilitate, eficien\u021b\u0103 \u0219i durabilitate chiar \u0219i \u00een cele mai solicitante medii. Explora\u021bi modul \u00een care solu\u021biile noastre alimenteaz\u0103 lumea din jurul nostru.<\/p>\n<div class=\"row\"  id=\"row-598622924\">\n\n\t<div id=\"col-357876442\" class=\"col medium-6 small-12 large-6\"  >\n\t\t\t\t<div class=\"col-inner\"  >\n\t\t\t\n\t\t\t\n\t<div class=\"img has-hover x md-x lg-x y md-y lg-y\" id=\"image_1323707945\">\n\t\t\t\t\t\t\t\t<div class=\"img-inner image-cover dark\" style=\"padding-top:60%;\">\n\t\t\t<img loading=\"lazy\" decoding=\"async\" width=\"800\" height=\"550\" src=\"https:\/\/rifengcable.com\/wp-content\/uploads\/2025\/03\/energy-power1.jpg\" class=\"attachment-original size-original\" alt=\"Energie \u0219i putere\" srcset=\"https:\/\/rifengcable.com\/wp-content\/uploads\/2025\/03\/energy-power1.jpg 800w, https:\/\/rifengcable.com\/wp-content\/uploads\/2025\/03\/energy-power1-300x206.jpg 300w, https:\/\/rifengcable.com\/wp-content\/uploads\/2025\/03\/energy-power1-768x528.jpg 768w, https:\/\/rifengcable.com\/wp-content\/uploads\/2025\/03\/energy-power1-18x12.jpg 18w, https:\/\/rifengcable.com\/wp-content\/uploads\/2025\/03\/energy-power1-600x413.jpg 600w\" sizes=\"auto, (max-width: 800px) 100vw, 800px\" title=\"\">\t\t\t\t\t\t\n\t\t\t\t\t<\/div>\n\t\t\t\t\t\t\t\t\n<style>\n#image_1323707945 {\n  width: 100%;\n}\n<\/style>\n\t<\/div>\n\t\n\t\t<\/div>\n\t\t\t\t\t<\/div>\n\n\t\n\n\t<div id=\"col-1643603719\" class=\"col medium-6 small-12 large-6\"  >\n\t\t\t\t<div class=\"col-inner\"  >\n\t\t\t\n\t\t\t\n<h3>1. Energie \u0219i putere<\/h3>\n<p>Alimentarea lumii cu solu\u021bii fiabile<br \/>\nCablurile noastre se afl\u0103 \u00een centrul gener\u0103rii, transportului \u0219i distribu\u021biei de energie. Fie c\u0103 este vorba de linii de transport de \u00eenalt\u0103 tensiune sau de re\u021bele de distribu\u021bie complexe, furniz\u0103m cabluri care asigur\u0103 o alimentare eficient\u0103 \u0219i ne\u00eentrerupt\u0103 cu energie.<\/p>\n<ul>\n<li><strong>Aplica\u021bii<\/strong>:\n<ul>\n<li>Cabluri de transmisie de \u00eenalt\u0103 tensiune.<\/li>\n<li>Cabluri electrice subterane \u0219i submarine.<\/li>\n<li>Re\u021bele de distribu\u021bie pentru zonele urbane \u0219i rurale.<\/li>\n<\/ul>\n<\/li>\n<\/ul>\n\t\t<\/div>\n\t\t\t\t\t<\/div>\n\n\t\n<\/div>\n<div class=\"row\"  id=\"row-199777829\">\n\n\t<div id=\"col-362322547\" class=\"col medium-6 small-12 large-6\"  >\n\t\t\t\t<div class=\"col-inner\"  >\n\t\t\t\n\t\t\t\n<h3>2. Telecomunica\u021bii<\/h3>\n<p>Permiterea conectivit\u0103\u021bii f\u0103r\u0103 \u00eentreruperi<br \/>\n\u00cen lumea rapid\u0103 a telecomunica\u021biilor, cablurile noastre ofer\u0103 coloana vertebral\u0103 pentru transmiterea de date de mare vitez\u0103 \u0219i re\u021bele de comunica\u021bii fiabile. De la fibre optice la cabluri coaxiale, oferim solu\u021bii care men\u021bin lumea conectat\u0103.<\/p>\n<ul>\n<li><strong>Aplica\u021bii<\/strong>:\n<ul>\n<li>Cabluri de fibr\u0103 optic\u0103 pentru internet de mare vitez\u0103.<\/li>\n<li>Cabluri coaxiale pentru re\u021bele TV \u0219i de band\u0103 larg\u0103.<\/li>\n<li>Solu\u021bii de conectivitate pentru centre de date.<\/li>\n<\/ul>\n<\/li>\n<\/ul>\n\t\t<\/div>\n\t\t\t\t\t<\/div>\n\n\t\n\n\t<div id=\"col-1776692148\" class=\"col medium-6 small-12 large-6\"  >\n\t\t\t\t<div class=\"col-inner\"  >\n\t\t\t\n\t\t\t\n\t<div class=\"img has-hover x md-x lg-x y md-y lg-y\" id=\"image_1046964755\">\n\t\t\t\t\t\t\t\t<div class=\"img-inner image-cover dark\" style=\"padding-top:65%;\">\n\t\t\t<img loading=\"lazy\" decoding=\"async\" width=\"800\" height=\"450\" src=\"https:\/\/rifengcable.com\/wp-content\/uploads\/2025\/03\/telecommunication1.jpg\" class=\"attachment-original size-original\" alt=\"telecomunica\u021bii\" srcset=\"https:\/\/rifengcable.com\/wp-content\/uploads\/2025\/03\/telecommunication1.jpg 800w, https:\/\/rifengcable.com\/wp-content\/uploads\/2025\/03\/telecommunication1-300x169.jpg 300w, https:\/\/rifengcable.com\/wp-content\/uploads\/2025\/03\/telecommunication1-768x432.jpg 768w, https:\/\/rifengcable.com\/wp-content\/uploads\/2025\/03\/telecommunication1-18x10.jpg 18w, https:\/\/rifengcable.com\/wp-content\/uploads\/2025\/03\/telecommunication1-600x338.jpg 600w\" sizes=\"auto, (max-width: 800px) 100vw, 800px\" title=\"\">\t\t\t\t\t\t\n\t\t\t\t\t<\/div>\n\t\t\t\t\t\t\t\t\n<style>\n#image_1046964755 {\n  width: 100%;\n}\n<\/style>\n\t<\/div>\n\t\n\t\t<\/div>\n\t\t\t\t\t<\/div>\n\n\t\n<\/div>\n\t\t<\/div>\n\t\t\t\t\t<\/div>\n\n\t\n<\/div>\n\t\t<\/div>\n\n\t\t\n<style>\n#section_1727392006 {\n  padding-top: 30px;\n  padding-bottom: 30px;\n  background-color: rgba(0, 0, 0, 0.07);\n}\n<\/style>\n\t<\/section>\n\t\n\t<section class=\"section\" id=\"section_98937399\">\n\t\t<div class=\"bg section-bg fill bg-fill  bg-loaded\" >\n\n\t\t\t\n\t\t\t\n\t\t\t\n\n\t\t<\/div>\n\n\t\t\n\n\t\t<div class=\"section-content relative\">\n\t\t\t\n<div class=\"row\"  id=\"row-434084780\">\n\n\t<div id=\"col-686115995\" class=\"col medium-6 small-12 large-6\"  >\n\t\t\t\t<div class=\"col-inner\"  >\n\t\t\t\n\t\t\t\n\t<div class=\"img has-hover x md-x lg-x y md-y lg-y\" id=\"image_1362867852\">\n\t\t\t\t\t\t\t\t<div class=\"img-inner image-cover dark\" style=\"padding-top:65%;\">\n\t\t\t<img loading=\"lazy\" decoding=\"async\" width=\"800\" height=\"432\" src=\"https:\/\/rifengcable.com\/wp-content\/uploads\/2025\/03\/Transportation-311.jpg\" class=\"attachment-original size-original\" alt=\"Transport\" srcset=\"https:\/\/rifengcable.com\/wp-content\/uploads\/2025\/03\/Transportation-311.jpg 800w, https:\/\/rifengcable.com\/wp-content\/uploads\/2025\/03\/Transportation-311-300x162.jpg 300w, https:\/\/rifengcable.com\/wp-content\/uploads\/2025\/03\/Transportation-311-768x415.jpg 768w, https:\/\/rifengcable.com\/wp-content\/uploads\/2025\/03\/Transportation-311-18x10.jpg 18w, https:\/\/rifengcable.com\/wp-content\/uploads\/2025\/03\/Transportation-311-600x324.jpg 600w\" sizes=\"auto, (max-width: 800px) 100vw, 800px\" title=\"\">\t\t\t\t\t\t\n\t\t\t\t\t<\/div>\n\t\t\t\t\t\t\t\t\n<style>\n#image_1362867852 {\n  width: 100%;\n}\n<\/style>\n\t<\/div>\n\t\n\t\t<\/div>\n\t\t\t\t\t<\/div>\n\n\t\n\n\t<div id=\"col-1343736004\" class=\"col medium-6 small-12 large-6\"  >\n\t\t\t\t<div class=\"col-inner\"  >\n\t\t\t\n\t\t\t\n<h3>3. Transport<\/h3>\n<p>Stimularea inov\u0103rii \u00een domeniul mobilit\u0103\u021bii<br \/>\nDe la c\u0103i ferate \u0219i automobile la industria aerospa\u021bial\u0103, cablurile noastre joac\u0103 un rol vital \u00een industria transporturilor. Acestea furnizeaz\u0103 energie, control \u0219i comunica\u021bii pentru vehicule \u0219i infrastructur\u0103, asigur\u00e2nd siguran\u021ba \u0219i eficien\u021ba.<\/p>\n<ul>\n<li><strong>Aplica\u021bii<\/strong>:\n<ul>\n<li>Cabluri de semnalizare feroviar\u0103 \u0219i cabluri electrice.<\/li>\n<li>Fascicule de cabluri auto.<\/li>\n<li>Cabluri aerospa\u021biale pentru sisteme de aeronave.<\/li>\n<\/ul>\n<\/li>\n<\/ul>\n\t\t<\/div>\n\t\t\t\t\t<\/div>\n\n\t\n<\/div>\n<div class=\"row\"  id=\"row-1781191661\">\n\n\t<div id=\"col-1420788730\" class=\"col medium-6 small-12 large-6\"  >\n\t\t\t\t<div class=\"col-inner\"  >\n\t\t\t\n\t\t\t\n<h3>4. Industrial<\/h3>\n<p>Stimularea cre\u0219terii industriale<br \/>\n\u00cen mediul industrial, cablurile noastre sunt esen\u021biale pentru alimentarea utilajelor, a sistemelor de automatizare \u0219i a re\u021belelor de control. Acestea sunt concepute pentru a rezista la medii dificile \u0219i pentru a asigura func\u021bionarea ne\u00eentrerupt\u0103.<\/p>\n<ul>\n<li><strong>Aplica\u021bii<\/strong>:\n<ul>\n<li>Cabluri pentru utilaje \u0219i echipamente grele.<\/li>\n<li>Cabluri pentru sisteme de automatizare \u0219i control.<\/li>\n<li>Robotic\u0103 \u0219i solu\u021bii de produc\u021bie.<\/li>\n<\/ul>\n<\/li>\n<\/ul>\n\t\t<\/div>\n\t\t\t\t\t<\/div>\n\n\t\n\n\t<div id=\"col-2033599056\" class=\"col medium-6 small-12 large-6\"  >\n\t\t\t\t<div class=\"col-inner\"  >\n\t\t\t\n\t\t\t\n\t<div class=\"img has-hover x md-x lg-x y md-y lg-y\" id=\"image_1833507896\">\n\t\t\t\t\t\t\t\t<div class=\"img-inner dark\" >\n\t\t\t<img loading=\"lazy\" decoding=\"async\" width=\"612\" height=\"409\" src=\"https:\/\/rifengcable.com\/wp-content\/uploads\/2025\/03\/Industrial.jpg\" class=\"attachment-original size-original\" alt=\"Industrial\" srcset=\"https:\/\/rifengcable.com\/wp-content\/uploads\/2025\/03\/Industrial.jpg 612w, https:\/\/rifengcable.com\/wp-content\/uploads\/2025\/03\/Industrial-300x200.jpg 300w, https:\/\/rifengcable.com\/wp-content\/uploads\/2025\/03\/Industrial-18x12.jpg 18w, https:\/\/rifengcable.com\/wp-content\/uploads\/2025\/03\/Industrial-600x401.jpg 600w\" sizes=\"auto, (max-width: 612px) 100vw, 612px\" title=\"\">\t\t\t\t\t\t\n\t\t\t\t\t<\/div>\n\t\t\t\t\t\t\t\t\n<style>\n#image_1833507896 {\n  width: 100%;\n}\n<\/style>\n\t<\/div>\n\t\n\t\t<\/div>\n\t\t\t\t\t<\/div>\n\n\t\n<\/div>\n\t\t<\/div>\n\n\t\t\n<style>\n#section_98937399 {\n  padding-top: 30px;\n  padding-bottom: 30px;\n}\n<\/style>\n\t<\/section>\n\t\n\t<section class=\"section\" id=\"section_1638191257\">\n\t\t<div class=\"bg section-bg fill bg-fill  bg-loaded\" >\n\n\t\t\t\n\t\t\t\n\t\t\t\n\n\t\t<\/div>\n\n\t\t\n\n\t\t<div class=\"section-content relative\">\n\t\t\t\n<div class=\"row\"  id=\"row-1853844463\">\n\n\t<div id=\"col-1613927748\" class=\"col medium-6 small-12 large-6\"  >\n\t\t\t\t<div class=\"col-inner\"  >\n\t\t\t\n\t\t\t\n\t<div class=\"img has-hover x md-x lg-x y md-y lg-y\" id=\"image_219350465\">\n\t\t\t\t\t\t\t\t<div class=\"img-inner dark\" >\n\t\t\t<img loading=\"lazy\" decoding=\"async\" width=\"800\" height=\"533\" src=\"https:\/\/rifengcable.com\/wp-content\/uploads\/2025\/03\/Renewable-Energy1.jpg\" class=\"attachment-original size-original\" alt=\"Energie regenerabil\u0103\" srcset=\"https:\/\/rifengcable.com\/wp-content\/uploads\/2025\/03\/Renewable-Energy1.jpg 800w, https:\/\/rifengcable.com\/wp-content\/uploads\/2025\/03\/Renewable-Energy1-300x200.jpg 300w, https:\/\/rifengcable.com\/wp-content\/uploads\/2025\/03\/Renewable-Energy1-768x512.jpg 768w, https:\/\/rifengcable.com\/wp-content\/uploads\/2025\/03\/Renewable-Energy1-18x12.jpg 18w, https:\/\/rifengcable.com\/wp-content\/uploads\/2025\/03\/Renewable-Energy1-600x400.jpg 600w\" sizes=\"auto, (max-width: 800px) 100vw, 800px\" title=\"\">\t\t\t\t\t\t\n\t\t\t\t\t<\/div>\n\t\t\t\t\t\t\t\t\n<style>\n#image_219350465 {\n  width: 100%;\n}\n<\/style>\n\t<\/div>\n\t\n\t\t<\/div>\n\t\t\t\t\t<\/div>\n\n\t\n\n\t<div id=\"col-794331518\" class=\"col medium-6 small-12 large-6\"  >\n\t\t\t\t<div class=\"col-inner\"  >\n\t\t\t\n\t\t\t\n<h3>5. Energie regenerabil\u0103<\/h3>\n<p>Sprijinirea unui viitor durabil<br \/>\nPe m\u0103sur\u0103 ce lumea se orienteaz\u0103 c\u0103tre energia regenerabil\u0103, cablurile noastre permit generarea \u0219i distribu\u021bia eficient\u0103 a energiei curate. De la parcuri eoliene la instala\u021bii solare, oferim solu\u021bii care sus\u021bin sistemele energetice durabile.<\/p>\n<ul>\n<li><strong>Aplica\u021bii<\/strong>:\n<ul>\n<li>Cabluri pentru sisteme de turbine eoliene.<\/li>\n<li>Cablarea \u0219i conectivitatea panourilor solare.<\/li>\n<li>Stocarea energiei \u0219i re\u021belele de distribu\u021bie.<\/li>\n<\/ul>\n<\/li>\n<\/ul>\n\t\t<\/div>\n\t\t\t\t\t<\/div>\n\n\t\n<\/div>\n\t\t<\/div>\n\n\t\t\n<style>\n#section_1638191257 {\n  padding-top: 30px;\n  padding-bottom: 30px;\n  background-color: #ededed;\n}\n<\/style>\n\t<\/section>\n\t\n\t<section class=\"section\" id=\"section_1741694323\">\n\t\t<div class=\"bg section-bg fill bg-fill  bg-loaded\" >\n\n\t\t\t\n\t\t\t\n\t\t\t\n\n\t\t<\/div>\n\n\t\t\n\n\t\t<div class=\"section-content relative\">\n\t\t\t\n<div class=\"row\"  id=\"row-1115015062\">\n\n\t<div id=\"col-2130291817\" class=\"col small-12 large-12\"  >\n\t\t\t\t<div class=\"col-inner\"  >\n\t\t\t\n\t\t\t\n<h2 style=\"text-align: center;\">Contacta\u021bi-ne<\/h2>\n\t\t<\/div>\n\t\t\t\t\t<\/div>\n\n\t\n<\/div>\n<div class=\"row\"  id=\"row-1822450858\">\n\n\t<div id=\"col-1002496391\" class=\"col small-12 large-12\"  >\n\t\t\t\t<div class=\"col-inner\"  >\n\t\t\t\n\t\t\t\n\n<div class=\"wpcf7 no-js\" id=\"wpcf7-f280-o1\" lang=\"en-US\" dir=\"ltr\" data-wpcf7-id=\"280\">\n<div class=\"screen-reader-response\"><p role=\"status\" aria-live=\"polite\" aria-atomic=\"true\"><\/p> <ul><\/ul><\/div>\n<form action=\"\/ro\/wp-json\/wp\/v2\/pages\/1622#wpcf7-f280-o1\" method=\"post\" class=\"wpcf7-form init\" aria-label=\"Formular de contact\" novalidate=\"novalidate\" data-status=\"init\" data-trp-original-action=\"\/ro\/wp-json\/wp\/v2\/pages\/1622#wpcf7-f280-o1\">\n<fieldset class=\"hidden-fields-container\"><input type=\"hidden\" name=\"_wpcf7\" value=\"280\" \/><input type=\"hidden\" name=\"_wpcf7_version\" value=\"6.1.1\" \/><input type=\"hidden\" name=\"_wpcf7_locale\" value=\"en_US\" \/><input type=\"hidden\" name=\"_wpcf7_unit_tag\" value=\"wpcf7-f280-o1\" \/><input type=\"hidden\" name=\"_wpcf7_container_post\" value=\"0\" \/><input type=\"hidden\" name=\"_wpcf7_posted_data_hash\" value=\"\" \/>\n<\/fieldset>\n<div class='custom_contact_style'>\n\t<div class=\"row row-small\">\n\t\t<div class=\"col medium-6 small-12 large-6\">\n\t\t\t<div class=\"col-inner\">\n\t\t\t\t<p><span class=\"wpcf7-form-control-wrap\" data-name=\"your-name\"><input size=\"40\" maxlength=\"400\" class=\"wpcf7-form-control wpcf7-text wpcf7-validates-as-required\" aria-required=\"true\" aria-invalid=\"false\" placeholder=\"Nume*\" value=\"\" type=\"text\" name=\"your-name\" \/><\/span>\n\t\t\t\t<\/p>\n\t\t\t<\/div>\n\t\t<\/div>\n\t\t<div class=\"col medium-6 small-12 large-6\">\n\t\t\t<div class=\"col-inner\">\n\t\t\t\t<p><span class=\"wpcf7-form-control-wrap\" data-name=\"your-email\"><input size=\"40\" maxlength=\"400\" class=\"wpcf7-form-control wpcf7-email wpcf7-validates-as-required wpcf7-text wpcf7-validates-as-email\" aria-required=\"true\" aria-invalid=\"false\" placeholder=\"E-mail*\" value=\"\" type=\"email\" name=\"your-email\" \/><\/span>\n\t\t\t\t<\/p>\n\t\t\t<\/div>\n\t\t<\/div>\n\t<\/div>\n\t<div class='cus_contact_form_bottom'>\n\t\t<p><span class=\"wpcf7-form-control-wrap\" data-name=\"your-phone\"><input size=\"40\" maxlength=\"400\" class=\"wpcf7-form-control wpcf7-text\" aria-invalid=\"false\" placeholder=\"Telefon\" value=\"\" type=\"text\" name=\"your-phone\" \/><\/span>\n\t\t<\/p>\n\t<\/div>\n\t<div class='cus_contact_form_bottom'>\n\t\t<p><span class=\"wpcf7-form-control-wrap\" data-name=\"your-country\"><input size=\"40\" maxlength=\"400\" class=\"wpcf7-form-control wpcf7-text\" aria-invalid=\"false\" placeholder=\"\u021aara\" value=\"\" type=\"text\" name=\"your-country\" \/><\/span>\n\t\t<\/p>\n\t<\/div>\n\t<p><span class=\"wpcf7-form-control-wrap\" data-name=\"your-message\"><textarea cols=\"40\" rows=\"10\" maxlength=\"2000\" class=\"wpcf7-form-control wpcf7-textarea wpcf7-validates-as-required\" aria-required=\"true\" aria-invalid=\"false\" placeholder=\"Mesajul dumneavoastr\u0103 *\" name=\"your-message\"><\/textarea><\/span>\n\t<\/p>\n\t<div style=\"margin-bottom:10px;\">\n\t\t<p><span class=\"wpcf7-form-control-wrap kc_captcha cf7ic-toggle\" data-name=\"kc_captcha\"><span class=\"wpcf7-form-control wpcf7-radio\"><span class=\"captcha-image\" style=\"display: none;\"><span class=\"cf7ic_instructions\">V\u0103 rug\u0103m s\u0103 dovedi\u021bi c\u0103 sunte\u021bi om select\u00e2nd<span> steag<\/span>.<\/span><label><input aria-label=\"1\" type=\"radio\" name=\"kc_captcha\" value=\"bot\" \/><svg aria-hidden=\"true\" role=\"img\" xmlns=\"http:\/\/www.w3.org\/2000\/svg\" viewbox=\"0 0 576 512\"><path fill=\"currentColor\" d=\"M488 313v143c0 13-11 24-24 24H348c-7 0-12-5-12-12V356c0-7-5-12-12-12h-72c-7 0-12 5-12 12v112c0 7-5 12-12 12H112c-13 0-24-11-24-24V313c0-4 2-7 4-10l188-154c5-4 11-4 16 0l188 154c2 3 4 6 4 10zm84-61l-84-69V44c0-6-5-12-12-12h-56c-7 0-12 6-12 12v73l-89-74a48 48 0 00-61 0L4 252c-5 4-5 12-1 17l25 31c5 5 12 5 17 1l235-193c5-4 11-4 16 0l235 193c5 5 13 4 17-1l25-31c4-6 4-13-1-17z\"\/><\/svg><\/label><label><input aria-label=\"2\" type=\"radio\" name=\"kc_captcha\" value=\"kc_human\" \/><svg aria-hidden=\"true\" role=\"img\" xmlns=\"http:\/\/www.w3.org\/2000\/svg\" viewbox=\"0 0 512 512\"><path fill=\"currentColor\" d=\"M350 99c-54 0-98-35-166-35-25 0-47 4-68 12a56 56 0 004-24C118 24 95 1 66 0a56 56 0 00-34 102v386c0 13 11 24 24 24h16c13 0 24-11 24-24v-94c28-12 64-23 114-23 54 0 98 35 166 35 48 0 86-16 122-41 9-6 14-15 14-26V96c0-23-24-39-45-29-35 16-77 32-117 32z\"\/><\/svg><\/label><label><input aria-label=\"3\" type=\"radio\" name=\"kc_captcha\" value=\"bot\" \/><svg aria-hidden=\"true\" role=\"img\" xmlns=\"http:\/\/www.w3.org\/2000\/svg\" viewbox=\"0 0 512 512\"><path fill=\"currentColor\" d=\"M512 176a176 176 0 01-209 173l-24 27a24 24 0 01-18 8h-37v40c0 13-11 24-24 24h-40v40c0 13-11 24-24 24H24c-13 0-24-11-24-24v-78c0-6 3-13 7-17l162-162a176 176 0 11343-55zm-176-48a48 48 0 1096 0 48 48 0 00-96 0z\"\/><\/svg><\/label>\r\n    <\/span>\r\n    <span style=\"display:none\">\r\n        <input type=\"text\" name=\"kc_honeypot\">\r\n    <\/span><\/span><\/span>\n\t\t<\/p>\n\t<\/div>\n\t<p><input class=\"wpcf7-form-control wpcf7-submit has-spinner\" type=\"submit\" value=\"Trimite mesaj\" \/>\n\t<\/p>\n<\/div><div class=\"wpcf7-response-output\" aria-hidden=\"true\"><\/div>\n<input type=\"hidden\" name=\"trp-form-language\" value=\"ro\"\/><\/form>\n<\/div>\n\n\t\t<\/div>\n\t\t\t\t\t<\/div>\n\n\t\n<\/div>\n\t\t<\/div>\n\n\t\t\n<style>\n#section_1741694323 {\n  padding-top: 30px;\n  padding-bottom: 30px;\n}\n<\/style>\n\t<\/section>","protected":false},"excerpt":{"rendered":"","protected":false},"author":3,"featured_media":0,"parent":0,"menu_order":0,"comment_status":"closed","ping_status":"closed","template":"page-blank.php","meta":{"footnotes":""},"class_list":["post-1622","page","type-page","status-publish","hentry"],"_links":{"self":[{"href":"https:\/\/rifengcable.com\/ro\/wp-json\/wp\/v2\/pages\/1622","targetHints":{"allow":["GET"]}}],"collection":[{"href":"https:\/\/rifengcable.com\/ro\/wp-json\/wp\/v2\/pages"}],"about":[{"href":"https:\/\/rifengcable.com\/ro\/wp-json\/wp\/v2\/types\/page"}],"author":[{"embeddable":true,"href":"https:\/\/rifengcable.com\/ro\/wp-json\/wp\/v2\/users\/3"}],"replies":[{"embeddable":true,"href":"https:\/\/rifengcable.com\/ro\/wp-json\/wp\/v2\/comments?post=1622"}],"version-history":[{"count":20,"href":"https:\/\/rifengcable.com\/ro\/wp-json\/wp\/v2\/pages\/1622\/revisions"}],"predecessor-version":[{"id":2134,"href":"https:\/\/rifengcable.com\/ro\/wp-json\/wp\/v2\/pages\/1622\/revisions\/2134"}],"wp:attachment":[{"href":"https:\/\/rifengcable.com\/ro\/wp-json\/wp\/v2\/media?parent=1622"}],"curies":[{"name":"wp","href":"https:\/\/api.w.org\/{rel}","templated":true}]}}