{"id":1617,"date":"2025-02-25T02:41:58","date_gmt":"2025-02-25T02:41:58","guid":{"rendered":"https:\/\/rifengcable.com\/?page_id=1617"},"modified":"2025-03-11T03:46:39","modified_gmt":"2025-03-11T03:46:39","slug":"cable-service","status":"publish","type":"page","link":"https:\/\/rifengcable.com\/ro\/cable-service\/","title":{"rendered":"Suport pentru servicii"},"content":{"rendered":"<div class=\"banner has-hover\" id=\"banner-2053278944\">\n          <div class=\"banner-inner fill\">\n        <div class=\"banner-bg fill\" >\n            <div class=\"bg fill bg-fill\"><\/div>\n                                    \n                    <\/div>\n\t\t\n        <div class=\"banner-layers container\">\n            <div class=\"fill banner-link\"><\/div>            \n   <div id=\"text-box-1881263028\" class=\"text-box banner-layer x50 md-x50 lg-x50 y50 md-y50 lg-y50 res-text\">\n                                <div class=\"text-box-content text dark\">\n              \n              <div class=\"text-inner text-center\">\n                  \n<h1 style=\"text-align: center;\">Suport pentru servicii<\/h1>\n              <\/div>\n           <\/div>\n                            \n<style>\n#text-box-1881263028 {\n  width: 60%;\n}\n#text-box-1881263028 .text-box-content {\n  font-size: 100%;\n}\n<\/style>\n    <\/div>\n \n        <\/div>\n      <\/div>\n\n            \n<style>\n#banner-2053278944 {\n  padding-top: 165px;\n  background-color: rgba(0, 0, 0, 0.384);\n}\n<\/style>\n  <\/div>\n\n\n\t<section class=\"section\" id=\"section_1159556395\">\n\t\t<div class=\"bg section-bg fill bg-fill  bg-loaded\" >\n\n\t\t\t\n\t\t\t\n\t\t\t\n\n\t\t<\/div>\n\n\t\t\n\n\t\t<div class=\"section-content relative\">\n\t\t\t\n<div class=\"row\"  id=\"row-1681698129\">\n\n\t<div id=\"col-892685302\" class=\"col small-12 large-12\"  >\n\t\t\t\t<div class=\"col-inner\"  >\n\t\t\t\n\t\t\t\n<h2><strong>I. Filosofia serviciului<\/strong><\/h2>\n<p>Ne propunem s\u0103 c\u00e2\u0219tig\u0103m clien\u021bi prin furnizarea de produse \u0219i solu\u021bii personalizate, cre\u00e2nd \u00een acela\u0219i timp valoare durabil\u0103 prin serviciile noastre profesionale.<\/p>\n<h2><strong>II. Angajamentul fa\u021b\u0103 de serviciile prin cablu<\/strong><\/h2>\n<p><strong>1. Servicii \u00eenainte de v\u00e2nzare<\/strong><\/p>\n<p>1.1\u00a0<strong>Echipa de exper\u021bi a proiectului<\/strong>: Sprijinit\u0103 de peste 20 de ani de experien\u021b\u0103 \u00een industria cablurilor, echipa noastr\u0103 tehnic\u0103 calificat\u0103 ofer\u0103 asisten\u021b\u0103 personalizat\u0103, unu la unu.<\/p>\n<p>1.2\u00a0<strong>Proiectare personalizat\u0103 a produselor<\/strong>: Fiecare produs este conceput meticulos pentru a \u00eendeplini cerin\u021bele unice ale clien\u021bilor no\u0219tri.<\/p>\n<p>1.3\u00a0<strong>Solu\u021bii integrate<\/strong>: Oferim solu\u021bii complete adaptate la nevoile actuale \u0219i la cre\u0219terea viitoare a clien\u021bilor no\u0219tri.<\/p>\n<p><strong>2. Servicii la achizi\u021bie<\/strong><\/p>\n<p>2.1\u00a0<strong>Urm\u0103rirea progresului proiectului<\/strong>: Monitorizarea \u00een timp real, 24 de ore din 24, a progresului proiectului pentru a asigura \u00eendeplinirea la timp a cerin\u021belor clientului.<\/p>\n<p>2.2\u00a0<strong>Comunicare eficient\u0103<\/strong>: Comunicare \u0219i coordonare 24 de ore din 24 pentru a alinia resursele \u0219i cererile, asigur\u00e2nd satisfac\u021bia deplin\u0103 a clien\u021bilor.<\/p>\n<p>2.3\u00a0<strong>Asigurarea calit\u0103\u021bii<\/strong>: Monitorizarea riguroas\u0103, 24 de ore din 24, a materiilor prime \u0219i a calit\u0103\u021bii produselor, inclusiv testarea la stres \u00een condi\u021bii dure simulate, pentru a garanta rezultate superioare.<\/p>\n<p><strong>3. Servicii postcomercializare<\/strong><\/p>\n<p>3.1\u00a0<strong>Comunicare prompt\u0103<\/strong>: Suport dedicat 24 de ore din 24 pentru consultan\u021b\u0103 \u0219i asisten\u021b\u0103 profesional\u0103.<\/p>\n<p>3.2\u00a0<strong>R\u0103spuns rapid<\/strong>: Un mecanism de r\u0103spuns \u00een 24 de ore asigur\u0103 servicii la fa\u021ba locului \u00een timp util pentru a r\u0103spunde nevoilor clien\u021bilor.<\/p>\n<p>3.3\u00a0<strong>\u00cembun\u0103t\u0103\u021birea continu\u0103<\/strong>: Livrarea unui raport 8D \u00een termen de 72 de ore pentru a rezolva problemele la r\u0103d\u0103cin\u0103 \u0219i a stimula crearea continu\u0103 de valoare pentru clien\u021bi.<\/p>\n\t\t<\/div>\n\t\t\t\t\t<\/div>\n\n\t\n<\/div>\n\t\t<\/div>\n\n\t\t\n<style>\n#section_1159556395 {\n  padding-top: 30px;\n  padding-bottom: 30px;\n}\n<\/style>\n\t<\/section>","protected":false},"excerpt":{"rendered":"","protected":false},"author":3,"featured_media":0,"parent":0,"menu_order":0,"comment_status":"closed","ping_status":"closed","template":"page-blank.php","meta":{"footnotes":""},"class_list":["post-1617","page","type-page","status-publish","hentry"],"_links":{"self":[{"href":"https:\/\/rifengcable.com\/ro\/wp-json\/wp\/v2\/pages\/1617","targetHints":{"allow":["GET"]}}],"collection":[{"href":"https:\/\/rifengcable.com\/ro\/wp-json\/wp\/v2\/pages"}],"about":[{"href":"https:\/\/rifengcable.com\/ro\/wp-json\/wp\/v2\/types\/page"}],"author":[{"embeddable":true,"href":"https:\/\/rifengcable.com\/ro\/wp-json\/wp\/v2\/users\/3"}],"replies":[{"embeddable":true,"href":"https:\/\/rifengcable.com\/ro\/wp-json\/wp\/v2\/comments?post=1617"}],"version-history":[{"count":6,"href":"https:\/\/rifengcable.com\/ro\/wp-json\/wp\/v2\/pages\/1617\/revisions"}],"predecessor-version":[{"id":2077,"href":"https:\/\/rifengcable.com\/ro\/wp-json\/wp\/v2\/pages\/1617\/revisions\/2077"}],"wp:attachment":[{"href":"https:\/\/rifengcable.com\/ro\/wp-json\/wp\/v2\/media?parent=1617"}],"curies":[{"name":"wp","href":"https:\/\/api.w.org\/{rel}","templated":true}]}}