{"id":1615,"date":"2025-02-25T02:41:24","date_gmt":"2025-02-25T02:41:24","guid":{"rendered":"https:\/\/rifengcable.com\/?page_id=1615"},"modified":"2025-03-11T03:21:52","modified_gmt":"2025-03-11T03:21:52","slug":"company-culture-of-cable-company","status":"publish","type":"page","link":"https:\/\/rifengcable.com\/ro\/company-culture-of-cable-company\/","title":{"rendered":"Cultura companiei"},"content":{"rendered":"<div class=\"banner has-hover\" id=\"banner-327740337\">\n          <div class=\"banner-inner fill\">\n        <div class=\"banner-bg fill\" >\n            <div class=\"bg fill bg-fill\"><\/div>\n                                    \n                    <\/div>\n\t\t\n        <div class=\"banner-layers container\">\n            <div class=\"fill banner-link\"><\/div>            \n   <div id=\"text-box-1243035318\" class=\"text-box banner-layer x50 md-x50 lg-x50 y50 md-y50 lg-y50 res-text\">\n                                <div class=\"text-box-content text dark\">\n              \n              <div class=\"text-inner text-center\">\n                  \n<h1>Cultura companiei Rifeng Cable Company<\/h1>\n              <\/div>\n           <\/div>\n                            \n<style>\n#text-box-1243035318 {\n  width: 100%;\n}\n#text-box-1243035318 .text-box-content {\n  font-size: 100%;\n}\n<\/style>\n    <\/div>\n \n        <\/div>\n      <\/div>\n\n            \n<style>\n#banner-327740337 {\n  padding-top: 165px;\n  background-color: rgba(0, 0, 0, 0.384);\n}\n<\/style>\n  <\/div>\n\n\n\t<section class=\"section\" id=\"section_531949996\">\n\t\t<div class=\"bg section-bg fill bg-fill  bg-loaded\" >\n\n\t\t\t\n\t\t\t\n\t\t\t\n\n\t\t<\/div>\n\n\t\t\n\n\t\t<div class=\"section-content relative\">\n\t\t\t\n<div class=\"row\"  id=\"row-1780383045\">\n\n\t<div id=\"col-1527820979\" class=\"col small-12 large-12\"  >\n\t\t\t\t<div class=\"col-inner\"  >\n\t\t\t\n\t\t\t\n<h2 style=\"text-align: center;\"><strong>Integritate, lupt\u0103, c\u00e2\u0219tig-c\u00e2\u0219tig: valorile de baz\u0103 ale unei companii de cablu de top<\/strong><\/h2>\n\t\t<\/div>\n\t\t\t\t\t<\/div>\n\n\t\n<\/div>\n<div class=\"row\"  id=\"row-194019547\">\n\n\t<div id=\"col-1902791751\" class=\"col small-12 large-12\"  >\n\t\t\t\t<div class=\"col-inner\"  >\n\t\t\t\n\t\t\t\n<p>Operarea unei companii de cablu de succes necesit\u0103 o baz\u0103 de integritate, o lupt\u0103 ne\u00eencetat\u0103 \u0219i un angajament de a ob\u021bine rezultate favorabile tuturor. Pentru a prospera \u00een aceast\u0103 industrie competitiv\u0103, o companie trebuie s\u0103 fie credibil\u0103, consecvent\u0103 \u0219i dedicat\u0103 \u00eembun\u0103t\u0103\u021birii continue. De asemenea, trebuie s\u0103 promoveze un spirit de colaborare \u00eentre clien\u021bi, angaja\u021bi \u0219i ac\u021bionari pentru a asigura beneficii reciproce. De ani de zile, Rifeng a \u00eentruchipat aceste principii, av\u00e2nd ca misiune \"Furnizarea de solu\u021bii personalizate pentru utilizatorii globali de cabluri\" \u0219i depun\u00e2nd eforturi neobosite pentru a-\u0219i atinge viziunea corporativ\u0103.<\/p>\n\t\t<\/div>\n\t\t\t\t\t<\/div>\n\n\t\n<\/div>\n\t\t<\/div>\n\n\t\t\n<style>\n#section_531949996 {\n  padding-top: 30px;\n  padding-bottom: 30px;\n}\n<\/style>\n\t<\/section>\n\t\n\t<section class=\"section\" id=\"section_1380666743\">\n\t\t<div class=\"bg section-bg fill bg-fill  bg-loaded\" >\n\n\t\t\t\n\t\t\t\n\t\t\t\n\n\t\t<\/div>\n\n\t\t\n\n\t\t<div class=\"section-content relative\">\n\t\t\t\n<div class=\"row\"  id=\"row-1549836996\">\n\n\t<div id=\"col-1369900007\" class=\"col small-12 large-12\"  >\n\t\t\t\t<div class=\"col-inner\"  >\n\t\t\t\n\t\t\t\n\t<div class=\"img has-hover x md-x lg-x y md-y lg-y\" id=\"image_326420206\">\n\t\t\t\t\t\t\t\t<div class=\"img-inner image-cover dark\" style=\"padding-top:45%;\">\n\t\t\t<img loading=\"lazy\" decoding=\"async\" width=\"700\" height=\"400\" src=\"https:\/\/rifengcable.com\/wp-content\/uploads\/2025\/03\/Integrity.jpg\" class=\"attachment-original size-original\" alt=\"Integritate\" srcset=\"https:\/\/rifengcable.com\/wp-content\/uploads\/2025\/03\/Integrity.jpg 700w, https:\/\/rifengcable.com\/wp-content\/uploads\/2025\/03\/Integrity-300x171.jpg 300w, https:\/\/rifengcable.com\/wp-content\/uploads\/2025\/03\/Integrity-18x10.jpg 18w, https:\/\/rifengcable.com\/wp-content\/uploads\/2025\/03\/Integrity-600x343.jpg 600w\" sizes=\"auto, (max-width: 700px) 100vw, 700px\" title=\"\">\t\t\t\t\t\t\n\t\t\t\t\t<\/div>\n\t\t\t\t\t\t\t\t\n<style>\n#image_326420206 {\n  width: 100%;\n}\n<\/style>\n\t<\/div>\n\t\n\t\t<\/div>\n\t\t\t\t\t<\/div>\n\n\t\n<\/div>\n<div class=\"row\"  id=\"row-1441149876\">\n\n\t<div id=\"col-1701940635\" class=\"col small-12 large-12\"  >\n\t\t\t\t<div class=\"col-inner\"  >\n\t\t\t\n\t\t\t\n<p style=\"text-align: center;\"><strong>Integritate<\/strong>: R\u0103m\u00e2ne\u021bi fermi pe pia\u021ba global\u0103 numai dac\u0103 sunte\u021bi demni de \u00eencredere \u0219i fiabili. Integritatea este piatra de temelie a succesului durabil.<\/p>\n\t\t<\/div>\n\t\t\t\t\t<\/div>\n\n\t\n<\/div>\n\t\t<\/div>\n\n\t\t\n<style>\n#section_1380666743 {\n  padding-top: 30px;\n  padding-bottom: 30px;\n  background-color: rgb(236, 236, 236);\n}\n<\/style>\n\t<\/section>\n\t\n\t<section class=\"section\" id=\"section_1282637124\">\n\t\t<div class=\"bg section-bg fill bg-fill  bg-loaded\" >\n\n\t\t\t\n\t\t\t\n\t\t\t\n\n\t\t<\/div>\n\n\t\t\n\n\t\t<div class=\"section-content relative\">\n\t\t\t\n<div class=\"row\"  id=\"row-1872086105\">\n\n\t<div id=\"col-1449661565\" class=\"col small-12 large-12\"  >\n\t\t\t\t<div class=\"col-inner\"  >\n\t\t\t\n\t\t\t\n\t<div class=\"img has-hover x md-x lg-x y md-y lg-y\" id=\"image_1021654389\">\n\t\t\t\t\t\t\t\t<div class=\"img-inner image-cover dark\" style=\"padding-top:45%;\">\n\t\t\t<img loading=\"lazy\" decoding=\"async\" width=\"600\" height=\"390\" src=\"https:\/\/rifengcable.com\/wp-content\/uploads\/2025\/03\/struggle.webp\" class=\"attachment-original size-original\" alt=\"lupt\u0103\" srcset=\"https:\/\/rifengcable.com\/wp-content\/uploads\/2025\/03\/struggle.webp 600w, https:\/\/rifengcable.com\/wp-content\/uploads\/2025\/03\/struggle-300x195.webp 300w, https:\/\/rifengcable.com\/wp-content\/uploads\/2025\/03\/struggle-18x12.webp 18w\" sizes=\"auto, (max-width: 600px) 100vw, 600px\" title=\"\">\t\t\t\t\t\t\n\t\t\t\t\t<\/div>\n\t\t\t\t\t\t\t\t\n<style>\n#image_1021654389 {\n  width: 100%;\n}\n<\/style>\n\t<\/div>\n\t\n\t\t<\/div>\n\t\t\t\t\t<\/div>\n\n\t\n<\/div>\n<div class=\"row\"  id=\"row-1077128211\">\n\n\t<div id=\"col-1271440864\" class=\"col small-12 large-12\"  >\n\t\t\t\t<div class=\"col-inner\"  >\n\t\t\t\n\t\t\t\n<p style=\"text-align: center;\"><strong>Lupta<\/strong>: \u00cen lumea dinamic\u0103 a solu\u021biilor pentru cabluri, efortul \u0219i dedicarea neobosite sunt esen\u021biale pentru dep\u0103\u0219irea provoc\u0103rilor \u0219i ob\u021binerea cre\u0219terii. Numai prin eforturi sus\u021binute, o companie \u00ee\u0219i poate asigura locul \u00een industrie.<\/p>\n\t\t<\/div>\n\t\t\t\t\t<\/div>\n\n\t\n<\/div>\n\t\t<\/div>\n\n\t\t\n<style>\n#section_1282637124 {\n  padding-top: 30px;\n  padding-bottom: 30px;\n}\n<\/style>\n\t<\/section>\n\t\n\t<section class=\"section\" id=\"section_1612996908\">\n\t\t<div class=\"bg section-bg fill bg-fill  bg-loaded\" >\n\n\t\t\t\n\t\t\t\n\t\t\t\n\n\t\t<\/div>\n\n\t\t\n\n\t\t<div class=\"section-content relative\">\n\t\t\t\n<div class=\"row\"  id=\"row-1846382557\">\n\n\t<div id=\"col-1352809794\" class=\"col small-12 large-12\"  >\n\t\t\t\t<div class=\"col-inner\"  >\n\t\t\t\n\t\t\t\n\t<div class=\"img has-hover x md-x lg-x y md-y lg-y\" id=\"image_1254341470\">\n\t\t\t\t\t\t\t\t<div class=\"img-inner image-cover dark\" style=\"padding-top:45%;\">\n\t\t\t<img loading=\"lazy\" decoding=\"async\" width=\"800\" height=\"400\" src=\"https:\/\/rifengcable.com\/wp-content\/uploads\/2025\/03\/win-win.jpg\" class=\"attachment-original size-original\" alt=\"Win-Win\" srcset=\"https:\/\/rifengcable.com\/wp-content\/uploads\/2025\/03\/win-win.jpg 800w, https:\/\/rifengcable.com\/wp-content\/uploads\/2025\/03\/win-win-300x150.jpg 300w, https:\/\/rifengcable.com\/wp-content\/uploads\/2025\/03\/win-win-768x384.jpg 768w, https:\/\/rifengcable.com\/wp-content\/uploads\/2025\/03\/win-win-18x9.jpg 18w, https:\/\/rifengcable.com\/wp-content\/uploads\/2025\/03\/win-win-600x300.jpg 600w\" sizes=\"auto, (max-width: 800px) 100vw, 800px\" title=\"\">\t\t\t\t\t\t\n\t\t\t\t\t<\/div>\n\t\t\t\t\t\t\t\t\n<style>\n#image_1254341470 {\n  width: 100%;\n}\n<\/style>\n\t<\/div>\n\t\n\t\t<\/div>\n\t\t\t\t\t<\/div>\n\n\t\n<\/div>\n<div class=\"row\"  id=\"row-1992061389\">\n\n\t<div id=\"col-330198106\" class=\"col small-12 large-12\"  >\n\t\t\t\t<div class=\"col-inner\"  >\n\t\t\t\n\t\t\t\n<p><strong>Win-Win<\/strong>: Colaborarea este esen\u021bial\u0103. Prin colaborarea cu clien\u021bii, angaja\u021bii \u0219i p\u0103r\u021bile interesate, cre\u0103m valoare pentru toate p\u0103r\u021bile, asigur\u00e2nd succesul comun \u0219i parteneriatele pe termen lung.<\/p>\n\t\t<\/div>\n\t\t\t\t\t<\/div>\n\n\t\n<\/div>\n\t\t<\/div>\n\n\t\t\n<style>\n#section_1612996908 {\n  padding-top: 30px;\n  padding-bottom: 30px;\n  background-color: #ececec;\n}\n<\/style>\n\t<\/section>","protected":false},"excerpt":{"rendered":"","protected":false},"author":3,"featured_media":2072,"parent":0,"menu_order":0,"comment_status":"closed","ping_status":"closed","template":"page-blank.php","meta":{"footnotes":""},"class_list":["post-1615","page","type-page","status-publish","has-post-thumbnail","hentry"],"_links":{"self":[{"href":"https:\/\/rifengcable.com\/ro\/wp-json\/wp\/v2\/pages\/1615","targetHints":{"allow":["GET"]}}],"collection":[{"href":"https:\/\/rifengcable.com\/ro\/wp-json\/wp\/v2\/pages"}],"about":[{"href":"https:\/\/rifengcable.com\/ro\/wp-json\/wp\/v2\/types\/page"}],"author":[{"embeddable":true,"href":"https:\/\/rifengcable.com\/ro\/wp-json\/wp\/v2\/users\/3"}],"replies":[{"embeddable":true,"href":"https:\/\/rifengcable.com\/ro\/wp-json\/wp\/v2\/comments?post=1615"}],"version-history":[{"count":10,"href":"https:\/\/rifengcable.com\/ro\/wp-json\/wp\/v2\/pages\/1615\/revisions"}],"predecessor-version":[{"id":2071,"href":"https:\/\/rifengcable.com\/ro\/wp-json\/wp\/v2\/pages\/1615\/revisions\/2071"}],"wp:featuredmedia":[{"embeddable":true,"href":"https:\/\/rifengcable.com\/ro\/wp-json\/wp\/v2\/media\/2072"}],"wp:attachment":[{"href":"https:\/\/rifengcable.com\/ro\/wp-json\/wp\/v2\/media?parent=1615"}],"curies":[{"name":"wp","href":"https:\/\/api.w.org\/{rel}","templated":true}]}}