{"id":2189,"date":"2025-03-14T03:28:12","date_gmt":"2025-03-14T03:28:12","guid":{"rendered":"https:\/\/rifengcable.com\/?post_type=product&#038;p=2189"},"modified":"2025-04-26T06:35:30","modified_gmt":"2025-04-26T06:35:30","slug":"power-switch-cable","status":"publish","type":"product","link":"https:\/\/rifengcable.com\/pt\/manufacturer\/power-switch-cable\/","title":{"rendered":"Cabo do interrutor de alimenta\u00e7\u00e3o YJV32"},"content":{"rendered":"<h1 id=\"-yjv32-power-switch-cable-\"><strong>Cabo do interrutor de alimenta\u00e7\u00e3o YJV32<\/strong>\u00a0\u26a1<\/h1>\n<p>Este cabo forte ajuda a energia el\u00e9ctrica a circular em seguran\u00e7a. \u00c9 blindado com a\u00e7o para o proteger no subsolo ou em locais perigosos.<\/p>\n<h2 id=\"-why-choose-this-cable-\"><strong>Porqu\u00ea escolher este cabo?<\/strong><\/h2>\n<p>\u2705\u00a0<strong>Fios de cobre<\/strong>\u00a0- Melhor para\u00a0<strong>controlo de pot\u00eancia<\/strong><\/p>\n<p>\u2705\u00a0<strong>Isolamento XLPE<\/strong>\u00a0- Paragens\u00a0<strong>calor e choques<\/strong><\/p>\n<p>\u2705\u00a0<strong>Armadura de a\u00e7o<\/strong>\u00a0- Sem interrup\u00e7\u00f5es\u00a0<strong>sujidade dura ou \u00e1gua<\/strong><\/p>\n<p>\u2705\u00a0<strong>\u00c0 prova de fogo<\/strong>\u00a0- Seguro em\u00a0<strong>f\u00e1bricas e minas<\/strong><\/p>\n<h2 id=\"-cable-details-easy-table-\"><strong>Detalhes do cabo (Tabela f\u00e1cil!)<\/strong><\/h2>\n<table style=\"height: 142px;\" width=\"383\">\n<thead>\n<tr>\n<th><strong>Parte<\/strong><\/th>\n<th><strong>O que faz<\/strong><\/th>\n<\/tr>\n<\/thead>\n<tbody>\n<tr>\n<td><strong>Condutor<\/strong><\/td>\n<td><strong>Fios de cobre<\/strong>\u00a0(eletricidade forte)<\/td>\n<\/tr>\n<tr>\n<td><strong>Isolamento<\/strong><\/td>\n<td><strong>Pl\u00e1stico XLPE<\/strong>\u00a0(bloqueia o calor)<\/td>\n<\/tr>\n<tr>\n<td><strong>Armadura<\/strong><\/td>\n<td><strong>Fios de a\u00e7o<\/strong>\u00a0(parar de esmagar)<\/td>\n<\/tr>\n<tr>\n<td><strong>Tampa exterior<\/strong><\/td>\n<td><strong>PVC\/PE<\/strong>\u00a0(seguro na \u00e1gua)<\/td>\n<\/tr>\n<\/tbody>\n<\/table>\n<h2 id=\"-where-to-use-it-\"><strong>Onde utiliz\u00e1-lo?<\/strong><\/h2>\n<p>\ud83d\udccc\u00a0<strong>Subterr\u00e2neo<\/strong>\u00a0- Mant\u00e9m-se seguro em\u00a0<strong>valas e t\u00faneis<\/strong>\u00a0[semelhante a\u00a0<strong>cabos el\u00e9ctricos subterr\u00e2neos<\/strong>]\n<p>\ud83d\udccc\u00a0<strong>Grandes m\u00e1quinas<\/strong>\u00a0- Poderes\u00a0<strong>f\u00e1bricas, minas, caminhos-de-ferro<\/strong><\/p>\n<p>\ud83d\udccc\u00a0<strong>Energia de emerg\u00eancia<\/strong>\u00a0- Funciona mesmo que\u00a0<strong>os curto-circuitos acontecem<\/strong><\/p>\n<p>\ud83d\udccc\u00a0<strong>Parques e\u00f3licos\/solares<\/strong>\u00a0- Bom para\u00a0<strong>energia verde<\/strong><\/p>\n<h2 id=\"-voltage-safety-\"><strong>Tens\u00e3o e seguran\u00e7a<\/strong><\/h2>\n<p>\u2714\u00a0<strong>Funciona com<\/strong>:\u00a0<strong>Pot\u00eancia 0,6\/1kV, 6\/10kV, 26\/35kV<\/strong>\u00a0\u2714\u00a0<strong>Quente ou frio<\/strong>:\u00a0<strong>-15\u00b0C a +90\u00b0C<\/strong>\u00a0(n\u00e3o derrete nem congela) \u2714\u00a0<strong>\u00c0 prova de fogo<\/strong>:\u00a0<strong>ZR-YJV32<\/strong>\u00a0tipo p\u00e1ra de arder<\/p>\n<h2 id=\"-trusted-by-big-companies-\"><strong>Confian\u00e7a das grandes empresas<\/strong><\/h2>\n<p>\ud83d\udd39\u00a0<strong>ISO 9001\/14001<\/strong>\u00a0- Melhor qualidade \ud83d\udd39\u00a0<strong>CE E CCC<\/strong>\u00a0- Seguro para\u00a0<strong>Europa e China<\/strong>\u00a0\ud83d\udd39\u00a0<strong>Igual \u00e0 norma IEC 60502<\/strong>\u00a0- Funciona em todo o mundo<\/p>\n<h2 id=\"-need-custom-cables-\"><strong>Precisa de cabos personalizados?<\/strong><\/h2>\n<p>Podemos fazer\u00a0<strong>tamanhos especiais<\/strong>\u00a0ou\u00a0<strong>cabos extra-longos<\/strong>! [Gosto\u00a0<strong>cabos el\u00e9ctricos personalizados para ind\u00fastrias<\/strong>]\n<p>\ud83d\udcde\u00a0<strong>Telefone ou envie um e-mail<\/strong>\u00a0- Obter\u00a0<strong>melhor pre\u00e7o r\u00e1pido<\/strong>!<\/p>","protected":false},"excerpt":{"rendered":"<p>Item\uff1aYJV32 0.6\/1kv YJV72 0.6\/1kv<\/p>\n<p dir=\"ltr\" data-placeholder=\"Translation\" data-ved=\"2ahUKEwjRrbGas4iMAxUAnK8BHRg0BFYQ3ewLegQIChAV\" aria-label=\"Texto traduzido: \u00c2mbito de aplica\u00e7\u00e3o\">Normas do produto: GB\/T 12706.1-2020<\/p>\n<p dir=\"ltr\" data-placeholder=\"Translation\" data-ved=\"2ahUKEwjRrbGas4iMAxUAnK8BHRg0BFYQ3ewLegQIChAV\" aria-label=\"Texto traduzido: Tens\u00e3o nominal (Uo\/U)\"><strong>Par\u00e2metros b\u00e1sicos\uff1a<\/strong><\/p>\n<ul>\n<li id=\"tw-target-text\" class=\"tw-data-text tw-text-large tw-ta\" dir=\"ltr\" data-placeholder=\"Translation\" data-ved=\"2ahUKEwjRrbGas4iMAxUAnK8BHRg0BFYQ3ewLegQIChAV\" aria-label=\"Texto traduzido: Tens\u00e3o nominal (Uo\/U)\"><span class=\"Y2IQFc\" lang=\"en\">Tens\u00e3o nominal (Uo\/U)\uff1a0,6\/1kv<\/span><\/li>\n<li class=\"tw-data-text tw-text-large tw-ta\" dir=\"ltr\" data-placeholder=\"Translation\" data-ved=\"2ahUKEwjRrbGas4iMAxUAnK8BHRg0BFYQ3ewLegQIChAV\" aria-label=\"Texto traduzido: Tens\u00e3o nominal (Uo\/U)\">Tens\u00e3o m\u00e1xima do sistema (Um)\uff1a1,2kv<\/li>\n<li class=\"tw-data-text tw-text-large tw-ta\" dir=\"ltr\" data-placeholder=\"Translation\" data-ved=\"2ahUKEwjRrbGas4iMAxUAnK8BHRg0BFYQ3ewLegQIChAV\" aria-label=\"Texto traduzido: Tens\u00e3o nominal (Uo\/U)\">Isolamento\uff1aXLPE<\/li>\n<li dir=\"ltr\" data-placeholder=\"Translation\" data-ved=\"2ahUKEwjRrbGas4iMAxUAnK8BHRg0BFYQ3ewLegQIChAV\" aria-label=\"Texto traduzido: Tens\u00e3o nominal (Uo\/U)\">Temperatura ambiente de funcionamento: -15\u00b0C~55\u00b0C<\/li>\n<li dir=\"ltr\" data-placeholder=\"Translation\" data-ved=\"2ahUKEwjRrbGas4iMAxUAnK8BHRg0BFYQ3ewLegQIChAV\" aria-label=\"Texto traduzido: Tens\u00e3o nominal (Uo\/U)\"><span class=\"Y2IQFc\" lang=\"en\"><span class=\"Y2IQFc\" lang=\"en\">Armadura:<\/span><\/span>Fio de alum\u00ednio ou fio de a\u00e7o inoxid\u00e1vel, fio de a\u00e7o galvanizado<\/li>\n<li class=\"tw-data-text tw-text-large tw-ta\" dir=\"ltr\" data-placeholder=\"Translation\" data-ved=\"2ahUKEwjRrbGas4iMAxUAnK8BHRg0BFYQ3ewLegQIChAV\" aria-label=\"Texto traduzido: Tens\u00e3o nominal (Uo\/U)\">Acolchoamento (opcional)\uff1aRipo de malha de polipropileno ou acolchoamento retardador de chama<\/li>\n<\/ul>\n<p class=\"tw-data-text tw-text-large tw-ta\" dir=\"ltr\" data-placeholder=\"Translation\" data-ved=\"2ahUKEwjRrbGas4iMAxUAnK8BHRg0BFYQ3ewLegQIChAV\" aria-label=\"Texto traduzido: \u00c2mbito de aplica\u00e7\u00e3o\"><strong><span class=\"Y2IQFc\" lang=\"en\">\u00c2mbito de aplica\u00e7\u00e3o\uff1a<\/span><\/strong><\/p>\n<p class=\"tw-data-text tw-text-large tw-ta\" dir=\"ltr\" data-placeholder=\"Translation\" data-ved=\"2ahUKEwjRrbGas4iMAxUAnK8BHRg0BFYQ3ewLegQIChAV\" aria-label=\"Texto traduzido: \u00c2mbito de aplica\u00e7\u00e3o\"><span class=\"Y2IQFc\" lang=\"en\">Este produto \u00e9 adequado para linhas AC 50Hz com tens\u00e3o nominal n\u00e3o superior a 0,6\/lkV para transmiss\u00e3o e distribui\u00e7\u00e3o de energia el\u00e9ctrica.<\/span><\/p>","protected":false},"featured_media":2190,"template":"","meta":[],"product_brand":[],"product_cat":[46],"product_tag":[],"class_list":{"0":"post-2189","1":"product","2":"type-product","3":"status-publish","4":"has-post-thumbnail","6":"product_cat-power-cable","8":"first","9":"instock","10":"shipping-taxable","11":"product-type-simple"},"_links":{"self":[{"href":"https:\/\/rifengcable.com\/pt\/wp-json\/wp\/v2\/product\/2189","targetHints":{"allow":["GET"]}}],"collection":[{"href":"https:\/\/rifengcable.com\/pt\/wp-json\/wp\/v2\/product"}],"about":[{"href":"https:\/\/rifengcable.com\/pt\/wp-json\/wp\/v2\/types\/product"}],"wp:featuredmedia":[{"embeddable":true,"href":"https:\/\/rifengcable.com\/pt\/wp-json\/wp\/v2\/media\/2190"}],"wp:attachment":[{"href":"https:\/\/rifengcable.com\/pt\/wp-json\/wp\/v2\/media?parent=2189"}],"wp:term":[{"taxonomy":"product_brand","embeddable":true,"href":"https:\/\/rifengcable.com\/pt\/wp-json\/wp\/v2\/product_brand?post=2189"},{"taxonomy":"product_cat","embeddable":true,"href":"https:\/\/rifengcable.com\/pt\/wp-json\/wp\/v2\/product_cat?post=2189"},{"taxonomy":"product_tag","embeddable":true,"href":"https:\/\/rifengcable.com\/pt\/wp-json\/wp\/v2\/product_tag?post=2189"}],"curies":[{"name":"wp","href":"https:\/\/api.w.org\/{rel}","templated":true}]}}