{"id":1846,"date":"2025-03-04T07:39:54","date_gmt":"2025-03-04T07:39:54","guid":{"rendered":"https:\/\/rifengcable.com\/?post_type=product&#038;p=1846"},"modified":"2025-06-05T06:53:38","modified_gmt":"2025-06-05T06:53:38","slug":"fire-rated-electrical-cable","status":"publish","type":"product","link":"https:\/\/rifengcable.com\/pt\/manufacturer\/fire-rated-electrical-cable\/","title":{"rendered":"Cabo el\u00e9trico LIYCY"},"content":{"rendered":"<h1 id=\"-fire-rated-electrical-cables-stay-safe-in-emergencies-\"><strong>Cabos el\u00e9ctricos - Mantenha-se seguro em caso de emerg\u00eancia<\/strong><\/h1>\n<h2 id=\"-what-are-fire-rated-cables-\"><strong>O que s\u00e3o cabos el\u00e9ctricos?<\/strong><\/h2>\n<p id=\"-what-are-fire-rated-cables-\"><strong>Cabos el\u00e9ctricos<\/strong> continuar a trabalhar <strong>mesmo nos inc\u00eandios<\/strong>. Os fios normais derretem e interrompem a alimenta\u00e7\u00e3o\u00a0<strong>luzes, alarmes e ventiladores<\/strong>. Mas\u00a0<strong>cabos de prote\u00e7\u00e3o contra inc\u00eandios<\/strong> durar mais tempo para manter as pessoas seguras.<\/p>\n<hr \/>\n<h2 id=\"-why-you-need-fireproof-cables-\"><strong>Porque \u00e9 que precisa de cabos \u00e0 prova de fogo<\/strong><\/h2>\n<p>\u2714\u00a0<strong>Salvar vidas<\/strong> - Ajuda as pessoas a escapar e os bombeiros a trabalhar \u2714 <strong>Sem corte de energia<\/strong>\u00a0- Permanece durante\u00a0<strong>30 minutos a 2 horas<\/strong> em inc\u00eandios \u2714\u00a0<strong>Fumo seguro<\/strong>\u00a0-\u00a0<strong>Pouco fumo, sem gases t\u00f3xicos<\/strong> (LSZH) \u2714\u00a0<strong>Fios fortes<\/strong>\u00a0-\u00a0<strong>600V a 1000V<\/strong>\u00a0pot\u00eancia, espessura\u00a0<strong>14 AWG a 500 MCM<\/strong> tamanho \u2714\u00a0<strong>Instala\u00e7\u00e3o f\u00e1cil<\/strong>\u00a0- Adapta-se ao normal\u00a0<strong>condutas<\/strong>sem ferramentas especiais<\/p>\n<hr \/>\n<h2 id=\"-key-features-table-\"><strong>Tabela de carater\u00edsticas principais<\/strong><\/h2>\n<table>\n<thead>\n<tr>\n<th><strong>Carater\u00edstica<\/strong><\/th>\n<th><strong>Detalhes<\/strong><\/th>\n<\/tr>\n<\/thead>\n<tbody>\n<tr>\n<td><strong>Tempo de inc\u00eandio<\/strong><\/td>\n<td>30 minutos (E30) a 2 horas (PH120)<\/td>\n<\/tr>\n<tr>\n<td><strong>Tens\u00e3o<\/strong><\/td>\n<td>600V e 1000V<\/td>\n<\/tr>\n<tr>\n<td><strong>Tamanhos dos fios<\/strong><\/td>\n<td>14 AWG (fino) a 500 MCM (muito grosso)<\/td>\n<\/tr>\n<tr>\n<td><strong>Etiquetas de seguran\u00e7a<\/strong><\/td>\n<td>UL44, BASEC, LPCB<\/td>\n<\/tr>\n<tr>\n<td><strong>Utilizado em<\/strong><\/td>\n<td>Alarmes, hospitais, t\u00faneis<\/td>\n<\/tr>\n<\/tbody>\n<\/table>\n<hr \/>\n<h2 id=\"-where-to-use-these-cables-\"><strong>Onde utilizar estes cabos<\/strong><\/h2>\n<h3 id=\"-1-emergency-lights-alarms-\"><strong>1. Luzes e alarmes de emerg\u00eancia<\/strong><\/h3>\n<p>Mant\u00e9m\u00a0<strong>sinais de sa\u00edda luminosos<\/strong>\u00a0e\u00a0<strong>alarmes de inc\u00eandio ruidosos<\/strong> durante os inc\u00eandios.<\/p>\n<h3 id=\"-2-hospitals-airports-\"><strong>2. Hospitais e aeroportos<\/strong><\/h3>\n<p>Cr\u00edtico\u00a0<strong>as m\u00e1quinas de suporte de vida mant\u00eam-se ligadas<\/strong> em situa\u00e7\u00f5es de emerg\u00eancia.<\/p>\n<h3 id=\"-3-tunnels-trains-\"><strong>3. T\u00faneis e comboios<\/strong><\/h3>\n<p>Previne\u00a0<strong>apag\u00f5es<\/strong> nos metropolitanos (NFPA 130 seguro).<\/p>\n<h3 id=\"-4-tall-buildings-\"><strong>4. Edif\u00edcios altos<\/strong><\/h3>\n<p>Fios\u00a0<strong>nos elevadores e escadas<\/strong> ainda trabalham em inc\u00eandios.<\/p>\n<hr \/>\n<h2 id=\"-types-of-fireproof-cables-\"><strong>Tipos de cabos \u00e0 prova de fogo<\/strong><\/h2>\n<p>\ud83d\udd39\u00a0<strong>PH30\/PH60\/PH120<\/strong>\u00a0- Dura\u00a0<strong>30\/60\/120 minutos<\/strong> (BASEC seguro)<\/p>\n<p>\ud83d\udd39\u00a0<strong>FE180<\/strong>\u00a0- Obras\u00a0<strong>3 horas<\/strong> (super forte)<\/p>\n<p>\ud83d\udd39\u00a0<strong>E30-E90<\/strong>\u00a0-\u00a0<strong>30-90 minutos<\/strong> energia de emerg\u00eancia<\/p>\n<p>\ud83d\udd39\u00a0<strong>RHW-2\/RHH<\/strong>\u00a0- Resistente\u00a0<strong>600V-1000V<\/strong> fios<\/p>\n<hr \/>\n<h2 id=\"-easy-installation-\"><strong>Instala\u00e7\u00e3o f\u00e1cil<\/strong><\/h2>\n<p>\u2705 Adapta-se\u00a0<strong>tubos de conduta normalizados<\/strong> (sem custos adicionais)<\/p>\n<p>\u2705 <strong>Emendas permitidas<\/strong> - Ligar os fios com seguran\u00e7a<\/p>\n<p>\u2705\u00a0<strong>As mesmas ferramentas<\/strong> como os fios normais<\/p>\n<p>Para\u00a0<strong>diretrizes para condutas resistentes ao fogo<\/strong>consulte as nossas dicas de seguran\u00e7a el\u00e9ctrica.<\/p>\n<hr \/>\n<h2 id=\"-certified-safe-\"><strong>Certificado e seguro<\/strong><\/h2>\n<p>\u2714\u00a0<strong>UL 2196<\/strong>\u00a0testado -\u00a0<strong>2 horas \u00e0 prova de fogo<\/strong><\/p>\n<p>\u2714 <strong>NFPA 70, 101, 130<\/strong> - Regras de inc\u00eandio nos EUA<\/p>\n<p>\u2714\u00a0<strong>Zero halog\u00e9neo<\/strong>\u00a0-\u00a0<strong>Sem fumo venenoso<\/strong><\/p>\n<hr \/>\n<h2 id=\"-need-help-\"><strong>Precisa de ajuda?<\/strong><\/h2>\n<p>Estes fios s\u00e3o\u00a0<strong>mais inteligente do que os cabos minerais<\/strong>\u00a0e\u00a0<strong>mais barato tamb\u00e9m<\/strong>.<\/p>\n<p>\ud83d\udd17\u00a0<strong>Saiba mais<\/strong>: Guia de cablagem de alarme de inc\u00eandio \ud83d\udd17\u00a0<strong>Comparar pre\u00e7os<\/strong>: Or\u00e7amento de cabos \u00e0 prova de fogo \ud83d\udd17\u00a0<strong>Ajuda especializada<\/strong>: Perguntar a um eletricista<\/p>\n<p><strong>Proteja vidas hoje - escolha cabos \u00e0 prova de fogo!<\/strong><\/p>","protected":false},"excerpt":{"rendered":"<p>Artigo\uff1aLIYCY<\/p>\n<div>\n<p class=\"lableName\">Certifica\u00e7\u00e3o do produto: VDE<\/p>\n<\/div>\n<div>\n<p class=\"lableName\"><strong>Par\u00e2metros b\u00e1sicos\uff1a<\/strong><\/p>\n<\/div>\n<div>\n<ul>\n<li class=\"lableName\">Tens\u00e3o nominal: 300\/500V<\/li>\n<\/ul>\n<\/div>\n<div>\n<ul>\n<li class=\"lableName\">Classificado a temperatura de trabalho: -30 ~ 70 \u2103<\/li>\n<\/ul>\n<\/div>\n<div>\n<ul>\n<li class=\"lableName\">Norma executiva: JB\/T 8735<\/li>\n<\/ul>\n<\/div>\n<div>\n<p class=\"lableName\"><strong>Estrutura do condutor\uff1a<\/strong><\/p>\n<\/div>\n<div>\n<ul>\n<li class=\"lableName\"><span class=\"lableName\">Material do condutor\uff1a<\/span>\u00a0Cobre com fios nus<\/li>\n<\/ul>\n<\/div>\n<div>\n<ul>\n<li class=\"lableName\">Material de isolamento: PVC<\/li>\n<\/ul>\n<\/div>\n<div>\n<ul>\n<li class=\"lableName\">Material do revestimento: PVC<\/li>\n<\/ul>\n<\/div>","protected":false},"featured_media":2296,"template":"","meta":[],"product_brand":[],"product_cat":[40],"product_tag":[],"class_list":{"0":"post-1846","1":"product","2":"type-product","3":"status-publish","4":"has-post-thumbnail","6":"product_cat-pvc-cable","8":"first","9":"instock","10":"shipping-taxable","11":"product-type-simple"},"_links":{"self":[{"href":"https:\/\/rifengcable.com\/pt\/wp-json\/wp\/v2\/product\/1846","targetHints":{"allow":["GET"]}}],"collection":[{"href":"https:\/\/rifengcable.com\/pt\/wp-json\/wp\/v2\/product"}],"about":[{"href":"https:\/\/rifengcable.com\/pt\/wp-json\/wp\/v2\/types\/product"}],"wp:featuredmedia":[{"embeddable":true,"href":"https:\/\/rifengcable.com\/pt\/wp-json\/wp\/v2\/media\/2296"}],"wp:attachment":[{"href":"https:\/\/rifengcable.com\/pt\/wp-json\/wp\/v2\/media?parent=1846"}],"wp:term":[{"taxonomy":"product_brand","embeddable":true,"href":"https:\/\/rifengcable.com\/pt\/wp-json\/wp\/v2\/product_brand?post=1846"},{"taxonomy":"product_cat","embeddable":true,"href":"https:\/\/rifengcable.com\/pt\/wp-json\/wp\/v2\/product_cat?post=1846"},{"taxonomy":"product_tag","embeddable":true,"href":"https:\/\/rifengcable.com\/pt\/wp-json\/wp\/v2\/product_tag?post=1846"}],"curies":[{"name":"wp","href":"https:\/\/api.w.org\/{rel}","templated":true}]}}