{"id":1772,"date":"2025-03-03T06:33:03","date_gmt":"2025-03-03T06:33:03","guid":{"rendered":"https:\/\/rifengcable.com\/?post_type=product&#038;p=1772"},"modified":"2025-06-05T06:55:10","modified_gmt":"2025-06-05T06:55:10","slug":"pvc-cable-h03vvh2-f","status":"publish","type":"product","link":"https:\/\/rifengcable.com\/pt\/manufacturer\/pvc-cable-h03vvh2-f\/","title":{"rendered":"Cabo PVC H03VVH2-F"},"content":{"rendered":"<h1 id=\"-pvc-cable-strong-safe-and-easy-to-reuse-\"><strong>Cabo de PVC - Forte, seguro e f\u00e1cil de reutilizar<\/strong><\/h1>\n<p><strong>Cabos de PVC<\/strong>\u00a0s\u00e3o\u00a0<strong>fios fortes<\/strong>\u00a0utilizado em\u00a0<strong>casas, f\u00e1bricas<\/strong>e\u00a0<strong>energia solar<\/strong>. Duram muito tempo, dobram-se facilmente e mant\u00eam a eletricidade segura. Tamb\u00e9m s\u00e3o\u00a0<strong>bom para a Terra<\/strong>\u00a0porque podem ser\u00a0<strong>reciclado<\/strong>.<\/p>\n<hr \/>\n<h2 id=\"-why-choose-pvc-cables-\"><strong>Porqu\u00ea escolher cabos de PVC?<\/strong><\/h2>\n<p>\u2705\u00a0<strong>Seguro<\/strong>\u00a0- P\u00e1ra os inc\u00eandios (testado para chamas VW-1).<\/p>\n<p>\u2705\u00a0<strong>Forte<\/strong>\u00a0- Obras em\u00a0<strong>quente<\/strong>\u00a0(+105\u00b0C) e\u00a0<strong>frio<\/strong>\u00a0(-20\u00b0C).<\/p>\n<p>\u2705\u00a0<strong>Dobra-se facilmente<\/strong>\u00a0- Bom para\u00a0<strong>m\u00e1quinas m\u00f3veis<\/strong>\u00a0como os robots.<\/p>\n<p>\u2705\u00a0<strong>Recicl\u00e1vel<\/strong>\u00a0- Pode ser reutilizada sem perder for\u00e7a.<\/p>\n<hr \/>\n<h2 id=\"-what-s-inside-pvc-cables-\"><strong>O que est\u00e1 no interior dos cabos de PVC?<\/strong><\/h2>\n<table style=\"height: 143px;\" width=\"669\">\n<thead>\n<tr>\n<th><strong>Parte<\/strong><\/th>\n<th><strong>O que faz<\/strong><\/th>\n<th><strong>Porque \u00e9 que \u00e9 bom<\/strong><\/th>\n<\/tr>\n<\/thead>\n<tbody>\n<tr>\n<td><strong>Condutor<\/strong><\/td>\n<td>Transporte de eletricidade<\/td>\n<td>Feito de\u00a0<strong>cobre estanhado (7\/30 fios)<\/strong> para um fluxo de energia suave<\/td>\n<\/tr>\n<tr>\n<td><strong>Isolamento em PVC<\/strong><\/td>\n<td>Protege os fios<\/td>\n<td>Mant\u00e9m a energia segura, dura muito tempo mesmo no exterior<\/td>\n<\/tr>\n<tr>\n<td><strong>Casaco cromado<\/strong><\/td>\n<td>Cobertura exterior<\/td>\n<td><strong>Resistente aos raios UV<\/strong> (a luz solar n\u00e3o o danifica)<\/td>\n<\/tr>\n<tr>\n<td><strong>Escudo<\/strong>\u00a0(Alguns tipos)<\/td>\n<td>Bloqueia a interfer\u00eancia<\/td>\n<td>Bom para\u00a0<strong>cabos de \u00e1udio e dados<\/strong><\/td>\n<\/tr>\n<\/tbody>\n<\/table>\n<hr \/>\n<h2 id=\"-where-to-use-pvc-cables-\"><strong>Onde utilizar os cabos de PVC?<\/strong><\/h2>\n<h3 id=\"-1-factories-machines-\"><strong>1. F\u00e1bricas e m\u00e1quinas<\/strong><\/h3>\n<ul>\n<li>Rob\u00f4s, bra\u00e7os m\u00f3veis e equipamento de grandes dimens\u00f5es (<strong>flexiona sem quebrar<\/strong>).<\/li>\n<li>Seguidores\u00a0<strong>UL2464 E CM<\/strong> normas de seguran\u00e7a.<\/li>\n<\/ul>\n<h3 id=\"-2-solar-wind-power-\"><strong>2. Energia solar e e\u00f3lica<\/strong><\/h3>\n<ul>\n<li><strong>\u00c0 prova de luz solar<\/strong> (n\u00e3o estala com a luz UV).<\/li>\n<li>Trata do clima (<strong>chuva, vento, calor<\/strong>).<\/li>\n<\/ul>\n<h3 id=\"-3-homes-buildings-\"><strong>3. Casas e edif\u00edcios<\/strong><\/h3>\n<ul>\n<li>Seguro para paredes e tectos (<strong>retardador de chama<\/strong>).<\/li>\n<li>Utilizado em\u00a0<strong>cablagem e altifalantes<\/strong> (com c\u00f3digo de cores para facilitar a instala\u00e7\u00e3o).<\/li>\n<\/ul>\n<h3 id=\"-4-internet-sound-systems-\"><strong>4. Internet e sistemas de som<\/strong><\/h3>\n<ul>\n<li><strong>Tipos blindados<\/strong> acabar com a est\u00e1tica na m\u00fasica e no Wi-Fi.<\/li>\n<li>Trabalha para\u00a0<strong>Cat 5E e Cat 6<\/strong> cabos de Internet.<\/li>\n<\/ul>\n<hr \/>\n<h2 id=\"-our-pvc-cables-help-the-earth-\"><strong>Os nossos cabos de PVC ajudam a Terra<\/strong><\/h2>\n<p>\u267b\ufe0f\u00a0<strong>Recicl\u00e1vel<\/strong> - Pode fundir-se e refazer-se sem perder a resist\u00eancia.<\/p>\n<p>\ud83c\udf0e\u00a0<strong>Menos res\u00edduos<\/strong>\u00a0- Apoios\u00a0<strong>economia circular<\/strong> (reutilizar, n\u00e3o deitar fora).<\/p>\n<p>\ud83d\udd2c <strong>Nova tecnologia<\/strong>\u00a0- Melhores formas de\u00a0<strong>selecionar e reciclar<\/strong> em 2025.<\/p>\n<hr \/>\n<h2 id=\"-need-pvc-cables-\"><strong>Precisa de cabos de PVC?<\/strong><\/h2>\n<p>Vendemos\u00a0<strong>cabos de PVC de alta qualidade<\/strong>\u00a0para: \u2714\u00a0<strong>F\u00e1bricas<\/strong>\u00a0(fios fortes e flex\u00edveis) \u2714\u00a0<strong>Projectos solares<\/strong>\u00a0(resistente ao sol) \u2714\u00a0<strong>Casas e escrit\u00f3rios<\/strong>\u00a0(seguro e tranquilo)<\/p>\n<p>\ud83d\udcde\u00a0<strong><a href=\"\/pt\/contact\/\">Contactar-nos<\/a> hoje<\/strong>\u00a0ou visite\u00a0<strong>Os nossos cabos industriais<\/strong>\u00a0para encomendas em grandes quantidades.<\/p>","protected":false},"excerpt":{"rendered":"<p>Artigo\uff1aH03VVH2-F<\/p>\n<div>\n<p class=\"lableName\">Certifica\u00e7\u00e3o do produto: VDE<\/p>\n<\/div>\n<div>\n<p class=\"lableName\"><strong>Par\u00e2metros b\u00e1sicos\uff1a<\/strong><\/p>\n<\/div>\n<div>\n<ul>\n<li class=\"lableName\">Tens\u00e3o nominal: 450\/750V<\/li>\n<li class=\"lableName\">Temperatura de funcionamento nominal: <span style=\"color: #555555; font-size: 14.4px;\">70\u2103<\/span><\/li>\n<li class=\"lableName\">Norma executiva:\u00a0<span style=\"color: #555555; font-size: 14.4px;\">AS\/NZS 60227.5<\/span><\/li>\n<\/ul>\n<\/div>\n<div>\n<p class=\"lableName\">Estrutura do condutor\uff1a<\/p>\n<\/div>\n<div>\n<ul>\n<li class=\"lableName\"><span class=\"lableName\">Material do condutor\uff1a<\/span> Cobre com fios nus<\/li>\n<li class=\"lableName\">Material de isolamento:\u00a0<span style=\"color: #555555; font-size: 14.4px;\">PVC<\/span><\/li>\n<li class=\"lableName\">Material do revestimento: PVC<\/li>\n<\/ul>\n<\/div>\n<div>\n<p><strong>Aplica\u00e7\u00f5es:<\/strong><\/p>\n<p>Estes cabos est\u00e3o concebidos para serem utilizados como linhas de liga\u00e7\u00e3o el\u00e9ctrica numa variedade de configura\u00e7\u00f5es, incluindo instala\u00e7\u00f5es el\u00e9ctricas, aparelhos dom\u00e9sticos e ferramentas operadas eletricamente. Est\u00e3o indicados para aplica\u00e7\u00f5es com uma tens\u00e3o nominal de C.A. 300\/300 V ou inferior, garantindo um desempenho seguro e fi\u00e1vel nos sistemas el\u00e9ctricos do dia a dia.<\/p>\n<\/div>","protected":false},"featured_media":2285,"template":"","meta":[],"product_brand":[],"product_cat":[40],"product_tag":[],"class_list":{"0":"post-1772","1":"product","2":"type-product","3":"status-publish","4":"has-post-thumbnail","6":"product_cat-pvc-cable","8":"first","9":"instock","10":"shipping-taxable","11":"product-type-simple"},"_links":{"self":[{"href":"https:\/\/rifengcable.com\/pt\/wp-json\/wp\/v2\/product\/1772","targetHints":{"allow":["GET"]}}],"collection":[{"href":"https:\/\/rifengcable.com\/pt\/wp-json\/wp\/v2\/product"}],"about":[{"href":"https:\/\/rifengcable.com\/pt\/wp-json\/wp\/v2\/types\/product"}],"wp:featuredmedia":[{"embeddable":true,"href":"https:\/\/rifengcable.com\/pt\/wp-json\/wp\/v2\/media\/2285"}],"wp:attachment":[{"href":"https:\/\/rifengcable.com\/pt\/wp-json\/wp\/v2\/media?parent=1772"}],"wp:term":[{"taxonomy":"product_brand","embeddable":true,"href":"https:\/\/rifengcable.com\/pt\/wp-json\/wp\/v2\/product_brand?post=1772"},{"taxonomy":"product_cat","embeddable":true,"href":"https:\/\/rifengcable.com\/pt\/wp-json\/wp\/v2\/product_cat?post=1772"},{"taxonomy":"product_tag","embeddable":true,"href":"https:\/\/rifengcable.com\/pt\/wp-json\/wp\/v2\/product_tag?post=1772"}],"curies":[{"name":"wp","href":"https:\/\/api.w.org\/{rel}","templated":true}]}}