{"id":1756,"date":"2025-03-03T03:18:46","date_gmt":"2025-03-03T03:18:46","guid":{"rendered":"https:\/\/rifengcable.com\/?post_type=product&#038;p=1756"},"modified":"2025-06-05T07:06:49","modified_gmt":"2025-06-05T07:06:49","slug":"welding-cable-h01n2-d","status":"publish","type":"product","link":"https:\/\/rifengcable.com\/pt\/manufacturer\/welding-cable-h01n2-d\/","title":{"rendered":"Cabo de soldadura H01N2-D"},"content":{"rendered":"<h1 id=\"-h01n2-d-welding-cable-heavy-duty-rubber-sheathed-cable-\"><strong>Cabo de Soldadura H01N2-D - Cabo resistente com bainha de borracha<\/strong><\/h1>\n<p>O H01N2-D \u00e9 um cabo de soldadura forte, flex\u00edvel e seguro. \u00c9 certificado pela HAR e funciona com 100V AC e 150V DC. Perfeito para soldadura autom\u00e1tica, semi-autom\u00e1tica e manual.<\/p>\n<p>\u2705\u00a0<strong>F\u00e1cil de dobrar<\/strong>\u00a0- \u00d3timo para espa\u00e7os apertados. \u2705\u00a0<strong>Funciona em condi\u00e7\u00f5es de frio e calor extremos<\/strong>\u00a0(-40\u00b0C a +85\u00b0C). \u2705\u00a0<strong>\u00c0 prova de \u00f3leo, \u00e0 prova de fogo e de longa dura\u00e7\u00e3o<\/strong>. \u2705\u00a0<strong>Utilizado em estaleiros navais, f\u00e1bricas e constru\u00e7\u00e3o<\/strong>.<\/p>\n<hr \/>\n<h2 id=\"-why-buy-h01n2-d-\"><strong>Porqu\u00ea comprar o H01N2-D?<\/strong><\/h2>\n<p>\u2714\u00a0<strong>Seguro e certificado<\/strong>\u00a0- Reuni\u00f5es\u00a0<strong>EN 50525-2-81<\/strong>\u00a0e\u00a0<strong>IEC 60245<\/strong>. \u2714\u00a0<strong>N\u00facleo de cobre forte<\/strong>\u00a0- Sem quebras, mesmo com uma utiliza\u00e7\u00e3o intensa. \u2714\u00a0<strong>Cobertura de borracha flex\u00edvel<\/strong>\u00a0- N\u00e3o racha nem rasga facilmente. \u2714\u00a0<strong>Funciona em todas as condi\u00e7\u00f5es meteorol\u00f3gicas<\/strong>\u00a0- Bom para\u00a0<strong>locais frios (-40\u00b0C) e quentes (+85\u00b0C)<\/strong>.<\/p>\n<hr \/>\n<h2 id=\"-specs-at-a-glance-\"><strong>Vis\u00e3o geral das especifica\u00e7\u00f5es<\/strong><\/h2>\n<table>\n<thead>\n<tr>\n<th><strong>Carater\u00edstica<\/strong><\/th>\n<th><strong>Detalhes<\/strong><\/th>\n<\/tr>\n<\/thead>\n<tbody>\n<tr>\n<td><strong>Tipo<\/strong><\/td>\n<td>Cabo de soldadura<\/td>\n<\/tr>\n<tr>\n<td><strong>Padr\u00e3o<\/strong><\/td>\n<td>EN 50525-2-81, HAR<\/td>\n<\/tr>\n<tr>\n<td><strong>Tens\u00e3o<\/strong><\/td>\n<td>100V AC \/ 150V DC<\/td>\n<\/tr>\n<tr>\n<td><strong>Temperatura<\/strong><\/td>\n<td>-40\u00b0C a +85\u00b0C (fixo) \/ -20\u00b0C a +85\u00b0C (m\u00f3vel)<\/td>\n<\/tr>\n<tr>\n<td><strong>Condutor<\/strong><\/td>\n<td>Cobre nu (flex\u00edvel)<\/td>\n<\/tr>\n<tr>\n<td><strong>Casaco<\/strong><\/td>\n<td>Borracha (EM5)<\/td>\n<\/tr>\n<tr>\n<td><strong>Ciclo de trabalho<\/strong><\/td>\n<td><strong>Totalmente autom\u00e1tico<\/strong>: 100%\u00a0<strong>\u23d0 Semi-auto<\/strong>: 65-85%\u00a0<strong>\u23d0 Manual<\/strong>: 30-60%<\/td>\n<\/tr>\n<\/tbody>\n<\/table>\n<hr \/>\n<h2 id=\"-best-uses-for-h01n2-d-\"><strong>Melhores utiliza\u00e7\u00f5es para H01N2-D<\/strong><\/h2>\n<p>\ud83d\udd25\u00a0<strong>Soldadura totalmente autom\u00e1tica (ciclo de trabalho 100%)<\/strong>\u00a0\ud83d\udee0\ufe0f\u00a0<strong>Soldadura manual (ciclo de trabalho 30-60%)<\/strong>\u00a0\u2699\ufe0f\u00a0<strong>Trabalho industrial (estaleiros navais, f\u00e1bricas de autom\u00f3veis, minas)<\/strong><\/p>\n<hr \/>\n<h2 id=\"-safety-performance-tips-\"><strong>Dicas de seguran\u00e7a e desempenho<\/strong><\/h2>\n<ul>\n<li>\ud83d\udd25\u00a0<strong>\u00c0 prova de fogo<\/strong>\u00a0- Seguro perto de fa\u00edscas.<\/li>\n<li>\ud83c\udf21\ufe0f\u00a0<strong>N\u00e3o utilizar acima de +85\u00b0C<\/strong>\u00a0ou\u00a0<strong>abaixo de -40\u00b0C<\/strong>.<\/li>\n<li>\ud83d\udd0c\u00a0<strong>Verificar as curvas<\/strong>\u00a0- Manter em\u00a0<strong>4-8x espessura do cabo<\/strong>.<\/li>\n<\/ul>\n<hr \/>\n<h2 id=\"-order-h01n2-d-today-\"><strong>Encomendar H01N2-D hoje!<\/strong><\/h2>\n<p><strong>Forte. Seguro. Fi\u00e1vel.<\/strong>\u00a0Obter o seu\u00a0<strong>Cabo de soldadura H01N2-D<\/strong>\u00a0agora.<\/p>\n<p>\ud83d\udcde\u00a0<strong>Contactar-nos<\/strong>\u00a0ou\u00a0<strong>solicitar um or\u00e7amento<\/strong>\u00a0hoje!<\/p>","protected":false},"excerpt":{"rendered":"<p>Artigo\uff1aH01N2-D<\/p>\n<div>\n<p class=\"lableName\">Certifica\u00e7\u00e3o do produto: VDE<\/p>\n<\/div>\n<div>\n<p class=\"lableName\"><strong>Par\u00e2metros b\u00e1sicos\uff1a<\/strong><\/p>\n<\/div>\n<div>\n<ul>\n<li class=\"lableName\">Tens\u00e3o nominal: 100\/100V<\/li>\n<li class=\"lableName\">Classificada a temperatura de trabalho: 60 \u2103<\/li>\n<li class=\"lableName\">Norma executiva: VDE 0282-6<\/li>\n<\/ul>\n<\/div>\n<div><\/div>\n<div><\/div>\n<div>\n<p class=\"lableName\"><strong>Estrutura do condutor<\/strong>\uff1a<\/p>\n<\/div>\n<div>\n<ul>\n<li class=\"lableName\"><span class=\"lableName\">Material do condutor\uff1a<\/span> Cobre com fios nus<\/li>\n<li class=\"lableName\">Material do revestimento: CPE<\/li>\n<\/ul>\n<\/div>\n<div>\n<p><strong>Aplica\u00e7\u00f5es do cabo de soldadura H01N2-D:<\/strong><\/p>\n<p>Estes cabos foram concebidos para ligar o gerador de soldadura ao el\u00e9trodo manual e \u00e0 pe\u00e7a de trabalho, o que os torna essenciais para v\u00e1rias opera\u00e7\u00f5es de soldadura. S\u00e3o muito utilizados em:<\/p>\n<ul>\n<li>Ind\u00fastria autom\u00f3vel: Para tarefas de soldadura e fabrico.<\/li>\n<li>Constru\u00e7\u00e3o naval: Adequado para ambientes mar\u00edtimos exigentes.<\/li>\n<li>Sistemas de transporte e de tapetes rolantes: Ideal para trabalhos de manuten\u00e7\u00e3o e montagem.<\/li>\n<li>Fabrico de ferramentas e maquinaria: Utilizadas em processos de fabrico e repara\u00e7\u00e3o.<\/li>\n<li>Rob\u00f4s de soldadura: Garante um desempenho fi\u00e1vel em sistemas de soldadura automatizados.<\/li>\n<\/ul>\n<\/div>","protected":false},"featured_media":1759,"template":"","meta":[],"product_brand":[],"product_cat":[39],"product_tag":[],"class_list":{"0":"post-1756","1":"product","2":"type-product","3":"status-publish","4":"has-post-thumbnail","6":"product_cat-welding-cable","8":"first","9":"instock","10":"shipping-taxable","11":"product-type-simple"},"_links":{"self":[{"href":"https:\/\/rifengcable.com\/pt\/wp-json\/wp\/v2\/product\/1756","targetHints":{"allow":["GET"]}}],"collection":[{"href":"https:\/\/rifengcable.com\/pt\/wp-json\/wp\/v2\/product"}],"about":[{"href":"https:\/\/rifengcable.com\/pt\/wp-json\/wp\/v2\/types\/product"}],"wp:featuredmedia":[{"embeddable":true,"href":"https:\/\/rifengcable.com\/pt\/wp-json\/wp\/v2\/media\/1759"}],"wp:attachment":[{"href":"https:\/\/rifengcable.com\/pt\/wp-json\/wp\/v2\/media?parent=1756"}],"wp:term":[{"taxonomy":"product_brand","embeddable":true,"href":"https:\/\/rifengcable.com\/pt\/wp-json\/wp\/v2\/product_brand?post=1756"},{"taxonomy":"product_cat","embeddable":true,"href":"https:\/\/rifengcable.com\/pt\/wp-json\/wp\/v2\/product_cat?post=1756"},{"taxonomy":"product_tag","embeddable":true,"href":"https:\/\/rifengcable.com\/pt\/wp-json\/wp\/v2\/product_tag?post=1756"}],"curies":[{"name":"wp","href":"https:\/\/api.w.org\/{rel}","templated":true}]}}