{"id":1746,"date":"2025-03-03T02:08:58","date_gmt":"2025-03-03T02:08:58","guid":{"rendered":"https:\/\/rifengcable.com\/?post_type=product&#038;p=1746"},"modified":"2025-06-05T07:11:21","modified_gmt":"2025-06-05T07:11:21","slug":"6-wire-electrical-cable-318trs","status":"publish","type":"product","link":"https:\/\/rifengcable.com\/pt\/manufacturer\/6-wire-electrical-cable-318trs\/","title":{"rendered":"Cabo el\u00e9trico de 3 fios 318TRS"},"content":{"rendered":"<h1 id=\"-6-wire-electrical-cable-318trs-tough-flexible-power-cable-\"><strong>Cabo el\u00e9trico de 3 fios 318TRS - Cabo de alimenta\u00e7\u00e3o resistente e flex\u00edvel<\/strong><\/h1>\n<hr \/>\n<h2 id=\"-why-choose-this-cable-\"><strong>Porqu\u00ea escolher este cabo?<\/strong><\/h2>\n<p>\u2705\u00a0<strong>Cobertura de borracha resistente<\/strong>\u00a0- Dura muito tempo em locais dif\u00edceis. \u2705\u00a0<strong>Funciona a quente e a frio<\/strong>\u00a0(-25\u00b0C a +60\u00b0C). \u2705\u00a0<strong>Seguro para m\u00e1quinas, ferramentas e cozinhas<\/strong>. \u2705\u00a0<strong>Cumpre as normas brit\u00e2nicas e comunit\u00e1rias (BS 6500, H05RR-F)<\/strong>. \u2705\u00a0<strong>F\u00e1cil de dobrar, n\u00e3o se parte<\/strong>.<\/p>\n<hr \/>\n<h2 id=\"-what-is-this-cable-used-for-\"><strong>Para que \u00e9 que este cabo \u00e9 utilizado?<\/strong><\/h2>\n<p>Este\u00a0<strong>Cabo el\u00e9trico de 3 fios 318TRS<\/strong>\u00a0\u00e9 perfeito para:<\/p>\n<p>\ud83d\udd0c\u00a0<strong>Pequenas m\u00e1quinas<\/strong>\u00a0- Berbequins, ferros de engomar e ferramentas de soldar. \ud83c\udf73\u00a0<strong>Utens\u00edlios de cozinha<\/strong>\u00a0- Torradeiras, fog\u00f5es, liquidificadores. \ud83c\udfe2\u00a0<strong>Equipamento de escrit\u00f3rio<\/strong>\u00a0- Impressoras, aquecedores. \ud83d\udecb\ufe0f\u00a0<strong>Fios ocultos<\/strong>\u00a0- Dentro de m\u00f3veis ou paredes.<\/p>\n<hr \/>\n<h2 id=\"-key-features-\"><strong>Carater\u00edsticas principais<\/strong><\/h2>\n<h3 id=\"-1-high-safety-standards-\"><strong>1. Elevados padr\u00f5es de seguran\u00e7a<\/strong><\/h3>\n<p>\u2705\u00a0<strong>BS 6500 &amp; BS EN 50525-2-21<\/strong>\u00a0- Segue regras estritas. \u2705\u00a0<strong>H05RR-F<\/strong>\u00a0- Funciona como os cabos el\u00e9ctricos da UE. \u2705\u00a0<strong>Mant\u00e9m-se seguro em locais h\u00famidos ou secos<\/strong>.<\/p>\n<h3 id=\"-2-tough-rubber-cover-trs-\"><strong>2. Cobertura de borracha resistente (TRS)<\/strong><\/h3>\n<p>\u2714\u00a0<strong>Sem l\u00e1grimas<\/strong>\u00a0- Adequado para uma utiliza\u00e7\u00e3o dif\u00edcil. \u2714\u00a0<strong>Seguro perto da \u00e1gua<\/strong>\u00a0- Funciona em locais h\u00famidos. \u2714\u00a0<strong>F\u00e1cil de deslocar<\/strong>\u00a0- Dobra-se sem se partir.<\/p>\n<h3 id=\"-3-strong-copper-wires-\"><strong>3. Fios de cobre resistentes<\/strong><\/h3>\n<p>\ud83d\udd17\u00a0<strong>6 fios no interior<\/strong>\u00a0- Bom para m\u00e1quinas grandes. \u26a1\u00a0<strong>300\/500V de pot\u00eancia<\/strong>\u00a0- Manuseamento de ferramentas e aquecedores. \ud83d\udd04\u00a0<strong>24 fios min\u00fasculos (0,20 mm cada)<\/strong>\u00a0- Mant\u00e9m-se flex\u00edvel.<\/p>\n<hr \/>\n<h2 id=\"-full-product-details-\"><strong>Detalhes completos do produto<\/strong><\/h2>\n<table style=\"height: 228px;\" width=\"459\">\n<thead>\n<tr>\n<th><strong>Carater\u00edstica<\/strong><\/th>\n<th><strong>Detalhes<\/strong><\/th>\n<\/tr>\n<\/thead>\n<tbody>\n<tr>\n<td><strong>Nome<\/strong><\/td>\n<td>Cabo 318TRS de 3 fios<\/td>\n<\/tr>\n<tr>\n<td><strong>Material<\/strong><\/td>\n<td>Borracha + Cobre<\/td>\n<\/tr>\n<tr>\n<td><strong>Pot\u00eancia (tens\u00e3o)<\/strong><\/td>\n<td>300\/500V<\/td>\n<\/tr>\n<tr>\n<td><strong>Tamanho<\/strong><\/td>\n<td>Normalmente 0,75mm\u00b2 (6 fios)<\/td>\n<\/tr>\n<tr>\n<td><strong>Trabalha em<\/strong><\/td>\n<td>-25\u00b0C a +60\u00b0C<\/td>\n<\/tr>\n<tr>\n<td><strong>Utilizar para<\/strong><\/td>\n<td>Ferramentas, cozinhas, escrit\u00f3rios<\/td>\n<\/tr>\n<tr>\n<td><strong>Etiquetas de seguran\u00e7a<\/strong><\/td>\n<td>BS 6500, H05RR-F<\/td>\n<\/tr>\n<\/tbody>\n<\/table>\n<p>&nbsp;<\/p>\n<hr \/>\n<h2 id=\"-where-to-use-this-cable-\"><strong>Onde utilizar este cabo?<\/strong><\/h2>\n<h3 id=\"-1-at-home-\"><strong>1. Em casa<\/strong><\/h3>\n<ul>\n<li>\ud83d\udd25\u00a0<strong>Torradeiras, fornos, ferros de engomar<\/strong><\/li>\n<li>\ud83d\udee0\ufe0f\u00a0<strong>Ferramentas de bricolage<\/strong><\/li>\n<\/ul>\n<h3 id=\"-2-in-workshops-\"><strong>2. Em Workshops<\/strong><\/h3>\n<ul>\n<li>\u26a1\u00a0<strong>Pistolas de soldar, berbequins<\/strong><\/li>\n<li>\ud83d\udca1\u00a0<strong>Luzes, m\u00e1quinas<\/strong><\/li>\n<\/ul>\n<h3 id=\"-3-offices-stores-\"><strong>3. Escrit\u00f3rios e lojas<\/strong><\/h3>\n<ul>\n<li>\ud83d\udda8\ufe0f\u00a0<strong>Impressoras, computadores<\/strong><\/li>\n<li>\u2744\ufe0f\u00a0<strong>Frigor\u00edficos pequenos<\/strong><\/li>\n<\/ul>\n<hr \/>\n<h2 id=\"-why-trust-this-cable-\"><strong>Porqu\u00ea confiar neste cabo?<\/strong><\/h2>\n<ul>\n<li>\u2714\u00a0<strong>Testado para seguran\u00e7a<\/strong>\u00a0(sem inc\u00eandios ou choques).<\/li>\n<li>\u2714\u00a0<strong>Dura anos<\/strong>\u00a0- A borracha n\u00e3o estala.<\/li>\n<li>\u2714\u00a0<strong>Sem perda de pot\u00eancia<\/strong>\u00a0- Os fios de cobre funcionam muito bem.<\/li>\n<\/ul>\n<hr \/>\n<h2 id=\"-order-now-\"><strong>Encomendar agora!<\/strong><\/h2>\n<p>Obter o seu\u00a0<strong>318TRS Cabo de 3 fios<\/strong>\u00a0hoje para: \ud83d\udd27\u00a0<strong>Forte pot\u00eancia da ferramenta<\/strong>\u00a0\ud83c\udfe0\u00a0<strong>Cablagem dom\u00e9stica segura<\/strong>\u00a0\ud83d\uded2\u00a0<em>Envio r\u00e1pido!<\/em><\/p>","protected":false},"excerpt":{"rendered":"<p>Item\uff1a318TRS<\/p>\n<div>\n<p class=\"lableName\">Certifica\u00e7\u00e3o do produto: BS<\/p>\n<\/div>\n<div>\n<p class=\"lableName\"><strong>Par\u00e2metros b\u00e1sicos\uff1a<\/strong><\/p>\n<\/div>\n<div>\n<ul>\n<li class=\"lableName\">Tens\u00e3o nominal: 300\/500V<\/li>\n<\/ul>\n<\/div>\n<div>\n<ul>\n<li class=\"lableName\">Classificou a temperatura de trabalho: 90 \u2103<\/li>\n<\/ul>\n<\/div>\n<div>\n<ul>\n<li class=\"lableName\">Norma executiva: VDE 0282<\/li>\n<\/ul>\n<\/div>\n<div>\n<p class=\"lableName\"><strong>Estrutura do condutor\uff1a<\/strong><\/p>\n<\/div>\n<div>\n<ul>\n<li class=\"lableName\"><span class=\"lableName\">Material do condutor\uff1a<\/span>\u00a0Cobre com fios nus<\/li>\n<\/ul>\n<\/div>\n<div>\n<ul>\n<li class=\"lableName\">Material de isolamento: EPDM<\/li>\n<\/ul>\n<\/div>\n<div>\n<ul>\n<li class=\"lableName\">Material do revestimento: CPE<\/li>\n<\/ul>\n<p><strong>Aplica\u00e7\u00f5es do cabo el\u00e9trico de 6 fios 318TRS:<\/strong><\/p>\n<p>Este cabo foi concebido para uma utiliza\u00e7\u00e3o vers\u00e1til numa variedade de ambientes, incluindo condi\u00e7\u00f5es secas, h\u00famidas ou molhadas, bem como \u00e1reas expostas a \u00f3leo ou gordura. O seu desempenho \u00e9 fi\u00e1vel em diversas condi\u00e7\u00f5es climat\u00e9ricas e sob ligeira tens\u00e3o mec\u00e2nica. As aplica\u00e7\u00f5es comuns incluem:<\/p>\n<ul>\n<li>Alimenta\u00e7\u00e3o el\u00e9ctrica de pequenos aparelhos em instala\u00e7\u00f5es industriais e oficinas mec\u00e2nicas.<\/li>\n<li>Placas de aquecimento e sistemas de ilumina\u00e7\u00e3o port\u00e1teis.<\/li>\n<li>Equipamentos agr\u00edcolas e de cultivo.<\/li>\n<li>Caravanas e material de campismo.<\/li>\n<\/ul>\n<p>A sua constru\u00e7\u00e3o duradoura torna-o adequado tanto para utiliza\u00e7\u00e3o no interior como no exterior, garantindo um desempenho consistente em condi\u00e7\u00f5es dif\u00edceis.<\/p>\n<\/div>","protected":false},"featured_media":2360,"template":"","meta":[],"product_brand":[],"product_cat":[38],"product_tag":[],"class_list":{"0":"post-1746","1":"product","2":"type-product","3":"status-publish","4":"has-post-thumbnail","6":"product_cat-rubber-cable","8":"first","9":"instock","10":"shipping-taxable","11":"product-type-simple"},"_links":{"self":[{"href":"https:\/\/rifengcable.com\/pt\/wp-json\/wp\/v2\/product\/1746","targetHints":{"allow":["GET"]}}],"collection":[{"href":"https:\/\/rifengcable.com\/pt\/wp-json\/wp\/v2\/product"}],"about":[{"href":"https:\/\/rifengcable.com\/pt\/wp-json\/wp\/v2\/types\/product"}],"wp:featuredmedia":[{"embeddable":true,"href":"https:\/\/rifengcable.com\/pt\/wp-json\/wp\/v2\/media\/2360"}],"wp:attachment":[{"href":"https:\/\/rifengcable.com\/pt\/wp-json\/wp\/v2\/media?parent=1746"}],"wp:term":[{"taxonomy":"product_brand","embeddable":true,"href":"https:\/\/rifengcable.com\/pt\/wp-json\/wp\/v2\/product_brand?post=1746"},{"taxonomy":"product_cat","embeddable":true,"href":"https:\/\/rifengcable.com\/pt\/wp-json\/wp\/v2\/product_cat?post=1746"},{"taxonomy":"product_tag","embeddable":true,"href":"https:\/\/rifengcable.com\/pt\/wp-json\/wp\/v2\/product_tag?post=1746"}],"curies":[{"name":"wp","href":"https:\/\/api.w.org\/{rel}","templated":true}]}}