{"id":1617,"date":"2025-02-25T02:41:58","date_gmt":"2025-02-25T02:41:58","guid":{"rendered":"https:\/\/rifengcable.com\/?page_id=1617"},"modified":"2025-03-11T03:46:39","modified_gmt":"2025-03-11T03:46:39","slug":"cable-service","status":"publish","type":"page","link":"https:\/\/rifengcable.com\/pt\/cable-service\/","title":{"rendered":"Apoio ao servi\u00e7o"},"content":{"rendered":"<div class=\"banner has-hover\" id=\"banner-1625546809\">\n          <div class=\"banner-inner fill\">\n        <div class=\"banner-bg fill\" >\n            <div class=\"bg fill bg-fill\"><\/div>\n                                    \n                    <\/div>\n\t\t\n        <div class=\"banner-layers container\">\n            <div class=\"fill banner-link\"><\/div>            \n   <div id=\"text-box-2012794618\" class=\"text-box banner-layer x50 md-x50 lg-x50 y50 md-y50 lg-y50 res-text\">\n                                <div class=\"text-box-content text dark\">\n              \n              <div class=\"text-inner text-center\">\n                  \n<h1 style=\"text-align: center;\">Apoio ao servi\u00e7o<\/h1>\n              <\/div>\n           <\/div>\n                            \n<style>\n#text-box-2012794618 {\n  width: 60%;\n}\n#text-box-2012794618 .text-box-content {\n  font-size: 100%;\n}\n<\/style>\n    <\/div>\n \n        <\/div>\n      <\/div>\n\n            \n<style>\n#banner-1625546809 {\n  padding-top: 165px;\n  background-color: rgba(0, 0, 0, 0.384);\n}\n<\/style>\n  <\/div>\n\n\n\t<section class=\"section\" id=\"section_1096455980\">\n\t\t<div class=\"bg section-bg fill bg-fill  bg-loaded\" >\n\n\t\t\t\n\t\t\t\n\t\t\t\n\n\t\t<\/div>\n\n\t\t\n\n\t\t<div class=\"section-content relative\">\n\t\t\t\n<div class=\"row\"  id=\"row-1250003193\">\n\n\t<div id=\"col-1569757997\" class=\"col small-12 large-12\"  >\n\t\t\t\t<div class=\"col-inner\"  >\n\t\t\t\n\t\t\t\n<h2><strong>I. Filosofia do servi\u00e7o<\/strong><\/h2>\n<p>O nosso objetivo \u00e9 conquistar clientes atrav\u00e9s do fornecimento de produtos e solu\u00e7\u00f5es personalizados, criando simultaneamente um valor duradouro atrav\u00e9s dos nossos servi\u00e7os profissionais.<\/p>\n<h2><strong>II. Compromisso com os servi\u00e7os por cabo<\/strong><\/h2>\n<p><strong>1. Servi\u00e7os de pr\u00e9-venda<\/strong><\/p>\n<p>1.1\u00a0<strong>Equipa de projeto especializada<\/strong>: Apoiada por mais de 20 anos de experi\u00eancia na ind\u00fastria dos cabos, a nossa equipa t\u00e9cnica especializada oferece um apoio personalizado e individual.<\/p>\n<p>1.2\u00a0<strong>Design de produto personalizado<\/strong>: Cada produto \u00e9 meticulosamente concebido para satisfazer as necessidades \u00fanicas dos nossos clientes.<\/p>\n<p>1.3\u00a0<strong>Solu\u00e7\u00f5es integradas<\/strong>: Fornecemos solu\u00e7\u00f5es globais adaptadas \u00e0s necessidades actuais e ao crescimento futuro dos nossos clientes.<\/p>\n<p><strong>2. Servi\u00e7os aquando da compra<\/strong><\/p>\n<p>2.1\u00a0<strong>Acompanhamento do progresso do projeto<\/strong>: Monitoriza\u00e7\u00e3o em tempo real, 24 horas por dia, do progresso do projeto para garantir o cumprimento atempado dos requisitos do cliente.<\/p>\n<p>2.2\u00a0<strong>Comunica\u00e7\u00e3o eficiente<\/strong>Comunica\u00e7\u00e3o e coordena\u00e7\u00e3o 24 horas por dia para alinhar os recursos e as necessidades, garantindo a satisfa\u00e7\u00e3o total do cliente.<\/p>\n<p>2.3\u00a0<strong>Garantia de qualidade<\/strong>: Controlo rigoroso e permanente das mat\u00e9rias-primas e da qualidade dos produtos, incluindo testes de resist\u00eancia em condi\u00e7\u00f5es de simula\u00e7\u00e3o de condi\u00e7\u00f5es adversas, para garantir resultados superiores.<\/p>\n<p><strong>3. Servi\u00e7os p\u00f3s-mercado<\/strong><\/p>\n<p>3.1\u00a0<strong>Comunica\u00e7\u00e3o r\u00e1pida<\/strong>: Apoio dedicado 24 horas por dia para consulta e assist\u00eancia profissional.<\/p>\n<p>3.2\u00a0<strong>Resposta r\u00e1pida<\/strong>: Um mecanismo de resposta 24 horas por dia garante um servi\u00e7o atempado no local para responder \u00e0s necessidades dos clientes.<\/p>\n<p>3.3\u00a0<strong>Melhoria cont\u00ednua<\/strong>: Entrega de um relat\u00f3rio 8D no prazo de 72 horas para resolver os problemas na sua origem e promover a cria\u00e7\u00e3o cont\u00ednua de valor para os clientes.<\/p>\n\t\t<\/div>\n\t\t\t\t\t<\/div>\n\n\t\n<\/div>\n\t\t<\/div>\n\n\t\t\n<style>\n#section_1096455980 {\n  padding-top: 30px;\n  padding-bottom: 30px;\n}\n<\/style>\n\t<\/section>","protected":false},"excerpt":{"rendered":"","protected":false},"author":3,"featured_media":0,"parent":0,"menu_order":0,"comment_status":"closed","ping_status":"closed","template":"page-blank.php","meta":{"footnotes":""},"class_list":["post-1617","page","type-page","status-publish","hentry"],"_links":{"self":[{"href":"https:\/\/rifengcable.com\/pt\/wp-json\/wp\/v2\/pages\/1617","targetHints":{"allow":["GET"]}}],"collection":[{"href":"https:\/\/rifengcable.com\/pt\/wp-json\/wp\/v2\/pages"}],"about":[{"href":"https:\/\/rifengcable.com\/pt\/wp-json\/wp\/v2\/types\/page"}],"author":[{"embeddable":true,"href":"https:\/\/rifengcable.com\/pt\/wp-json\/wp\/v2\/users\/3"}],"replies":[{"embeddable":true,"href":"https:\/\/rifengcable.com\/pt\/wp-json\/wp\/v2\/comments?post=1617"}],"version-history":[{"count":6,"href":"https:\/\/rifengcable.com\/pt\/wp-json\/wp\/v2\/pages\/1617\/revisions"}],"predecessor-version":[{"id":2077,"href":"https:\/\/rifengcable.com\/pt\/wp-json\/wp\/v2\/pages\/1617\/revisions\/2077"}],"wp:attachment":[{"href":"https:\/\/rifengcable.com\/pt\/wp-json\/wp\/v2\/media?parent=1617"}],"curies":[{"name":"wp","href":"https:\/\/api.w.org\/{rel}","templated":true}]}}