{"id":1615,"date":"2025-02-25T02:41:24","date_gmt":"2025-02-25T02:41:24","guid":{"rendered":"https:\/\/rifengcable.com\/?page_id=1615"},"modified":"2025-03-11T03:21:52","modified_gmt":"2025-03-11T03:21:52","slug":"company-culture-of-cable-company","status":"publish","type":"page","link":"https:\/\/rifengcable.com\/pt\/company-culture-of-cable-company\/","title":{"rendered":"Cultura da empresa"},"content":{"rendered":"<div class=\"banner has-hover\" id=\"banner-947239911\">\n          <div class=\"banner-inner fill\">\n        <div class=\"banner-bg fill\" >\n            <div class=\"bg fill bg-fill\"><\/div>\n                                    \n                    <\/div>\n\t\t\n        <div class=\"banner-layers container\">\n            <div class=\"fill banner-link\"><\/div>            \n   <div id=\"text-box-701594146\" class=\"text-box banner-layer x50 md-x50 lg-x50 y50 md-y50 lg-y50 res-text\">\n                                <div class=\"text-box-content text dark\">\n              \n              <div class=\"text-inner text-center\">\n                  \n<h1>Cultura empresarial da Rifeng Cable Company<\/h1>\n              <\/div>\n           <\/div>\n                            \n<style>\n#text-box-701594146 {\n  width: 100%;\n}\n#text-box-701594146 .text-box-content {\n  font-size: 100%;\n}\n<\/style>\n    <\/div>\n \n        <\/div>\n      <\/div>\n\n            \n<style>\n#banner-947239911 {\n  padding-top: 165px;\n  background-color: rgba(0, 0, 0, 0.384);\n}\n<\/style>\n  <\/div>\n\n\n\t<section class=\"section\" id=\"section_1569956674\">\n\t\t<div class=\"bg section-bg fill bg-fill  bg-loaded\" >\n\n\t\t\t\n\t\t\t\n\t\t\t\n\n\t\t<\/div>\n\n\t\t\n\n\t\t<div class=\"section-content relative\">\n\t\t\t\n<div class=\"row\"  id=\"row-1478003239\">\n\n\t<div id=\"col-1736208415\" class=\"col small-12 large-12\"  >\n\t\t\t\t<div class=\"col-inner\"  >\n\t\t\t\n\t\t\t\n<h2 style=\"text-align: center;\"><strong>Integridade, Luta, Ganhos e Ganhos: Os Valores Fundamentais de uma Empresa L\u00edder de Cabos<\/strong><\/h2>\n\t\t<\/div>\n\t\t\t\t\t<\/div>\n\n\t\n<\/div>\n<div class=\"row\"  id=\"row-1411215970\">\n\n\t<div id=\"col-1858422940\" class=\"col small-12 large-12\"  >\n\t\t\t\t<div class=\"col-inner\"  >\n\t\t\t\n\t\t\t\n<p>O funcionamento de uma empresa de cabo bem sucedida requer uma base de integridade, uma luta incans\u00e1vel e um compromisso com resultados vantajosos para todos. Para prosperar neste sector competitivo, uma empresa deve ser cred\u00edvel, consistente e dedicada \u00e0 melhoria cont\u00ednua. Al\u00e9m disso, deve promover um esp\u00edrito de colabora\u00e7\u00e3o entre clientes, funcion\u00e1rios e acionistas para garantir benef\u00edcios m\u00fatuos. Durante anos, a Rifeng incorporou estes princ\u00edpios, tendo como miss\u00e3o \"Fornecer solu\u00e7\u00f5es personalizadas para utilizadores globais de cabos\" e esfor\u00e7ando-se incansavelmente para alcan\u00e7ar a sua vis\u00e3o empresarial.<\/p>\n\t\t<\/div>\n\t\t\t\t\t<\/div>\n\n\t\n<\/div>\n\t\t<\/div>\n\n\t\t\n<style>\n#section_1569956674 {\n  padding-top: 30px;\n  padding-bottom: 30px;\n}\n<\/style>\n\t<\/section>\n\t\n\t<section class=\"section\" id=\"section_417295360\">\n\t\t<div class=\"bg section-bg fill bg-fill  bg-loaded\" >\n\n\t\t\t\n\t\t\t\n\t\t\t\n\n\t\t<\/div>\n\n\t\t\n\n\t\t<div class=\"section-content relative\">\n\t\t\t\n<div class=\"row\"  id=\"row-928498498\">\n\n\t<div id=\"col-413393333\" class=\"col small-12 large-12\"  >\n\t\t\t\t<div class=\"col-inner\"  >\n\t\t\t\n\t\t\t\n\t<div class=\"img has-hover x md-x lg-x y md-y lg-y\" id=\"image_438258511\">\n\t\t\t\t\t\t\t\t<div class=\"img-inner image-cover dark\" style=\"padding-top:45%;\">\n\t\t\t<img loading=\"lazy\" decoding=\"async\" width=\"700\" height=\"400\" src=\"https:\/\/rifengcable.com\/wp-content\/uploads\/2025\/03\/Integrity.jpg\" class=\"attachment-original size-original\" alt=\"Integridade\" srcset=\"https:\/\/rifengcable.com\/wp-content\/uploads\/2025\/03\/Integrity.jpg 700w, https:\/\/rifengcable.com\/wp-content\/uploads\/2025\/03\/Integrity-300x171.jpg 300w, https:\/\/rifengcable.com\/wp-content\/uploads\/2025\/03\/Integrity-18x10.jpg 18w, https:\/\/rifengcable.com\/wp-content\/uploads\/2025\/03\/Integrity-600x343.jpg 600w\" sizes=\"auto, (max-width: 700px) 100vw, 700px\" title=\"\">\t\t\t\t\t\t\n\t\t\t\t\t<\/div>\n\t\t\t\t\t\t\t\t\n<style>\n#image_438258511 {\n  width: 100%;\n}\n<\/style>\n\t<\/div>\n\t\n\t\t<\/div>\n\t\t\t\t\t<\/div>\n\n\t\n<\/div>\n<div class=\"row\"  id=\"row-1147619441\">\n\n\t<div id=\"col-1748558099\" class=\"col small-12 large-12\"  >\n\t\t\t\t<div class=\"col-inner\"  >\n\t\t\t\n\t\t\t\n<p style=\"text-align: center;\"><strong>Integridade<\/strong>: S\u00f3 nos mantemos firmes no mercado global se formos dignos de confian\u00e7a e fi\u00e1veis. A integridade \u00e9 a pedra angular de um sucesso duradouro.<\/p>\n\t\t<\/div>\n\t\t\t\t\t<\/div>\n\n\t\n<\/div>\n\t\t<\/div>\n\n\t\t\n<style>\n#section_417295360 {\n  padding-top: 30px;\n  padding-bottom: 30px;\n  background-color: rgb(236, 236, 236);\n}\n<\/style>\n\t<\/section>\n\t\n\t<section class=\"section\" id=\"section_288992666\">\n\t\t<div class=\"bg section-bg fill bg-fill  bg-loaded\" >\n\n\t\t\t\n\t\t\t\n\t\t\t\n\n\t\t<\/div>\n\n\t\t\n\n\t\t<div class=\"section-content relative\">\n\t\t\t\n<div class=\"row\"  id=\"row-1398456696\">\n\n\t<div id=\"col-1146255733\" class=\"col small-12 large-12\"  >\n\t\t\t\t<div class=\"col-inner\"  >\n\t\t\t\n\t\t\t\n\t<div class=\"img has-hover x md-x lg-x y md-y lg-y\" id=\"image_558569122\">\n\t\t\t\t\t\t\t\t<div class=\"img-inner image-cover dark\" style=\"padding-top:45%;\">\n\t\t\t<img loading=\"lazy\" decoding=\"async\" width=\"600\" height=\"390\" src=\"https:\/\/rifengcable.com\/wp-content\/uploads\/2025\/03\/struggle.webp\" class=\"attachment-original size-original\" alt=\"luta\" srcset=\"https:\/\/rifengcable.com\/wp-content\/uploads\/2025\/03\/struggle.webp 600w, https:\/\/rifengcable.com\/wp-content\/uploads\/2025\/03\/struggle-300x195.webp 300w, https:\/\/rifengcable.com\/wp-content\/uploads\/2025\/03\/struggle-18x12.webp 18w\" sizes=\"auto, (max-width: 600px) 100vw, 600px\" title=\"\">\t\t\t\t\t\t\n\t\t\t\t\t<\/div>\n\t\t\t\t\t\t\t\t\n<style>\n#image_558569122 {\n  width: 100%;\n}\n<\/style>\n\t<\/div>\n\t\n\t\t<\/div>\n\t\t\t\t\t<\/div>\n\n\t\n<\/div>\n<div class=\"row\"  id=\"row-1995907536\">\n\n\t<div id=\"col-1162985066\" class=\"col small-12 large-12\"  >\n\t\t\t\t<div class=\"col-inner\"  >\n\t\t\t\n\t\t\t\n<p style=\"text-align: center;\"><strong>Luta<\/strong>: No mundo din\u00e2mico das solu\u00e7\u00f5es por cabo, o esfor\u00e7o e a dedica\u00e7\u00e3o incans\u00e1veis s\u00e3o essenciais para superar os desafios e alcan\u00e7ar o crescimento. S\u00f3 sem poupar esfor\u00e7os \u00e9 que uma empresa pode garantir o seu lugar no sector.<\/p>\n\t\t<\/div>\n\t\t\t\t\t<\/div>\n\n\t\n<\/div>\n\t\t<\/div>\n\n\t\t\n<style>\n#section_288992666 {\n  padding-top: 30px;\n  padding-bottom: 30px;\n}\n<\/style>\n\t<\/section>\n\t\n\t<section class=\"section\" id=\"section_1705130362\">\n\t\t<div class=\"bg section-bg fill bg-fill  bg-loaded\" >\n\n\t\t\t\n\t\t\t\n\t\t\t\n\n\t\t<\/div>\n\n\t\t\n\n\t\t<div class=\"section-content relative\">\n\t\t\t\n<div class=\"row\"  id=\"row-1224211642\">\n\n\t<div id=\"col-1201237811\" class=\"col small-12 large-12\"  >\n\t\t\t\t<div class=\"col-inner\"  >\n\t\t\t\n\t\t\t\n\t<div class=\"img has-hover x md-x lg-x y md-y lg-y\" id=\"image_922745443\">\n\t\t\t\t\t\t\t\t<div class=\"img-inner image-cover dark\" style=\"padding-top:45%;\">\n\t\t\t<img loading=\"lazy\" decoding=\"async\" width=\"800\" height=\"400\" src=\"https:\/\/rifengcable.com\/wp-content\/uploads\/2025\/03\/win-win.jpg\" class=\"attachment-original size-original\" alt=\"Ganha-ganha\" srcset=\"https:\/\/rifengcable.com\/wp-content\/uploads\/2025\/03\/win-win.jpg 800w, https:\/\/rifengcable.com\/wp-content\/uploads\/2025\/03\/win-win-300x150.jpg 300w, https:\/\/rifengcable.com\/wp-content\/uploads\/2025\/03\/win-win-768x384.jpg 768w, https:\/\/rifengcable.com\/wp-content\/uploads\/2025\/03\/win-win-18x9.jpg 18w, https:\/\/rifengcable.com\/wp-content\/uploads\/2025\/03\/win-win-600x300.jpg 600w\" sizes=\"auto, (max-width: 800px) 100vw, 800px\" title=\"\">\t\t\t\t\t\t\n\t\t\t\t\t<\/div>\n\t\t\t\t\t\t\t\t\n<style>\n#image_922745443 {\n  width: 100%;\n}\n<\/style>\n\t<\/div>\n\t\n\t\t<\/div>\n\t\t\t\t\t<\/div>\n\n\t\n<\/div>\n<div class=\"row\"  id=\"row-467427600\">\n\n\t<div id=\"col-75260650\" class=\"col small-12 large-12\"  >\n\t\t\t\t<div class=\"col-inner\"  >\n\t\t\t\n\t\t\t\n<p><strong>Ganha-ganha<\/strong>: A colabora\u00e7\u00e3o \u00e9 fundamental. Ao trabalhar em conjunto com clientes, funcion\u00e1rios e partes interessadas, criamos valor para todas as partes, assegurando um sucesso partilhado e parcerias a longo prazo.<\/p>\n\t\t<\/div>\n\t\t\t\t\t<\/div>\n\n\t\n<\/div>\n\t\t<\/div>\n\n\t\t\n<style>\n#section_1705130362 {\n  padding-top: 30px;\n  padding-bottom: 30px;\n  background-color: #ececec;\n}\n<\/style>\n\t<\/section>","protected":false},"excerpt":{"rendered":"","protected":false},"author":3,"featured_media":2072,"parent":0,"menu_order":0,"comment_status":"closed","ping_status":"closed","template":"page-blank.php","meta":{"footnotes":""},"class_list":["post-1615","page","type-page","status-publish","has-post-thumbnail","hentry"],"_links":{"self":[{"href":"https:\/\/rifengcable.com\/pt\/wp-json\/wp\/v2\/pages\/1615","targetHints":{"allow":["GET"]}}],"collection":[{"href":"https:\/\/rifengcable.com\/pt\/wp-json\/wp\/v2\/pages"}],"about":[{"href":"https:\/\/rifengcable.com\/pt\/wp-json\/wp\/v2\/types\/page"}],"author":[{"embeddable":true,"href":"https:\/\/rifengcable.com\/pt\/wp-json\/wp\/v2\/users\/3"}],"replies":[{"embeddable":true,"href":"https:\/\/rifengcable.com\/pt\/wp-json\/wp\/v2\/comments?post=1615"}],"version-history":[{"count":10,"href":"https:\/\/rifengcable.com\/pt\/wp-json\/wp\/v2\/pages\/1615\/revisions"}],"predecessor-version":[{"id":2071,"href":"https:\/\/rifengcable.com\/pt\/wp-json\/wp\/v2\/pages\/1615\/revisions\/2071"}],"wp:featuredmedia":[{"embeddable":true,"href":"https:\/\/rifengcable.com\/pt\/wp-json\/wp\/v2\/media\/2072"}],"wp:attachment":[{"href":"https:\/\/rifengcable.com\/pt\/wp-json\/wp\/v2\/media?parent=1615"}],"curies":[{"name":"wp","href":"https:\/\/api.w.org\/{rel}","templated":true}]}}