{"id":1887,"date":"2025-03-05T07:33:49","date_gmt":"2025-03-05T07:33:49","guid":{"rendered":"https:\/\/rifengcable.com\/?post_type=product&#038;p=1887"},"modified":"2025-04-26T03:23:54","modified_gmt":"2025-04-26T03:23:54","slug":"ac-power-cord-rf-07","status":"publish","type":"product","link":"https:\/\/rifengcable.com\/pl\/manufacturer\/ac-power-cord-rf-07\/","title":{"rendered":"Przew\u00f3d zasilaj\u0105cy RF-07"},"content":{"rendered":"<h1 id=\"-ac-power-cord-rf-07-replacement-cable-for-panasonic-radios-\"><strong>Przew\u00f3d zasilaj\u0105cy RF-07 - Przew\u00f3d zamienny do radiotelefon\u00f3w Panasonic<\/strong><\/h1>\n<p>Przew\u00f3d zasilaj\u0105cy AC RF-07 jest przeznaczony do zasilania radia AM\/FM firmy Panasonic i zapewnienia jego p\u0142ynnego dzia\u0142ania.<\/p>\n<h3 id=\"-works-with-\"><strong>Dzia\u0142a z<\/strong><\/h3>\n<p>Pasuje do modeli:<\/p>\n<ul>\n<li><strong>RF-2400, RF-2400D, RF-2900<\/strong><\/li>\n<li><strong>RX-D10, RX-D11, RX-D12, RX-D13<\/strong><\/li>\n<li><strong>RQ-2102, DVD-XP50<\/strong><\/li>\n<\/ul>\n<p><em>Zawsze nale\u017cy najpierw sprawdzi\u0107 rozmiar wtyczki radia.<\/em><\/p>\n<h3 id=\"-cable-specs-\"><strong>Specyfikacja kabla<\/strong><\/h3>\n<table style=\"height: 142px;\" width=\"491\">\n<thead>\n<tr>\n<th><strong>Pozycja<\/strong><\/th>\n<th><strong>Szczeg\u00f3\u0142y<\/strong><\/th>\n<\/tr>\n<\/thead>\n<tbody>\n<tr>\n<td><strong>Z\u0142\u0105cze<\/strong><\/td>\n<td><strong>C7 (rysunek 8) \u017ce\u0144ski<\/strong>\u00a0do\u00a0<strong>NEMA 1-15P m\u0119ski<\/strong><\/td>\n<\/tr>\n<tr>\n<td><strong>D\u0142ugo\u015b\u0107<\/strong><\/td>\n<td>6ft (lub\u00a0<strong>8,2 stopy<\/strong>\u00a0dla dodatkowego zasi\u0119gu)<\/td>\n<\/tr>\n<tr>\n<td><strong>Moc znamionowa<\/strong><\/td>\n<td>100-240V, 7A-10A (bezpieczny dla\u00a0<strong>dom i podr\u00f3\u017ce<\/strong>)<\/td>\n<\/tr>\n<tr>\n<td><strong>Certyfikacja<\/strong><\/td>\n<td><strong>UL-listed<\/strong>\u00a0(bez przegrzania)<\/td>\n<\/tr>\n<\/tbody>\n<\/table>\n<h3 id=\"-key-features-\"><strong>Kluczowe cechy<\/strong><\/h3>\n<p>\u2714\u00a0<strong>Mocny i bezpieczny<\/strong>\u00a0- Wytrzyma\u0142e przewody\u00a0<strong>trwa\u0107 d\u0142ugo<\/strong>\u00a0\u2714\u00a0<strong>Easy Plug-In<\/strong>\u00a0- Dzia\u0142a od razu po pod\u0142\u0105czeniu \u2714\u00a0<strong>Odpowiedni rozmiar<\/strong>\u00a0- Pasuje ciasno (bez lu\u017anych wtyczek) \u2714\u00a0<strong>Gwarancja<\/strong>\u00a0-\u00a0<strong>24 miesi\u0105ce<\/strong>\u00a0wymiana w razie potrzeby<\/p>\n<h3 id=\"-best-uses-\"><strong>Najlepsze zastosowania<\/strong><\/h3>\n<ul>\n<li><strong>W domu<\/strong>\u00a0- Odtwarzanie radia, kaset lub p\u0142yt CD bez zatrzymywania si\u0119<\/li>\n<li><strong>Na wycieczkach<\/strong>\u00a0- Ma\u0142y rozmiar pasuje do toreb (dzia\u0142a\u00a0<strong>na ca\u0142ym \u015bwiecie<\/strong>)<\/li>\n<li><strong>Napraw stare przewody<\/strong>\u00a0- Szybka wymiana uszkodzonych lub zgubionych kabli zasilaj\u0105cych<\/li>\n<\/ul>\n<hr \/>\n<h3 id=\"-how-to-order-\"><strong>Jak zamawia\u0107<\/strong><\/h3>\n<ol>\n<li><strong>D\u0142ugo\u015b\u0107 wyboru<\/strong>\u00a0(6 st\u00f3p lub 8,2 stopy).<\/li>\n<li>Sprawd\u017a\u00a0<strong>Numer modelu Panasonic<\/strong>\u00a0w radiu.<\/li>\n<li><strong>Kliknij \"Kup teraz\"<\/strong>\u00a0- szybka wysy\u0142ka!<\/li>\n<\/ol>\n<p>To\u00a0<strong>Przew\u00f3d RF-07<\/strong>\u00a0odtwarza muzyk\u0119-<strong>zam\u00f3w ju\u017c dzi\u015b!<\/strong><\/p>","protected":false},"excerpt":{"rendered":"<p>Pozycja\uff1aRF-07<\/p>\n<p>Odpowiedni typ kabla\uff1a<\/p>\n<table style=\"border-collapse: collapse; width: 478px; height: 305px;\" border=\"0\" width=\"459\" cellspacing=\"0\" cellpadding=\"0\">\n<tbody>\n<tr style=\"height: 31.00pt;\">\n<td class=\"et3\" style=\"height: 31pt; width: 69.75pt; text-align: center;\" width=\"93\" height=\"41\">Typ<\/td>\n<td class=\"et3\" style=\"width: 166.5pt; text-align: center;\" width=\"222\">Pr\u0105d znamionowy i napi\u0119cie<\/td>\n<td class=\"et3\" style=\"width: 108pt; text-align: center;\" width=\"144\">Specyfikacje<\/td>\n<\/tr>\n<tr style=\"height: 27.00pt;\">\n<td class=\"et4\" style=\"height: 27pt; text-align: center;\" height=\"36\">H03VVH2-F<\/td>\n<td class=\"et4\" style=\"text-align: center;\">16A\/250V<\/td>\n<td class=\"et4\" style=\"text-align: center;\">2*0.75m\u33a1<\/td>\n<\/tr>\n<tr style=\"height: 27.00pt;\">\n<td class=\"et4\" style=\"height: 27pt; text-align: center;\" height=\"36\">H03VV-F<\/td>\n<td class=\"et4\" style=\"text-align: center;\">16A\/250V<\/td>\n<td class=\"et4\" style=\"text-align: center;\">2*0.75m\u33a1<\/td>\n<\/tr>\n<tr style=\"height: 27.00pt;\">\n<td class=\"et4\" style=\"height: 27pt; text-align: center;\" height=\"36\">H05VVH2-F<\/td>\n<td class=\"et4\" style=\"text-align: center;\">16A\/250V<\/td>\n<td class=\"et4\" style=\"text-align: center;\">2*0.75m\u33a1<\/td>\n<\/tr>\n<tr style=\"height: 27.00pt;\">\n<td class=\"et4\" style=\"height: 27pt; text-align: center;\" height=\"36\">H05VV-F<\/td>\n<td class=\"et4\" style=\"text-align: center;\">16A\/250V<\/td>\n<td class=\"et4\" style=\"text-align: center;\">2*0.75-1.5m\u33a1<\/td>\n<\/tr>\n<tr style=\"height: 27.00pt;\">\n<td class=\"et4\" style=\"height: 27pt; text-align: center;\" height=\"36\">H05RR-F<\/td>\n<td class=\"et4\" style=\"text-align: center;\">16A\/250V<\/td>\n<td class=\"et4\" style=\"text-align: center;\">2*0.75-1.5m\u33a1<\/td>\n<\/tr>\n<tr style=\"height: 27.00pt;\">\n<td class=\"et4\" style=\"height: 27pt; text-align: center;\" height=\"36\">H05RN-F<\/td>\n<td class=\"et4\" style=\"text-align: center;\">16A\/250V<\/td>\n<td class=\"et4\" style=\"text-align: center;\">2*0.75-1m\u33a1<\/td>\n<\/tr>\n<tr style=\"height: 27.00pt;\">\n<td class=\"et4\" style=\"height: 27pt; text-align: center;\" height=\"36\">H07RN-F<\/td>\n<td class=\"et4\" style=\"text-align: center;\">16A\/250V<\/td>\n<td class=\"et4\" style=\"text-align: center;\">2*1.0-1.5m\u33a1<\/td>\n<\/tr>\n<\/tbody>\n<\/table>","protected":false},"featured_media":1888,"template":"","meta":[],"product_brand":[],"product_cat":[43],"product_tag":[],"class_list":{"0":"post-1887","1":"product","2":"type-product","3":"status-publish","4":"has-post-thumbnail","6":"product_cat-power-cords","8":"first","9":"instock","10":"shipping-taxable","11":"product-type-simple"},"_links":{"self":[{"href":"https:\/\/rifengcable.com\/pl\/wp-json\/wp\/v2\/product\/1887","targetHints":{"allow":["GET"]}}],"collection":[{"href":"https:\/\/rifengcable.com\/pl\/wp-json\/wp\/v2\/product"}],"about":[{"href":"https:\/\/rifengcable.com\/pl\/wp-json\/wp\/v2\/types\/product"}],"wp:featuredmedia":[{"embeddable":true,"href":"https:\/\/rifengcable.com\/pl\/wp-json\/wp\/v2\/media\/1888"}],"wp:attachment":[{"href":"https:\/\/rifengcable.com\/pl\/wp-json\/wp\/v2\/media?parent=1887"}],"wp:term":[{"taxonomy":"product_brand","embeddable":true,"href":"https:\/\/rifengcable.com\/pl\/wp-json\/wp\/v2\/product_brand?post=1887"},{"taxonomy":"product_cat","embeddable":true,"href":"https:\/\/rifengcable.com\/pl\/wp-json\/wp\/v2\/product_cat?post=1887"},{"taxonomy":"product_tag","embeddable":true,"href":"https:\/\/rifengcable.com\/pl\/wp-json\/wp\/v2\/product_tag?post=1887"}],"curies":[{"name":"wp","href":"https:\/\/api.w.org\/{rel}","templated":true}]}}