{"id":1853,"date":"2025-03-04T08:08:19","date_gmt":"2025-03-04T08:08:19","guid":{"rendered":"https:\/\/rifengcable.com\/?post_type=product&#038;p=1853"},"modified":"2025-04-25T09:10:33","modified_gmt":"2025-04-25T09:10:33","slug":"electric-range-cable","status":"publish","type":"product","link":"https:\/\/rifengcable.com\/pl\/manufacturer\/electric-range-cable\/","title":{"rendered":"Zasi\u0119g elektryczny Kabel SEOOW"},"content":{"rendered":"<h2 id=\"-electric-range-cable-seoow-easy-to-read-product-guide-\"><strong>Okablowanie do urz\u0105dze\u0144 elektrycznych - \u0142atwy do odczytania przewodnik po produkcie<\/strong><\/h2>\n<h4 id=\"-what-is-this-cable-\"><strong>Co to za kabel?<\/strong><\/h4>\n<p>Przew\u00f3d do kuchenki elektrycznej SEOOW to mocny, bezpieczny przew\u00f3d do kuchenki, piekarnika lub du\u017cych urz\u0105dze\u0144. Dzia\u0142a w gor\u0105cych, zimnych, mokrych lub zaolejonych miejscach i nie zapala si\u0119 \u0142atwo.<\/p>\n<p><strong>Najwa\u017cniejsze informacje:<\/strong>\u00a0\u2705\u00a0<strong>Zasilanie 600 V<\/strong>\u00a0- Dobre dla\u00a0<strong>du\u017ce urz\u0105dzenia<\/strong>. \u2705 <strong>Odporny na olej i wod\u0119<\/strong>\u00a0- Bezpieczny w\u00a0<strong>mokry lub oleisty<\/strong> miejsca. \u2705\u00a0<strong>Bardzo elastyczny<\/strong>\u00a0- \u0141atwy do\u00a0<strong>gi\u0119cie i monta\u017c<\/strong>. \u2705 <strong>Super bezpieczny<\/strong>\u00a0-\u00a0<strong>Brak po\u017car\u00f3w<\/strong> (FT2 rated).<\/p>\n<hr \/>\n<h3 id=\"-who-needs-this-cable-\"><strong>Kto potrzebuje tego kabla?<\/strong><\/h3>\n<p><strong>Ten kabel jest najlepszy dla:<\/strong><\/p>\n<ul>\n<li>\ud83c\udfe0\u00a0<strong>W\u0142a\u015bciciele dom\u00f3w<\/strong>\u00a0okablowanie\u00a0<strong>kuchenka elektryczna lub piekarnik<\/strong>.<\/li>\n<li>\ud83d\udd27\u00a0<strong>Pracownicy<\/strong>\u00a0przy u\u017cyciu\u00a0<strong>elektronarz\u0119dzia<\/strong>\u00a0lub\u00a0<strong>du\u017ce maszyny<\/strong>.<\/li>\n<li>\ud83c\udfed\u00a0<strong>Fabryki<\/strong>\u00a0z\u00a0<strong>olej, woda<\/strong>lub\u00a0<strong>gor\u0105ce\/zimne obszary<\/strong>.<\/li>\n<\/ul>\n<hr \/>\n<h3 id=\"-product-details-simple-table-\"><strong>Szczeg\u00f3\u0142y produktu (prosta tabela)<\/strong><\/h3>\n<table style=\"height: 173px;\" width=\"529\">\n<thead>\n<tr>\n<th><strong>Cecha<\/strong><\/th>\n<th><strong>Dlaczego to ma znaczenie<\/strong><\/th>\n<\/tr>\n<\/thead>\n<tbody>\n<tr>\n<td><strong>Zasilanie 600 V<\/strong><\/td>\n<td>Uchwyty\u00a0<strong>du\u017ce urz\u0105dzenia<\/strong>\u00a0jak\u00a0<strong>kuchenki elektryczne<\/strong>.<\/td>\n<\/tr>\n<tr>\n<td><strong>Przewody miedziane<\/strong><\/td>\n<td><strong>Silny<\/strong>\u00a0oraz\u00a0<strong>bendy<\/strong> (trwa d\u0142ugo).<\/td>\n<\/tr>\n<tr>\n<td><strong>Czarna kurtka<\/strong><\/td>\n<td><strong>Olej, woda i s\u0142o\u0144ce nie uszkodz\u0105 go<\/strong>.<\/td>\n<\/tr>\n<tr>\n<td><strong>Dzia\u0142a w temperaturach od -50\u00b0C do 105\u00b0C<\/strong><\/td>\n<td><strong>U\u017cywaj wewn\u0105trz lub na zewn\u0105trz<\/strong>-gor\u0105ce lub zimne!<\/td>\n<\/tr>\n<tr>\n<td><strong>Bezpiecze\u0144stwo bez ognia<\/strong><\/td>\n<td><strong>FT2 oceniony<\/strong>-nie rozprzestrzenia p\u0142omieni.<\/td>\n<\/tr>\n<\/tbody>\n<\/table>\n<hr \/>\n<h3 id=\"-where-can-you-use-it-\"><strong>Gdzie mo\u017cna go u\u017cywa\u0107?<\/strong><\/h3>\n<h4 id=\"-1-kitchen-appliances-\"><strong>1. Kuchnia i urz\u0105dzenia<\/strong><\/h4>\n<ul>\n<li>Idealny dla\u00a0<strong>kuchenki elektryczne, piekarniki i palniki<\/strong>.<\/li>\n<li><strong>Wtyczki 4-bolcowe<\/strong>\u00a0pasuj\u0105 do wi\u0119kszo\u015bci domowych konfiguracji.<\/li>\n<\/ul>\n<h4 id=\"-2-tools-machines-\"><strong>2. \ud83d\udee0\ufe0f Narz\u0119dzia i maszyny<\/strong><\/h4>\n<ul>\n<li>\u015awietne dla\u00a0<strong>elektronarz\u0119dzia, generatory i silniki<\/strong>.<\/li>\n<li><strong>Olejoodporny<\/strong>\u00a0do gara\u017cy i warsztat\u00f3w.<\/li>\n<\/ul>\n<h4 id=\"-3-outdoor-tough-jobs-\"><strong>3. \ud83c\udf27\ufe0f Outdoor &amp; Tough Jobs<\/strong><\/h4>\n<ul>\n<li><strong>Wodoodporny<\/strong>\u00a0dla\u00a0<strong>place budowy<\/strong>.<\/li>\n<li><strong>Odporno\u015b\u0107 na \u015bwiat\u0142o s\u0142oneczne<\/strong>\u00a0do d\u0142ugotrwa\u0142ego u\u017cytkowania na zewn\u0105trz.<\/li>\n<\/ul>\n<hr \/>\n<h3 id=\"-5-big-reasons-to-buy-\"><strong>5 wa\u017cnych powod\u00f3w, dla kt\u00f3rych warto kupi\u0107<\/strong><\/h3>\n<ol>\n<li><strong>Super bezpieczny<\/strong> - Nie zapala si\u0119 (klasa FT2).<\/li>\n<li><strong>Elastyczny i wytrzyma\u0142y<\/strong> - \u0141atwy do zgi\u0119cia, trudny do z\u0142amania.<\/li>\n<li><strong>Dzia\u0142a wsz\u0119dzie<\/strong>\u00a0- Od\u00a0<strong>-50\u00b0C do 105\u00b0C<\/strong>.<\/li>\n<li><strong>Brak uszkodze\u0144 spowodowanych olejem lub wod\u0105<\/strong> - Dobry do zabrudzonych miejsc.<\/li>\n<li><strong>Certyfikowany i zaufany<\/strong>\u00a0-\u00a0<strong>Zatwierdzone przez UL, CSA i MSHA<\/strong>.<\/li>\n<\/ol>","protected":false},"excerpt":{"rendered":"<p>Pozycja\uff1aSEOOW<\/p>\n<div>\n<p class=\"lableName\">Certyfikacja produktu: UL<\/p>\n<\/div>\n<div>\n<p class=\"lableName\"><strong>Podstawowe parametry\uff1a<\/strong><\/p>\n<\/div>\n<div>\n<ul>\n<li class=\"lableName\">Napi\u0119cie znamionowe: 600V<\/li>\n<\/ul>\n<\/div>\n<div>\n<ul>\n<li class=\"lableName\">Znamionowa temperatura pracy: 105\u2103<\/li>\n<\/ul>\n<\/div>\n<div>\n<ul>\n<li class=\"lableName\">Norma wykonawcza: UL 62<\/li>\n<\/ul>\n<\/div>\n<div>\n<p class=\"lableName\"><strong>Struktura przewodnika\uff1a<\/strong><\/p>\n<\/div>\n<div>\n<ul>\n<li class=\"lableName\"><span class=\"lableName\">Materia\u0142 przewodnika\uff1a<\/span>\u00a0Go\u0142a skr\u0119tka miedziana<\/li>\n<\/ul>\n<\/div>\n<div>\n<ul>\n<li class=\"lableName\">Materia\u0142 izolacyjny: PVC<\/li>\n<\/ul>\n<\/div>\n<div>\n<ul>\n<li class=\"lableName\">Materia\u0142 kurtki: PVC<\/li>\n<\/ul>\n<\/div>","protected":false},"featured_media":1854,"template":"","meta":[],"product_brand":[],"product_cat":[40],"product_tag":[],"class_list":{"0":"post-1853","1":"product","2":"type-product","3":"status-publish","4":"has-post-thumbnail","6":"product_cat-pvc-cable","8":"first","9":"instock","10":"shipping-taxable","11":"product-type-simple"},"_links":{"self":[{"href":"https:\/\/rifengcable.com\/pl\/wp-json\/wp\/v2\/product\/1853","targetHints":{"allow":["GET"]}}],"collection":[{"href":"https:\/\/rifengcable.com\/pl\/wp-json\/wp\/v2\/product"}],"about":[{"href":"https:\/\/rifengcable.com\/pl\/wp-json\/wp\/v2\/types\/product"}],"wp:featuredmedia":[{"embeddable":true,"href":"https:\/\/rifengcable.com\/pl\/wp-json\/wp\/v2\/media\/1854"}],"wp:attachment":[{"href":"https:\/\/rifengcable.com\/pl\/wp-json\/wp\/v2\/media?parent=1853"}],"wp:term":[{"taxonomy":"product_brand","embeddable":true,"href":"https:\/\/rifengcable.com\/pl\/wp-json\/wp\/v2\/product_brand?post=1853"},{"taxonomy":"product_cat","embeddable":true,"href":"https:\/\/rifengcable.com\/pl\/wp-json\/wp\/v2\/product_cat?post=1853"},{"taxonomy":"product_tag","embeddable":true,"href":"https:\/\/rifengcable.com\/pl\/wp-json\/wp\/v2\/product_tag?post=1853"}],"curies":[{"name":"wp","href":"https:\/\/api.w.org\/{rel}","templated":true}]}}