{"id":1816,"date":"2025-03-03T09:42:51","date_gmt":"2025-03-03T09:42:51","guid":{"rendered":"https:\/\/rifengcable.com\/?post_type=product&#038;p=1816"},"modified":"2025-04-25T06:55:56","modified_gmt":"2025-04-25T06:55:56","slug":"6-3-electrical-cable","status":"publish","type":"product","link":"https:\/\/rifengcable.com\/pl\/manufacturer\/6-3-electrical-cable\/","title":{"rendered":"6\/3 Kabel elektryczny SPT-2W"},"content":{"rendered":"<h1 id=\"-6-3-spt-2w-electrical-cable-heavy-duty-power-cord-\"><strong>Kabel elektryczny 6\/3 SPT-2W - wytrzyma\u0142y przew\u00f3d zasilaj\u0105cy<\/strong><\/h1>\n<p>Przew\u00f3d elektryczny 6\/3 SPT-2W jest mocnym, bezpiecznym i \u0142atwym w u\u017cyciu przewodem dla du\u017cych potrzeb energetycznych. Sprawdza si\u0119 zar\u00f3wno wewn\u0105trz, jak i na zewn\u0105trz budynk\u00f3w, do zasilania o\u015bwietlenia, narz\u0119dzi i nie tylko.<\/p>\n<hr \/>\n<h2 id=\"-key-features-\"><strong>Najwa\u017cniejsze cechy<\/strong><\/h2>\n<p>\u2705\u00a0<strong>6 AWG (3 przewody)<\/strong>\u00a0- Uchwyty\u00a0<strong>du\u017ca moc<\/strong>\u00a0do ci\u0119\u017ckich zada\u0144<\/p>\n<p>\u2705\u00a0<strong>Napi\u0119cie znamionowe 300 V<\/strong>\u00a0- Bezpieczny dla\u00a0<strong>Przewody w \u015bcianach lub na zewn\u0105trz<\/strong><\/p>\n<p>\u2705\u00a0<strong>Izolacja PVC<\/strong>\u00a0- Pobyt\u00a0<strong>mi\u0119kki w zimnie<\/strong>,\u00a0<strong>nie p\u0119ka<\/strong><\/p>\n<p>\u2705\u00a0<strong>Moc 55 A<\/strong>\u00a0- Biegi\u00a0<strong>du\u017ce maszyny<\/strong>\u00a0bez przegrzania<\/p>\n<p>\u2705\u00a0<strong>Certyfikat CSA i UL<\/strong>\u00a0- Testowane pod k\u0105tem\u00a0<strong>bezpiecze\u0144stwo<\/strong><\/p>\n<hr \/>\n<h2 id=\"-product-specs-simple-table-\"><strong>Specyfikacja produktu<\/strong><\/h2>\n<p>|\u00a0<strong>Rozmiar<\/strong>\u00a0| 6 AWG (3 przewody wewn\u0105trz) | |\u00a0<strong>Moc<\/strong>\u00a0| 300V - 55 amper\u00f3w\u00a0<strong>Kurtka<\/strong>\u00a0| SPT-2W (tworzywo PVC) | |\u00a0<strong>Kolory<\/strong>\u00a0| Czarny, Bia\u0142y, \u017b\u00f3\u0142ty | |\u00a0<strong>D\u0142ugo\u015b\u0107<\/strong>\u00a0| 25ft, 50ft, 100ft |<\/p>\n<hr \/>\n<h2 id=\"-where-to-use-this-cable-\"><strong>Gdzie u\u017cywa\u0107 tego kabla?<\/strong><\/h2>\n<h3 id=\"-1-outdoor-lighting-\"><strong>1. O\u015bwietlenie zewn\u0119trzne<\/strong><\/h3>\n<ul>\n<li><strong>O\u015bwietlenie \u015bwi\u0105teczne<\/strong>,\u00a0<strong>lampy ogrodowe<\/strong>,\u00a0<strong>sznurki tarasowe<\/strong><\/li>\n<li><strong>Wodoodporno\u015b\u0107<\/strong>\u00a0- Dzia\u0142a w\u00a0<strong>deszcz i \u015bnieg<\/strong>\u00a0\u2744\ufe0f<\/li>\n<\/ul>\n<h3 id=\"-2-big-machines-tools-\"><strong>2. Du\u017ce maszyny i narz\u0119dzia<\/strong><\/h3>\n<ul>\n<li><strong>Klimatyzatory<\/strong>,\u00a0<strong>generatory<\/strong>,\u00a0<strong>narz\u0119dzia warsztatowe<\/strong>\u00a0\ud83d\udd27<\/li>\n<li>Uchwyty\u00a0<strong>55 A<\/strong>\u00a0- Bez topienia, bez po\u017car\u00f3w<\/li>\n<\/ul>\n<h3 id=\"-3-home-appliances-\"><strong>3. Urz\u0105dzenia domowe<\/strong><\/h3>\n<ul>\n<li><strong>Fani<\/strong>,\u00a0<strong>zegary<\/strong>,\u00a0<strong>ma\u0142e silniki<\/strong>\u00a0\u23f0<\/li>\n<li><strong>Elastyczno\u015b\u0107<\/strong>\u00a0- \u0141atwo wygina si\u0119 za meblami<\/li>\n<\/ul>\n<h3 id=\"-4-diy-projects-\"><strong>4. Projekty DIY<\/strong><\/h3>\n<ul>\n<li>Ci\u0119cie do\u00a0<strong>niestandardowe d\u0142ugo\u015bci<\/strong>\u00a0z przecinakami do drutu \u2702\ufe0f<\/li>\n<li>Dzia\u0142a z\u00a0<strong>wtyczki wampir\u00f3w<\/strong>\u00a0(bez u\u017cycia narz\u0119dzi!)<\/li>\n<\/ul>\n<hr \/>\n<h2 id=\"-why-buy-this-cable-\"><strong>Dlaczego warto kupi\u0107 ten kabel?<\/strong><\/h2>\n<p>\u2714\u00a0<strong>Trwa\u0142o\u015b\u0107 ponad 10 lat<\/strong>\u00a0- Wytrzyma\u0142y PVC nie p\u0119ka \u2714\u00a0<strong>Brak utraty mocy<\/strong>\u00a0- Grube przewody miedziane 6 AWG \u2714\u00a0<strong>\u0141atwa instalacja<\/strong>\u00a0- Wystarczy pod\u0142\u0105czy\u0107 i gotowe<\/p>\n<hr \/>\n<h2 id=\"-faq-\"><strong>FAQ<\/strong><\/h2>\n<p><strong>P: Czy ten kabel mo\u017ce zasila\u0107 generator w ca\u0142ym domu?<\/strong>\u00a0\ud83d\udc49\u00a0<em>Tak! 6 AWG obs\u0142uguje 55A - idealny do zasilania awaryjnego.<\/em><\/p>\n<p><strong>P: Czy jest bezpieczny dla zewn\u0119trznych lampek choinkowych?<\/strong>\u00a0\ud83d\udc49\u00a0<em>Tak! SPT-2W jest odporny na warunki atmosferyczne.<\/em><\/p>\n<p><strong>P: Czy mog\u0119 uruchomi\u0107 go wewn\u0105trz \u015bcian?<\/strong>\u00a0\ud83d\udc49\u00a0<em>Nie - U\u017cyj kabla NM-B do ukrytych przewod\u00f3w.<\/em><\/p>\n<h3 id=\"-trusted-by-\"><strong>Zaufany przez:<\/strong><\/h3>\n<ul>\n<li>Elektrycy<\/li>\n<li>Majsterkowicze<\/li>\n<li>Profesjonali\u015bci od o\u015bwietlenia<\/li>\n<\/ul>","protected":false},"excerpt":{"rendered":"<p>Pozycja\uff1aSPT2-W<\/p>\n<div>\n<p class=\"lableName\">Certyfikacja produktu: UL<\/p>\n<\/div>\n<div>\n<p class=\"lableName\"><strong>Podstawowe parametry\uff1a<\/strong><\/p>\n<\/div>\n<div>\n<ul>\n<li class=\"lableName\">Napi\u0119cie znamionowe: 300V<\/li>\n<li class=\"lableName\">Znamionowa temperatura pracy: <span style=\"color: #555555; font-size: 14.4px;\">105\u2103<\/span><\/li>\n<li class=\"lableName\">Standard wykonawczy:\u00a0<span style=\"color: #555555; font-size: 14.4px;\">UL 62<\/span><\/li>\n<\/ul>\n<\/div>\n<div>\n<p class=\"lableName\"><strong>Struktura przewodnika\uff1a<\/strong><\/p>\n<\/div>\n<div>\n<ul>\n<li class=\"lableName\"><span class=\"lableName\">Materia\u0142 przewodnika\uff1a<\/span> Go\u0142a skr\u0119tka miedziana<\/li>\n<li class=\"lableName\">Materia\u0142 izolacyjny:\u00a0<span style=\"color: #555555; font-size: 14.4px;\">PVC<\/span><\/li>\n<li class=\"lableName\">Materia\u0142 kurtki\uff1a\u00a0<span style=\"color: #555555; font-size: 14.4px;\">PVC<\/span><\/li>\n<\/ul>\n<\/div>\n<div>\n<p class=\"lableName\"><strong>W\u0142a\u015bciwo\u015bci produktu\uff1a<\/strong><\/p>\n<ul>\n<li class=\"labelContent\">Materia\u0142 izolacyjny klasy V0 zapobiega powstawaniu p\u0142omieni i zapewnia bezpiecze\u0144stwo;<\/li>\n<li class=\"labelContent\">Zupe\u0142nie nowy, wysoce izoluj\u0105cy materia\u0142 zapobiega wyciekom elektrycznym i zapewnia bezpiecze\u0144stwo;<\/li>\n<li class=\"labelContent\">Zupe\u0142nie nowy materia\u0142 przeciwstarzeniowy zosta\u0142 zastosowany w celu przed\u0142u\u017cenia \u017cywotno\u015bci i poprawy bezpiecze\u0144stwa;<\/li>\n<\/ul>\n<\/div>","protected":false},"featured_media":1817,"template":"","meta":[],"product_brand":[],"product_cat":[40],"product_tag":[],"class_list":{"0":"post-1816","1":"product","2":"type-product","3":"status-publish","4":"has-post-thumbnail","6":"product_cat-pvc-cable","8":"first","9":"instock","10":"shipping-taxable","11":"product-type-simple"},"_links":{"self":[{"href":"https:\/\/rifengcable.com\/pl\/wp-json\/wp\/v2\/product\/1816","targetHints":{"allow":["GET"]}}],"collection":[{"href":"https:\/\/rifengcable.com\/pl\/wp-json\/wp\/v2\/product"}],"about":[{"href":"https:\/\/rifengcable.com\/pl\/wp-json\/wp\/v2\/types\/product"}],"wp:featuredmedia":[{"embeddable":true,"href":"https:\/\/rifengcable.com\/pl\/wp-json\/wp\/v2\/media\/1817"}],"wp:attachment":[{"href":"https:\/\/rifengcable.com\/pl\/wp-json\/wp\/v2\/media?parent=1816"}],"wp:term":[{"taxonomy":"product_brand","embeddable":true,"href":"https:\/\/rifengcable.com\/pl\/wp-json\/wp\/v2\/product_brand?post=1816"},{"taxonomy":"product_cat","embeddable":true,"href":"https:\/\/rifengcable.com\/pl\/wp-json\/wp\/v2\/product_cat?post=1816"},{"taxonomy":"product_tag","embeddable":true,"href":"https:\/\/rifengcable.com\/pl\/wp-json\/wp\/v2\/product_tag?post=1816"}],"curies":[{"name":"wp","href":"https:\/\/api.w.org\/{rel}","templated":true}]}}