{"id":1772,"date":"2025-03-03T06:33:03","date_gmt":"2025-03-03T06:33:03","guid":{"rendered":"https:\/\/rifengcable.com\/?post_type=product&#038;p=1772"},"modified":"2025-06-05T06:55:10","modified_gmt":"2025-06-05T06:55:10","slug":"pvc-cable-h03vvh2-f","status":"publish","type":"product","link":"https:\/\/rifengcable.com\/pl\/manufacturer\/pvc-cable-h03vvh2-f\/","title":{"rendered":"Kabel PVC H03VVH2-F"},"content":{"rendered":"<h1 id=\"-pvc-cable-strong-safe-and-easy-to-reuse-\"><strong>Kabel PVC - mocny, bezpieczny i \u0142atwy do ponownego u\u017cycia<\/strong><\/h1>\n<p><strong>Kable PVC<\/strong>\u00a0s\u0105\u00a0<strong>mocne przewody<\/strong>\u00a0u\u017cywany w\u00a0<strong>domy, fabryki<\/strong>oraz\u00a0<strong>energia s\u0142oneczna<\/strong>. S\u0105 trwa\u0142e, \u0142atwo si\u0119 wyginaj\u0105 i zapewniaj\u0105 bezpiecze\u0144stwo elektryczne. S\u0105 r\u00f3wnie\u017c\u00a0<strong>dobre dla Ziemi<\/strong>\u00a0poniewa\u017c mog\u0105 by\u0107\u00a0<strong>poddany recyklingowi<\/strong>.<\/p>\n<hr \/>\n<h2 id=\"-why-choose-pvc-cables-\"><strong>Dlaczego warto wybra\u0107 kable PVC?<\/strong><\/h2>\n<p>\u2705\u00a0<strong>Bezpieczny<\/strong>\u00a0- Zatrzymuje ogie\u0144 (testowane dla p\u0142omieni VW-1).<\/p>\n<p>\u2705\u00a0<strong>Silny<\/strong>\u00a0- Dzia\u0142a w\u00a0<strong>gor\u0105cy<\/strong>\u00a0(+105\u00b0C) i\u00a0<strong>zimno<\/strong>\u00a0(-20\u00b0C).<\/p>\n<p>\u2705\u00a0<strong>\u0141atwe zginanie<\/strong>\u00a0- Dobre dla\u00a0<strong>maszyny krocz\u0105ce<\/strong>\u00a0jak roboty.<\/p>\n<p>\u2705\u00a0<strong>Nadaje si\u0119 do recyklingu<\/strong>\u00a0- Mo\u017ce by\u0107 ponownie u\u017cyty bez utraty wytrzyma\u0142o\u015bci.<\/p>\n<hr \/>\n<h2 id=\"-what-s-inside-pvc-cables-\"><strong>Co znajduje si\u0119 wewn\u0105trz kabli PVC?<\/strong><\/h2>\n<table style=\"height: 143px;\" width=\"669\">\n<thead>\n<tr>\n<th><strong>Cz\u0119\u015b\u0107<\/strong><\/th>\n<th><strong>Co robi<\/strong><\/th>\n<th><strong>Dlaczego jest dobry<\/strong><\/th>\n<\/tr>\n<\/thead>\n<tbody>\n<tr>\n<td><strong>Dyrygent<\/strong><\/td>\n<td>Przenosi energi\u0119 elektryczn\u0105<\/td>\n<td>Wykonane z\u00a0<strong>mied\u017a cynowana (7\/30 \u017cy\u0142)<\/strong> dla p\u0142ynnego przep\u0142ywu mocy<\/td>\n<\/tr>\n<tr>\n<td><strong>Izolacja PVC<\/strong><\/td>\n<td>Chroni przewody<\/td>\n<td>Utrzymuje bezpieczn\u0105 moc, dzia\u0142a d\u0142ugo nawet na zewn\u0105trz<\/td>\n<\/tr>\n<tr>\n<td><strong>Kurtka Chrome<\/strong><\/td>\n<td>Pokrywa zewn\u0119trzna<\/td>\n<td><strong>Odporno\u015b\u0107 na promieniowanie UV<\/strong> (\u015bwiat\u0142o s\u0142oneczne go nie uszkodzi)<\/td>\n<\/tr>\n<tr>\n<td><strong>Tarcza<\/strong>\u00a0(Niekt\u00f3re typy)<\/td>\n<td>Blokuje zak\u0142\u00f3cenia<\/td>\n<td>Dobre dla\u00a0<strong>kable audio i do transmisji danych<\/strong><\/td>\n<\/tr>\n<\/tbody>\n<\/table>\n<hr \/>\n<h2 id=\"-where-to-use-pvc-cables-\"><strong>Gdzie stosowa\u0107 kable PVC?<\/strong><\/h2>\n<h3 id=\"-1-factories-machines-\"><strong>1. Fabryki i maszyny<\/strong><\/h3>\n<ul>\n<li>Roboty, ruchome ramiona i du\u017cy sprz\u0119t (<strong>wygina si\u0119 bez \u0142amania<\/strong>).<\/li>\n<li>Pod\u0105\u017ca za\u00a0<strong>UL2464 I CM<\/strong> standardy bezpiecze\u0144stwa.<\/li>\n<\/ul>\n<h3 id=\"-2-solar-wind-power-\"><strong>2. Energia s\u0142oneczna i wiatrowa<\/strong><\/h3>\n<ul>\n<li><strong>Odporno\u015b\u0107 na \u015bwiat\u0142o s\u0142oneczne<\/strong> (nie p\u0119ka w \u015bwietle UV).<\/li>\n<li>Obs\u0142uguje pogod\u0119 (<strong>deszcz, wiatr, upa\u0142<\/strong>).<\/li>\n<\/ul>\n<h3 id=\"-3-homes-buildings-\"><strong>3. Domy i budynki<\/strong><\/h3>\n<ul>\n<li>Bezpieczny dla \u015bcian i sufit\u00f3w (<strong>trudnopalny<\/strong>).<\/li>\n<li>U\u017cywany w\u00a0<strong>Okablowanie i g\u0142o\u015bniki<\/strong> (oznaczone kolorami dla u\u0142atwienia instalacji).<\/li>\n<\/ul>\n<h3 id=\"-4-internet-sound-systems-\"><strong>4. Internet i systemy d\u017awi\u0119kowe<\/strong><\/h3>\n<ul>\n<li><strong>Typy ekranowane<\/strong> zatrzyma\u0107 zak\u0142\u00f3cenia w muzyce i Wi-Fi.<\/li>\n<li>Dzia\u0142a dla\u00a0<strong>Cat 5E i Cat 6<\/strong> kable internetowe.<\/li>\n<\/ul>\n<hr \/>\n<h2 id=\"-our-pvc-cables-help-the-earth-\"><strong>Nasze kable PVC pomagaj\u0105 Ziemi<\/strong><\/h2>\n<p>\u267b\ufe0f\u00a0<strong>Nadaje si\u0119 do recyklingu<\/strong> - Mo\u017ce si\u0119 topi\u0107 i przerabia\u0107 bez utraty wytrzyma\u0142o\u015bci.<\/p>\n<p>\ud83c\udf0e\u00a0<strong>Mniej odpad\u00f3w<\/strong>\u00a0- Wsparcie\u00a0<strong>gospodarka o obiegu zamkni\u0119tym<\/strong> (u\u017cyj ponownie, nie wyrzucaj).<\/p>\n<p>\ud83d\udd2c <strong>Nowa technologia<\/strong>\u00a0- Lepsze sposoby na\u00a0<strong>sortowanie i recykling<\/strong> w 2025 roku.<\/p>\n<hr \/>\n<h2 id=\"-need-pvc-cables-\"><strong>Potrzebujesz kabli PVC?<\/strong><\/h2>\n<p>Sprzedajemy\u00a0<strong>wysokiej jako\u015bci kable PVC<\/strong>\u00a0dla: \u2714\u00a0<strong>Fabryki<\/strong>\u00a0(mocne gi\u0119tkie przewody) \u2714\u00a0<strong>Projekty solarne<\/strong>\u00a0(odporny na s\u0142o\u0144ce) \u2714\u00a0<strong>Domy i biura<\/strong>\u00a0(bezpieczny i cichy)<\/p>\n<p>\ud83d\udcde\u00a0<strong><a href=\"\/pl\/contact\/\">Zadzwo\u0144 do nas<\/a> dzisiaj<\/strong>\u00a0lub odwied\u017a\u00a0<strong>Nasze kable przemys\u0142owe<\/strong>\u00a0dla zam\u00f3wie\u0144 hurtowych.<\/p>","protected":false},"excerpt":{"rendered":"<p>Pozycja\uff1aH03VVH2-F<\/p>\n<div>\n<p class=\"lableName\">Certyfikacja produktu: VDE<\/p>\n<\/div>\n<div>\n<p class=\"lableName\"><strong>Podstawowe parametry\uff1a<\/strong><\/p>\n<\/div>\n<div>\n<ul>\n<li class=\"lableName\">Napi\u0119cie znamionowe: 450\/750V<\/li>\n<li class=\"lableName\">Znamionowa temperatura pracy: <span style=\"color: #555555; font-size: 14.4px;\">70\u2103<\/span><\/li>\n<li class=\"lableName\">Standard wykonawczy:\u00a0<span style=\"color: #555555; font-size: 14.4px;\">AS\/NZS 60227.5<\/span><\/li>\n<\/ul>\n<\/div>\n<div>\n<p class=\"lableName\">Struktura przewodnika\uff1a<\/p>\n<\/div>\n<div>\n<ul>\n<li class=\"lableName\"><span class=\"lableName\">Materia\u0142 przewodnika\uff1a<\/span> Go\u0142a skr\u0119tka miedziana<\/li>\n<li class=\"lableName\">Materia\u0142 izolacyjny:\u00a0<span style=\"color: #555555; font-size: 14.4px;\">PVC<\/span><\/li>\n<li class=\"lableName\">Materia\u0142 kurtki: PVC<\/li>\n<\/ul>\n<\/div>\n<div>\n<p><strong>Zastosowania:<\/strong><\/p>\n<p>Kable te s\u0105 przeznaczone do stosowania jako elektryczne linie \u0142\u0105cz\u0105ce w r\u00f3\u017cnych \u015brodowiskach, w tym w instalacjach energetycznych, urz\u0105dzeniach gospodarstwa domowego i narz\u0119dziach elektrycznych. Nadaj\u0105 si\u0119 do zastosowa\u0144 o napi\u0119ciu znamionowym AC 300\/300 V lub ni\u017cszym, zapewniaj\u0105c bezpieczn\u0105 i niezawodn\u0105 prac\u0119 w codziennych systemach elektrycznych.<\/p>\n<\/div>","protected":false},"featured_media":2285,"template":"","meta":[],"product_brand":[],"product_cat":[40],"product_tag":[],"class_list":{"0":"post-1772","1":"product","2":"type-product","3":"status-publish","4":"has-post-thumbnail","6":"product_cat-pvc-cable","8":"first","9":"instock","10":"shipping-taxable","11":"product-type-simple"},"_links":{"self":[{"href":"https:\/\/rifengcable.com\/pl\/wp-json\/wp\/v2\/product\/1772","targetHints":{"allow":["GET"]}}],"collection":[{"href":"https:\/\/rifengcable.com\/pl\/wp-json\/wp\/v2\/product"}],"about":[{"href":"https:\/\/rifengcable.com\/pl\/wp-json\/wp\/v2\/types\/product"}],"wp:featuredmedia":[{"embeddable":true,"href":"https:\/\/rifengcable.com\/pl\/wp-json\/wp\/v2\/media\/2285"}],"wp:attachment":[{"href":"https:\/\/rifengcable.com\/pl\/wp-json\/wp\/v2\/media?parent=1772"}],"wp:term":[{"taxonomy":"product_brand","embeddable":true,"href":"https:\/\/rifengcable.com\/pl\/wp-json\/wp\/v2\/product_brand?post=1772"},{"taxonomy":"product_cat","embeddable":true,"href":"https:\/\/rifengcable.com\/pl\/wp-json\/wp\/v2\/product_cat?post=1772"},{"taxonomy":"product_tag","embeddable":true,"href":"https:\/\/rifengcable.com\/pl\/wp-json\/wp\/v2\/product_tag?post=1772"}],"curies":[{"name":"wp","href":"https:\/\/api.w.org\/{rel}","templated":true}]}}