{"id":1756,"date":"2025-03-03T03:18:46","date_gmt":"2025-03-03T03:18:46","guid":{"rendered":"https:\/\/rifengcable.com\/?post_type=product&#038;p=1756"},"modified":"2025-06-05T07:06:49","modified_gmt":"2025-06-05T07:06:49","slug":"welding-cable-h01n2-d","status":"publish","type":"product","link":"https:\/\/rifengcable.com\/pl\/manufacturer\/welding-cable-h01n2-d\/","title":{"rendered":"Kabel spawalniczy H01N2-D"},"content":{"rendered":"<h1 id=\"-h01n2-d-welding-cable-heavy-duty-rubber-sheathed-cable-\"><strong>Kabel spawalniczy H01N2-D - wytrzyma\u0142y kabel w os\u0142onie gumowej<\/strong><\/h1>\n<p>H01N2-D to mocny, elastyczny i bezpieczny kabel spawalniczy. Posiada certyfikat HAR i dzia\u0142a z napi\u0119ciem 100 V AC i 150 V DC. Idealny do spawania automatycznego, p\u00f3\u0142automatycznego i r\u0119cznego.<\/p>\n<p>\u2705\u00a0<strong>\u0141atwy do zginania<\/strong>\u00a0- Doskona\u0142y do ciasnych przestrzeni. \u2705\u00a0<strong>Dzia\u0142a w ekstremalnie niskich i wysokich temperaturach<\/strong>\u00a0(-40\u00b0C do +85\u00b0C). \u2705\u00a0<strong>Olejoodporny, ognioodporny i d\u0142ugotrwa\u0142y<\/strong>. \u2705\u00a0<strong>U\u017cywany w stoczniach, fabrykach i budownictwie<\/strong>.<\/p>\n<hr \/>\n<h2 id=\"-why-buy-h01n2-d-\"><strong>Dlaczego warto kupi\u0107 H01N2-D?<\/strong><\/h2>\n<p>\u2714\u00a0<strong>Bezpieczny i certyfikowany<\/strong>\u00a0- Spe\u0142nia\u00a0<strong>EN 50525-2-81<\/strong>\u00a0oraz\u00a0<strong>IEC 60245<\/strong>. \u2714\u00a0<strong>Mocny miedziany rdze\u0144<\/strong>\u00a0- Brak przerw, nawet przy intensywnym u\u017cytkowaniu. \u2714\u00a0<strong>Elastyczna gumowa os\u0142ona<\/strong>\u00a0- Nie p\u0119ka ani nie rozrywa si\u0119 \u0142atwo. \u2714\u00a0<strong>Dzia\u0142a w ka\u017cdych warunkach pogodowych<\/strong>\u00a0- Dobre dla\u00a0<strong>miejsca zimne (-40\u00b0C) i gor\u0105ce (+85\u00b0C)<\/strong>.<\/p>\n<hr \/>\n<h2 id=\"-specs-at-a-glance-\"><strong>Specyfikacja w skr\u00f3cie<\/strong><\/h2>\n<table>\n<thead>\n<tr>\n<th><strong>Cecha<\/strong><\/th>\n<th><strong>Szczeg\u00f3\u0142y<\/strong><\/th>\n<\/tr>\n<\/thead>\n<tbody>\n<tr>\n<td><strong>Typ<\/strong><\/td>\n<td>Kabel spawalniczy<\/td>\n<\/tr>\n<tr>\n<td><strong>Standard<\/strong><\/td>\n<td>EN 50525-2-81, HAR<\/td>\n<\/tr>\n<tr>\n<td><strong>Napi\u0119cie<\/strong><\/td>\n<td>100 V AC \/ 150 V DC<\/td>\n<\/tr>\n<tr>\n<td><strong>Temperatura<\/strong><\/td>\n<td>-40\u00b0C do +85\u00b0C (sta\u0142a) \/ -20\u00b0C do +85\u00b0C (ruchoma)<\/td>\n<\/tr>\n<tr>\n<td><strong>Dyrygent<\/strong><\/td>\n<td>Go\u0142a mied\u017a (elastyczna)<\/td>\n<\/tr>\n<tr>\n<td><strong>Kurtka<\/strong><\/td>\n<td>Guma (EM5)<\/td>\n<\/tr>\n<tr>\n<td><strong>Cykl pracy<\/strong><\/td>\n<td><strong>W pe\u0142ni automatyczny<\/strong>: 100%\u00a0<strong>\u23d0 P\u00f3\u0142automat<\/strong>65-85%\u00a0<strong>Instrukcja obs\u0142ugi<\/strong>: 30-60%<\/td>\n<\/tr>\n<\/tbody>\n<\/table>\n<hr \/>\n<h2 id=\"-best-uses-for-h01n2-d-\"><strong>Najlepsze zastosowania H01N2-D<\/strong><\/h2>\n<p>\ud83d\udd25\u00a0<strong>W pe\u0142ni automatyczne spawanie (cykl pracy 100%)<\/strong>\u00a0\ud83d\udee0\ufe0f\u00a0<strong>Spawanie r\u0119czne (cykl pracy 30-60%)<\/strong>\u00a0\u2699\ufe0f\u00a0<strong>Praca w przemy\u015ble (stocznie, fabryki samochod\u00f3w, g\u00f3rnictwo)<\/strong><\/p>\n<hr \/>\n<h2 id=\"-safety-performance-tips-\"><strong>Wskaz\u00f3wki dotycz\u0105ce bezpiecze\u0144stwa i wydajno\u015bci<\/strong><\/h2>\n<ul>\n<li>\ud83d\udd25\u00a0<strong>Ognioodporno\u015b\u0107<\/strong>\u00a0- Bezpieczny w pobli\u017cu iskier.<\/li>\n<li>\ud83c\udf21\ufe0f\u00a0<strong>Nie u\u017cywa\u0107 w temperaturze powy\u017cej +85\u00b0C<\/strong>\u00a0lub\u00a0<strong>poni\u017cej -40\u00b0C<\/strong>.<\/li>\n<li>\ud83d\udd0c\u00a0<strong>Sprawd\u017a zagi\u0119cia<\/strong>\u00a0- Trzymaj si\u0119\u00a0<strong>4-8x grubo\u015b\u0107 kabla<\/strong>.<\/li>\n<\/ul>\n<hr \/>\n<h2 id=\"-order-h01n2-d-today-\"><strong>Zam\u00f3w H01N2-D ju\u017c dzi\u015b!<\/strong><\/h2>\n<p><strong>Silny. Bezpieczny. Niezawodny.<\/strong>\u00a0Pobierz\u00a0<strong>Kabel spawalniczy H01N2-D<\/strong>\u00a0teraz.<\/p>\n<p>\ud83d\udcde\u00a0<strong>Zadzwo\u0144 do nas<\/strong>\u00a0lub\u00a0<strong>pro\u015bba o wycen\u0119<\/strong>\u00a0dzisiaj!<\/p>","protected":false},"excerpt":{"rendered":"<p>Pozycja\uff1aH01N2-D<\/p>\n<div>\n<p class=\"lableName\">Certyfikacja produktu: VDE<\/p>\n<\/div>\n<div>\n<p class=\"lableName\"><strong>Podstawowe parametry\uff1a<\/strong><\/p>\n<\/div>\n<div>\n<ul>\n<li class=\"lableName\">Napi\u0119cie znamionowe: 100\/100V<\/li>\n<li class=\"lableName\">Znamionowa temperatura pracy: 60 \u2103<\/li>\n<li class=\"lableName\">Norma wykonawcza: VDE 0282-6<\/li>\n<\/ul>\n<\/div>\n<div><\/div>\n<div><\/div>\n<div>\n<p class=\"lableName\"><strong>Struktura przewodnika<\/strong>\uff1a<\/p>\n<\/div>\n<div>\n<ul>\n<li class=\"lableName\"><span class=\"lableName\">Materia\u0142 przewodnika\uff1a<\/span> Go\u0142a skr\u0119tka miedziana<\/li>\n<li class=\"lableName\">Materia\u0142 kurtki: CPE<\/li>\n<\/ul>\n<\/div>\n<div>\n<p><strong>Zastosowania kabla spawalniczego H01N2-D:<\/strong><\/p>\n<p>Kable te s\u0105 przeznaczone do \u0142\u0105czenia generatora spawalniczego z elektrod\u0105 r\u0119czn\u0105 i przedmiotem obrabianym, co czyni je niezb\u0119dnymi w r\u00f3\u017cnych operacjach spawalniczych. S\u0105 szeroko stosowane w:<\/p>\n<ul>\n<li>Przemys\u0142 motoryzacyjny: Do zada\u0144 spawalniczych i produkcyjnych.<\/li>\n<li>Przemys\u0142 stoczniowy: Nadaje si\u0119 do wymagaj\u0105cych \u015brodowisk morskich.<\/li>\n<li>Systemy transportowe i przeno\u015bnikowe: Idealne do prac konserwacyjnych i monta\u017cowych.<\/li>\n<li>Produkcja narz\u0119dzi i maszyn: U\u017cywane w procesach produkcyjnych i naprawczych.<\/li>\n<li>Roboty spawalnicze: Zapewnia niezawodne dzia\u0142anie zautomatyzowanych system\u00f3w spawalniczych.<\/li>\n<\/ul>\n<\/div>","protected":false},"featured_media":1759,"template":"","meta":[],"product_brand":[],"product_cat":[39],"product_tag":[],"class_list":{"0":"post-1756","1":"product","2":"type-product","3":"status-publish","4":"has-post-thumbnail","6":"product_cat-welding-cable","8":"first","9":"instock","10":"shipping-taxable","11":"product-type-simple"},"_links":{"self":[{"href":"https:\/\/rifengcable.com\/pl\/wp-json\/wp\/v2\/product\/1756","targetHints":{"allow":["GET"]}}],"collection":[{"href":"https:\/\/rifengcable.com\/pl\/wp-json\/wp\/v2\/product"}],"about":[{"href":"https:\/\/rifengcable.com\/pl\/wp-json\/wp\/v2\/types\/product"}],"wp:featuredmedia":[{"embeddable":true,"href":"https:\/\/rifengcable.com\/pl\/wp-json\/wp\/v2\/media\/1759"}],"wp:attachment":[{"href":"https:\/\/rifengcable.com\/pl\/wp-json\/wp\/v2\/media?parent=1756"}],"wp:term":[{"taxonomy":"product_brand","embeddable":true,"href":"https:\/\/rifengcable.com\/pl\/wp-json\/wp\/v2\/product_brand?post=1756"},{"taxonomy":"product_cat","embeddable":true,"href":"https:\/\/rifengcable.com\/pl\/wp-json\/wp\/v2\/product_cat?post=1756"},{"taxonomy":"product_tag","embeddable":true,"href":"https:\/\/rifengcable.com\/pl\/wp-json\/wp\/v2\/product_tag?post=1756"}],"curies":[{"name":"wp","href":"https:\/\/api.w.org\/{rel}","templated":true}]}}