{"id":25,"date":"2023-03-05T10:39:43","date_gmt":"2023-03-05T10:39:43","guid":{"rendered":"https:\/\/rifengcable.com\/?page_id=25"},"modified":"2025-05-20T08:30:49","modified_gmt":"2025-05-20T08:30:49","slug":"about-cable-manufacturer","status":"publish","type":"page","link":"https:\/\/rifengcable.com\/pl\/about-cable-manufacturer\/","title":{"rendered":"Profil firmy"},"content":{"rendered":"<div class=\"banner has-hover has-parallax\" id=\"banner-1917688726\">\n          <div class=\"banner-inner fill\">\n        <div class=\"banner-bg fill\" data-parallax=\"-3\" data-parallax-container=\".banner\" data-parallax-background>\n            <div class=\"bg fill bg-fill\"><\/div>\n                                    \n                    <\/div>\n\t\t\n        <div class=\"banner-layers container\">\n            <div class=\"fill banner-link\"><\/div>            \n   <div id=\"text-box-186598887\" class=\"text-box banner-layer x50 md-x50 lg-x50 y50 md-y50 lg-y50 res-text\">\n                     <div data-animate=\"fadeInLeft\">           <div class=\"text-box-content text dark\">\n              \n              <div class=\"text-inner text-center\">\n                  \n<h1><span style=\"font-size: 100%;\">Producent kabli gumowych<\/span><\/h1>\n              <\/div>\n           <\/div>\n       <\/div>                     \n<style>\n#text-box-186598887 {\n  width: 80%;\n}\n#text-box-186598887 .text-box-content {\n  font-size: 100%;\n}\n@media (min-width:550px) {\n  #text-box-186598887 {\n    width: 69%;\n  }\n}\n<\/style>\n    <\/div>\n \n        <\/div>\n      <\/div>\n\n            \n<style>\n#banner-1917688726 {\n  padding-top: 162px;\n  background-color: rgba(0, 0, 0, 0.384);\n}\n#banner-1917688726 .bg.bg-loaded {\n  background-image: 8950;\n}\n#banner-1917688726 .overlay {\n  background-color: rgba(0, 0, 0, 0.3);\n}\n#banner-1917688726 .bg {\n  background-position: 35% 23%;\n}\n<\/style>\n  <\/div>\n\n\n\t<section class=\"section\" id=\"section_214439433\">\n\t\t<div class=\"bg section-bg fill bg-fill  bg-loaded\" >\n\n\t\t\t\n\t\t\t\n\t\t\t\n\n\t\t<\/div>\n\n\t\t\n\n\t\t<div class=\"section-content relative\">\n\t\t\t\n<div class=\"row\"  id=\"row-43486197\">\n\n\t<div id=\"col-1469984173\" class=\"col small-12 large-12\"  >\n\t\t\t\t<div class=\"col-inner\"  >\n\t\t\t\n\t\t\t\n<div class=\"row\"  id=\"row-1998593711\">\n\n\t<div id=\"col-250705761\" class=\"col small-12 large-12\"  >\n\t\t\t\t<div class=\"col-inner\"  >\n\t\t\t\n\t\t\t\n<div class=\"row\"  id=\"row-222217222\">\n\n\t<div id=\"col-1816810014\" class=\"col small-12 large-12\"  >\n\t\t\t\t<div class=\"col-inner\"  >\n\t\t\t\n\t\t\t\n\t<div id=\"text-3602390895\" class=\"text\">\n\t\t\n<h2 style=\"text-align: left;\">Informacje o producencie kabli Guangdong Rifeng<\/h2>\n\t\t\n<style>\n#text-3602390895 {\n  text-align: left;\n}\n<\/style>\n\t<\/div>\n\t\n\t\t<\/div>\n\t\t\t\t\t<\/div>\n\n\t\n<\/div>\n<div class=\"row\"  id=\"row-348176599\">\n\n\t<div id=\"col-679102841\" class=\"col medium-6 small-12 large-6\"  >\n\t\t\t\t<div class=\"col-inner\"  >\n\t\t\t\n\t\t\t\n<p>Guangdong Rifeng Cable Co., Ltd., za\u0142o\u017cona w 1986 roku z siedzib\u0105 w mie\u015bcie Zhongshan w prowincji Guangdong, jest wiod\u0105cym producentem kabli gumowych i kabli, specjalizuj\u0105cym si\u0119 w badaniach, projektowaniu, produkcji i sprzeda\u017cy \"kabli sprz\u0119towych\". Firma posiada obecnie sze\u015b\u0107 g\u0142\u00f3wnych baz produkcyjnych o powierzchni ponad 400 000 metr\u00f3w kwadratowych. Jej produkty s\u0105 szeroko stosowane w bran\u017cach takich jak nowa energia (energia wiatrowa\/fotowoltaika), pojazdy elektryczne (ch\u0142odzone ciecz\u0105 pistolety do\u0142adowuj\u0105ce\/wi\u0105zki przewod\u00f3w wysokiego napi\u0119cia w pojazdach), magazynowanie energii (po\u0142\u0105czenia\/formowanie i pojemno\u015b\u0107 baterii litowych), sprz\u0119t wysokiej klasy (maszyny os\u0142onowe\/mosty pok\u0142adowe samolot\u00f3w), maszyny budowlane (\u017curawie wie\u017cowe\/podno\u015bniki), sprz\u0119t do podnoszenia (maszyny portowe), sprz\u0119t g\u00f3rniczy, sprz\u0119t morski, sprz\u0119t spawalniczy, urz\u0105dzenia komunikacyjne (stacje bazowe 5G), sprz\u0119t gospodarstwa domowego (klimatyzatory), zasilacze i narz\u0119dzia elektryczne. Firma osi\u0105ga roczne przychody ze sprzeda\u017cy w wysoko\u015bci $580 milion\u00f3w, a jej sie\u0107 sprzeda\u017cy obejmuje ponad 30 kraj\u00f3w i region\u00f3w na ca\u0142ym \u015bwiecie.<\/p>\n\t\t<\/div>\n\t\t\t\t\t<\/div>\n\n\t\n\n\t<div id=\"col-1554657775\" class=\"col medium-6 small-12 large-6\"  >\n\t\t\t\t<div class=\"col-inner\"  >\n\t\t\t\n\t\t\t\n<div class=\"video video-fit mb\" style=\"padding-top:56.25%;\"><div style=\"width: 640px;\" class=\"wp-video\"><!--[if lt IE 9]><script>document.createElement('video');<\/script><![endif]-->\n<video class=\"wp-video-shortcode\" id=\"video-25-1\" width=\"640\" height=\"360\" preload=\"metadata\" controls=\"controls\"><source type=\"video\/mp4\" src=\"http:\/\/rifengcable.com\/wp-content\/uploads\/2025\/05\/compressO-MyVideo_1.mp4?_=1\" \/><a href=\"http:\/\/rifengcable.com\/wp-content\/uploads\/2025\/05\/compressO-MyVideo_1.mp4\">http:\/\/rifengcable.com\/wp-content\/uploads\/2025\/05\/compressO-MyVideo_1.mp4<\/a><\/video><\/div>\n<\/div>\n\t\t<\/div>\n\t\t\t\t\n<style>\n#col-1554657775 > .col-inner {\n  padding: 0px 0px 0px 0px;\n  margin: -330px 0px 0px 0px;\n}\n<\/style>\n\t<\/div>\n\n\t\n<\/div>\n\t\t<\/div>\n\t\t\t\t\t<\/div>\n\n\t\n<\/div>\n\t\t<\/div>\n\t\t\t\t\t<\/div>\n\n\t\n<\/div>\n\t\t<\/div>\n\n\t\t\n<style>\n#section_214439433 {\n  padding-top: 30px;\n  padding-bottom: 30px;\n}\n<\/style>\n\t<\/section>\n\t\n\t<section class=\"section\" id=\"section_1965576906\">\n\t\t<div class=\"bg section-bg fill bg-fill  bg-loaded\" >\n\n\t\t\t\n\t\t\t\n\t\t\t\n\n\t\t<\/div>\n\n\t\t\n\n\t\t<div class=\"section-content relative\">\n\t\t\t\n<div class=\"row\"  id=\"row-1663590923\">\n\n\t<div id=\"col-1223365378\" class=\"col medium-6 small-12 large-6\"  >\n\t\t\t\t<div class=\"col-inner\"  >\n\t\t\t\n\t\t\t\n<div class=\"slider-wrapper relative\" id=\"slider-1288097403\" >\n    <div class=\"slider slider-nav-circle slider-nav-large slider-nav-light slider-style-normal\"\n        data-flickity-options='{            \"cellAlign\": \"center\",            \"imagesLoaded\": true,            \"lazyLoad\": 1,            \"freeScroll\": false,            \"wrapAround\": true,            \"autoPlay\": 6000,            \"pauseAutoPlayOnHover\" : true,            \"prevNextButtons\": true,            \"contain\" : true,            \"adaptiveHeight\" : true,            \"dragThreshold\" : 10,            \"percentPosition\": true,            \"pageDots\": true,            \"rightToLeft\": false,            \"draggable\": true,            \"selectedAttraction\": 0.1,            \"parallax\" : 0,            \"friction\": 0.6        }'\n        >\n        \n\t<div class=\"img has-hover x md-x lg-x y md-y lg-y\" id=\"image_577028863\">\n\t\t\t\t\t\t\t\t<div class=\"img-inner image-cover dark\" style=\"padding-top:90%;\">\n\t\t\t<img loading=\"lazy\" decoding=\"async\" width=\"800\" height=\"800\" src=\"https:\/\/rifengcable.com\/wp-content\/uploads\/2025\/03\/20-1.jpg\" class=\"attachment-original size-original\" alt=\"Mo\u017cliwo\u015bci produkcyjne\" srcset=\"https:\/\/rifengcable.com\/wp-content\/uploads\/2025\/03\/20-1.jpg 800w, https:\/\/rifengcable.com\/wp-content\/uploads\/2025\/03\/20-1-300x300.jpg 300w, https:\/\/rifengcable.com\/wp-content\/uploads\/2025\/03\/20-1-150x150.jpg 150w, https:\/\/rifengcable.com\/wp-content\/uploads\/2025\/03\/20-1-768x768.jpg 768w, https:\/\/rifengcable.com\/wp-content\/uploads\/2025\/03\/20-1-12x12.jpg 12w, https:\/\/rifengcable.com\/wp-content\/uploads\/2025\/03\/20-1-600x600.jpg 600w, https:\/\/rifengcable.com\/wp-content\/uploads\/2025\/03\/20-1-100x100.jpg 100w\" sizes=\"auto, (max-width: 800px) 100vw, 800px\" title=\"\">\t\t\t\t\t\t\n\t\t\t\t\t<\/div>\n\t\t\t\t\t\t\t\t\n<style>\n#image_577028863 {\n  width: 100%;\n}\n<\/style>\n\t<\/div>\n\t\n\t<div class=\"img has-hover x md-x lg-x y md-y lg-y\" id=\"image_1445188232\">\n\t\t\t\t\t\t\t\t<div class=\"img-inner image-cover dark\" style=\"padding-top:90%;\">\n\t\t\t<img loading=\"lazy\" decoding=\"async\" width=\"800\" height=\"800\" src=\"https:\/\/rifengcable.com\/wp-content\/uploads\/2025\/03\/14-1.jpg\" class=\"attachment-original size-original\" alt=\"Mo\u017cliwo\u015bci produkcyjne\" srcset=\"https:\/\/rifengcable.com\/wp-content\/uploads\/2025\/03\/14-1.jpg 800w, https:\/\/rifengcable.com\/wp-content\/uploads\/2025\/03\/14-1-300x300.jpg 300w, https:\/\/rifengcable.com\/wp-content\/uploads\/2025\/03\/14-1-150x150.jpg 150w, https:\/\/rifengcable.com\/wp-content\/uploads\/2025\/03\/14-1-768x768.jpg 768w, https:\/\/rifengcable.com\/wp-content\/uploads\/2025\/03\/14-1-12x12.jpg 12w, https:\/\/rifengcable.com\/wp-content\/uploads\/2025\/03\/14-1-600x600.jpg 600w, https:\/\/rifengcable.com\/wp-content\/uploads\/2025\/03\/14-1-100x100.jpg 100w\" sizes=\"auto, (max-width: 800px) 100vw, 800px\" title=\"\">\t\t\t\t\t\t\n\t\t\t\t\t<\/div>\n\t\t\t\t\t\t\t\t\n<style>\n#image_1445188232 {\n  width: 100%;\n}\n<\/style>\n\t<\/div>\n\t\n     <\/div>\n\n     <div class=\"loading-spin dark large centered\"><\/div>\n\n\t<\/div>\n\n\n\t\t<\/div>\n\t\t\t\t\t<\/div>\n\n\t\n\n\t<div id=\"col-129599751\" class=\"col medium-6 small-12 large-6\"  >\n\t\t\t\t<div class=\"col-inner\"  >\n\t\t\t\n\t\t\t\n<h3>Zaawansowane mo\u017cliwo\u015bci badawczo-rozwojowe i produkcyjne<\/h3>\n<p>Firma mo\u017ce pochwali\u0107 si\u0119 kompletnym i solidnym systemem badawczo-rozwojowym i produkcyjnym, z zaawansowanymi laboratoriami i 79 zg\u0142oszonymi patentami krajowymi. Jako czo\u0142owy producent kabli, Rifeng posiada najbardziej zaawansowane i najwi\u0119ksze centrum rafinacji gumy w bran\u017cy, w tym sze\u015b\u0107 najnowocze\u015bniejszych, w pe\u0142ni zautomatyzowanych linii do rafinacji gumy, ponad 130 r\u00f3\u017cnych linii do produkcji przewod\u00f3w i kabli oraz pi\u0119\u0107 importowanych linii do sieciowania napromieniowaniem. Dzi\u0119ki rocznej zdolno\u015bci produkcyjnej wynosz\u0105cej ponad 20 milion\u00f3w kilometr\u00f3w r\u00f3\u017cnych gotowych przewod\u00f3w i kabli, Rifeng umacnia swoj\u0105 pozycj\u0119 niezawodnego producenta kabli gumowych.<\/p>\n<h3>Uznanie i osi\u0105gni\u0119cia w bran\u017cy<\/h3>\n<p>Firma jest konsekwentnie uznawana za jedno z \"10 najbardziej konkurencyjnych przedsi\u0119biorstw w przemy\u015ble kablowym Guangdong\", jedno ze \"100 najlepszych przedsi\u0119biorstw w chi\u0144skim przemy\u015ble kablowym\" oraz \"500 najlepszych przedsi\u0119biorstw w prowincji Guangdong\". Firma otrzyma\u0142a r\u00f3wnie\u017c takie wyr\u00f3\u017cnienia jak \"Zhongshan City Invention Patent Gold Award\" oraz \"Zhongshan City Science and Technology Progress Award\". Wyr\u00f3\u017cnienia te podkre\u015blaj\u0105 wiod\u0105c\u0105 pozycj\u0119 Rifeng jako czo\u0142owego producenta kabli gumowych i producenta kabli w krajowym sektorze kabli gumowych.<\/p>\n\t\t<\/div>\n\t\t\t\t\t<\/div>\n\n\t\n<\/div>\n\t\t<\/div>\n\n\t\t\n<style>\n#section_1965576906 {\n  padding-top: 30px;\n  padding-bottom: 30px;\n  background-color: #ececec;\n}\n<\/style>\n\t<\/section>\n\t\n\t<section class=\"section\" id=\"section_300300534\">\n\t\t<div class=\"bg section-bg fill bg-fill  bg-loaded\" >\n\n\t\t\t\n\t\t\t\n\t\t\t\n\n\t\t<\/div>\n\n\t\t\n\n\t\t<div class=\"section-content relative\">\n\t\t\t\n<div class=\"row\"  id=\"row-1183847700\">\n\n\t<div id=\"col-1030403962\" class=\"col medium-6 small-12 large-6\"  >\n\t\t\t\t<div class=\"col-inner\"  >\n\t\t\t\n\t\t\t\n<h3>Zaanga\u017cowanie w jako\u015b\u0107 i innowacje<\/h3>\n<p>Rifeng jest zaanga\u017cowany w dostarczanie wysokiej jako\u015bci, innowacyjnych rozwi\u0105za\u0144 kablowych. Jako zaufany producent kabli, firma przestrzega surowych standard\u00f3w kontroli jako\u015bci i stale inwestuje w zaawansowane technologie, aby sprosta\u0107 zmieniaj\u0105cym si\u0119 potrzebom swoich globalnych klient\u00f3w. D\u0105\u017cenie do doskona\u0142o\u015bci sprawi\u0142o, \u017ce Rifeng sta\u0142 si\u0119 preferowanym partnerem dla bran\u017c wymagaj\u0105cych niezawodnych i trwa\u0142ych kabli w os\u0142onie gumowej.<\/p>\n<h3>Globalny zasi\u0119g i partnerstwa strategiczne<\/h3>\n<p>Dzi\u0119ki sieci sprzeda\u017cy obejmuj\u0105cej ponad 30 kraj\u00f3w i region\u00f3w, Rifeng sta\u0142 si\u0119 globalnym producentem kabli gumowych. Strategiczne partnerstwa firmy z wiod\u0105cymi przedsi\u0119biorstwami z r\u00f3\u017cnych bran\u017c podkre\u015blaj\u0105 jej reputacj\u0119 w zakresie dostarczania bezpiecznych, wydajnych i przyjaznych dla \u015brodowiska rozwi\u0105za\u0144 kablowych. Zdolno\u015b\u0107 firmy Rifeng do zaspokajania r\u00f3\u017cnorodnych potrzeb rynkowych dodatkowo umacnia jej pozycj\u0119 jako wiod\u0105cego producenta kabli.<\/p>\n\t\t<\/div>\n\t\t\t\t\t<\/div>\n\n\t\n\n\t<div id=\"col-1205367155\" class=\"col medium-6 small-12 large-6\"  >\n\t\t\t\t<div class=\"col-inner\"  >\n\t\t\t\n\t\t\t\n<div class=\"slider-wrapper relative\" id=\"slider-1973412027\" >\n    <div class=\"slider slider-nav-circle slider-nav-large slider-nav-light slider-style-normal\"\n        data-flickity-options='{            \"cellAlign\": \"center\",            \"imagesLoaded\": true,            \"lazyLoad\": 1,            \"freeScroll\": false,            \"wrapAround\": true,            \"autoPlay\": 6000,            \"pauseAutoPlayOnHover\" : true,            \"prevNextButtons\": true,            \"contain\" : true,            \"adaptiveHeight\" : true,            \"dragThreshold\" : 10,            \"percentPosition\": true,            \"pageDots\": true,            \"rightToLeft\": false,            \"draggable\": true,            \"selectedAttraction\": 0.1,            \"parallax\" : 0,            \"friction\": 0.6        }'\n        >\n        \n\t<div class=\"img has-hover x md-x lg-x y md-y lg-y\" id=\"image_1971671248\">\n\t\t\t\t\t\t\t\t<div class=\"img-inner image-zoom image-zoom image-cover dark\" style=\"padding-top:75%;\">\n\t\t\t<img loading=\"lazy\" decoding=\"async\" width=\"800\" height=\"600\" src=\"https:\/\/rifengcable.com\/wp-content\/uploads\/2025\/03\/1-1.jpg\" class=\"attachment-original size-original\" alt=\"globalny producent kabli\" srcset=\"https:\/\/rifengcable.com\/wp-content\/uploads\/2025\/03\/1-1.jpg 800w, https:\/\/rifengcable.com\/wp-content\/uploads\/2025\/03\/1-1-300x225.jpg 300w, https:\/\/rifengcable.com\/wp-content\/uploads\/2025\/03\/1-1-768x576.jpg 768w, https:\/\/rifengcable.com\/wp-content\/uploads\/2025\/03\/1-1-16x12.jpg 16w, https:\/\/rifengcable.com\/wp-content\/uploads\/2025\/03\/1-1-600x450.jpg 600w\" sizes=\"auto, (max-width: 800px) 100vw, 800px\" title=\"\">\t\t\t\t\t\t\n\t\t\t\t\t<\/div>\n\t\t\t\t\t\t\t\t\n<style>\n#image_1971671248 {\n  width: 100%;\n}\n<\/style>\n\t<\/div>\n\t\n\t<div class=\"img has-hover x md-x lg-x y md-y lg-y\" id=\"image_482366273\">\n\t\t\t\t\t\t\t\t<div class=\"img-inner image-zoom image-zoom image-cover dark\" style=\"padding-top:75%;\">\n\t\t\t<img loading=\"lazy\" decoding=\"async\" width=\"800\" height=\"600\" src=\"https:\/\/rifengcable.com\/wp-content\/uploads\/2025\/03\/3.jpg\" class=\"attachment-original size-original\" alt=\"globalny producent kabli\" srcset=\"https:\/\/rifengcable.com\/wp-content\/uploads\/2025\/03\/3.jpg 800w, https:\/\/rifengcable.com\/wp-content\/uploads\/2025\/03\/3-300x225.jpg 300w, https:\/\/rifengcable.com\/wp-content\/uploads\/2025\/03\/3-768x576.jpg 768w, https:\/\/rifengcable.com\/wp-content\/uploads\/2025\/03\/3-16x12.jpg 16w, https:\/\/rifengcable.com\/wp-content\/uploads\/2025\/03\/3-600x450.jpg 600w\" sizes=\"auto, (max-width: 800px) 100vw, 800px\" title=\"\">\t\t\t\t\t\t\n\t\t\t\t\t<\/div>\n\t\t\t\t\t\t\t\t\n<style>\n#image_482366273 {\n  width: 100%;\n}\n<\/style>\n\t<\/div>\n\t\n\t<div class=\"img has-hover x md-x lg-x y md-y lg-y\" id=\"image_475896346\">\n\t\t\t\t\t\t\t\t<div class=\"img-inner image-zoom image-zoom image-cover dark\" style=\"padding-top:75%;\">\n\t\t\t<img loading=\"lazy\" decoding=\"async\" width=\"800\" height=\"600\" src=\"https:\/\/rifengcable.com\/wp-content\/uploads\/2025\/03\/2024\u4e1d\u8def\u4e2d\u4e9a\u7535\u529b\u7535\u5de5\u535a\u89c8\u4f1a-2024.8.26-28-\u4e4c\u5179\u522b\u514b\u65af\u5766-\u5854\u4ec0\u5e723.jpg\" class=\"attachment-original size-original\" alt=\"globalny producent kabli\" srcset=\"https:\/\/rifengcable.com\/wp-content\/uploads\/2025\/03\/2024\u4e1d\u8def\u4e2d\u4e9a\u7535\u529b\u7535\u5de5\u535a\u89c8\u4f1a-2024.8.26-28-\u4e4c\u5179\u522b\u514b\u65af\u5766-\u5854\u4ec0\u5e723.jpg 800w, https:\/\/rifengcable.com\/wp-content\/uploads\/2025\/03\/2024\u4e1d\u8def\u4e2d\u4e9a\u7535\u529b\u7535\u5de5\u535a\u89c8\u4f1a-2024.8.26-28-\u4e4c\u5179\u522b\u514b\u65af\u5766-\u5854\u4ec0\u5e723-300x225.jpg 300w, https:\/\/rifengcable.com\/wp-content\/uploads\/2025\/03\/2024\u4e1d\u8def\u4e2d\u4e9a\u7535\u529b\u7535\u5de5\u535a\u89c8\u4f1a-2024.8.26-28-\u4e4c\u5179\u522b\u514b\u65af\u5766-\u5854\u4ec0\u5e723-768x576.jpg 768w, https:\/\/rifengcable.com\/wp-content\/uploads\/2025\/03\/2024\u4e1d\u8def\u4e2d\u4e9a\u7535\u529b\u7535\u5de5\u535a\u89c8\u4f1a-2024.8.26-28-\u4e4c\u5179\u522b\u514b\u65af\u5766-\u5854\u4ec0\u5e723-16x12.jpg 16w, https:\/\/rifengcable.com\/wp-content\/uploads\/2025\/03\/2024\u4e1d\u8def\u4e2d\u4e9a\u7535\u529b\u7535\u5de5\u535a\u89c8\u4f1a-2024.8.26-28-\u4e4c\u5179\u522b\u514b\u65af\u5766-\u5854\u4ec0\u5e723-600x450.jpg 600w\" sizes=\"auto, (max-width: 800px) 100vw, 800px\" title=\"\">\t\t\t\t\t\t\n\t\t\t\t\t<\/div>\n\t\t\t\t\t\t\t\t\n<style>\n#image_475896346 {\n  width: 100%;\n}\n<\/style>\n\t<\/div>\n\t\n\t<div class=\"img has-hover x md-x lg-x y md-y lg-y\" id=\"image_850285756\">\n\t\t\t\t\t\t\t\t<div class=\"img-inner image-zoom image-zoom image-cover dark\" style=\"padding-top:75%;\">\n\t\t\t<img loading=\"lazy\" decoding=\"async\" width=\"800\" height=\"600\" src=\"https:\/\/rifengcable.com\/wp-content\/uploads\/2025\/03\/2024\u4e1d\u8def\u4e2d\u4e9a\u7535\u529b\u7535\u5de5\u535a\u89c8\u4f1a-2024.8.26-28-\u4e4c\u5179\u522b\u514b\u65af\u5766-\u5854\u4ec0\u5e724.jpg\" class=\"attachment-original size-original\" alt=\"globalny producent kabli\" srcset=\"https:\/\/rifengcable.com\/wp-content\/uploads\/2025\/03\/2024\u4e1d\u8def\u4e2d\u4e9a\u7535\u529b\u7535\u5de5\u535a\u89c8\u4f1a-2024.8.26-28-\u4e4c\u5179\u522b\u514b\u65af\u5766-\u5854\u4ec0\u5e724.jpg 800w, https:\/\/rifengcable.com\/wp-content\/uploads\/2025\/03\/2024\u4e1d\u8def\u4e2d\u4e9a\u7535\u529b\u7535\u5de5\u535a\u89c8\u4f1a-2024.8.26-28-\u4e4c\u5179\u522b\u514b\u65af\u5766-\u5854\u4ec0\u5e724-300x225.jpg 300w, https:\/\/rifengcable.com\/wp-content\/uploads\/2025\/03\/2024\u4e1d\u8def\u4e2d\u4e9a\u7535\u529b\u7535\u5de5\u535a\u89c8\u4f1a-2024.8.26-28-\u4e4c\u5179\u522b\u514b\u65af\u5766-\u5854\u4ec0\u5e724-768x576.jpg 768w, https:\/\/rifengcable.com\/wp-content\/uploads\/2025\/03\/2024\u4e1d\u8def\u4e2d\u4e9a\u7535\u529b\u7535\u5de5\u535a\u89c8\u4f1a-2024.8.26-28-\u4e4c\u5179\u522b\u514b\u65af\u5766-\u5854\u4ec0\u5e724-16x12.jpg 16w, https:\/\/rifengcable.com\/wp-content\/uploads\/2025\/03\/2024\u4e1d\u8def\u4e2d\u4e9a\u7535\u529b\u7535\u5de5\u535a\u89c8\u4f1a-2024.8.26-28-\u4e4c\u5179\u522b\u514b\u65af\u5766-\u5854\u4ec0\u5e724-600x450.jpg 600w\" sizes=\"auto, (max-width: 800px) 100vw, 800px\" title=\"\">\t\t\t\t\t\t\n\t\t\t\t\t<\/div>\n\t\t\t\t\t\t\t\t\n<style>\n#image_850285756 {\n  width: 100%;\n}\n<\/style>\n\t<\/div>\n\t\n     <\/div>\n\n     <div class=\"loading-spin dark large centered\"><\/div>\n\n\t<\/div>\n\n\n\t\t<\/div>\n\t\t\t\t\t<\/div>\n\n\t\n<\/div>\n\t\t<\/div>\n\n\t\t\n<style>\n#section_300300534 {\n  padding-top: 30px;\n  padding-bottom: 30px;\n}\n<\/style>\n\t<\/section>\n\t\n\t<section class=\"section\" id=\"section_1379359102\">\n\t\t<div class=\"bg section-bg fill bg-fill  bg-loaded\" >\n\n\t\t\t\n\t\t\t\n\t\t\t\n\n\t\t<\/div>\n\n\t\t\n\n\t\t<div class=\"section-content relative\">\n\t\t\t\n<div class=\"row\"  id=\"row-2062054450\">\n\n\t<div id=\"col-1877509341\" class=\"col small-12 large-12\"  >\n\t\t\t\t<div class=\"col-inner\"  >\n\t\t\t\n\t\t\t\n<h2 style=\"text-align: center;\">Kontakt<\/h2>\n\t\t<\/div>\n\t\t\t\t\t<\/div>\n\n\t\n<\/div>\n<div class=\"row\"  id=\"row-567361922\">\n\n\t<div id=\"col-1773139201\" class=\"col small-12 large-12\"  >\n\t\t\t\t<div class=\"col-inner\"  >\n\t\t\t\n\t\t\t\n\n<div class=\"wpcf7 no-js\" id=\"wpcf7-f280-o1\" lang=\"en-US\" dir=\"ltr\" data-wpcf7-id=\"280\">\n<div class=\"screen-reader-response\"><p role=\"status\" aria-live=\"polite\" aria-atomic=\"true\"><\/p> <ul><\/ul><\/div>\n<form action=\"\/pl\/wp-json\/wp\/v2\/pages\/25#wpcf7-f280-o1\" method=\"post\" class=\"wpcf7-form init\" aria-label=\"Formularz kontaktowy\" novalidate=\"novalidate\" data-status=\"init\" data-trp-original-action=\"\/pl\/wp-json\/wp\/v2\/pages\/25#wpcf7-f280-o1\">\n<fieldset class=\"hidden-fields-container\"><input type=\"hidden\" name=\"_wpcf7\" value=\"280\" \/><input type=\"hidden\" name=\"_wpcf7_version\" value=\"6.1.1\" \/><input type=\"hidden\" name=\"_wpcf7_locale\" value=\"en_US\" \/><input type=\"hidden\" name=\"_wpcf7_unit_tag\" value=\"wpcf7-f280-o1\" \/><input type=\"hidden\" name=\"_wpcf7_container_post\" value=\"0\" \/><input type=\"hidden\" name=\"_wpcf7_posted_data_hash\" value=\"\" \/>\n<\/fieldset>\n<div class='custom_contact_style'>\n\t<div class=\"row row-small\">\n\t\t<div class=\"col medium-6 small-12 large-6\">\n\t\t\t<div class=\"col-inner\">\n\t\t\t\t<p><span class=\"wpcf7-form-control-wrap\" data-name=\"your-name\"><input size=\"40\" maxlength=\"400\" class=\"wpcf7-form-control wpcf7-text wpcf7-validates-as-required\" aria-required=\"true\" aria-invalid=\"false\" placeholder=\"Nazwa*\" value=\"\" type=\"text\" name=\"your-name\" \/><\/span>\n\t\t\t\t<\/p>\n\t\t\t<\/div>\n\t\t<\/div>\n\t\t<div class=\"col medium-6 small-12 large-6\">\n\t\t\t<div class=\"col-inner\">\n\t\t\t\t<p><span class=\"wpcf7-form-control-wrap\" data-name=\"your-email\"><input size=\"40\" maxlength=\"400\" class=\"wpcf7-form-control wpcf7-email wpcf7-validates-as-required wpcf7-text wpcf7-validates-as-email\" aria-required=\"true\" aria-invalid=\"false\" placeholder=\"E-mail*\" value=\"\" type=\"email\" name=\"your-email\" \/><\/span>\n\t\t\t\t<\/p>\n\t\t\t<\/div>\n\t\t<\/div>\n\t<\/div>\n\t<div class='cus_contact_form_bottom'>\n\t\t<p><span class=\"wpcf7-form-control-wrap\" data-name=\"your-phone\"><input size=\"40\" maxlength=\"400\" class=\"wpcf7-form-control wpcf7-text\" aria-invalid=\"false\" placeholder=\"Telefon\" value=\"\" type=\"text\" name=\"your-phone\" \/><\/span>\n\t\t<\/p>\n\t<\/div>\n\t<div class='cus_contact_form_bottom'>\n\t\t<p><span class=\"wpcf7-form-control-wrap\" data-name=\"your-country\"><input size=\"40\" maxlength=\"400\" class=\"wpcf7-form-control wpcf7-text\" aria-invalid=\"false\" placeholder=\"Kraj\" value=\"\" type=\"text\" name=\"your-country\" \/><\/span>\n\t\t<\/p>\n\t<\/div>\n\t<p><span class=\"wpcf7-form-control-wrap\" data-name=\"your-message\"><textarea cols=\"40\" rows=\"10\" maxlength=\"2000\" class=\"wpcf7-form-control wpcf7-textarea wpcf7-validates-as-required\" aria-required=\"true\" aria-invalid=\"false\" placeholder=\"Twoja wiadomo\u015b\u0107 *\" name=\"your-message\"><\/textarea><\/span>\n\t<\/p>\n\t<div style=\"margin-bottom:10px;\">\n\t\t<p><span class=\"wpcf7-form-control-wrap kc_captcha cf7ic-toggle\" data-name=\"kc_captcha\"><span class=\"wpcf7-form-control wpcf7-radio\"><span class=\"captcha-image\" style=\"display: none;\"><span class=\"cf7ic_instructions\">Udowodnij, \u017ce jeste\u015b cz\u0142owiekiem, wybieraj\u0105c opcj\u0119<span> gwiazda<\/span>.<\/span><label><input aria-label=\"1\" type=\"radio\" name=\"kc_captcha\" value=\"kc_human\" \/><svg aria-hidden=\"true\" role=\"img\" xmlns=\"http:\/\/www.w3.org\/2000\/svg\" viewbox=\"0 0 576 512\"><path fill=\"currentColor\" d=\"M259 18l-65 132-146 22c-26 3-37 36-18 54l106 103-25 146c-5 26 23 46 46 33l131-68 131 68c23 13 51-7 46-33l-25-146 106-103c19-18 8-51-18-54l-146-22-65-132a32 32 0 00-58 0z\"\/><\/svg><\/label><label><input aria-label=\"2\" type=\"radio\" name=\"kc_captcha\" value=\"bot\" \/><svg aria-hidden=\"true\" role=\"img\" xmlns=\"http:\/\/www.w3.org\/2000\/svg\" viewbox=\"0 0 512 512\"><path fill=\"currentColor\" d=\"M500 168h-55l-8-21a127 127 0 00-120-83H195a127 127 0 00-120 83l-8 21H12c-8 0-14 8-11 16l8 24a12 12 0 0011 8h29a64 64 0 00-33 56v48c0 16 6 31 16 42v62c0 13 11 24 24 24h48c13 0 24-11 24-24v-40h256v40c0 13 11 24 24 24h48c13 0 24-11 24-24v-62c10-11 16-26 16-42v-48c0-24-13-45-33-56h29a12 12 0 0011-8l8-24c3-8-3-16-11-16zm-365 2c9-25 33-42 60-42h122c27 0 51 17 60 42l15 38H120l15-38zM88 328a32 32 0 010-64c18 0 48 30 48 48s-30 16-48 16zm336 0c-18 0-48 2-48-16s30-48 48-48 32 14 32 32-14 32-32 32z\"\/><\/svg><\/label><label><input aria-label=\"3\" type=\"radio\" name=\"kc_captcha\" value=\"bot\" \/><svg aria-hidden=\"true\" role=\"img\" xmlns=\"http:\/\/www.w3.org\/2000\/svg\" viewbox=\"0 0 512 512\"><path fill=\"currentColor\" d=\"M350 99c-54 0-98-35-166-35-25 0-47 4-68 12a56 56 0 004-24C118 24 95 1 66 0a56 56 0 00-34 102v386c0 13 11 24 24 24h16c13 0 24-11 24-24v-94c28-12 64-23 114-23 54 0 98 35 166 35 48 0 86-16 122-41 9-6 14-15 14-26V96c0-23-24-39-45-29-35 16-77 32-117 32z\"\/><\/svg><\/label>\r\n    <\/span>\r\n    <span style=\"display:none\">\r\n        <input type=\"text\" name=\"kc_honeypot\">\r\n    <\/span><\/span><\/span>\n\t\t<\/p>\n\t<\/div>\n\t<p><input class=\"wpcf7-form-control wpcf7-submit has-spinner\" type=\"submit\" value=\"Wy\u015blij wiadomo\u015b\u0107\" \/>\n\t<\/p>\n<\/div><div class=\"wpcf7-response-output\" aria-hidden=\"true\"><\/div>\n<input type=\"hidden\" name=\"trp-form-language\" value=\"pl\"\/><\/form>\n<\/div>\n\n\t\t<\/div>\n\t\t\t\t\t<\/div>\n\n\t\n<\/div>\n\t\t<\/div>\n\n\t\t\n<style>\n#section_1379359102 {\n  padding-top: 30px;\n  padding-bottom: 30px;\n  background-color: #ececec;\n}\n<\/style>\n\t<\/section>","protected":false},"excerpt":{"rendered":"","protected":false},"author":3,"featured_media":2004,"parent":0,"menu_order":0,"comment_status":"closed","ping_status":"closed","template":"page-blank.php","meta":{"footnotes":""},"class_list":["post-25","page","type-page","status-publish","has-post-thumbnail","hentry"],"_links":{"self":[{"href":"https:\/\/rifengcable.com\/pl\/wp-json\/wp\/v2\/pages\/25","targetHints":{"allow":["GET"]}}],"collection":[{"href":"https:\/\/rifengcable.com\/pl\/wp-json\/wp\/v2\/pages"}],"about":[{"href":"https:\/\/rifengcable.com\/pl\/wp-json\/wp\/v2\/types\/page"}],"author":[{"embeddable":true,"href":"https:\/\/rifengcable.com\/pl\/wp-json\/wp\/v2\/users\/3"}],"replies":[{"embeddable":true,"href":"https:\/\/rifengcable.com\/pl\/wp-json\/wp\/v2\/comments?post=25"}],"version-history":[{"count":53,"href":"https:\/\/rifengcable.com\/pl\/wp-json\/wp\/v2\/pages\/25\/revisions"}],"predecessor-version":[{"id":2335,"href":"https:\/\/rifengcable.com\/pl\/wp-json\/wp\/v2\/pages\/25\/revisions\/2335"}],"wp:featuredmedia":[{"embeddable":true,"href":"https:\/\/rifengcable.com\/pl\/wp-json\/wp\/v2\/media\/2004"}],"wp:attachment":[{"href":"https:\/\/rifengcable.com\/pl\/wp-json\/wp\/v2\/media?parent=25"}],"curies":[{"name":"wp","href":"https:\/\/api.w.org\/{rel}","templated":true}]}}