{"id":1622,"date":"2025-02-25T02:43:41","date_gmt":"2025-02-25T02:43:41","guid":{"rendered":"https:\/\/rifengcable.com\/?page_id=1622"},"modified":"2025-03-13T02:42:37","modified_gmt":"2025-03-13T02:42:37","slug":"cable-solution","status":"publish","type":"page","link":"https:\/\/rifengcable.com\/pl\/cable-solution\/","title":{"rendered":"Rozwi\u0105zanie i zastosowanie"},"content":{"rendered":"<div class=\"banner has-hover\" id=\"banner-705225754\">\n          <div class=\"banner-inner fill\">\n        <div class=\"banner-bg fill\" >\n            <div class=\"bg fill bg-fill\"><\/div>\n                                    \n                    <\/div>\n\t\t\n        <div class=\"banner-layers container\">\n            <div class=\"fill banner-link\"><\/div>            \n   <div id=\"text-box-2121557897\" class=\"text-box banner-layer x50 md-x50 lg-x50 y50 md-y50 lg-y50 res-text\">\n                                <div class=\"text-box-content text dark\">\n              \n              <div class=\"text-inner text-center\">\n                  \n<h1 style=\"text-align: center;\">Rozwi\u0105zanie i zastosowanie kabli<\/h1>\n              <\/div>\n           <\/div>\n                            \n<style>\n#text-box-2121557897 {\n  width: 88%;\n}\n#text-box-2121557897 .text-box-content {\n  font-size: 100%;\n}\n<\/style>\n    <\/div>\n \n        <\/div>\n      <\/div>\n\n            \n<style>\n#banner-705225754 {\n  padding-top: 173px;\n  background-color: rgba(0, 0, 0, 0.384);\n}\n<\/style>\n  <\/div>\n\n\n\t<section class=\"section\" id=\"section_1600515116\">\n\t\t<div class=\"bg section-bg fill bg-fill  bg-loaded\" >\n\n\t\t\t\n\t\t\t\n\t\t\t\n\n\t\t<\/div>\n\n\t\t\n\n\t\t<div class=\"section-content relative\">\n\t\t\t\n<div class=\"row\"  id=\"row-1577314420\">\n\n\t<div id=\"col-1478654908\" class=\"col small-12 large-12\"  >\n\t\t\t\t<div class=\"col-inner\"  >\n\t\t\t\n\t\t\t\n<h2 style=\"text-align: center;\">Kompleksowe rozwi\u0105zania kablowe na ka\u017cd\u0105 potrzeb\u0119<\/h2>\n<p>W Rifeng jeste\u015bmy dumni z dostarczania innowacyjnych i niezawodnych rozwi\u0105za\u0144 kablowych dostosowanych do unikalnych potrzeb naszych klient\u00f3w. Niezale\u017cnie od tego, czy potrzebujesz standardowych kabli, czy wysoce wyspecjalizowanych projekt\u00f3w, nasz zesp\u00f3\u0142 jest zaanga\u017cowany w dostarczanie niestandardowych, wysokowydajnych rozwi\u0105za\u0144, kt\u00f3re zapewniaj\u0105 optymaln\u0105 funkcjonalno\u015b\u0107 i wydajno\u015b\u0107. Dzi\u0119ki wieloletniemu do\u015bwiadczeniu i d\u0105\u017ceniu do doskona\u0142o\u015bci, jeste\u015bmy zaufanym partnerem w zakresie wszystkich potrzeb zwi\u0105zanych z kablami.<\/p>\n<div class=\"row\"  id=\"row-358981466\">\n\n\t<div id=\"col-1646670314\" class=\"col medium-6 small-12 large-6\"  >\n\t\t\t\t<div class=\"col-inner\"  >\n\t\t\t\n\t\t\t\n\t<div class=\"img has-hover x md-x lg-x y md-y lg-y\" id=\"image_552033965\">\n\t\t\t\t\t\t\t\t<div class=\"img-inner image-cover dark\" style=\"padding-top:95%;\">\n\t\t\t<img loading=\"lazy\" decoding=\"async\" width=\"800\" height=\"800\" src=\"https:\/\/rifengcable.com\/wp-content\/uploads\/2025\/03\/Rifeng-cable-custom1.jpg\" class=\"attachment-original size-original\" alt=\"Niestandardowy kabel Rifeng\" srcset=\"https:\/\/rifengcable.com\/wp-content\/uploads\/2025\/03\/Rifeng-cable-custom1.jpg 800w, https:\/\/rifengcable.com\/wp-content\/uploads\/2025\/03\/Rifeng-cable-custom1-300x300.jpg 300w, https:\/\/rifengcable.com\/wp-content\/uploads\/2025\/03\/Rifeng-cable-custom1-150x150.jpg 150w, https:\/\/rifengcable.com\/wp-content\/uploads\/2025\/03\/Rifeng-cable-custom1-768x768.jpg 768w, https:\/\/rifengcable.com\/wp-content\/uploads\/2025\/03\/Rifeng-cable-custom1-12x12.jpg 12w, https:\/\/rifengcable.com\/wp-content\/uploads\/2025\/03\/Rifeng-cable-custom1-600x600.jpg 600w, https:\/\/rifengcable.com\/wp-content\/uploads\/2025\/03\/Rifeng-cable-custom1-100x100.jpg 100w\" sizes=\"auto, (max-width: 800px) 100vw, 800px\" title=\"\">\t\t\t\t\t\t\n\t\t\t\t\t<\/div>\n\t\t\t\t\t\t\t\t\n<style>\n#image_552033965 {\n  width: 100%;\n}\n<\/style>\n\t<\/div>\n\t\n\t\t<\/div>\n\t\t\t\t\t<\/div>\n\n\t\n\n\t<div id=\"col-1382100185\" class=\"col medium-6 small-12 large-6\"  >\n\t\t\t\t<div class=\"col-inner\"  >\n\t\t\t\n\t\t\t\n<p><strong>1. Indywidualny projekt<\/strong><\/p>\n<p>Ka\u017cdy projekt jest wyj\u0105tkowy, podobnie jak nasze rozwi\u0105zania. Nasza niestandardowa us\u0142uga projektowania kabli zapewnia, \u017ce ka\u017cdy produkt jest zaprojektowany tak, aby spe\u0142nia\u0142 okre\u015blone wymagania techniczne i operacyjne. Od wyboru materia\u0142\u00f3w po specyfikacje wydajno\u015bci, \u015bci\u015ble wsp\u00f3\u0142pracujemy z klientem, aby stworzy\u0107 kable zapewniaj\u0105ce niezr\u00f3wnan\u0105 wydajno\u015b\u0107 i niezawodno\u015b\u0107.<\/p>\n<p><strong>2. Wiedza techniczna<\/strong><\/p>\n<p>Dzi\u0119ki ponad dwudziestoletniemu do\u015bwiadczeniu w bran\u017cy kablowej, nasz zesp\u00f3\u0142 ekspert\u00f3w wnosi niezr\u00f3wnan\u0105 wiedz\u0119 techniczn\u0105 do ka\u017cdego projektu. Oferujemy indywidualne wsparcie techniczne, kt\u00f3re poprowadzi Ci\u0119 przez ka\u017cdy etap, od wst\u0119pnych konsultacji po ostateczne wdro\u017cenie.<\/p>\n<p><strong>3. Zintegrowane rozwi\u0105zania<\/strong><\/p>\n<p>Nie tylko dostarczamy kable - dostarczamy zintegrowane rozwi\u0105zania, kt\u00f3re obejmuj\u0105 ka\u017cdy aspekt projektu. Od wst\u0119pnego projektu i prototypowania po produkcj\u0119, testowanie i dostaw\u0119, zarz\u0105dzamy ca\u0142ym procesem, aby zapewni\u0107 p\u0142ynn\u0105 realizacj\u0119 i doskona\u0142e wyniki.<\/p>\n\t\t<\/div>\n\t\t\t\t\t<\/div>\n\n\t\n<\/div>\n\t\t<\/div>\n\t\t\t\t\t<\/div>\n\n\t\n<\/div>\n\t\t<\/div>\n\n\t\t\n<style>\n#section_1600515116 {\n  padding-top: 30px;\n  padding-bottom: 30px;\n}\n<\/style>\n\t<\/section>\n\t\n\t<section class=\"section\" id=\"section_180299617\">\n\t\t<div class=\"bg section-bg fill bg-fill  bg-loaded\" >\n\n\t\t\t\n\t\t\t\n\t\t\t\n\n\t\t<\/div>\n\n\t\t\n\n\t\t<div class=\"section-content relative\">\n\t\t\t\n<div class=\"row\"  id=\"row-512913796\">\n\n\t<div id=\"col-1156320894\" class=\"col small-12 large-12\"  >\n\t\t\t\t<div class=\"col-inner\"  >\n\t\t\t\n\t\t\t\n<h2 style=\"text-align: center;\">Szeroki zakres zastosowa\u0144 kabli w r\u00f3\u017cnych bran\u017cach<\/h2>\n<p style=\"text-align: left;\">Kable s\u0105 podstaw\u0105 nowoczesnej infrastruktury, umo\u017cliwiaj\u0105c \u0142\u0105czno\u015b\u0107, zasilanie i komunikacj\u0119 w niezliczonych bran\u017cach. W Rifeng dostarczamy wysokowydajne rozwi\u0105zania kablowe, kt\u00f3re spe\u0142niaj\u0105 r\u00f3\u017cnorodne potrzeby r\u00f3\u017cnych sektor\u00f3w. Od energii i telekomunikacji po transport i energi\u0119 odnawialn\u0105, nasze kable s\u0105 zaprojektowane tak, aby zapewni\u0107 niezawodno\u015b\u0107, wydajno\u015b\u0107 i trwa\u0142o\u015b\u0107 nawet w najbardziej wymagaj\u0105cych \u015brodowiskach. Dowiedz si\u0119, jak nasze rozwi\u0105zania zasilaj\u0105 otaczaj\u0105cy nas \u015bwiat.<\/p>\n<div class=\"row\"  id=\"row-1910259388\">\n\n\t<div id=\"col-698674289\" class=\"col medium-6 small-12 large-6\"  >\n\t\t\t\t<div class=\"col-inner\"  >\n\t\t\t\n\t\t\t\n\t<div class=\"img has-hover x md-x lg-x y md-y lg-y\" id=\"image_980429439\">\n\t\t\t\t\t\t\t\t<div class=\"img-inner image-cover dark\" style=\"padding-top:60%;\">\n\t\t\t<img loading=\"lazy\" decoding=\"async\" width=\"800\" height=\"550\" src=\"https:\/\/rifengcable.com\/wp-content\/uploads\/2025\/03\/energy-power1.jpg\" class=\"attachment-original size-original\" alt=\"Energia i moc\" srcset=\"https:\/\/rifengcable.com\/wp-content\/uploads\/2025\/03\/energy-power1.jpg 800w, https:\/\/rifengcable.com\/wp-content\/uploads\/2025\/03\/energy-power1-300x206.jpg 300w, https:\/\/rifengcable.com\/wp-content\/uploads\/2025\/03\/energy-power1-768x528.jpg 768w, https:\/\/rifengcable.com\/wp-content\/uploads\/2025\/03\/energy-power1-18x12.jpg 18w, https:\/\/rifengcable.com\/wp-content\/uploads\/2025\/03\/energy-power1-600x413.jpg 600w\" sizes=\"auto, (max-width: 800px) 100vw, 800px\" title=\"\">\t\t\t\t\t\t\n\t\t\t\t\t<\/div>\n\t\t\t\t\t\t\t\t\n<style>\n#image_980429439 {\n  width: 100%;\n}\n<\/style>\n\t<\/div>\n\t\n\t\t<\/div>\n\t\t\t\t\t<\/div>\n\n\t\n\n\t<div id=\"col-831298408\" class=\"col medium-6 small-12 large-6\"  >\n\t\t\t\t<div class=\"col-inner\"  >\n\t\t\t\n\t\t\t\n<h3>1. Energia i moc<\/h3>\n<p>Zasilanie \u015bwiata niezawodnymi rozwi\u0105zaniami<br \/>\nNasze kable s\u0105 sercem wytwarzania, przesy\u0142u i dystrybucji energii. Niezale\u017cnie od tego, czy s\u0105 to linie przesy\u0142owe wysokiego napi\u0119cia, czy skomplikowane sieci dystrybucyjne, dostarczamy kable, kt\u00f3re zapewniaj\u0105 wydajne i nieprzerwane dostawy energii.<\/p>\n<ul>\n<li><strong>Zastosowania<\/strong>:\n<ul>\n<li>Kable przesy\u0142owe wysokiego napi\u0119cia.<\/li>\n<li>Podziemne i podmorskie kable energetyczne.<\/li>\n<li>Sieci dystrybucyjne dla obszar\u00f3w miejskich i wiejskich.<\/li>\n<\/ul>\n<\/li>\n<\/ul>\n\t\t<\/div>\n\t\t\t\t\t<\/div>\n\n\t\n<\/div>\n<div class=\"row\"  id=\"row-523040874\">\n\n\t<div id=\"col-1236648613\" class=\"col medium-6 small-12 large-6\"  >\n\t\t\t\t<div class=\"col-inner\"  >\n\t\t\t\n\t\t\t\n<h3>2. Telekomunikacja<\/h3>\n<p>Umo\u017cliwienie p\u0142ynnej \u0142\u0105czno\u015bci<br \/>\nW szybko zmieniaj\u0105cym si\u0119 \u015bwiecie telekomunikacji nasze kable stanowi\u0105 podstaw\u0119 szybkiej transmisji danych i niezawodnych sieci komunikacyjnych. Od \u015bwiat\u0142owod\u00f3w po kable koncentryczne, dostarczamy rozwi\u0105zania, kt\u00f3re utrzymuj\u0105 \u015bwiat w \u0142\u0105czno\u015bci.<\/p>\n<ul>\n<li><strong>Zastosowania<\/strong>:\n<ul>\n<li>Kable \u015bwiat\u0142owodowe do szybkiego Internetu.<\/li>\n<li>Kable koncentryczne do sieci telewizyjnych i szerokopasmowych.<\/li>\n<li>Rozwi\u0105zania \u0142\u0105czno\u015bci dla centr\u00f3w danych.<\/li>\n<\/ul>\n<\/li>\n<\/ul>\n\t\t<\/div>\n\t\t\t\t\t<\/div>\n\n\t\n\n\t<div id=\"col-872016633\" class=\"col medium-6 small-12 large-6\"  >\n\t\t\t\t<div class=\"col-inner\"  >\n\t\t\t\n\t\t\t\n\t<div class=\"img has-hover x md-x lg-x y md-y lg-y\" id=\"image_1680893003\">\n\t\t\t\t\t\t\t\t<div class=\"img-inner image-cover dark\" style=\"padding-top:65%;\">\n\t\t\t<img loading=\"lazy\" decoding=\"async\" width=\"800\" height=\"450\" src=\"https:\/\/rifengcable.com\/wp-content\/uploads\/2025\/03\/telecommunication1.jpg\" class=\"attachment-original size-original\" alt=\"telekomunikacja\" srcset=\"https:\/\/rifengcable.com\/wp-content\/uploads\/2025\/03\/telecommunication1.jpg 800w, https:\/\/rifengcable.com\/wp-content\/uploads\/2025\/03\/telecommunication1-300x169.jpg 300w, https:\/\/rifengcable.com\/wp-content\/uploads\/2025\/03\/telecommunication1-768x432.jpg 768w, https:\/\/rifengcable.com\/wp-content\/uploads\/2025\/03\/telecommunication1-18x10.jpg 18w, https:\/\/rifengcable.com\/wp-content\/uploads\/2025\/03\/telecommunication1-600x338.jpg 600w\" sizes=\"auto, (max-width: 800px) 100vw, 800px\" title=\"\">\t\t\t\t\t\t\n\t\t\t\t\t<\/div>\n\t\t\t\t\t\t\t\t\n<style>\n#image_1680893003 {\n  width: 100%;\n}\n<\/style>\n\t<\/div>\n\t\n\t\t<\/div>\n\t\t\t\t\t<\/div>\n\n\t\n<\/div>\n\t\t<\/div>\n\t\t\t\t\t<\/div>\n\n\t\n<\/div>\n\t\t<\/div>\n\n\t\t\n<style>\n#section_180299617 {\n  padding-top: 30px;\n  padding-bottom: 30px;\n  background-color: rgba(0, 0, 0, 0.07);\n}\n<\/style>\n\t<\/section>\n\t\n\t<section class=\"section\" id=\"section_1858461884\">\n\t\t<div class=\"bg section-bg fill bg-fill  bg-loaded\" >\n\n\t\t\t\n\t\t\t\n\t\t\t\n\n\t\t<\/div>\n\n\t\t\n\n\t\t<div class=\"section-content relative\">\n\t\t\t\n<div class=\"row\"  id=\"row-530678970\">\n\n\t<div id=\"col-841069208\" class=\"col medium-6 small-12 large-6\"  >\n\t\t\t\t<div class=\"col-inner\"  >\n\t\t\t\n\t\t\t\n\t<div class=\"img has-hover x md-x lg-x y md-y lg-y\" id=\"image_298960904\">\n\t\t\t\t\t\t\t\t<div class=\"img-inner image-cover dark\" style=\"padding-top:65%;\">\n\t\t\t<img loading=\"lazy\" decoding=\"async\" width=\"800\" height=\"432\" src=\"https:\/\/rifengcable.com\/wp-content\/uploads\/2025\/03\/Transportation-311.jpg\" class=\"attachment-original size-original\" alt=\"Transport\" srcset=\"https:\/\/rifengcable.com\/wp-content\/uploads\/2025\/03\/Transportation-311.jpg 800w, https:\/\/rifengcable.com\/wp-content\/uploads\/2025\/03\/Transportation-311-300x162.jpg 300w, https:\/\/rifengcable.com\/wp-content\/uploads\/2025\/03\/Transportation-311-768x415.jpg 768w, https:\/\/rifengcable.com\/wp-content\/uploads\/2025\/03\/Transportation-311-18x10.jpg 18w, https:\/\/rifengcable.com\/wp-content\/uploads\/2025\/03\/Transportation-311-600x324.jpg 600w\" sizes=\"auto, (max-width: 800px) 100vw, 800px\" title=\"\">\t\t\t\t\t\t\n\t\t\t\t\t<\/div>\n\t\t\t\t\t\t\t\t\n<style>\n#image_298960904 {\n  width: 100%;\n}\n<\/style>\n\t<\/div>\n\t\n\t\t<\/div>\n\t\t\t\t\t<\/div>\n\n\t\n\n\t<div id=\"col-977074006\" class=\"col medium-6 small-12 large-6\"  >\n\t\t\t\t<div class=\"col-inner\"  >\n\t\t\t\n\t\t\t\n<h3>3. Transport<\/h3>\n<p>Nap\u0119dzanie innowacji w mobilno\u015bci<br \/>\nOd kolei i samochod\u00f3w po lotnictwo i kosmonautyk\u0119 - nasze kable odgrywaj\u0105 istotn\u0105 rol\u0119 w bran\u017cy transportowej. Zapewniaj\u0105 zasilanie, kontrol\u0119 i komunikacj\u0119 dla pojazd\u00f3w i infrastruktury, zapewniaj\u0105c bezpiecze\u0144stwo i wydajno\u015b\u0107.<\/p>\n<ul>\n<li><strong>Zastosowania<\/strong>:\n<ul>\n<li>Sygnalizacja kolejowa i kable zasilaj\u0105ce.<\/li>\n<li>Wi\u0105zki przewod\u00f3w samochodowych.<\/li>\n<li>Kable lotnicze do system\u00f3w samolotowych.<\/li>\n<\/ul>\n<\/li>\n<\/ul>\n\t\t<\/div>\n\t\t\t\t\t<\/div>\n\n\t\n<\/div>\n<div class=\"row\"  id=\"row-1655057941\">\n\n\t<div id=\"col-1360171531\" class=\"col medium-6 small-12 large-6\"  >\n\t\t\t\t<div class=\"col-inner\"  >\n\t\t\t\n\t\t\t\n<h3>4. Przemys\u0142<\/h3>\n<p>Nap\u0119dzanie wzrostu przemys\u0142owego<br \/>\nW warunkach przemys\u0142owych nasze kable s\u0105 niezb\u0119dne do zasilania maszyn, system\u00f3w automatyki i sieci sterowania. Zosta\u0142y zaprojektowane tak, aby wytrzyma\u0107 trudne warunki i zapewni\u0107 nieprzerwan\u0105 prac\u0119.<\/p>\n<ul>\n<li><strong>Zastosowania<\/strong>:\n<ul>\n<li>Kable do ci\u0119\u017ckich maszyn i urz\u0105dze\u0144.<\/li>\n<li>Kable do system\u00f3w automatyki i sterowania.<\/li>\n<li>Robotyka i rozwi\u0105zania produkcyjne.<\/li>\n<\/ul>\n<\/li>\n<\/ul>\n\t\t<\/div>\n\t\t\t\t\t<\/div>\n\n\t\n\n\t<div id=\"col-1344142907\" class=\"col medium-6 small-12 large-6\"  >\n\t\t\t\t<div class=\"col-inner\"  >\n\t\t\t\n\t\t\t\n\t<div class=\"img has-hover x md-x lg-x y md-y lg-y\" id=\"image_160364071\">\n\t\t\t\t\t\t\t\t<div class=\"img-inner dark\" >\n\t\t\t<img loading=\"lazy\" decoding=\"async\" width=\"612\" height=\"409\" src=\"https:\/\/rifengcable.com\/wp-content\/uploads\/2025\/03\/Industrial.jpg\" class=\"attachment-original size-original\" alt=\"Przemys\u0142owy\" srcset=\"https:\/\/rifengcable.com\/wp-content\/uploads\/2025\/03\/Industrial.jpg 612w, https:\/\/rifengcable.com\/wp-content\/uploads\/2025\/03\/Industrial-300x200.jpg 300w, https:\/\/rifengcable.com\/wp-content\/uploads\/2025\/03\/Industrial-18x12.jpg 18w, https:\/\/rifengcable.com\/wp-content\/uploads\/2025\/03\/Industrial-600x401.jpg 600w\" sizes=\"auto, (max-width: 612px) 100vw, 612px\" title=\"\">\t\t\t\t\t\t\n\t\t\t\t\t<\/div>\n\t\t\t\t\t\t\t\t\n<style>\n#image_160364071 {\n  width: 100%;\n}\n<\/style>\n\t<\/div>\n\t\n\t\t<\/div>\n\t\t\t\t\t<\/div>\n\n\t\n<\/div>\n\t\t<\/div>\n\n\t\t\n<style>\n#section_1858461884 {\n  padding-top: 30px;\n  padding-bottom: 30px;\n}\n<\/style>\n\t<\/section>\n\t\n\t<section class=\"section\" id=\"section_295955182\">\n\t\t<div class=\"bg section-bg fill bg-fill  bg-loaded\" >\n\n\t\t\t\n\t\t\t\n\t\t\t\n\n\t\t<\/div>\n\n\t\t\n\n\t\t<div class=\"section-content relative\">\n\t\t\t\n<div class=\"row\"  id=\"row-1253456506\">\n\n\t<div id=\"col-557988884\" class=\"col medium-6 small-12 large-6\"  >\n\t\t\t\t<div class=\"col-inner\"  >\n\t\t\t\n\t\t\t\n\t<div class=\"img has-hover x md-x lg-x y md-y lg-y\" id=\"image_1360022118\">\n\t\t\t\t\t\t\t\t<div class=\"img-inner dark\" >\n\t\t\t<img loading=\"lazy\" decoding=\"async\" width=\"800\" height=\"533\" src=\"https:\/\/rifengcable.com\/wp-content\/uploads\/2025\/03\/Renewable-Energy1.jpg\" class=\"attachment-original size-original\" alt=\"Energia odnawialna\" srcset=\"https:\/\/rifengcable.com\/wp-content\/uploads\/2025\/03\/Renewable-Energy1.jpg 800w, https:\/\/rifengcable.com\/wp-content\/uploads\/2025\/03\/Renewable-Energy1-300x200.jpg 300w, https:\/\/rifengcable.com\/wp-content\/uploads\/2025\/03\/Renewable-Energy1-768x512.jpg 768w, https:\/\/rifengcable.com\/wp-content\/uploads\/2025\/03\/Renewable-Energy1-18x12.jpg 18w, https:\/\/rifengcable.com\/wp-content\/uploads\/2025\/03\/Renewable-Energy1-600x400.jpg 600w\" sizes=\"auto, (max-width: 800px) 100vw, 800px\" title=\"\">\t\t\t\t\t\t\n\t\t\t\t\t<\/div>\n\t\t\t\t\t\t\t\t\n<style>\n#image_1360022118 {\n  width: 100%;\n}\n<\/style>\n\t<\/div>\n\t\n\t\t<\/div>\n\t\t\t\t\t<\/div>\n\n\t\n\n\t<div id=\"col-451117150\" class=\"col medium-6 small-12 large-6\"  >\n\t\t\t\t<div class=\"col-inner\"  >\n\t\t\t\n\t\t\t\n<h3>5. Energia odnawialna<\/h3>\n<p>Wspieranie zr\u00f3wnowa\u017conej przysz\u0142o\u015bci<br \/>\nW miar\u0119 jak \u015bwiat przechodzi na energi\u0119 odnawialn\u0105, nasze kable umo\u017cliwiaj\u0105 wydajne wytwarzanie i dystrybucj\u0119 czystej energii. Od farm wiatrowych po instalacje solarne, dostarczamy rozwi\u0105zania, kt\u00f3re wspieraj\u0105 zr\u00f3wnowa\u017cone systemy energetyczne.<\/p>\n<ul>\n<li><strong>Zastosowania<\/strong>:\n<ul>\n<li>Kable do system\u00f3w turbin wiatrowych.<\/li>\n<li>Okablowanie i \u0142\u0105czno\u015b\u0107 panelu s\u0142onecznego.<\/li>\n<li>Magazynowanie energii i sieci dystrybucyjne.<\/li>\n<\/ul>\n<\/li>\n<\/ul>\n\t\t<\/div>\n\t\t\t\t\t<\/div>\n\n\t\n<\/div>\n\t\t<\/div>\n\n\t\t\n<style>\n#section_295955182 {\n  padding-top: 30px;\n  padding-bottom: 30px;\n  background-color: #ededed;\n}\n<\/style>\n\t<\/section>\n\t\n\t<section class=\"section\" id=\"section_1518193818\">\n\t\t<div class=\"bg section-bg fill bg-fill  bg-loaded\" >\n\n\t\t\t\n\t\t\t\n\t\t\t\n\n\t\t<\/div>\n\n\t\t\n\n\t\t<div class=\"section-content relative\">\n\t\t\t\n<div class=\"row\"  id=\"row-147043946\">\n\n\t<div id=\"col-1860694282\" class=\"col small-12 large-12\"  >\n\t\t\t\t<div class=\"col-inner\"  >\n\t\t\t\n\t\t\t\n<h2 style=\"text-align: center;\">Kontakt<\/h2>\n\t\t<\/div>\n\t\t\t\t\t<\/div>\n\n\t\n<\/div>\n<div class=\"row\"  id=\"row-722957249\">\n\n\t<div id=\"col-570656778\" class=\"col small-12 large-12\"  >\n\t\t\t\t<div class=\"col-inner\"  >\n\t\t\t\n\t\t\t\n\n<div class=\"wpcf7 no-js\" id=\"wpcf7-f280-o1\" lang=\"en-US\" dir=\"ltr\" data-wpcf7-id=\"280\">\n<div class=\"screen-reader-response\"><p role=\"status\" aria-live=\"polite\" aria-atomic=\"true\"><\/p> <ul><\/ul><\/div>\n<form action=\"\/pl\/wp-json\/wp\/v2\/pages\/1622#wpcf7-f280-o1\" method=\"post\" class=\"wpcf7-form init\" aria-label=\"Formularz kontaktowy\" novalidate=\"novalidate\" data-status=\"init\" data-trp-original-action=\"\/pl\/wp-json\/wp\/v2\/pages\/1622#wpcf7-f280-o1\">\n<fieldset class=\"hidden-fields-container\"><input type=\"hidden\" name=\"_wpcf7\" value=\"280\" \/><input type=\"hidden\" name=\"_wpcf7_version\" value=\"6.1.1\" \/><input type=\"hidden\" name=\"_wpcf7_locale\" value=\"en_US\" \/><input type=\"hidden\" name=\"_wpcf7_unit_tag\" value=\"wpcf7-f280-o1\" \/><input type=\"hidden\" name=\"_wpcf7_container_post\" value=\"0\" \/><input type=\"hidden\" name=\"_wpcf7_posted_data_hash\" value=\"\" \/>\n<\/fieldset>\n<div class='custom_contact_style'>\n\t<div class=\"row row-small\">\n\t\t<div class=\"col medium-6 small-12 large-6\">\n\t\t\t<div class=\"col-inner\">\n\t\t\t\t<p><span class=\"wpcf7-form-control-wrap\" data-name=\"your-name\"><input size=\"40\" maxlength=\"400\" class=\"wpcf7-form-control wpcf7-text wpcf7-validates-as-required\" aria-required=\"true\" aria-invalid=\"false\" placeholder=\"Nazwa*\" value=\"\" type=\"text\" name=\"your-name\" \/><\/span>\n\t\t\t\t<\/p>\n\t\t\t<\/div>\n\t\t<\/div>\n\t\t<div class=\"col medium-6 small-12 large-6\">\n\t\t\t<div class=\"col-inner\">\n\t\t\t\t<p><span class=\"wpcf7-form-control-wrap\" data-name=\"your-email\"><input size=\"40\" maxlength=\"400\" class=\"wpcf7-form-control wpcf7-email wpcf7-validates-as-required wpcf7-text wpcf7-validates-as-email\" aria-required=\"true\" aria-invalid=\"false\" placeholder=\"E-mail*\" value=\"\" type=\"email\" name=\"your-email\" \/><\/span>\n\t\t\t\t<\/p>\n\t\t\t<\/div>\n\t\t<\/div>\n\t<\/div>\n\t<div class='cus_contact_form_bottom'>\n\t\t<p><span class=\"wpcf7-form-control-wrap\" data-name=\"your-phone\"><input size=\"40\" maxlength=\"400\" class=\"wpcf7-form-control wpcf7-text\" aria-invalid=\"false\" placeholder=\"Telefon\" value=\"\" type=\"text\" name=\"your-phone\" \/><\/span>\n\t\t<\/p>\n\t<\/div>\n\t<div class='cus_contact_form_bottom'>\n\t\t<p><span class=\"wpcf7-form-control-wrap\" data-name=\"your-country\"><input size=\"40\" maxlength=\"400\" class=\"wpcf7-form-control wpcf7-text\" aria-invalid=\"false\" placeholder=\"Kraj\" value=\"\" type=\"text\" name=\"your-country\" \/><\/span>\n\t\t<\/p>\n\t<\/div>\n\t<p><span class=\"wpcf7-form-control-wrap\" data-name=\"your-message\"><textarea cols=\"40\" rows=\"10\" maxlength=\"2000\" class=\"wpcf7-form-control wpcf7-textarea wpcf7-validates-as-required\" aria-required=\"true\" aria-invalid=\"false\" placeholder=\"Twoja wiadomo\u015b\u0107 *\" name=\"your-message\"><\/textarea><\/span>\n\t<\/p>\n\t<div style=\"margin-bottom:10px;\">\n\t\t<p><span class=\"wpcf7-form-control-wrap kc_captcha cf7ic-toggle\" data-name=\"kc_captcha\"><span class=\"wpcf7-form-control wpcf7-radio\"><span class=\"captcha-image\" style=\"display: none;\"><span class=\"cf7ic_instructions\">Udowodnij, \u017ce jeste\u015b cz\u0142owiekiem, wybieraj\u0105c opcj\u0119<span> flaga<\/span>.<\/span><label><input aria-label=\"1\" type=\"radio\" name=\"kc_captcha\" value=\"bot\" \/><svg aria-hidden=\"true\" role=\"img\" xmlns=\"http:\/\/www.w3.org\/2000\/svg\" viewbox=\"0 0 640 512\"><path fill=\"currentColor\" d=\"M192 384h192c53 0 96-43 96-96h32a128 128 0 000-256H120c-13 0-24 11-24 24v232c0 53 43 96 96 96zM512 96a64 64 0 010 128h-32V96h32zm48 384H48c-47 0-61-64-36-64h584c25 0 11 64-36 64z\"\/><\/svg><\/label><label><input aria-label=\"2\" type=\"radio\" name=\"kc_captcha\" value=\"kc_human\" \/><svg aria-hidden=\"true\" role=\"img\" xmlns=\"http:\/\/www.w3.org\/2000\/svg\" viewbox=\"0 0 512 512\"><path fill=\"currentColor\" d=\"M350 99c-54 0-98-35-166-35-25 0-47 4-68 12a56 56 0 004-24C118 24 95 1 66 0a56 56 0 00-34 102v386c0 13 11 24 24 24h16c13 0 24-11 24-24v-94c28-12 64-23 114-23 54 0 98 35 166 35 48 0 86-16 122-41 9-6 14-15 14-26V96c0-23-24-39-45-29-35 16-77 32-117 32z\"\/><\/svg><\/label><label><input aria-label=\"3\" type=\"radio\" name=\"kc_captcha\" value=\"bot\" \/><svg aria-hidden=\"true\" role=\"img\" xmlns=\"http:\/\/www.w3.org\/2000\/svg\" viewbox=\"0 0 512 512\"><path fill=\"currentColor\" d=\"M512 176a176 176 0 01-209 173l-24 27a24 24 0 01-18 8h-37v40c0 13-11 24-24 24h-40v40c0 13-11 24-24 24H24c-13 0-24-11-24-24v-78c0-6 3-13 7-17l162-162a176 176 0 11343-55zm-176-48a48 48 0 1096 0 48 48 0 00-96 0z\"\/><\/svg><\/label>\r\n    <\/span>\r\n    <span style=\"display:none\">\r\n        <input type=\"text\" name=\"kc_honeypot\">\r\n    <\/span><\/span><\/span>\n\t\t<\/p>\n\t<\/div>\n\t<p><input class=\"wpcf7-form-control wpcf7-submit has-spinner\" type=\"submit\" value=\"Wy\u015blij wiadomo\u015b\u0107\" \/>\n\t<\/p>\n<\/div><div class=\"wpcf7-response-output\" aria-hidden=\"true\"><\/div>\n<input type=\"hidden\" name=\"trp-form-language\" value=\"pl\"\/><\/form>\n<\/div>\n\n\t\t<\/div>\n\t\t\t\t\t<\/div>\n\n\t\n<\/div>\n\t\t<\/div>\n\n\t\t\n<style>\n#section_1518193818 {\n  padding-top: 30px;\n  padding-bottom: 30px;\n}\n<\/style>\n\t<\/section>","protected":false},"excerpt":{"rendered":"","protected":false},"author":3,"featured_media":0,"parent":0,"menu_order":0,"comment_status":"closed","ping_status":"closed","template":"page-blank.php","meta":{"footnotes":""},"class_list":["post-1622","page","type-page","status-publish","hentry"],"_links":{"self":[{"href":"https:\/\/rifengcable.com\/pl\/wp-json\/wp\/v2\/pages\/1622","targetHints":{"allow":["GET"]}}],"collection":[{"href":"https:\/\/rifengcable.com\/pl\/wp-json\/wp\/v2\/pages"}],"about":[{"href":"https:\/\/rifengcable.com\/pl\/wp-json\/wp\/v2\/types\/page"}],"author":[{"embeddable":true,"href":"https:\/\/rifengcable.com\/pl\/wp-json\/wp\/v2\/users\/3"}],"replies":[{"embeddable":true,"href":"https:\/\/rifengcable.com\/pl\/wp-json\/wp\/v2\/comments?post=1622"}],"version-history":[{"count":20,"href":"https:\/\/rifengcable.com\/pl\/wp-json\/wp\/v2\/pages\/1622\/revisions"}],"predecessor-version":[{"id":2134,"href":"https:\/\/rifengcable.com\/pl\/wp-json\/wp\/v2\/pages\/1622\/revisions\/2134"}],"wp:attachment":[{"href":"https:\/\/rifengcable.com\/pl\/wp-json\/wp\/v2\/media?parent=1622"}],"curies":[{"name":"wp","href":"https:\/\/api.w.org\/{rel}","templated":true}]}}