{"id":1617,"date":"2025-02-25T02:41:58","date_gmt":"2025-02-25T02:41:58","guid":{"rendered":"https:\/\/rifengcable.com\/?page_id=1617"},"modified":"2025-03-11T03:46:39","modified_gmt":"2025-03-11T03:46:39","slug":"cable-service","status":"publish","type":"page","link":"https:\/\/rifengcable.com\/pl\/cable-service\/","title":{"rendered":"Wsparcie serwisowe"},"content":{"rendered":"<div class=\"banner has-hover\" id=\"banner-487735574\">\n          <div class=\"banner-inner fill\">\n        <div class=\"banner-bg fill\" >\n            <div class=\"bg fill bg-fill\"><\/div>\n                                    \n                    <\/div>\n\t\t\n        <div class=\"banner-layers container\">\n            <div class=\"fill banner-link\"><\/div>            \n   <div id=\"text-box-835550582\" class=\"text-box banner-layer x50 md-x50 lg-x50 y50 md-y50 lg-y50 res-text\">\n                                <div class=\"text-box-content text dark\">\n              \n              <div class=\"text-inner text-center\">\n                  \n<h1 style=\"text-align: center;\">Wsparcie serwisowe<\/h1>\n              <\/div>\n           <\/div>\n                            \n<style>\n#text-box-835550582 {\n  width: 60%;\n}\n#text-box-835550582 .text-box-content {\n  font-size: 100%;\n}\n<\/style>\n    <\/div>\n \n        <\/div>\n      <\/div>\n\n            \n<style>\n#banner-487735574 {\n  padding-top: 165px;\n  background-color: rgba(0, 0, 0, 0.384);\n}\n<\/style>\n  <\/div>\n\n\n\t<section class=\"section\" id=\"section_2136016642\">\n\t\t<div class=\"bg section-bg fill bg-fill  bg-loaded\" >\n\n\t\t\t\n\t\t\t\n\t\t\t\n\n\t\t<\/div>\n\n\t\t\n\n\t\t<div class=\"section-content relative\">\n\t\t\t\n<div class=\"row\"  id=\"row-1649816165\">\n\n\t<div id=\"col-127722196\" class=\"col small-12 large-12\"  >\n\t\t\t\t<div class=\"col-inner\"  >\n\t\t\t\n\t\t\t\n<h2><strong>I. Filozofia us\u0142ug<\/strong><\/h2>\n<p>Naszym celem jest pozyskiwanie klient\u00f3w poprzez dostarczanie dopasowanych produkt\u00f3w i rozwi\u0105za\u0144, przy jednoczesnym tworzeniu trwa\u0142ej warto\u015bci dzi\u0119ki naszym profesjonalnym us\u0142ugom.<\/p>\n<h2><strong>II. Zaanga\u017cowanie w us\u0142ugi kablowe<\/strong><\/h2>\n<p><strong>1. Us\u0142ugi przedsprzeda\u017cowe<\/strong><\/p>\n<p>1.1\u00a0<strong>Specjalistyczny zesp\u00f3\u0142 projektowy<\/strong>: Dzi\u0119ki ponad 20-letniemu do\u015bwiadczeniu w bran\u017cy kablowej nasz wykwalifikowany zesp\u00f3\u0142 techniczny oferuje spersonalizowane, indywidualne wsparcie.<\/p>\n<p>1.2\u00a0<strong>Indywidualny projekt produktu<\/strong>: Ka\u017cdy produkt jest skrupulatnie projektowany, aby spe\u0142ni\u0107 unikalne wymagania naszych klient\u00f3w.<\/p>\n<p>1.3\u00a0<strong>Zintegrowane rozwi\u0105zania<\/strong>: Dostarczamy kompleksowe rozwi\u0105zania dostosowane do bie\u017c\u0105cych potrzeb i przysz\u0142ego rozwoju naszych klient\u00f3w.<\/p>\n<p><strong>2. Us\u0142ugi przy zakupie<\/strong><\/p>\n<p>2.1\u00a0<strong>\u015aledzenie post\u0119p\u00f3w projektu<\/strong>: 24-godzinne monitorowanie post\u0119p\u00f3w projektu w czasie rzeczywistym w celu zapewnienia terminowego spe\u0142nienia wymaga\u0144 klienta.<\/p>\n<p>2.2\u00a0<strong>Wydajna komunikacja<\/strong>24-godzinna komunikacja i koordynacja w celu dostosowania zasob\u00f3w i wymaga\u0144, zapewniaj\u0105c pe\u0142n\u0105 satysfakcj\u0119 klienta.<\/p>\n<p>2.3\u00a0<strong>Zapewnienie jako\u015bci<\/strong>: Rygorystyczne, ca\u0142odobowe monitorowanie surowc\u00f3w i jako\u015bci produkt\u00f3w, w tym testy wytrzyma\u0142o\u015bciowe w symulowanych trudnych warunkach, aby zagwarantowa\u0107 doskona\u0142e wyniki.<\/p>\n<p><strong>3. Us\u0142ugi po wprowadzeniu na rynek<\/strong><\/p>\n<p>3.1\u00a0<strong>Szybka komunikacja<\/strong>: Dedykowane 24-godzinne wsparcie w zakresie profesjonalnych konsultacji i pomocy.<\/p>\n<p>3.2\u00a0<strong>Szybka reakcja<\/strong>: 24-godzinny mechanizm reagowania zapewnia terminow\u0105 obs\u0142ug\u0119 na miejscu w celu zaspokojenia potrzeb klient\u00f3w.<\/p>\n<p>3.3\u00a0<strong>Ci\u0105g\u0142e doskonalenie<\/strong>: Dostarczanie raport\u00f3w 8D w ci\u0105gu 72 godzin w celu rozwi\u0105zywania problem\u00f3w u \u017ar\u00f3d\u0142a i ci\u0105g\u0142ego tworzenia warto\u015bci dla klient\u00f3w.<\/p>\n\t\t<\/div>\n\t\t\t\t\t<\/div>\n\n\t\n<\/div>\n\t\t<\/div>\n\n\t\t\n<style>\n#section_2136016642 {\n  padding-top: 30px;\n  padding-bottom: 30px;\n}\n<\/style>\n\t<\/section>","protected":false},"excerpt":{"rendered":"","protected":false},"author":3,"featured_media":0,"parent":0,"menu_order":0,"comment_status":"closed","ping_status":"closed","template":"page-blank.php","meta":{"footnotes":""},"class_list":["post-1617","page","type-page","status-publish","hentry"],"_links":{"self":[{"href":"https:\/\/rifengcable.com\/pl\/wp-json\/wp\/v2\/pages\/1617","targetHints":{"allow":["GET"]}}],"collection":[{"href":"https:\/\/rifengcable.com\/pl\/wp-json\/wp\/v2\/pages"}],"about":[{"href":"https:\/\/rifengcable.com\/pl\/wp-json\/wp\/v2\/types\/page"}],"author":[{"embeddable":true,"href":"https:\/\/rifengcable.com\/pl\/wp-json\/wp\/v2\/users\/3"}],"replies":[{"embeddable":true,"href":"https:\/\/rifengcable.com\/pl\/wp-json\/wp\/v2\/comments?post=1617"}],"version-history":[{"count":6,"href":"https:\/\/rifengcable.com\/pl\/wp-json\/wp\/v2\/pages\/1617\/revisions"}],"predecessor-version":[{"id":2077,"href":"https:\/\/rifengcable.com\/pl\/wp-json\/wp\/v2\/pages\/1617\/revisions\/2077"}],"wp:attachment":[{"href":"https:\/\/rifengcable.com\/pl\/wp-json\/wp\/v2\/media?parent=1617"}],"curies":[{"name":"wp","href":"https:\/\/api.w.org\/{rel}","templated":true}]}}