{"id":1615,"date":"2025-02-25T02:41:24","date_gmt":"2025-02-25T02:41:24","guid":{"rendered":"https:\/\/rifengcable.com\/?page_id=1615"},"modified":"2025-03-11T03:21:52","modified_gmt":"2025-03-11T03:21:52","slug":"company-culture-of-cable-company","status":"publish","type":"page","link":"https:\/\/rifengcable.com\/pl\/company-culture-of-cable-company\/","title":{"rendered":"Kultura firmy"},"content":{"rendered":"<div class=\"banner has-hover\" id=\"banner-1637043254\">\n          <div class=\"banner-inner fill\">\n        <div class=\"banner-bg fill\" >\n            <div class=\"bg fill bg-fill\"><\/div>\n                                    \n                    <\/div>\n\t\t\n        <div class=\"banner-layers container\">\n            <div class=\"fill banner-link\"><\/div>            \n   <div id=\"text-box-727016488\" class=\"text-box banner-layer x50 md-x50 lg-x50 y50 md-y50 lg-y50 res-text\">\n                                <div class=\"text-box-content text dark\">\n              \n              <div class=\"text-inner text-center\">\n                  \n<h1>Kultura firmy Rifeng Cable Company<\/h1>\n              <\/div>\n           <\/div>\n                            \n<style>\n#text-box-727016488 {\n  width: 100%;\n}\n#text-box-727016488 .text-box-content {\n  font-size: 100%;\n}\n<\/style>\n    <\/div>\n \n        <\/div>\n      <\/div>\n\n            \n<style>\n#banner-1637043254 {\n  padding-top: 165px;\n  background-color: rgba(0, 0, 0, 0.384);\n}\n<\/style>\n  <\/div>\n\n\n\t<section class=\"section\" id=\"section_927091319\">\n\t\t<div class=\"bg section-bg fill bg-fill  bg-loaded\" >\n\n\t\t\t\n\t\t\t\n\t\t\t\n\n\t\t<\/div>\n\n\t\t\n\n\t\t<div class=\"section-content relative\">\n\t\t\t\n<div class=\"row\"  id=\"row-1724988241\">\n\n\t<div id=\"col-1249146073\" class=\"col small-12 large-12\"  >\n\t\t\t\t<div class=\"col-inner\"  >\n\t\t\t\n\t\t\t\n<h2 style=\"text-align: center;\"><strong>Uczciwo\u015b\u0107, walka, wygrana-wygrana: podstawowe warto\u015bci wiod\u0105cej firmy kablowej<\/strong><\/h2>\n\t\t<\/div>\n\t\t\t\t\t<\/div>\n\n\t\n<\/div>\n<div class=\"row\"  id=\"row-1162377753\">\n\n\t<div id=\"col-808719897\" class=\"col small-12 large-12\"  >\n\t\t\t\t<div class=\"col-inner\"  >\n\t\t\t\n\t\t\t\n<p>Prowadzenie odnosz\u0105cej sukcesy firmy z bran\u017cy kablowej wymaga uczciwo\u015bci, nieustannej walki i zaanga\u017cowania w osi\u0105ganie korzystnych wynik\u00f3w. Aby prosperowa\u0107 w tej konkurencyjnej bran\u017cy, firma musi by\u0107 wiarygodna, konsekwentna i zaanga\u017cowana w ci\u0105g\u0142e doskonalenie. Musi r\u00f3wnie\u017c wspiera\u0107 ducha wsp\u00f3\u0142pracy mi\u0119dzy klientami, pracownikami i udzia\u0142owcami, aby zapewni\u0107 obop\u00f3lne korzy\u015bci. Przez lata Rifeng wciela\u0142 w \u017cycie te zasady, przyjmuj\u0105c \"Dostarczanie niestandardowych rozwi\u0105za\u0144 dla globalnych u\u017cytkownik\u00f3w kabli\" jako swoj\u0105 misj\u0119 i niestrudzenie d\u0105\u017c\u0105c do osi\u0105gni\u0119cia swojej wizji korporacyjnej.<\/p>\n\t\t<\/div>\n\t\t\t\t\t<\/div>\n\n\t\n<\/div>\n\t\t<\/div>\n\n\t\t\n<style>\n#section_927091319 {\n  padding-top: 30px;\n  padding-bottom: 30px;\n}\n<\/style>\n\t<\/section>\n\t\n\t<section class=\"section\" id=\"section_985706164\">\n\t\t<div class=\"bg section-bg fill bg-fill  bg-loaded\" >\n\n\t\t\t\n\t\t\t\n\t\t\t\n\n\t\t<\/div>\n\n\t\t\n\n\t\t<div class=\"section-content relative\">\n\t\t\t\n<div class=\"row\"  id=\"row-1118065464\">\n\n\t<div id=\"col-99689821\" class=\"col small-12 large-12\"  >\n\t\t\t\t<div class=\"col-inner\"  >\n\t\t\t\n\t\t\t\n\t<div class=\"img has-hover x md-x lg-x y md-y lg-y\" id=\"image_1745707375\">\n\t\t\t\t\t\t\t\t<div class=\"img-inner image-cover dark\" style=\"padding-top:45%;\">\n\t\t\t<img loading=\"lazy\" decoding=\"async\" width=\"700\" height=\"400\" src=\"https:\/\/rifengcable.com\/wp-content\/uploads\/2025\/03\/Integrity.jpg\" class=\"attachment-original size-original\" alt=\"Integralno\u015b\u0107\" srcset=\"https:\/\/rifengcable.com\/wp-content\/uploads\/2025\/03\/Integrity.jpg 700w, https:\/\/rifengcable.com\/wp-content\/uploads\/2025\/03\/Integrity-300x171.jpg 300w, https:\/\/rifengcable.com\/wp-content\/uploads\/2025\/03\/Integrity-18x10.jpg 18w, https:\/\/rifengcable.com\/wp-content\/uploads\/2025\/03\/Integrity-600x343.jpg 600w\" sizes=\"auto, (max-width: 700px) 100vw, 700px\" title=\"\">\t\t\t\t\t\t\n\t\t\t\t\t<\/div>\n\t\t\t\t\t\t\t\t\n<style>\n#image_1745707375 {\n  width: 100%;\n}\n<\/style>\n\t<\/div>\n\t\n\t\t<\/div>\n\t\t\t\t\t<\/div>\n\n\t\n<\/div>\n<div class=\"row\"  id=\"row-1733506272\">\n\n\t<div id=\"col-1292378566\" class=\"col small-12 large-12\"  >\n\t\t\t\t<div class=\"col-inner\"  >\n\t\t\t\n\t\t\t\n<p style=\"text-align: center;\"><strong>Integralno\u015b\u0107<\/strong>: Na globalnym rynku jeste\u015bmy wiarygodni i rzetelni. Uczciwo\u015b\u0107 jest kamieniem w\u0119gielnym trwa\u0142ego sukcesu.<\/p>\n\t\t<\/div>\n\t\t\t\t\t<\/div>\n\n\t\n<\/div>\n\t\t<\/div>\n\n\t\t\n<style>\n#section_985706164 {\n  padding-top: 30px;\n  padding-bottom: 30px;\n  background-color: rgb(236, 236, 236);\n}\n<\/style>\n\t<\/section>\n\t\n\t<section class=\"section\" id=\"section_1043615392\">\n\t\t<div class=\"bg section-bg fill bg-fill  bg-loaded\" >\n\n\t\t\t\n\t\t\t\n\t\t\t\n\n\t\t<\/div>\n\n\t\t\n\n\t\t<div class=\"section-content relative\">\n\t\t\t\n<div class=\"row\"  id=\"row-490647574\">\n\n\t<div id=\"col-1048847574\" class=\"col small-12 large-12\"  >\n\t\t\t\t<div class=\"col-inner\"  >\n\t\t\t\n\t\t\t\n\t<div class=\"img has-hover x md-x lg-x y md-y lg-y\" id=\"image_483495898\">\n\t\t\t\t\t\t\t\t<div class=\"img-inner image-cover dark\" style=\"padding-top:45%;\">\n\t\t\t<img loading=\"lazy\" decoding=\"async\" width=\"600\" height=\"390\" src=\"https:\/\/rifengcable.com\/wp-content\/uploads\/2025\/03\/struggle.webp\" class=\"attachment-original size-original\" alt=\"walka\" srcset=\"https:\/\/rifengcable.com\/wp-content\/uploads\/2025\/03\/struggle.webp 600w, https:\/\/rifengcable.com\/wp-content\/uploads\/2025\/03\/struggle-300x195.webp 300w, https:\/\/rifengcable.com\/wp-content\/uploads\/2025\/03\/struggle-18x12.webp 18w\" sizes=\"auto, (max-width: 600px) 100vw, 600px\" title=\"\">\t\t\t\t\t\t\n\t\t\t\t\t<\/div>\n\t\t\t\t\t\t\t\t\n<style>\n#image_483495898 {\n  width: 100%;\n}\n<\/style>\n\t<\/div>\n\t\n\t\t<\/div>\n\t\t\t\t\t<\/div>\n\n\t\n<\/div>\n<div class=\"row\"  id=\"row-1911839374\">\n\n\t<div id=\"col-187135257\" class=\"col small-12 large-12\"  >\n\t\t\t\t<div class=\"col-inner\"  >\n\t\t\t\n\t\t\t\n<p style=\"text-align: center;\"><strong>Walka<\/strong>: W dynamicznym \u015bwiecie rozwi\u0105za\u0144 kablowych nieustanny wysi\u0142ek i po\u015bwi\u0119cenie s\u0105 niezb\u0119dne do pokonywania wyzwa\u0144 i osi\u0105gania wzrostu. Tylko nie szcz\u0119dz\u0105c wysi\u0142k\u00f3w, firma mo\u017ce zapewni\u0107 sobie miejsce w bran\u017cy.<\/p>\n\t\t<\/div>\n\t\t\t\t\t<\/div>\n\n\t\n<\/div>\n\t\t<\/div>\n\n\t\t\n<style>\n#section_1043615392 {\n  padding-top: 30px;\n  padding-bottom: 30px;\n}\n<\/style>\n\t<\/section>\n\t\n\t<section class=\"section\" id=\"section_1750125007\">\n\t\t<div class=\"bg section-bg fill bg-fill  bg-loaded\" >\n\n\t\t\t\n\t\t\t\n\t\t\t\n\n\t\t<\/div>\n\n\t\t\n\n\t\t<div class=\"section-content relative\">\n\t\t\t\n<div class=\"row\"  id=\"row-1435525800\">\n\n\t<div id=\"col-1529459883\" class=\"col small-12 large-12\"  >\n\t\t\t\t<div class=\"col-inner\"  >\n\t\t\t\n\t\t\t\n\t<div class=\"img has-hover x md-x lg-x y md-y lg-y\" id=\"image_556198977\">\n\t\t\t\t\t\t\t\t<div class=\"img-inner image-cover dark\" style=\"padding-top:45%;\">\n\t\t\t<img loading=\"lazy\" decoding=\"async\" width=\"800\" height=\"400\" src=\"https:\/\/rifengcable.com\/wp-content\/uploads\/2025\/03\/win-win.jpg\" class=\"attachment-original size-original\" alt=\"Win-Win\" srcset=\"https:\/\/rifengcable.com\/wp-content\/uploads\/2025\/03\/win-win.jpg 800w, https:\/\/rifengcable.com\/wp-content\/uploads\/2025\/03\/win-win-300x150.jpg 300w, https:\/\/rifengcable.com\/wp-content\/uploads\/2025\/03\/win-win-768x384.jpg 768w, https:\/\/rifengcable.com\/wp-content\/uploads\/2025\/03\/win-win-18x9.jpg 18w, https:\/\/rifengcable.com\/wp-content\/uploads\/2025\/03\/win-win-600x300.jpg 600w\" sizes=\"auto, (max-width: 800px) 100vw, 800px\" title=\"\">\t\t\t\t\t\t\n\t\t\t\t\t<\/div>\n\t\t\t\t\t\t\t\t\n<style>\n#image_556198977 {\n  width: 100%;\n}\n<\/style>\n\t<\/div>\n\t\n\t\t<\/div>\n\t\t\t\t\t<\/div>\n\n\t\n<\/div>\n<div class=\"row\"  id=\"row-1740054222\">\n\n\t<div id=\"col-2112698069\" class=\"col small-12 large-12\"  >\n\t\t\t\t<div class=\"col-inner\"  >\n\t\t\t\n\t\t\t\n<p><strong>Win-Win<\/strong>: Wsp\u00f3\u0142praca jest kluczowa. Wsp\u00f3\u0142pracuj\u0105c z klientami, pracownikami i interesariuszami, tworzymy warto\u015b\u0107 dla wszystkich stron, zapewniaj\u0105c wsp\u00f3lny sukces i d\u0142ugoterminowe partnerstwo.<\/p>\n\t\t<\/div>\n\t\t\t\t\t<\/div>\n\n\t\n<\/div>\n\t\t<\/div>\n\n\t\t\n<style>\n#section_1750125007 {\n  padding-top: 30px;\n  padding-bottom: 30px;\n  background-color: #ececec;\n}\n<\/style>\n\t<\/section>","protected":false},"excerpt":{"rendered":"","protected":false},"author":3,"featured_media":2072,"parent":0,"menu_order":0,"comment_status":"closed","ping_status":"closed","template":"page-blank.php","meta":{"footnotes":""},"class_list":["post-1615","page","type-page","status-publish","has-post-thumbnail","hentry"],"_links":{"self":[{"href":"https:\/\/rifengcable.com\/pl\/wp-json\/wp\/v2\/pages\/1615","targetHints":{"allow":["GET"]}}],"collection":[{"href":"https:\/\/rifengcable.com\/pl\/wp-json\/wp\/v2\/pages"}],"about":[{"href":"https:\/\/rifengcable.com\/pl\/wp-json\/wp\/v2\/types\/page"}],"author":[{"embeddable":true,"href":"https:\/\/rifengcable.com\/pl\/wp-json\/wp\/v2\/users\/3"}],"replies":[{"embeddable":true,"href":"https:\/\/rifengcable.com\/pl\/wp-json\/wp\/v2\/comments?post=1615"}],"version-history":[{"count":10,"href":"https:\/\/rifengcable.com\/pl\/wp-json\/wp\/v2\/pages\/1615\/revisions"}],"predecessor-version":[{"id":2071,"href":"https:\/\/rifengcable.com\/pl\/wp-json\/wp\/v2\/pages\/1615\/revisions\/2071"}],"wp:featuredmedia":[{"embeddable":true,"href":"https:\/\/rifengcable.com\/pl\/wp-json\/wp\/v2\/media\/2072"}],"wp:attachment":[{"href":"https:\/\/rifengcable.com\/pl\/wp-json\/wp\/v2\/media?parent=1615"}],"curies":[{"name":"wp","href":"https:\/\/api.w.org\/{rel}","templated":true}]}}