{"id":1622,"date":"2025-02-25T02:43:41","date_gmt":"2025-02-25T02:43:41","guid":{"rendered":"https:\/\/rifengcable.com\/?page_id=1622"},"modified":"2025-03-13T02:42:37","modified_gmt":"2025-03-13T02:42:37","slug":"cable-solution","status":"publish","type":"page","link":"https:\/\/rifengcable.com\/nl\/cable-solution\/","title":{"rendered":"Oplossing en toepassing"},"content":{"rendered":"<div class=\"banner has-hover\" id=\"banner-1032131617\">\n          <div class=\"banner-inner fill\">\n        <div class=\"banner-bg fill\" >\n            <div class=\"bg fill bg-fill\"><\/div>\n                                    \n                    <\/div>\n\t\t\n        <div class=\"banner-layers container\">\n            <div class=\"fill banner-link\"><\/div>            \n   <div id=\"text-box-632966095\" class=\"text-box banner-layer x50 md-x50 lg-x50 y50 md-y50 lg-y50 res-text\">\n                                <div class=\"text-box-content text dark\">\n              \n              <div class=\"text-inner text-center\">\n                  \n<h1 style=\"text-align: center;\">Oplossing en toepassing van kabels<\/h1>\n              <\/div>\n           <\/div>\n                            \n<style>\n#text-box-632966095 {\n  width: 88%;\n}\n#text-box-632966095 .text-box-content {\n  font-size: 100%;\n}\n<\/style>\n    <\/div>\n \n        <\/div>\n      <\/div>\n\n            \n<style>\n#banner-1032131617 {\n  padding-top: 173px;\n  background-color: rgba(0, 0, 0, 0.384);\n}\n<\/style>\n  <\/div>\n\n\n\t<section class=\"section\" id=\"section_1274707845\">\n\t\t<div class=\"bg section-bg fill bg-fill  bg-loaded\" >\n\n\t\t\t\n\t\t\t\n\t\t\t\n\n\t\t<\/div>\n\n\t\t\n\n\t\t<div class=\"section-content relative\">\n\t\t\t\n<div class=\"row\"  id=\"row-267517345\">\n\n\t<div id=\"col-360264190\" class=\"col small-12 large-12\"  >\n\t\t\t\t<div class=\"col-inner\"  >\n\t\t\t\n\t\t\t\n<h2 style=\"text-align: center;\">Uitgebreide kabeloplossingen voor elke behoefte<\/h2>\n<p>Bij Rifeng zijn we trots op het leveren van innovatieve en betrouwbare kabeloplossingen die zijn afgestemd op de unieke behoeften van onze klanten. Of u nu standaardkabels of zeer gespecialiseerde ontwerpen nodig hebt, ons team is toegewijd aan het leveren van op maat gemaakte, hoogwaardige oplossingen die optimale functionaliteit en effici\u00ebntie garanderen. Met tientallen jaren ervaring en een streven naar uitmuntendheid zijn wij uw vertrouwde partner voor al uw kabelbehoeften.<\/p>\n<div class=\"row\"  id=\"row-81997638\">\n\n\t<div id=\"col-179623274\" class=\"col medium-6 small-12 large-6\"  >\n\t\t\t\t<div class=\"col-inner\"  >\n\t\t\t\n\t\t\t\n\t<div class=\"img has-hover x md-x lg-x y md-y lg-y\" id=\"image_1454551537\">\n\t\t\t\t\t\t\t\t<div class=\"img-inner image-cover dark\" style=\"padding-top:95%;\">\n\t\t\t<img loading=\"lazy\" decoding=\"async\" width=\"800\" height=\"800\" src=\"https:\/\/rifengcable.com\/wp-content\/uploads\/2025\/03\/Rifeng-cable-custom1.jpg\" class=\"attachment-original size-original\" alt=\"Rifeng kabel op maat\" srcset=\"https:\/\/rifengcable.com\/wp-content\/uploads\/2025\/03\/Rifeng-cable-custom1.jpg 800w, https:\/\/rifengcable.com\/wp-content\/uploads\/2025\/03\/Rifeng-cable-custom1-300x300.jpg 300w, https:\/\/rifengcable.com\/wp-content\/uploads\/2025\/03\/Rifeng-cable-custom1-150x150.jpg 150w, https:\/\/rifengcable.com\/wp-content\/uploads\/2025\/03\/Rifeng-cable-custom1-768x768.jpg 768w, https:\/\/rifengcable.com\/wp-content\/uploads\/2025\/03\/Rifeng-cable-custom1-12x12.jpg 12w, https:\/\/rifengcable.com\/wp-content\/uploads\/2025\/03\/Rifeng-cable-custom1-600x600.jpg 600w, https:\/\/rifengcable.com\/wp-content\/uploads\/2025\/03\/Rifeng-cable-custom1-100x100.jpg 100w\" sizes=\"auto, (max-width: 800px) 100vw, 800px\" title=\"\">\t\t\t\t\t\t\n\t\t\t\t\t<\/div>\n\t\t\t\t\t\t\t\t\n<style>\n#image_1454551537 {\n  width: 100%;\n}\n<\/style>\n\t<\/div>\n\t\n\t\t<\/div>\n\t\t\t\t\t<\/div>\n\n\t\n\n\t<div id=\"col-344791343\" class=\"col medium-6 small-12 large-6\"  >\n\t\t\t\t<div class=\"col-inner\"  >\n\t\t\t\n\t\t\t\n<p><strong>1. Aangepast ontwerp<\/strong><\/p>\n<p>Elk project is uniek en dat geldt ook voor onze oplossingen. Onze op maat gemaakte kabelontwerpservice zorgt ervoor dat elk product is ontworpen om te voldoen aan uw specifieke technische en operationele vereisten. Van materiaalselectie tot prestatiespecificaties, we werken nauw met u samen om kabels te maken die onge\u00ebvenaarde prestaties en betrouwbaarheid leveren.<\/p>\n<p><strong>2. Technische expertise<\/strong><\/p>\n<p>Met meer dan twintig jaar ervaring in de kabelindustrie brengt ons team van experts onge\u00ebvenaarde technische kennis naar elk project. We bieden \u00e9\u00e9n-op-\u00e9\u00e9n technische ondersteuning om u bij elke stap te begeleiden, van het eerste advies tot de uiteindelijke implementatie.<\/p>\n<p><strong>3. Ge\u00efntegreerde oplossingen<\/strong><\/p>\n<p>We leveren niet alleen kabels - we leveren ge\u00efntegreerde oplossingen voor elk aspect van uw project. Van het eerste ontwerp en de prototypes tot de productie, het testen en de levering, wij beheren het hele proces om een naadloze uitvoering en superieure resultaten te garanderen.<\/p>\n\t\t<\/div>\n\t\t\t\t\t<\/div>\n\n\t\n<\/div>\n\t\t<\/div>\n\t\t\t\t\t<\/div>\n\n\t\n<\/div>\n\t\t<\/div>\n\n\t\t\n<style>\n#section_1274707845 {\n  padding-top: 30px;\n  padding-bottom: 30px;\n}\n<\/style>\n\t<\/section>\n\t\n\t<section class=\"section\" id=\"section_161249981\">\n\t\t<div class=\"bg section-bg fill bg-fill  bg-loaded\" >\n\n\t\t\t\n\t\t\t\n\t\t\t\n\n\t\t<\/div>\n\n\t\t\n\n\t\t<div class=\"section-content relative\">\n\t\t\t\n<div class=\"row\"  id=\"row-1316858818\">\n\n\t<div id=\"col-871426587\" class=\"col small-12 large-12\"  >\n\t\t\t\t<div class=\"col-inner\"  >\n\t\t\t\n\t\t\t\n<h2 style=\"text-align: center;\">Breed scala aan kabeltoepassingen in verschillende sectoren<\/h2>\n<p style=\"text-align: left;\">Kabels zijn de levensader van de moderne infrastructuur en maken connectiviteit, stroom en communicatie in talloze sectoren mogelijk. Bij Rifeng leveren we hoogwaardige kabeloplossingen die voldoen aan de uiteenlopende behoeften van verschillende sectoren. Van energie en telecommunicatie tot transport en duurzame energie, onze kabels zijn ontworpen om betrouwbaarheid, effici\u00ebntie en duurzaamheid te leveren in zelfs de meest veeleisende omgevingen. Ontdek hoe onze oplossingen de wereld om ons heen van energie voorzien.<\/p>\n<div class=\"row\"  id=\"row-701724721\">\n\n\t<div id=\"col-147718771\" class=\"col medium-6 small-12 large-6\"  >\n\t\t\t\t<div class=\"col-inner\"  >\n\t\t\t\n\t\t\t\n\t<div class=\"img has-hover x md-x lg-x y md-y lg-y\" id=\"image_1894126395\">\n\t\t\t\t\t\t\t\t<div class=\"img-inner image-cover dark\" style=\"padding-top:60%;\">\n\t\t\t<img loading=\"lazy\" decoding=\"async\" width=\"800\" height=\"550\" src=\"https:\/\/rifengcable.com\/wp-content\/uploads\/2025\/03\/energy-power1.jpg\" class=\"attachment-original size-original\" alt=\"Energie en vermogen\" srcset=\"https:\/\/rifengcable.com\/wp-content\/uploads\/2025\/03\/energy-power1.jpg 800w, https:\/\/rifengcable.com\/wp-content\/uploads\/2025\/03\/energy-power1-300x206.jpg 300w, https:\/\/rifengcable.com\/wp-content\/uploads\/2025\/03\/energy-power1-768x528.jpg 768w, https:\/\/rifengcable.com\/wp-content\/uploads\/2025\/03\/energy-power1-18x12.jpg 18w, https:\/\/rifengcable.com\/wp-content\/uploads\/2025\/03\/energy-power1-600x413.jpg 600w\" sizes=\"auto, (max-width: 800px) 100vw, 800px\" title=\"\">\t\t\t\t\t\t\n\t\t\t\t\t<\/div>\n\t\t\t\t\t\t\t\t\n<style>\n#image_1894126395 {\n  width: 100%;\n}\n<\/style>\n\t<\/div>\n\t\n\t\t<\/div>\n\t\t\t\t\t<\/div>\n\n\t\n\n\t<div id=\"col-732700141\" class=\"col medium-6 small-12 large-6\"  >\n\t\t\t\t<div class=\"col-inner\"  >\n\t\t\t\n\t\t\t\n<h3>1. Energie en vermogen<\/h3>\n<p>De wereld van energie voorzien met betrouwbare oplossingen<br \/>\nOnze kabels vormen het hart van energieopwekking, -transmissie en -distributie. Of het nu gaat om hoogspanningstransmissielijnen of ingewikkelde distributienetwerken, wij leveren kabels die zorgen voor een effici\u00ebnte en ononderbroken stroomvoorziening.<\/p>\n<ul>\n<li><strong>Toepassingen<\/strong>:\n<ul>\n<li>Transmissiekabels voor hoogspanning.<\/li>\n<li>Ondergrondse en onderzeese stroomkabels.<\/li>\n<li>Distributienetwerken voor stedelijke en landelijke gebieden.<\/li>\n<\/ul>\n<\/li>\n<\/ul>\n\t\t<\/div>\n\t\t\t\t\t<\/div>\n\n\t\n<\/div>\n<div class=\"row\"  id=\"row-669800081\">\n\n\t<div id=\"col-1588332674\" class=\"col medium-6 small-12 large-6\"  >\n\t\t\t\t<div class=\"col-inner\"  >\n\t\t\t\n\t\t\t\n<h3>2. Telecommunicatie<\/h3>\n<p>Naadloze connectiviteit mogelijk maken<br \/>\nIn de snelle wereld van telecommunicatie vormen onze kabels de ruggengraat voor datatransmissie met hoge snelheid en betrouwbare communicatienetwerken. Van glasvezel tot coaxiale kabels, wij leveren oplossingen die de wereld verbonden houden.<\/p>\n<ul>\n<li><strong>Toepassingen<\/strong>:\n<ul>\n<li>Glasvezelkabels voor supersnel internet.<\/li>\n<li>Coaxiale kabels voor tv en breedbandnetwerken.<\/li>\n<li>Oplossingen voor datacenterconnectiviteit.<\/li>\n<\/ul>\n<\/li>\n<\/ul>\n\t\t<\/div>\n\t\t\t\t\t<\/div>\n\n\t\n\n\t<div id=\"col-1809388597\" class=\"col medium-6 small-12 large-6\"  >\n\t\t\t\t<div class=\"col-inner\"  >\n\t\t\t\n\t\t\t\n\t<div class=\"img has-hover x md-x lg-x y md-y lg-y\" id=\"image_2004058980\">\n\t\t\t\t\t\t\t\t<div class=\"img-inner image-cover dark\" style=\"padding-top:65%;\">\n\t\t\t<img loading=\"lazy\" decoding=\"async\" width=\"800\" height=\"450\" src=\"https:\/\/rifengcable.com\/wp-content\/uploads\/2025\/03\/telecommunication1.jpg\" class=\"attachment-original size-original\" alt=\"telecommunicatie\" srcset=\"https:\/\/rifengcable.com\/wp-content\/uploads\/2025\/03\/telecommunication1.jpg 800w, https:\/\/rifengcable.com\/wp-content\/uploads\/2025\/03\/telecommunication1-300x169.jpg 300w, https:\/\/rifengcable.com\/wp-content\/uploads\/2025\/03\/telecommunication1-768x432.jpg 768w, https:\/\/rifengcable.com\/wp-content\/uploads\/2025\/03\/telecommunication1-18x10.jpg 18w, https:\/\/rifengcable.com\/wp-content\/uploads\/2025\/03\/telecommunication1-600x338.jpg 600w\" sizes=\"auto, (max-width: 800px) 100vw, 800px\" title=\"\">\t\t\t\t\t\t\n\t\t\t\t\t<\/div>\n\t\t\t\t\t\t\t\t\n<style>\n#image_2004058980 {\n  width: 100%;\n}\n<\/style>\n\t<\/div>\n\t\n\t\t<\/div>\n\t\t\t\t\t<\/div>\n\n\t\n<\/div>\n\t\t<\/div>\n\t\t\t\t\t<\/div>\n\n\t\n<\/div>\n\t\t<\/div>\n\n\t\t\n<style>\n#section_161249981 {\n  padding-top: 30px;\n  padding-bottom: 30px;\n  background-color: rgba(0, 0, 0, 0.07);\n}\n<\/style>\n\t<\/section>\n\t\n\t<section class=\"section\" id=\"section_1344465747\">\n\t\t<div class=\"bg section-bg fill bg-fill  bg-loaded\" >\n\n\t\t\t\n\t\t\t\n\t\t\t\n\n\t\t<\/div>\n\n\t\t\n\n\t\t<div class=\"section-content relative\">\n\t\t\t\n<div class=\"row\"  id=\"row-1449981196\">\n\n\t<div id=\"col-1979327007\" class=\"col medium-6 small-12 large-6\"  >\n\t\t\t\t<div class=\"col-inner\"  >\n\t\t\t\n\t\t\t\n\t<div class=\"img has-hover x md-x lg-x y md-y lg-y\" id=\"image_1575913154\">\n\t\t\t\t\t\t\t\t<div class=\"img-inner image-cover dark\" style=\"padding-top:65%;\">\n\t\t\t<img loading=\"lazy\" decoding=\"async\" width=\"800\" height=\"432\" src=\"https:\/\/rifengcable.com\/wp-content\/uploads\/2025\/03\/Transportation-311.jpg\" class=\"attachment-original size-original\" alt=\"Vervoer\" srcset=\"https:\/\/rifengcable.com\/wp-content\/uploads\/2025\/03\/Transportation-311.jpg 800w, https:\/\/rifengcable.com\/wp-content\/uploads\/2025\/03\/Transportation-311-300x162.jpg 300w, https:\/\/rifengcable.com\/wp-content\/uploads\/2025\/03\/Transportation-311-768x415.jpg 768w, https:\/\/rifengcable.com\/wp-content\/uploads\/2025\/03\/Transportation-311-18x10.jpg 18w, https:\/\/rifengcable.com\/wp-content\/uploads\/2025\/03\/Transportation-311-600x324.jpg 600w\" sizes=\"auto, (max-width: 800px) 100vw, 800px\" title=\"\">\t\t\t\t\t\t\n\t\t\t\t\t<\/div>\n\t\t\t\t\t\t\t\t\n<style>\n#image_1575913154 {\n  width: 100%;\n}\n<\/style>\n\t<\/div>\n\t\n\t\t<\/div>\n\t\t\t\t\t<\/div>\n\n\t\n\n\t<div id=\"col-1086198250\" class=\"col medium-6 small-12 large-6\"  >\n\t\t\t\t<div class=\"col-inner\"  >\n\t\t\t\n\t\t\t\n<h3>3. Vervoer<\/h3>\n<p>Innovatie in mobiliteit<br \/>\nVan spoorwegen en auto's tot ruimtevaart, onze kabels spelen een essenti\u00eble rol in de transportindustrie. Ze leveren stroom, controle en communicatie voor voertuigen en infrastructuur en zorgen voor veiligheid en effici\u00ebntie.<\/p>\n<ul>\n<li><strong>Toepassingen<\/strong>:\n<ul>\n<li>Spoorwegsignalering en stroomkabels.<\/li>\n<li>Bedradingsbundels voor auto's.<\/li>\n<li>Ruimtevaartkabels voor vliegtuigsystemen.<\/li>\n<\/ul>\n<\/li>\n<\/ul>\n\t\t<\/div>\n\t\t\t\t\t<\/div>\n\n\t\n<\/div>\n<div class=\"row\"  id=\"row-1926245061\">\n\n\t<div id=\"col-1312761463\" class=\"col medium-6 small-12 large-6\"  >\n\t\t\t\t<div class=\"col-inner\"  >\n\t\t\t\n\t\t\t\n<h3>4. Industrieel<\/h3>\n<p>Industri\u00eble groei stimuleren<br \/>\nIn industri\u00eble omgevingen zijn onze kabels essentieel voor de voeding van machines, automatiseringssystemen en besturingsnetwerken. Ze zijn ontworpen om zware omgevingen te weerstaan en zorgen voor een ononderbroken werking.<\/p>\n<ul>\n<li><strong>Toepassingen<\/strong>:\n<ul>\n<li>Kabels voor zware machines en apparatuur.<\/li>\n<li>Kabels voor automatiserings- en besturingssystemen.<\/li>\n<li>Robotica en productieoplossingen.<\/li>\n<\/ul>\n<\/li>\n<\/ul>\n\t\t<\/div>\n\t\t\t\t\t<\/div>\n\n\t\n\n\t<div id=\"col-1080510898\" class=\"col medium-6 small-12 large-6\"  >\n\t\t\t\t<div class=\"col-inner\"  >\n\t\t\t\n\t\t\t\n\t<div class=\"img has-hover x md-x lg-x y md-y lg-y\" id=\"image_1981540011\">\n\t\t\t\t\t\t\t\t<div class=\"img-inner dark\" >\n\t\t\t<img loading=\"lazy\" decoding=\"async\" width=\"612\" height=\"409\" src=\"https:\/\/rifengcable.com\/wp-content\/uploads\/2025\/03\/Industrial.jpg\" class=\"attachment-original size-original\" alt=\"Industrieel\" srcset=\"https:\/\/rifengcable.com\/wp-content\/uploads\/2025\/03\/Industrial.jpg 612w, https:\/\/rifengcable.com\/wp-content\/uploads\/2025\/03\/Industrial-300x200.jpg 300w, https:\/\/rifengcable.com\/wp-content\/uploads\/2025\/03\/Industrial-18x12.jpg 18w, https:\/\/rifengcable.com\/wp-content\/uploads\/2025\/03\/Industrial-600x401.jpg 600w\" sizes=\"auto, (max-width: 612px) 100vw, 612px\" title=\"\">\t\t\t\t\t\t\n\t\t\t\t\t<\/div>\n\t\t\t\t\t\t\t\t\n<style>\n#image_1981540011 {\n  width: 100%;\n}\n<\/style>\n\t<\/div>\n\t\n\t\t<\/div>\n\t\t\t\t\t<\/div>\n\n\t\n<\/div>\n\t\t<\/div>\n\n\t\t\n<style>\n#section_1344465747 {\n  padding-top: 30px;\n  padding-bottom: 30px;\n}\n<\/style>\n\t<\/section>\n\t\n\t<section class=\"section\" id=\"section_345718072\">\n\t\t<div class=\"bg section-bg fill bg-fill  bg-loaded\" >\n\n\t\t\t\n\t\t\t\n\t\t\t\n\n\t\t<\/div>\n\n\t\t\n\n\t\t<div class=\"section-content relative\">\n\t\t\t\n<div class=\"row\"  id=\"row-1254866296\">\n\n\t<div id=\"col-1536326318\" class=\"col medium-6 small-12 large-6\"  >\n\t\t\t\t<div class=\"col-inner\"  >\n\t\t\t\n\t\t\t\n\t<div class=\"img has-hover x md-x lg-x y md-y lg-y\" id=\"image_944988416\">\n\t\t\t\t\t\t\t\t<div class=\"img-inner dark\" >\n\t\t\t<img loading=\"lazy\" decoding=\"async\" width=\"800\" height=\"533\" src=\"https:\/\/rifengcable.com\/wp-content\/uploads\/2025\/03\/Renewable-Energy1.jpg\" class=\"attachment-original size-original\" alt=\"Hernieuwbare energie\" srcset=\"https:\/\/rifengcable.com\/wp-content\/uploads\/2025\/03\/Renewable-Energy1.jpg 800w, https:\/\/rifengcable.com\/wp-content\/uploads\/2025\/03\/Renewable-Energy1-300x200.jpg 300w, https:\/\/rifengcable.com\/wp-content\/uploads\/2025\/03\/Renewable-Energy1-768x512.jpg 768w, https:\/\/rifengcable.com\/wp-content\/uploads\/2025\/03\/Renewable-Energy1-18x12.jpg 18w, https:\/\/rifengcable.com\/wp-content\/uploads\/2025\/03\/Renewable-Energy1-600x400.jpg 600w\" sizes=\"auto, (max-width: 800px) 100vw, 800px\" title=\"\">\t\t\t\t\t\t\n\t\t\t\t\t<\/div>\n\t\t\t\t\t\t\t\t\n<style>\n#image_944988416 {\n  width: 100%;\n}\n<\/style>\n\t<\/div>\n\t\n\t\t<\/div>\n\t\t\t\t\t<\/div>\n\n\t\n\n\t<div id=\"col-683584739\" class=\"col medium-6 small-12 large-6\"  >\n\t\t\t\t<div class=\"col-inner\"  >\n\t\t\t\n\t\t\t\n<h3>5. Hernieuwbare energie<\/h3>\n<p>Een duurzame toekomst ondersteunen<br \/>\nNu de wereld verschuift naar hernieuwbare energie, maken onze kabels de effici\u00ebnte opwekking en distributie van schone energie mogelijk. Van windmolenparken tot zonne-installaties, wij bieden oplossingen die duurzame energiesystemen ondersteunen.<\/p>\n<ul>\n<li><strong>Toepassingen<\/strong>:\n<ul>\n<li>Kabels voor windturbinesystemen.<\/li>\n<li>Bedrading en aansluitingen voor zonnepanelen.<\/li>\n<li>Energieopslag en distributienetwerken.<\/li>\n<\/ul>\n<\/li>\n<\/ul>\n\t\t<\/div>\n\t\t\t\t\t<\/div>\n\n\t\n<\/div>\n\t\t<\/div>\n\n\t\t\n<style>\n#section_345718072 {\n  padding-top: 30px;\n  padding-bottom: 30px;\n  background-color: #ededed;\n}\n<\/style>\n\t<\/section>\n\t\n\t<section class=\"section\" id=\"section_1825766483\">\n\t\t<div class=\"bg section-bg fill bg-fill  bg-loaded\" >\n\n\t\t\t\n\t\t\t\n\t\t\t\n\n\t\t<\/div>\n\n\t\t\n\n\t\t<div class=\"section-content relative\">\n\t\t\t\n<div class=\"row\"  id=\"row-1109916243\">\n\n\t<div id=\"col-1680608116\" class=\"col small-12 large-12\"  >\n\t\t\t\t<div class=\"col-inner\"  >\n\t\t\t\n\t\t\t\n<h2 style=\"text-align: center;\">Neem contact met ons op<\/h2>\n\t\t<\/div>\n\t\t\t\t\t<\/div>\n\n\t\n<\/div>\n<div class=\"row\"  id=\"row-193014936\">\n\n\t<div id=\"col-141491593\" class=\"col small-12 large-12\"  >\n\t\t\t\t<div class=\"col-inner\"  >\n\t\t\t\n\t\t\t\n\n<div class=\"wpcf7 no-js\" id=\"wpcf7-f280-o1\" lang=\"en-US\" dir=\"ltr\" data-wpcf7-id=\"280\">\n<div class=\"screen-reader-response\"><p role=\"status\" aria-live=\"polite\" aria-atomic=\"true\"><\/p> <ul><\/ul><\/div>\n<form action=\"\/nl\/wp-json\/wp\/v2\/pages\/1622#wpcf7-f280-o1\" method=\"post\" class=\"wpcf7-form init\" aria-label=\"Contactformulier\" novalidate=\"novalidate\" data-status=\"init\" data-trp-original-action=\"\/nl\/wp-json\/wp\/v2\/pages\/1622#wpcf7-f280-o1\">\n<fieldset class=\"hidden-fields-container\"><input type=\"hidden\" name=\"_wpcf7\" value=\"280\" \/><input type=\"hidden\" name=\"_wpcf7_version\" value=\"6.1.1\" \/><input type=\"hidden\" name=\"_wpcf7_locale\" value=\"en_US\" \/><input type=\"hidden\" name=\"_wpcf7_unit_tag\" value=\"wpcf7-f280-o1\" \/><input type=\"hidden\" name=\"_wpcf7_container_post\" value=\"0\" \/><input type=\"hidden\" name=\"_wpcf7_posted_data_hash\" value=\"\" \/>\n<\/fieldset>\n<div class='custom_contact_style'>\n\t<div class=\"row row-small\">\n\t\t<div class=\"col medium-6 small-12 large-6\">\n\t\t\t<div class=\"col-inner\">\n\t\t\t\t<p><span class=\"wpcf7-form-control-wrap\" data-name=\"your-name\"><input size=\"40\" maxlength=\"400\" class=\"wpcf7-form-control wpcf7-text wpcf7-validates-as-required\" aria-required=\"true\" aria-invalid=\"false\" placeholder=\"Naam*\" value=\"\" type=\"text\" name=\"your-name\" \/><\/span>\n\t\t\t\t<\/p>\n\t\t\t<\/div>\n\t\t<\/div>\n\t\t<div class=\"col medium-6 small-12 large-6\">\n\t\t\t<div class=\"col-inner\">\n\t\t\t\t<p><span class=\"wpcf7-form-control-wrap\" data-name=\"your-email\"><input size=\"40\" maxlength=\"400\" class=\"wpcf7-form-control wpcf7-email wpcf7-validates-as-required wpcf7-text wpcf7-validates-as-email\" aria-required=\"true\" aria-invalid=\"false\" placeholder=\"E-mail*\" value=\"\" type=\"email\" name=\"your-email\" \/><\/span>\n\t\t\t\t<\/p>\n\t\t\t<\/div>\n\t\t<\/div>\n\t<\/div>\n\t<div class='cus_contact_form_bottom'>\n\t\t<p><span class=\"wpcf7-form-control-wrap\" data-name=\"your-phone\"><input size=\"40\" maxlength=\"400\" class=\"wpcf7-form-control wpcf7-text\" aria-invalid=\"false\" placeholder=\"Telefoon\" value=\"\" type=\"text\" name=\"your-phone\" \/><\/span>\n\t\t<\/p>\n\t<\/div>\n\t<div class='cus_contact_form_bottom'>\n\t\t<p><span class=\"wpcf7-form-control-wrap\" data-name=\"your-country\"><input size=\"40\" maxlength=\"400\" class=\"wpcf7-form-control wpcf7-text\" aria-invalid=\"false\" placeholder=\"Land\" value=\"\" type=\"text\" name=\"your-country\" \/><\/span>\n\t\t<\/p>\n\t<\/div>\n\t<p><span class=\"wpcf7-form-control-wrap\" data-name=\"your-message\"><textarea cols=\"40\" rows=\"10\" maxlength=\"2000\" class=\"wpcf7-form-control wpcf7-textarea wpcf7-validates-as-required\" aria-required=\"true\" aria-invalid=\"false\" placeholder=\"Uw bericht *\" name=\"your-message\"><\/textarea><\/span>\n\t<\/p>\n\t<div style=\"margin-bottom:10px;\">\n\t\t<p><span class=\"wpcf7-form-control-wrap kc_captcha cf7ic-toggle\" data-name=\"kc_captcha\"><span class=\"wpcf7-form-control wpcf7-radio\"><span class=\"captcha-image\" style=\"display: none;\"><span class=\"cf7ic_instructions\">Bewijs dat je menselijk bent door de<span> kopje<\/span>.<\/span><label><input aria-label=\"1\" type=\"radio\" name=\"kc_captcha\" value=\"bot\" \/><svg aria-hidden=\"true\" role=\"img\" xmlns=\"http:\/\/www.w3.org\/2000\/svg\" viewbox=\"0 0 576 512\"><path fill=\"currentColor\" d=\"M415 24c-53 0-103 42-127 65-24-23-74-65-127-65C70 24 16 77 16 166c0 72 67 133 69 135l187 181c9 8 23 8 32 0l187-180c2-3 69-64 69-136 0-89-54-142-145-142z\"\/><\/svg><\/label><label><input aria-label=\"2\" type=\"radio\" name=\"kc_captcha\" value=\"kc_human\" \/><svg aria-hidden=\"true\" role=\"img\" xmlns=\"http:\/\/www.w3.org\/2000\/svg\" viewbox=\"0 0 640 512\"><path fill=\"currentColor\" d=\"M192 384h192c53 0 96-43 96-96h32a128 128 0 000-256H120c-13 0-24 11-24 24v232c0 53 43 96 96 96zM512 96a64 64 0 010 128h-32V96h32zm48 384H48c-47 0-61-64-36-64h584c25 0 11 64-36 64z\"\/><\/svg><\/label><label><input aria-label=\"3\" type=\"radio\" name=\"kc_captcha\" value=\"bot\" \/><svg aria-hidden=\"true\" role=\"img\" xmlns=\"http:\/\/www.w3.org\/2000\/svg\" viewbox=\"0 0 640 512\"><path fill=\"currentColor\" d=\"M624 352h-16V244c0-13-5-25-14-34L494 110c-9-9-21-14-34-14h-44V48c0-26-21-48-48-48H48C22 0 0 22 0 48v320c0 27 22 48 48 48h16a96 96 0 00192 0h128a96 96 0 00192 0h48c9 0 16-7 16-16v-32c0-9-7-16-16-16zM160 464a48 48 0 110-96 48 48 0 010 96zm320 0a48 48 0 110-96 48 48 0 010 96zm80-208H416V144h44l100 100v12z\"\/><\/svg><\/label>\r\n    <\/span>\r\n    <span style=\"display:none\">\r\n        <input type=\"text\" name=\"kc_honeypot\">\r\n    <\/span><\/span><\/span>\n\t\t<\/p>\n\t<\/div>\n\t<p><input class=\"wpcf7-form-control wpcf7-submit has-spinner\" type=\"submit\" value=\"Verstuur bericht\" \/>\n\t<\/p>\n<\/div><div class=\"wpcf7-response-output\" aria-hidden=\"true\"><\/div>\n<input type=\"hidden\" name=\"trp-form-language\" value=\"nl\"\/><\/form>\n<\/div>\n\n\t\t<\/div>\n\t\t\t\t\t<\/div>\n\n\t\n<\/div>\n\t\t<\/div>\n\n\t\t\n<style>\n#section_1825766483 {\n  padding-top: 30px;\n  padding-bottom: 30px;\n}\n<\/style>\n\t<\/section>","protected":false},"excerpt":{"rendered":"","protected":false},"author":3,"featured_media":0,"parent":0,"menu_order":0,"comment_status":"closed","ping_status":"closed","template":"page-blank.php","meta":{"footnotes":""},"class_list":["post-1622","page","type-page","status-publish","hentry"],"_links":{"self":[{"href":"https:\/\/rifengcable.com\/nl\/wp-json\/wp\/v2\/pages\/1622","targetHints":{"allow":["GET"]}}],"collection":[{"href":"https:\/\/rifengcable.com\/nl\/wp-json\/wp\/v2\/pages"}],"about":[{"href":"https:\/\/rifengcable.com\/nl\/wp-json\/wp\/v2\/types\/page"}],"author":[{"embeddable":true,"href":"https:\/\/rifengcable.com\/nl\/wp-json\/wp\/v2\/users\/3"}],"replies":[{"embeddable":true,"href":"https:\/\/rifengcable.com\/nl\/wp-json\/wp\/v2\/comments?post=1622"}],"version-history":[{"count":20,"href":"https:\/\/rifengcable.com\/nl\/wp-json\/wp\/v2\/pages\/1622\/revisions"}],"predecessor-version":[{"id":2134,"href":"https:\/\/rifengcable.com\/nl\/wp-json\/wp\/v2\/pages\/1622\/revisions\/2134"}],"wp:attachment":[{"href":"https:\/\/rifengcable.com\/nl\/wp-json\/wp\/v2\/media?parent=1622"}],"curies":[{"name":"wp","href":"https:\/\/api.w.org\/{rel}","templated":true}]}}