{"id":1746,"date":"2025-03-03T02:08:58","date_gmt":"2025-03-03T02:08:58","guid":{"rendered":"https:\/\/rifengcable.com\/?post_type=product&#038;p=1746"},"modified":"2025-06-05T07:11:21","modified_gmt":"2025-06-05T07:11:21","slug":"6-wire-electrical-cable-318trs","status":"publish","type":"product","link":"https:\/\/rifengcable.com\/it\/manufacturer\/6-wire-electrical-cable-318trs\/","title":{"rendered":"Cavo elettrico a 3 fili 318TRS"},"content":{"rendered":"<h1 id=\"-6-wire-electrical-cable-318trs-tough-flexible-power-cable-\"><strong>Cavo elettrico a 3 fili 318TRS - Cavo di alimentazione resistente e flessibile<\/strong><\/h1>\n<hr \/>\n<h2 id=\"-why-choose-this-cable-\"><strong>Perch\u00e9 scegliere questo cavo?<\/strong><\/h2>\n<p>\u2705\u00a0<strong>Rivestimento in gomma resistente<\/strong>\u00a0- Dura a lungo in luoghi difficili. \u2705\u00a0<strong>Funziona a caldo e a freddo<\/strong>\u00a0(da -25\u00b0C a +60\u00b0C). \u2705\u00a0<strong>Sicuro per macchine, utensili e cucine<\/strong>. \u2705\u00a0<strong>Conforme alle norme britanniche ed europee (BS 6500, H05RR-F)<\/strong>. \u2705\u00a0<strong>Facile da piegare, non si rompe<\/strong>.<\/p>\n<hr \/>\n<h2 id=\"-what-is-this-cable-used-for-\"><strong>A cosa serve questo cavo?<\/strong><\/h2>\n<p>Questo\u00a0<strong>Cavo elettrico a 3 fili 318TRS<\/strong>\u00a0\u00e8 perfetto per:<\/p>\n<p>\ud83d\udd0c\u00a0<strong>Piccole macchine<\/strong>\u00a0- Trapani, ferri da stiro e strumenti di saldatura. \ud83c\udf73\u00a0<strong>Utensili da cucina<\/strong>\u00a0- Tostapane, fornelli, frullatori. \ud83c\udfe2\u00a0<strong>Attrezzatura da ufficio<\/strong>\u00a0- Stampanti, riscaldatori. \ud83d\udecb\ufe0f\u00a0<strong>Fili nascosti<\/strong>\u00a0- All'interno di mobili o pareti.<\/p>\n<hr \/>\n<h2 id=\"-key-features-\"><strong>Caratteristiche principali<\/strong><\/h2>\n<h3 id=\"-1-high-safety-standards-\"><strong>1. Elevati standard di sicurezza<\/strong><\/h3>\n<p>\u2705\u00a0<strong>BS 6500 E BS EN 50525-2-21<\/strong>\u00a0- Segue regole severe. \u2705\u00a0<strong>H05RR-F<\/strong>\u00a0- Funziona come i cavi di alimentazione dell'UE. \u2705\u00a0<strong>Rimane al sicuro in luoghi umidi o asciutti<\/strong>.<\/p>\n<h3 id=\"-2-tough-rubber-cover-trs-\"><strong>2. Copertura in gomma resistente (TRS)<\/strong><\/h3>\n<p>\u2714\u00a0<strong>Nessuna lacrima<\/strong>\u00a0- Ottimo per un uso intensivo. \u2714\u00a0<strong>Sicuro in prossimit\u00e0 dell'acqua<\/strong>\u00a0- Funziona in luoghi umidi. \u2714\u00a0<strong>Facile da spostare<\/strong>\u00a0- Si piega senza rompersi.<\/p>\n<h3 id=\"-3-strong-copper-wires-\"><strong>3. Fili di rame resistenti<\/strong><\/h3>\n<p>\ud83d\udd17\u00a0<strong>6 fili all'interno<\/strong>\u00a0- Ottimo per le macchine di grandi dimensioni. \u26a1\u00a0<strong>Potenza 300\/500V<\/strong>\u00a0- Manipola utensili e riscaldatori. \ud83d\udd04\u00a0<strong>24 piccoli fili (0,20 mm ciascuno)<\/strong>\u00a0- Rimane flessibile.<\/p>\n<hr \/>\n<h2 id=\"-full-product-details-\"><strong>Dettagli completi sul prodotto<\/strong><\/h2>\n<table style=\"height: 228px;\" width=\"459\">\n<thead>\n<tr>\n<th><strong>Caratteristica<\/strong><\/th>\n<th><strong>Dettagli<\/strong><\/th>\n<\/tr>\n<\/thead>\n<tbody>\n<tr>\n<td><strong>Nome<\/strong><\/td>\n<td>Cavo a 3 fili 318TRS<\/td>\n<\/tr>\n<tr>\n<td><strong>Materiale<\/strong><\/td>\n<td>Gomma + rame<\/td>\n<\/tr>\n<tr>\n<td><strong>Potenza (tensione)<\/strong><\/td>\n<td>300\/500V<\/td>\n<\/tr>\n<tr>\n<td><strong>Dimensione<\/strong><\/td>\n<td>Di solito 0,75 mm\u00b2 (6 fili)<\/td>\n<\/tr>\n<tr>\n<td><strong>Lavori in<\/strong><\/td>\n<td>Da -25\u00b0C a +60\u00b0C<\/td>\n<\/tr>\n<tr>\n<td><strong>Utilizzo per<\/strong><\/td>\n<td>Strumenti, cucine, uffici<\/td>\n<\/tr>\n<tr>\n<td><strong>Etichette di sicurezza<\/strong><\/td>\n<td>BS 6500, H05RR-F<\/td>\n<\/tr>\n<\/tbody>\n<\/table>\n<p>&nbsp;<\/p>\n<hr \/>\n<h2 id=\"-where-to-use-this-cable-\"><strong>Dove utilizzare questo cavo?<\/strong><\/h2>\n<h3 id=\"-1-at-home-\"><strong>1. A casa<\/strong><\/h3>\n<ul>\n<li>\ud83d\udd25\u00a0<strong>Tostapane, forni, ferri da stiro<\/strong><\/li>\n<li>\ud83d\udee0\ufe0f\u00a0<strong>Strumenti per il fai da te<\/strong><\/li>\n<\/ul>\n<h3 id=\"-2-in-workshops-\"><strong>2. In Workshop<\/strong><\/h3>\n<ul>\n<li>\u26a1\u00a0<strong>Pistole a saldare, trapani<\/strong><\/li>\n<li>\ud83d\udca1\u00a0<strong>Luci, macchine<\/strong><\/li>\n<\/ul>\n<h3 id=\"-3-offices-stores-\"><strong>3. Uffici e negozi<\/strong><\/h3>\n<ul>\n<li>\ud83d\udda8\ufe0f\u00a0<strong>Stampanti, computer<\/strong><\/li>\n<li>\u2744\ufe0f\u00a0<strong>Frigoriferi piccoli<\/strong><\/li>\n<\/ul>\n<hr \/>\n<h2 id=\"-why-trust-this-cable-\"><strong>Perch\u00e9 fidarsi di questo cavo?<\/strong><\/h2>\n<ul>\n<li>\u2714\u00a0<strong>Testato per la sicurezza<\/strong>\u00a0(senza incendi o scosse).<\/li>\n<li>\u2714\u00a0<strong>Dura anni<\/strong>\u00a0- La gomma non si rompe.<\/li>\n<li>\u2714\u00a0<strong>Nessuna perdita di potenza<\/strong>\u00a0- I fili di rame funzionano benissimo.<\/li>\n<\/ul>\n<hr \/>\n<h2 id=\"-order-now-\"><strong>Ordina ora!<\/strong><\/h2>\n<p>Prendi il tuo\u00a0<strong>318TRS Cavo a 3 fili<\/strong>\u00a0oggi per: \ud83d\udd27\u00a0<strong>Forte potenza dell'utensile<\/strong>\u00a0\ud83c\udfe0\u00a0<strong>Cablaggio domestico sicuro<\/strong>\u00a0\ud83d\uded2\u00a0<em>Spedizione rapida!<\/em><\/p>","protected":false},"excerpt":{"rendered":"<p>Articolo\uff1a318TRS<\/p>\n<div>\n<p class=\"lableName\">Certificazione del prodotto: BS<\/p>\n<\/div>\n<div>\n<p class=\"lableName\"><strong>Parametri di base\uff1aParametri di base<\/strong><\/p>\n<\/div>\n<div>\n<ul>\n<li class=\"lableName\">Voltaggio nominale: 300\/500V<\/li>\n<\/ul>\n<\/div>\n<div>\n<ul>\n<li class=\"lableName\">Temperatura di lavoro stimata: 90\u2103<\/li>\n<\/ul>\n<\/div>\n<div>\n<ul>\n<li class=\"lableName\">Standard esecutivo: VDE 0282<\/li>\n<\/ul>\n<\/div>\n<div>\n<p class=\"lableName\"><strong>Struttura del conduttore: il conduttore<\/strong><\/p>\n<\/div>\n<div>\n<ul>\n<li class=\"lableName\"><span class=\"lableName\">Materiale del conduttore: materiale per conduttori<\/span>\u00a0Rame a trefoli nudi<\/li>\n<\/ul>\n<\/div>\n<div>\n<ul>\n<li class=\"lableName\">Materiale isolante: EPDM<\/li>\n<\/ul>\n<\/div>\n<div>\n<ul>\n<li class=\"lableName\">Materiale del rivestimento: CPE<\/li>\n<\/ul>\n<p><strong>Applicazioni del cavo elettrico a 6 fili 318TRS:<\/strong><\/p>\n<p>Questo cavo \u00e8 progettato per un uso versatile in una variet\u00e0 di ambienti, tra cui condizioni asciutte, umide o bagnate, nonch\u00e9 aree esposte a olio o grasso. Funziona in modo affidabile in diverse condizioni atmosferiche e in presenza di leggere sollecitazioni meccaniche. Le applicazioni pi\u00f9 comuni includono:<\/p>\n<ul>\n<li>Alimentazione per piccoli elettrodomestici in impianti industriali e officine meccaniche.<\/li>\n<li>Piastre riscaldanti e sistemi di illuminazione portatili.<\/li>\n<li>Attrezzature agricole e per l'agricoltura.<\/li>\n<li>Roulotte e attrezzatura da campeggio.<\/li>\n<\/ul>\n<p>La sua struttura resistente lo rende adatto sia all'uso interno che esterno, garantendo prestazioni costanti anche in condizioni difficili.<\/p>\n<\/div>","protected":false},"featured_media":2360,"template":"","meta":[],"product_brand":[],"product_cat":[38],"product_tag":[],"class_list":{"0":"post-1746","1":"product","2":"type-product","3":"status-publish","4":"has-post-thumbnail","6":"product_cat-rubber-cable","8":"first","9":"instock","10":"shipping-taxable","11":"product-type-simple"},"_links":{"self":[{"href":"https:\/\/rifengcable.com\/it\/wp-json\/wp\/v2\/product\/1746","targetHints":{"allow":["GET"]}}],"collection":[{"href":"https:\/\/rifengcable.com\/it\/wp-json\/wp\/v2\/product"}],"about":[{"href":"https:\/\/rifengcable.com\/it\/wp-json\/wp\/v2\/types\/product"}],"wp:featuredmedia":[{"embeddable":true,"href":"https:\/\/rifengcable.com\/it\/wp-json\/wp\/v2\/media\/2360"}],"wp:attachment":[{"href":"https:\/\/rifengcable.com\/it\/wp-json\/wp\/v2\/media?parent=1746"}],"wp:term":[{"taxonomy":"product_brand","embeddable":true,"href":"https:\/\/rifengcable.com\/it\/wp-json\/wp\/v2\/product_brand?post=1746"},{"taxonomy":"product_cat","embeddable":true,"href":"https:\/\/rifengcable.com\/it\/wp-json\/wp\/v2\/product_cat?post=1746"},{"taxonomy":"product_tag","embeddable":true,"href":"https:\/\/rifengcable.com\/it\/wp-json\/wp\/v2\/product_tag?post=1746"}],"curies":[{"name":"wp","href":"https:\/\/api.w.org\/{rel}","templated":true}]}}