{"id":25,"date":"2023-03-05T10:39:43","date_gmt":"2023-03-05T10:39:43","guid":{"rendered":"https:\/\/rifengcable.com\/?page_id=25"},"modified":"2025-05-20T08:30:49","modified_gmt":"2025-05-20T08:30:49","slug":"about-cable-manufacturer","status":"publish","type":"page","link":"https:\/\/rifengcable.com\/it\/about-cable-manufacturer\/","title":{"rendered":"Profilo aziendale"},"content":{"rendered":"<div class=\"banner has-hover has-parallax\" id=\"banner-987923274\">\n          <div class=\"banner-inner fill\">\n        <div class=\"banner-bg fill\" data-parallax=\"-3\" data-parallax-container=\".banner\" data-parallax-background>\n            <div class=\"bg fill bg-fill\"><\/div>\n                                    \n                    <\/div>\n\t\t\n        <div class=\"banner-layers container\">\n            <div class=\"fill banner-link\"><\/div>            \n   <div id=\"text-box-123676985\" class=\"text-box banner-layer x50 md-x50 lg-x50 y50 md-y50 lg-y50 res-text\">\n                     <div data-animate=\"fadeInLeft\">           <div class=\"text-box-content text dark\">\n              \n              <div class=\"text-inner text-center\">\n                  \n<h1><span style=\"font-size: 100%;\">Produttore di cavi in gomma<\/span><\/h1>\n              <\/div>\n           <\/div>\n       <\/div>                     \n<style>\n#text-box-123676985 {\n  width: 80%;\n}\n#text-box-123676985 .text-box-content {\n  font-size: 100%;\n}\n@media (min-width:550px) {\n  #text-box-123676985 {\n    width: 69%;\n  }\n}\n<\/style>\n    <\/div>\n \n        <\/div>\n      <\/div>\n\n            \n<style>\n#banner-987923274 {\n  padding-top: 162px;\n  background-color: rgba(0, 0, 0, 0.384);\n}\n#banner-987923274 .bg.bg-loaded {\n  background-image: 8950;\n}\n#banner-987923274 .overlay {\n  background-color: rgba(0, 0, 0, 0.3);\n}\n#banner-987923274 .bg {\n  background-position: 35% 23%;\n}\n<\/style>\n  <\/div>\n\n\n\t<section class=\"section\" id=\"section_266417629\">\n\t\t<div class=\"bg section-bg fill bg-fill  bg-loaded\" >\n\n\t\t\t\n\t\t\t\n\t\t\t\n\n\t\t<\/div>\n\n\t\t\n\n\t\t<div class=\"section-content relative\">\n\t\t\t\n<div class=\"row\"  id=\"row-1908064456\">\n\n\t<div id=\"col-2035687184\" class=\"col small-12 large-12\"  >\n\t\t\t\t<div class=\"col-inner\"  >\n\t\t\t\n\t\t\t\n<div class=\"row\"  id=\"row-764429993\">\n\n\t<div id=\"col-1435552732\" class=\"col small-12 large-12\"  >\n\t\t\t\t<div class=\"col-inner\"  >\n\t\t\t\n\t\t\t\n<div class=\"row\"  id=\"row-699210670\">\n\n\t<div id=\"col-501678742\" class=\"col small-12 large-12\"  >\n\t\t\t\t<div class=\"col-inner\"  >\n\t\t\t\n\t\t\t\n\t<div id=\"text-2634625173\" class=\"text\">\n\t\t\n<h2 style=\"text-align: left;\">Informazioni sul produttore di cavi Guangdong Rifeng<\/h2>\n\t\t\n<style>\n#text-2634625173 {\n  text-align: left;\n}\n<\/style>\n\t<\/div>\n\t\n\t\t<\/div>\n\t\t\t\t\t<\/div>\n\n\t\n<\/div>\n<div class=\"row\"  id=\"row-1195782865\">\n\n\t<div id=\"col-1460764327\" class=\"col medium-6 small-12 large-6\"  >\n\t\t\t\t<div class=\"col-inner\"  >\n\t\t\t\n\t\t\t\n<p>Guangdong Rifeng Cable Co., Ltd., fondata nel 1986 e con sede nella citt\u00e0 di Zhongshan, nella provincia di Guangdong, \u00e8 un'azienda leader nella produzione di cavi in gomma e di cavi, specializzata nella ricerca, progettazione, produzione e vendita di \"cavi per apparecchiature\". L'azienda dispone attualmente di sei grandi basi di produzione che coprono oltre 400.000 metri quadrati. I suoi prodotti sono ampiamente utilizzati in settori quali le nuove energie (energia eolica\/fotovoltaica), i veicoli elettrici (pistole di sovralimentazione raffreddate a liquido\/cablaggi ad alta tensione per veicoli), l'accumulo di energia (connessioni\/formazione e capacit\u00e0 delle batterie al litio), le attrezzature di fascia alta (macchine schermanti\/ponti di imbarco per aerei), le macchine da costruzione (gru a torre\/ascensori), le attrezzature di sollevamento (macchinari portuali), le attrezzature minerarie, le attrezzature marine, le attrezzature di saldatura, i dispositivi di comunicazione (stazioni base 5G), gli elettrodomestici (condizionatori d'aria), gli alimentatori e gli utensili elettrici. L'azienda ha un fatturato annuo di $580 milioni, con una rete di vendita che si estende in oltre 30 Paesi e regioni del mondo.<\/p>\n\t\t<\/div>\n\t\t\t\t\t<\/div>\n\n\t\n\n\t<div id=\"col-2077426335\" class=\"col medium-6 small-12 large-6\"  >\n\t\t\t\t<div class=\"col-inner\"  >\n\t\t\t\n\t\t\t\n<div class=\"video video-fit mb\" style=\"padding-top:56.25%;\"><div style=\"width: 640px;\" class=\"wp-video\"><!--[if lt IE 9]><script>document.createElement('video');<\/script><![endif]-->\n<video class=\"wp-video-shortcode\" id=\"video-25-1\" width=\"640\" height=\"360\" preload=\"metadata\" controls=\"controls\"><source type=\"video\/mp4\" src=\"http:\/\/rifengcable.com\/wp-content\/uploads\/2025\/05\/compressO-MyVideo_1.mp4?_=1\" \/><a href=\"http:\/\/rifengcable.com\/wp-content\/uploads\/2025\/05\/compressO-MyVideo_1.mp4\">http:\/\/rifengcable.com\/wp-content\/uploads\/2025\/05\/compressO-MyVideo_1.mp4<\/a><\/video><\/div>\n<\/div>\n\t\t<\/div>\n\t\t\t\t\n<style>\n#col-2077426335 > .col-inner {\n  padding: 0px 0px 0px 0px;\n  margin: -330px 0px 0px 0px;\n}\n<\/style>\n\t<\/div>\n\n\t\n<\/div>\n\t\t<\/div>\n\t\t\t\t\t<\/div>\n\n\t\n<\/div>\n\t\t<\/div>\n\t\t\t\t\t<\/div>\n\n\t\n<\/div>\n\t\t<\/div>\n\n\t\t\n<style>\n#section_266417629 {\n  padding-top: 30px;\n  padding-bottom: 30px;\n}\n<\/style>\n\t<\/section>\n\t\n\t<section class=\"section\" id=\"section_1881626158\">\n\t\t<div class=\"bg section-bg fill bg-fill  bg-loaded\" >\n\n\t\t\t\n\t\t\t\n\t\t\t\n\n\t\t<\/div>\n\n\t\t\n\n\t\t<div class=\"section-content relative\">\n\t\t\t\n<div class=\"row\"  id=\"row-2133204422\">\n\n\t<div id=\"col-615577500\" class=\"col medium-6 small-12 large-6\"  >\n\t\t\t\t<div class=\"col-inner\"  >\n\t\t\t\n\t\t\t\n<div class=\"slider-wrapper relative\" id=\"slider-1174251597\" >\n    <div class=\"slider slider-nav-circle slider-nav-large slider-nav-light slider-style-normal\"\n        data-flickity-options='{            \"cellAlign\": \"center\",            \"imagesLoaded\": true,            \"lazyLoad\": 1,            \"freeScroll\": false,            \"wrapAround\": true,            \"autoPlay\": 6000,            \"pauseAutoPlayOnHover\" : true,            \"prevNextButtons\": true,            \"contain\" : true,            \"adaptiveHeight\" : true,            \"dragThreshold\" : 10,            \"percentPosition\": true,            \"pageDots\": true,            \"rightToLeft\": false,            \"draggable\": true,            \"selectedAttraction\": 0.1,            \"parallax\" : 0,            \"friction\": 0.6        }'\n        >\n        \n\t<div class=\"img has-hover x md-x lg-x y md-y lg-y\" id=\"image_1249054002\">\n\t\t\t\t\t\t\t\t<div class=\"img-inner image-cover dark\" style=\"padding-top:90%;\">\n\t\t\t<img loading=\"lazy\" decoding=\"async\" width=\"800\" height=\"800\" src=\"https:\/\/rifengcable.com\/wp-content\/uploads\/2025\/03\/20-1.jpg\" class=\"attachment-original size-original\" alt=\"Capacit\u00e0 di produzione\" srcset=\"https:\/\/rifengcable.com\/wp-content\/uploads\/2025\/03\/20-1.jpg 800w, https:\/\/rifengcable.com\/wp-content\/uploads\/2025\/03\/20-1-300x300.jpg 300w, https:\/\/rifengcable.com\/wp-content\/uploads\/2025\/03\/20-1-150x150.jpg 150w, https:\/\/rifengcable.com\/wp-content\/uploads\/2025\/03\/20-1-768x768.jpg 768w, https:\/\/rifengcable.com\/wp-content\/uploads\/2025\/03\/20-1-12x12.jpg 12w, https:\/\/rifengcable.com\/wp-content\/uploads\/2025\/03\/20-1-600x600.jpg 600w, https:\/\/rifengcable.com\/wp-content\/uploads\/2025\/03\/20-1-100x100.jpg 100w\" sizes=\"auto, (max-width: 800px) 100vw, 800px\" title=\"\">\t\t\t\t\t\t\n\t\t\t\t\t<\/div>\n\t\t\t\t\t\t\t\t\n<style>\n#image_1249054002 {\n  width: 100%;\n}\n<\/style>\n\t<\/div>\n\t\n\t<div class=\"img has-hover x md-x lg-x y md-y lg-y\" id=\"image_896264318\">\n\t\t\t\t\t\t\t\t<div class=\"img-inner image-cover dark\" style=\"padding-top:90%;\">\n\t\t\t<img loading=\"lazy\" decoding=\"async\" width=\"800\" height=\"800\" src=\"https:\/\/rifengcable.com\/wp-content\/uploads\/2025\/03\/14-1.jpg\" class=\"attachment-original size-original\" alt=\"Capacit\u00e0 di produzione\" srcset=\"https:\/\/rifengcable.com\/wp-content\/uploads\/2025\/03\/14-1.jpg 800w, https:\/\/rifengcable.com\/wp-content\/uploads\/2025\/03\/14-1-300x300.jpg 300w, https:\/\/rifengcable.com\/wp-content\/uploads\/2025\/03\/14-1-150x150.jpg 150w, https:\/\/rifengcable.com\/wp-content\/uploads\/2025\/03\/14-1-768x768.jpg 768w, https:\/\/rifengcable.com\/wp-content\/uploads\/2025\/03\/14-1-12x12.jpg 12w, https:\/\/rifengcable.com\/wp-content\/uploads\/2025\/03\/14-1-600x600.jpg 600w, https:\/\/rifengcable.com\/wp-content\/uploads\/2025\/03\/14-1-100x100.jpg 100w\" sizes=\"auto, (max-width: 800px) 100vw, 800px\" title=\"\">\t\t\t\t\t\t\n\t\t\t\t\t<\/div>\n\t\t\t\t\t\t\t\t\n<style>\n#image_896264318 {\n  width: 100%;\n}\n<\/style>\n\t<\/div>\n\t\n     <\/div>\n\n     <div class=\"loading-spin dark large centered\"><\/div>\n\n\t<\/div>\n\n\n\t\t<\/div>\n\t\t\t\t\t<\/div>\n\n\t\n\n\t<div id=\"col-1494751596\" class=\"col medium-6 small-12 large-6\"  >\n\t\t\t\t<div class=\"col-inner\"  >\n\t\t\t\n\t\t\t\n<h3>Capacit\u00e0 avanzate di R&amp;S e produzione<\/h3>\n<p>L'azienda vanta un sistema completo e solido di R&amp;S e produzione, con laboratori avanzati e 79 brevetti nazionali richiesti. In qualit\u00e0 di produttore di cavi di alto livello, Rifeng gestisce il centro di raffinazione della gomma pi\u00f9 avanzato e pi\u00f9 grande del settore, che comprende sei linee di produzione di raffinazione della gomma all'avanguardia e completamente automatizzate, oltre 130 linee di produzione di fili e cavi vari e cinque linee di produzione di reticolazione a irradiazione importate. Con una capacit\u00e0 produttiva annuale di oltre 20 milioni di chilometri di fili e cavi finiti, Rifeng consolida la sua posizione di produttore affidabile di cavi in gomma.<\/p>\n<h3>Riconoscimenti e successi del settore<\/h3>\n<p>L'azienda \u00e8 stata costantemente riconosciuta come una delle \"10 imprese pi\u00f9 competitive dell'industria dei cavi del Guangdong\", una delle \"100 imprese pi\u00f9 competitive dell'industria dei cavi cinese\" e una delle \"500 imprese pi\u00f9 importanti della provincia di Guangdong\". Ha inoltre ricevuto riconoscimenti come il \"Premio d'oro per il brevetto d'invenzione della citt\u00e0 di Zhongshan\" e il \"Premio per il progresso scientifico e tecnologico della citt\u00e0 di Zhongshan\". Questi riconoscimenti evidenziano la leadership di Rifeng come produttore di cavi in gomma e produttore di cavi nel settore nazionale dei cavi rivestiti in gomma.<\/p>\n\t\t<\/div>\n\t\t\t\t\t<\/div>\n\n\t\n<\/div>\n\t\t<\/div>\n\n\t\t\n<style>\n#section_1881626158 {\n  padding-top: 30px;\n  padding-bottom: 30px;\n  background-color: #ececec;\n}\n<\/style>\n\t<\/section>\n\t\n\t<section class=\"section\" id=\"section_1664025720\">\n\t\t<div class=\"bg section-bg fill bg-fill  bg-loaded\" >\n\n\t\t\t\n\t\t\t\n\t\t\t\n\n\t\t<\/div>\n\n\t\t\n\n\t\t<div class=\"section-content relative\">\n\t\t\t\n<div class=\"row\"  id=\"row-1028827601\">\n\n\t<div id=\"col-1733134520\" class=\"col medium-6 small-12 large-6\"  >\n\t\t\t\t<div class=\"col-inner\"  >\n\t\t\t\n\t\t\t\n<h3>Impegno per la qualit\u00e0 e l'innovazione<\/h3>\n<p>Rifeng si impegna a fornire soluzioni di cavi innovative e di alta qualit\u00e0. In qualit\u00e0 di produttore di cavi di fiducia, l'azienda si attiene a rigorosi standard di controllo della qualit\u00e0 e investe continuamente in tecnologie avanzate per soddisfare le esigenze in continua evoluzione dei suoi clienti globali. La sua dedizione all'eccellenza ha reso Rifeng un partner privilegiato per le industrie che richiedono cavi rivestiti in gomma affidabili e durevoli.<\/p>\n<h3>Portata globale e partnership strategiche<\/h3>\n<p>Con una rete di vendita che si estende in oltre 30 Paesi e regioni, Rifeng si \u00e8 affermata come produttore globale di cavi in gomma. Le partnership strategiche dell'azienda con aziende leader in diversi settori sottolineano la sua reputazione di fornitore di soluzioni di cavi sicure, efficienti e rispettose dell'ambiente. La capacit\u00e0 di Rifeng di soddisfare le diverse esigenze del mercato rafforza ulteriormente la sua posizione di produttore leader di cavi.<\/p>\n\t\t<\/div>\n\t\t\t\t\t<\/div>\n\n\t\n\n\t<div id=\"col-597481163\" class=\"col medium-6 small-12 large-6\"  >\n\t\t\t\t<div class=\"col-inner\"  >\n\t\t\t\n\t\t\t\n<div class=\"slider-wrapper relative\" id=\"slider-2012879227\" >\n    <div class=\"slider slider-nav-circle slider-nav-large slider-nav-light slider-style-normal\"\n        data-flickity-options='{            \"cellAlign\": \"center\",            \"imagesLoaded\": true,            \"lazyLoad\": 1,            \"freeScroll\": false,            \"wrapAround\": true,            \"autoPlay\": 6000,            \"pauseAutoPlayOnHover\" : true,            \"prevNextButtons\": true,            \"contain\" : true,            \"adaptiveHeight\" : true,            \"dragThreshold\" : 10,            \"percentPosition\": true,            \"pageDots\": true,            \"rightToLeft\": false,            \"draggable\": true,            \"selectedAttraction\": 0.1,            \"parallax\" : 0,            \"friction\": 0.6        }'\n        >\n        \n\t<div class=\"img has-hover x md-x lg-x y md-y lg-y\" id=\"image_263018275\">\n\t\t\t\t\t\t\t\t<div class=\"img-inner image-zoom image-zoom image-cover dark\" style=\"padding-top:75%;\">\n\t\t\t<img loading=\"lazy\" decoding=\"async\" width=\"800\" height=\"600\" src=\"https:\/\/rifengcable.com\/wp-content\/uploads\/2025\/03\/1-1.jpg\" class=\"attachment-original size-original\" alt=\"un produttore globale di cavi\" srcset=\"https:\/\/rifengcable.com\/wp-content\/uploads\/2025\/03\/1-1.jpg 800w, https:\/\/rifengcable.com\/wp-content\/uploads\/2025\/03\/1-1-300x225.jpg 300w, https:\/\/rifengcable.com\/wp-content\/uploads\/2025\/03\/1-1-768x576.jpg 768w, https:\/\/rifengcable.com\/wp-content\/uploads\/2025\/03\/1-1-16x12.jpg 16w, https:\/\/rifengcable.com\/wp-content\/uploads\/2025\/03\/1-1-600x450.jpg 600w\" sizes=\"auto, (max-width: 800px) 100vw, 800px\" title=\"\">\t\t\t\t\t\t\n\t\t\t\t\t<\/div>\n\t\t\t\t\t\t\t\t\n<style>\n#image_263018275 {\n  width: 100%;\n}\n<\/style>\n\t<\/div>\n\t\n\t<div class=\"img has-hover x md-x lg-x y md-y lg-y\" id=\"image_1297960992\">\n\t\t\t\t\t\t\t\t<div class=\"img-inner image-zoom image-zoom image-cover dark\" style=\"padding-top:75%;\">\n\t\t\t<img loading=\"lazy\" decoding=\"async\" width=\"800\" height=\"600\" src=\"https:\/\/rifengcable.com\/wp-content\/uploads\/2025\/03\/3.jpg\" class=\"attachment-original size-original\" alt=\"un produttore globale di cavi\" srcset=\"https:\/\/rifengcable.com\/wp-content\/uploads\/2025\/03\/3.jpg 800w, https:\/\/rifengcable.com\/wp-content\/uploads\/2025\/03\/3-300x225.jpg 300w, https:\/\/rifengcable.com\/wp-content\/uploads\/2025\/03\/3-768x576.jpg 768w, https:\/\/rifengcable.com\/wp-content\/uploads\/2025\/03\/3-16x12.jpg 16w, https:\/\/rifengcable.com\/wp-content\/uploads\/2025\/03\/3-600x450.jpg 600w\" sizes=\"auto, (max-width: 800px) 100vw, 800px\" title=\"\">\t\t\t\t\t\t\n\t\t\t\t\t<\/div>\n\t\t\t\t\t\t\t\t\n<style>\n#image_1297960992 {\n  width: 100%;\n}\n<\/style>\n\t<\/div>\n\t\n\t<div class=\"img has-hover x md-x lg-x y md-y lg-y\" id=\"image_1672771967\">\n\t\t\t\t\t\t\t\t<div class=\"img-inner image-zoom image-zoom image-cover dark\" style=\"padding-top:75%;\">\n\t\t\t<img loading=\"lazy\" decoding=\"async\" width=\"800\" height=\"600\" src=\"https:\/\/rifengcable.com\/wp-content\/uploads\/2025\/03\/2024\u4e1d\u8def\u4e2d\u4e9a\u7535\u529b\u7535\u5de5\u535a\u89c8\u4f1a-2024.8.26-28-\u4e4c\u5179\u522b\u514b\u65af\u5766-\u5854\u4ec0\u5e723.jpg\" class=\"attachment-original size-original\" alt=\"un produttore globale di cavi\" srcset=\"https:\/\/rifengcable.com\/wp-content\/uploads\/2025\/03\/2024\u4e1d\u8def\u4e2d\u4e9a\u7535\u529b\u7535\u5de5\u535a\u89c8\u4f1a-2024.8.26-28-\u4e4c\u5179\u522b\u514b\u65af\u5766-\u5854\u4ec0\u5e723.jpg 800w, https:\/\/rifengcable.com\/wp-content\/uploads\/2025\/03\/2024\u4e1d\u8def\u4e2d\u4e9a\u7535\u529b\u7535\u5de5\u535a\u89c8\u4f1a-2024.8.26-28-\u4e4c\u5179\u522b\u514b\u65af\u5766-\u5854\u4ec0\u5e723-300x225.jpg 300w, https:\/\/rifengcable.com\/wp-content\/uploads\/2025\/03\/2024\u4e1d\u8def\u4e2d\u4e9a\u7535\u529b\u7535\u5de5\u535a\u89c8\u4f1a-2024.8.26-28-\u4e4c\u5179\u522b\u514b\u65af\u5766-\u5854\u4ec0\u5e723-768x576.jpg 768w, https:\/\/rifengcable.com\/wp-content\/uploads\/2025\/03\/2024\u4e1d\u8def\u4e2d\u4e9a\u7535\u529b\u7535\u5de5\u535a\u89c8\u4f1a-2024.8.26-28-\u4e4c\u5179\u522b\u514b\u65af\u5766-\u5854\u4ec0\u5e723-16x12.jpg 16w, https:\/\/rifengcable.com\/wp-content\/uploads\/2025\/03\/2024\u4e1d\u8def\u4e2d\u4e9a\u7535\u529b\u7535\u5de5\u535a\u89c8\u4f1a-2024.8.26-28-\u4e4c\u5179\u522b\u514b\u65af\u5766-\u5854\u4ec0\u5e723-600x450.jpg 600w\" sizes=\"auto, (max-width: 800px) 100vw, 800px\" title=\"\">\t\t\t\t\t\t\n\t\t\t\t\t<\/div>\n\t\t\t\t\t\t\t\t\n<style>\n#image_1672771967 {\n  width: 100%;\n}\n<\/style>\n\t<\/div>\n\t\n\t<div class=\"img has-hover x md-x lg-x y md-y lg-y\" id=\"image_940481087\">\n\t\t\t\t\t\t\t\t<div class=\"img-inner image-zoom image-zoom image-cover dark\" style=\"padding-top:75%;\">\n\t\t\t<img loading=\"lazy\" decoding=\"async\" width=\"800\" height=\"600\" src=\"https:\/\/rifengcable.com\/wp-content\/uploads\/2025\/03\/2024\u4e1d\u8def\u4e2d\u4e9a\u7535\u529b\u7535\u5de5\u535a\u89c8\u4f1a-2024.8.26-28-\u4e4c\u5179\u522b\u514b\u65af\u5766-\u5854\u4ec0\u5e724.jpg\" class=\"attachment-original size-original\" alt=\"un produttore globale di cavi\" srcset=\"https:\/\/rifengcable.com\/wp-content\/uploads\/2025\/03\/2024\u4e1d\u8def\u4e2d\u4e9a\u7535\u529b\u7535\u5de5\u535a\u89c8\u4f1a-2024.8.26-28-\u4e4c\u5179\u522b\u514b\u65af\u5766-\u5854\u4ec0\u5e724.jpg 800w, https:\/\/rifengcable.com\/wp-content\/uploads\/2025\/03\/2024\u4e1d\u8def\u4e2d\u4e9a\u7535\u529b\u7535\u5de5\u535a\u89c8\u4f1a-2024.8.26-28-\u4e4c\u5179\u522b\u514b\u65af\u5766-\u5854\u4ec0\u5e724-300x225.jpg 300w, https:\/\/rifengcable.com\/wp-content\/uploads\/2025\/03\/2024\u4e1d\u8def\u4e2d\u4e9a\u7535\u529b\u7535\u5de5\u535a\u89c8\u4f1a-2024.8.26-28-\u4e4c\u5179\u522b\u514b\u65af\u5766-\u5854\u4ec0\u5e724-768x576.jpg 768w, https:\/\/rifengcable.com\/wp-content\/uploads\/2025\/03\/2024\u4e1d\u8def\u4e2d\u4e9a\u7535\u529b\u7535\u5de5\u535a\u89c8\u4f1a-2024.8.26-28-\u4e4c\u5179\u522b\u514b\u65af\u5766-\u5854\u4ec0\u5e724-16x12.jpg 16w, https:\/\/rifengcable.com\/wp-content\/uploads\/2025\/03\/2024\u4e1d\u8def\u4e2d\u4e9a\u7535\u529b\u7535\u5de5\u535a\u89c8\u4f1a-2024.8.26-28-\u4e4c\u5179\u522b\u514b\u65af\u5766-\u5854\u4ec0\u5e724-600x450.jpg 600w\" sizes=\"auto, (max-width: 800px) 100vw, 800px\" title=\"\">\t\t\t\t\t\t\n\t\t\t\t\t<\/div>\n\t\t\t\t\t\t\t\t\n<style>\n#image_940481087 {\n  width: 100%;\n}\n<\/style>\n\t<\/div>\n\t\n     <\/div>\n\n     <div class=\"loading-spin dark large centered\"><\/div>\n\n\t<\/div>\n\n\n\t\t<\/div>\n\t\t\t\t\t<\/div>\n\n\t\n<\/div>\n\t\t<\/div>\n\n\t\t\n<style>\n#section_1664025720 {\n  padding-top: 30px;\n  padding-bottom: 30px;\n}\n<\/style>\n\t<\/section>\n\t\n\t<section class=\"section\" id=\"section_818962097\">\n\t\t<div class=\"bg section-bg fill bg-fill  bg-loaded\" >\n\n\t\t\t\n\t\t\t\n\t\t\t\n\n\t\t<\/div>\n\n\t\t\n\n\t\t<div class=\"section-content relative\">\n\t\t\t\n<div class=\"row\"  id=\"row-695842028\">\n\n\t<div id=\"col-235838033\" class=\"col small-12 large-12\"  >\n\t\t\t\t<div class=\"col-inner\"  >\n\t\t\t\n\t\t\t\n<h2 style=\"text-align: center;\">Contatto<\/h2>\n\t\t<\/div>\n\t\t\t\t\t<\/div>\n\n\t\n<\/div>\n<div class=\"row\"  id=\"row-1179501047\">\n\n\t<div id=\"col-1186449832\" class=\"col small-12 large-12\"  >\n\t\t\t\t<div class=\"col-inner\"  >\n\t\t\t\n\t\t\t\n\n<div class=\"wpcf7 no-js\" id=\"wpcf7-f280-o1\" lang=\"en-US\" dir=\"ltr\" data-wpcf7-id=\"280\">\n<div class=\"screen-reader-response\"><p role=\"status\" aria-live=\"polite\" aria-atomic=\"true\"><\/p> <ul><\/ul><\/div>\n<form action=\"\/it\/wp-json\/wp\/v2\/pages\/25#wpcf7-f280-o1\" method=\"post\" class=\"wpcf7-form init\" aria-label=\"Modulo di contatto\" novalidate=\"novalidate\" data-status=\"init\" data-trp-original-action=\"\/it\/wp-json\/wp\/v2\/pages\/25#wpcf7-f280-o1\">\n<fieldset class=\"hidden-fields-container\"><input type=\"hidden\" name=\"_wpcf7\" value=\"280\" \/><input type=\"hidden\" name=\"_wpcf7_version\" value=\"6.1.1\" \/><input type=\"hidden\" name=\"_wpcf7_locale\" value=\"en_US\" \/><input type=\"hidden\" name=\"_wpcf7_unit_tag\" value=\"wpcf7-f280-o1\" \/><input type=\"hidden\" name=\"_wpcf7_container_post\" value=\"0\" \/><input type=\"hidden\" name=\"_wpcf7_posted_data_hash\" value=\"\" \/>\n<\/fieldset>\n<div class='custom_contact_style'>\n\t<div class=\"row row-small\">\n\t\t<div class=\"col medium-6 small-12 large-6\">\n\t\t\t<div class=\"col-inner\">\n\t\t\t\t<p><span class=\"wpcf7-form-control-wrap\" data-name=\"your-name\"><input size=\"40\" maxlength=\"400\" class=\"wpcf7-form-control wpcf7-text wpcf7-validates-as-required\" aria-required=\"true\" aria-invalid=\"false\" placeholder=\"Nome*\" value=\"\" type=\"text\" name=\"your-name\" \/><\/span>\n\t\t\t\t<\/p>\n\t\t\t<\/div>\n\t\t<\/div>\n\t\t<div class=\"col medium-6 small-12 large-6\">\n\t\t\t<div class=\"col-inner\">\n\t\t\t\t<p><span class=\"wpcf7-form-control-wrap\" data-name=\"your-email\"><input size=\"40\" maxlength=\"400\" class=\"wpcf7-form-control wpcf7-email wpcf7-validates-as-required wpcf7-text wpcf7-validates-as-email\" aria-required=\"true\" aria-invalid=\"false\" placeholder=\"E-mail*\" value=\"\" type=\"email\" name=\"your-email\" \/><\/span>\n\t\t\t\t<\/p>\n\t\t\t<\/div>\n\t\t<\/div>\n\t<\/div>\n\t<div class='cus_contact_form_bottom'>\n\t\t<p><span class=\"wpcf7-form-control-wrap\" data-name=\"your-phone\"><input size=\"40\" maxlength=\"400\" class=\"wpcf7-form-control wpcf7-text\" aria-invalid=\"false\" placeholder=\"Telefono\" value=\"\" type=\"text\" name=\"your-phone\" \/><\/span>\n\t\t<\/p>\n\t<\/div>\n\t<div class='cus_contact_form_bottom'>\n\t\t<p><span class=\"wpcf7-form-control-wrap\" data-name=\"your-country\"><input size=\"40\" maxlength=\"400\" class=\"wpcf7-form-control wpcf7-text\" aria-invalid=\"false\" placeholder=\"Paese\" value=\"\" type=\"text\" name=\"your-country\" \/><\/span>\n\t\t<\/p>\n\t<\/div>\n\t<p><span class=\"wpcf7-form-control-wrap\" data-name=\"your-message\"><textarea cols=\"40\" rows=\"10\" maxlength=\"2000\" class=\"wpcf7-form-control wpcf7-textarea wpcf7-validates-as-required\" aria-required=\"true\" aria-invalid=\"false\" placeholder=\"Il tuo messaggio *\" name=\"your-message\"><\/textarea><\/span>\n\t<\/p>\n\t<div style=\"margin-bottom:10px;\">\n\t\t<p><span class=\"wpcf7-form-control-wrap kc_captcha cf7ic-toggle\" data-name=\"kc_captcha\"><span class=\"wpcf7-form-control wpcf7-radio\"><span class=\"captcha-image\" style=\"display: none;\"><span class=\"cf7ic_instructions\">Dimostra di essere umano selezionando<span> casa<\/span>.<\/span><label><input aria-label=\"1\" type=\"radio\" name=\"kc_captcha\" value=\"kc_human\" \/><svg aria-hidden=\"true\" role=\"img\" xmlns=\"http:\/\/www.w3.org\/2000\/svg\" viewbox=\"0 0 576 512\"><path fill=\"currentColor\" d=\"M488 313v143c0 13-11 24-24 24H348c-7 0-12-5-12-12V356c0-7-5-12-12-12h-72c-7 0-12 5-12 12v112c0 7-5 12-12 12H112c-13 0-24-11-24-24V313c0-4 2-7 4-10l188-154c5-4 11-4 16 0l188 154c2 3 4 6 4 10zm84-61l-84-69V44c0-6-5-12-12-12h-56c-7 0-12 6-12 12v73l-89-74a48 48 0 00-61 0L4 252c-5 4-5 12-1 17l25 31c5 5 12 5 17 1l235-193c5-4 11-4 16 0l235 193c5 5 13 4 17-1l25-31c4-6 4-13-1-17z\"\/><\/svg><\/label><label><input aria-label=\"2\" type=\"radio\" name=\"kc_captcha\" value=\"bot\" \/><svg aria-hidden=\"true\" role=\"img\" xmlns=\"http:\/\/www.w3.org\/2000\/svg\" viewbox=\"0 0 640 512\"><path fill=\"currentColor\" d=\"M192 384h192c53 0 96-43 96-96h32a128 128 0 000-256H120c-13 0-24 11-24 24v232c0 53 43 96 96 96zM512 96a64 64 0 010 128h-32V96h32zm48 384H48c-47 0-61-64-36-64h584c25 0 11 64-36 64z\"\/><\/svg><\/label><label><input aria-label=\"3\" type=\"radio\" name=\"kc_captcha\" value=\"bot\" \/><svg aria-hidden=\"true\" role=\"img\" xmlns=\"http:\/\/www.w3.org\/2000\/svg\" viewbox=\"0 0 512 512\"><path fill=\"currentColor\" d=\"M350 99c-54 0-98-35-166-35-25 0-47 4-68 12a56 56 0 004-24C118 24 95 1 66 0a56 56 0 00-34 102v386c0 13 11 24 24 24h16c13 0 24-11 24-24v-94c28-12 64-23 114-23 54 0 98 35 166 35 48 0 86-16 122-41 9-6 14-15 14-26V96c0-23-24-39-45-29-35 16-77 32-117 32z\"\/><\/svg><\/label>\r\n    <\/span>\r\n    <span style=\"display:none\">\r\n        <input type=\"text\" name=\"kc_honeypot\">\r\n    <\/span><\/span><\/span>\n\t\t<\/p>\n\t<\/div>\n\t<p><input class=\"wpcf7-form-control wpcf7-submit has-spinner\" type=\"submit\" value=\"Invia il messaggio\" \/>\n\t<\/p>\n<\/div><div class=\"wpcf7-response-output\" aria-hidden=\"true\"><\/div>\n<input type=\"hidden\" name=\"trp-form-language\" value=\"it\"\/><\/form>\n<\/div>\n\n\t\t<\/div>\n\t\t\t\t\t<\/div>\n\n\t\n<\/div>\n\t\t<\/div>\n\n\t\t\n<style>\n#section_818962097 {\n  padding-top: 30px;\n  padding-bottom: 30px;\n  background-color: #ececec;\n}\n<\/style>\n\t<\/section>","protected":false},"excerpt":{"rendered":"","protected":false},"author":3,"featured_media":2004,"parent":0,"menu_order":0,"comment_status":"closed","ping_status":"closed","template":"page-blank.php","meta":{"footnotes":""},"class_list":["post-25","page","type-page","status-publish","has-post-thumbnail","hentry"],"_links":{"self":[{"href":"https:\/\/rifengcable.com\/it\/wp-json\/wp\/v2\/pages\/25","targetHints":{"allow":["GET"]}}],"collection":[{"href":"https:\/\/rifengcable.com\/it\/wp-json\/wp\/v2\/pages"}],"about":[{"href":"https:\/\/rifengcable.com\/it\/wp-json\/wp\/v2\/types\/page"}],"author":[{"embeddable":true,"href":"https:\/\/rifengcable.com\/it\/wp-json\/wp\/v2\/users\/3"}],"replies":[{"embeddable":true,"href":"https:\/\/rifengcable.com\/it\/wp-json\/wp\/v2\/comments?post=25"}],"version-history":[{"count":53,"href":"https:\/\/rifengcable.com\/it\/wp-json\/wp\/v2\/pages\/25\/revisions"}],"predecessor-version":[{"id":2335,"href":"https:\/\/rifengcable.com\/it\/wp-json\/wp\/v2\/pages\/25\/revisions\/2335"}],"wp:featuredmedia":[{"embeddable":true,"href":"https:\/\/rifengcable.com\/it\/wp-json\/wp\/v2\/media\/2004"}],"wp:attachment":[{"href":"https:\/\/rifengcable.com\/it\/wp-json\/wp\/v2\/media?parent=25"}],"curies":[{"name":"wp","href":"https:\/\/api.w.org\/{rel}","templated":true}]}}