{"id":2297,"date":"2025-05-09T02:58:06","date_gmt":"2025-05-09T02:58:06","guid":{"rendered":"https:\/\/rifengcable.com\/?post_type=product&#038;p=2297"},"modified":"2025-05-09T03:07:33","modified_gmt":"2025-05-09T03:07:33","slug":"cee-extension-cable-07cee015","status":"publish","type":"product","link":"https:\/\/rifengcable.com\/fr\/manufacturer\/cee-extension-cable-07cee015\/","title":{"rendered":"C\u00e2ble d'extension CEE 07CEE015"},"content":{"rendered":"<h1 id=\"-heavy-duty-cee-outdoor-extension-cable-power-anywhere-\"><strong>C\u00e2ble d'extension CEE pour l'ext\u00e9rieur - de l'\u00e9nergie partout !<\/strong><\/h1>\n<p>Besoin d'un c\u00e2ble d'alimentation solide pour l'ext\u00e9rieur ? Notre c\u00e2ble d'extension CEE pour l'ext\u00e9rieur apporte une \u00e9lectricit\u00e9 s\u00fbre et facile \u00e0 utiliser lors de vos voyages en camping, de vos aventures en camping-car, sur les chantiers de construction et sur les bateaux. R\u00e9sistant au vent, \u00e0 la pluie, \u00e0 la graisse et aux rayons UV, il ne faillira pas lorsque vous en aurez le plus besoin !<\/p>\n<hr \/>\n<h2 id=\"-why-choose-this-cee-extension-cable-\"><strong>\u2705 Pourquoi choisir ce c\u00e2ble d'extension CEE ?<\/strong><\/h2>\n<p>\u2714\u00a0<strong>Fonctionne par temps de pluie et de soleil<\/strong>\u00a0-\u00a0<strong>\u00c9tanch\u00e9it\u00e9 (IP44)<\/strong>\u00a0et\u00a0<strong>R\u00e9sistant aux UV<\/strong>.<\/p>\n<p>\u2714\u00a0<strong>R\u00e9sistant \u00e0 l'huile, \u00e0 la graisse et au carburant<\/strong>\u00a0-\u00a0<strong>PUR\/caoutchouc<\/strong>\u00a0reste solide.<\/p>\n<p>\u2714\u00a0<strong>Convient \u00e0 de nombreuses utilisations<\/strong>\u00a0- Id\u00e9al pour\u00a0<strong>camping, caravanes, construction et bateaux<\/strong>.<\/p>\n<p>\u2714\u00a0<strong>Pas de perte de puissance<\/strong>\u00a0-\u00a0<strong>Fils de cuivre \u00e9pais (1,5 mm\u00b2 \u00e0 16 mm\u00b2)<\/strong>\u00a0manipuler de gros outils.<\/p>\n<p>\u2714\u00a0<strong>Extra-long<\/strong>\u00a0-\u00a0<strong>Options 5m, 10m, 20m ou 25m<\/strong>\u00a0afin de pouvoir atteindre des prises \u00e9loign\u00e9es.<\/p>\n<hr \/>\n<h2 id=\"-cable-specs-simple-clear-\"><strong>\ud83d\udccb Sp\u00e9cifications des c\u00e2bles (simples et claires !)<\/strong><\/h2>\n<table style=\"height: 198px;\" width=\"614\">\n<thead>\n<tr>\n<th><strong>Fonctionnalit\u00e9<\/strong><\/th>\n<th><strong>Ce que cela signifie pour vous<\/strong><\/th>\n<\/tr>\n<\/thead>\n<tbody>\n<tr>\n<td><strong>3 broches (16A) \/ 5 broches (32A\/63A)<\/strong><\/td>\n<td>Choisir\u00a0<strong>les besoins en \u00e9nergie des petits (v\u00e9hicules de loisirs) ou des grands (construction)<\/strong>.<\/td>\n<\/tr>\n<tr>\n<td><strong>Gaine en PUR \/ caoutchouc-n\u00e9opr\u00e8ne<\/strong><\/td>\n<td>Combats\u00a0<strong>dommages caus\u00e9s par l'huile, l'eau, la chaleur et le soleil<\/strong>.<\/td>\n<\/tr>\n<tr>\n<td><strong>\u00c9tanch\u00e9it\u00e9 IP44<\/strong><\/td>\n<td>En toute s\u00e9curit\u00e9\u00a0<strong>la pluie, les \u00e9claboussures et l'herbe mouill\u00e9e<\/strong>.<\/td>\n<\/tr>\n<tr>\n<td><strong>Alimentation 230V ou 400V<\/strong><\/td>\n<td>Courses\u00a0<strong>outils individuels (230V) ou grosses machines (400V)<\/strong>.<\/td>\n<\/tr>\n<tr>\n<td><strong>Longueur de 5m \u00e0 25m<\/strong><\/td>\n<td><strong>Plus de cordons tendus<\/strong>-Choisissez la bonne taille.<\/td>\n<\/tr>\n<tr>\n<td><strong>Courant de 16A \u00e0 63A<\/strong><\/td>\n<td>Fonctionne avec\u00a0<strong>petits bouchons ou engrenages industriels<\/strong>.<\/td>\n<\/tr>\n<\/tbody>\n<\/table>\n<hr \/>\n<h2 id=\"-best-uses-for-this-cable-\"><strong>\ud83d\udd25 Meilleures utilisations de ce c\u00e2ble<\/strong><\/h2>\n<h3 id=\"-1-camping-rv-trips-\"><strong>1. Camping et voyages en camping-car<\/strong>\u00a0\u2728<\/h3>\n<p>\ud83d\udd39 Hook up to\u00a0<strong>alimentation \u00e9lectrique du camping<\/strong>\u00a0en toute s\u00e9curit\u00e9. \ud83d\udd39 Pouvoirs\u00a0<strong>r\u00e9frig\u00e9rateurs, lumi\u00e8res et t\u00e9l\u00e9phones<\/strong>\u00a0en m\u00eame temps. \ud83d\udd39\u00a0<strong>Stockage sans enchev\u00eatrement<\/strong>-s'accompagne d'une\u00a0<strong>sac pratique<\/strong>.<\/p>\n<p>\ud83d\udccc\u00a0<em>Parfait pour<\/em>:\u00a0<strong>Camping familial, festivaliers, vie en camionnette<\/strong>.<\/p>\n<h3 id=\"-2-boats-marine-use-\"><strong>2. Bateaux et usages maritimes<\/strong>\u00a0\u26f5<\/h3>\n<p>\ud83d\udd39\u00a0<strong>Ne rouille pas et ne se fissure pas<\/strong>\u00a0pr\u00e8s de l'eau sal\u00e9e. \ud83d\udd39\u00a0<strong>R\u00e9sistant aux UV<\/strong>\u00a0pour supporter un soleil \u00e9clatant toute la journ\u00e9e.<\/p>\n<p>\ud83d\udccc\u00a0<em>Parfait pour<\/em>:\u00a0<strong>Marins, sorties de p\u00eache, alimentation \u00e0 quai<\/strong>.<\/p>\n<h3 id=\"-3-construction-work-sites-\"><strong>3. Chantiers de construction et de travail<\/strong>\u00a0\ud83d\udea7<\/h3>\n<p>\ud83d\udd39\u00a0<strong>Coque en caoutchouc r\u00e9sistant<\/strong>\u00a0survit \u00e0 la salet\u00e9 et \u00e0 l'huile. \ud83d\udd39\u00a0<strong>Mod\u00e8les 32A-63A<\/strong>\u00a0courir\u00a0<strong>grandes scies et perceuses<\/strong>\u00a0sans se consumer.<\/p>\n<p>\ud83d\udccc\u00a0<em>Parfait pour<\/em>:\u00a0<strong>Entrepreneurs, constructeurs, mat\u00e9riel agricole<\/strong>.<\/p>\n<hr \/>\n<h2 id=\"-plug-types-power-options-\"><strong>\ud83d\udd0c Types de prises et options d'alimentation<\/strong><\/h2>\n<ul>\n<li><strong>3 broches (230V, 16A)<\/strong>\u00a0- Meilleur pour\u00a0<strong>petits v\u00e9hicules r\u00e9cr\u00e9atifs, outils, usage domestique<\/strong>.<\/li>\n<li><strong>5 broches (400V, 32A\/63A)<\/strong>\u00a0- N\u00e9cessaire pour\u00a0<strong>grandes machines, usines<\/strong>.<\/li>\n<\/ul>\n<p>\ud83d\udca1\u00a0<em>Conseil<\/em>: Vous ne savez pas lequel choisir ? Demandez-nous, nous vous aiderons \u00e0 choisir le bon !<\/p>\n<hr \/>\n<h2 id=\"-safety-tips-for-outdoor-cables-\"><strong>\u26a0\ufe0f Conseils de s\u00e9curit\u00e9 pour les c\u00e2bles d'ext\u00e9rieur<\/strong><\/h2>\n<p>\u2705 V\u00e9rifiez toujours\u00a0<strong>des d\u00e9chirures ou des fils expos\u00e9s<\/strong>\u00a0avant utilisation.<\/p>\n<p>\u2705 Garder les bouchons\u00a0<strong>sec<\/strong>\u00a0(m\u00eame s'ils sont imperm\u00e9ables).<\/p>\n<p>Jamais\u00a0<strong>surcharge<\/strong>-correspondre \u00e0 la\u00a0<strong>amp\u00e8res \u00e0 votre appareil<\/strong>.<\/p>\n<hr \/>\n<h2 id=\"-why-buy-from-us-\"><strong>\ud83d\ude80 Pourquoi acheter chez nous ?<\/strong><\/h2>\n<p>\ud83d\udd39\u00a0<strong>Test\u00e9 depuis plus de 10 ans<\/strong>\u00a0par\u00a0<strong>campeurs et constructeurs<\/strong>. \ud83d\udd39\u00a0<strong>Livraison rapide<\/strong>-l'obtenir avant votre voyage ! \ud83d\udd39\u00a0<strong>Garantie de 2 ans<\/strong>\u00a0(parce que la qualit\u00e9 dure).<\/p>\n<hr \/>\n<h2 id=\"-need-help-choosing-\"><strong>\ud83d\udcde Besoin d'aide pour choisir ?<\/strong><\/h2>\n<p>\ud83d\udcac Appelez-nous ou\u00a0<strong>chat en direct<\/strong>-Nous aimons aider les clients !<\/p>","protected":false},"excerpt":{"rendered":"<p>C\u00e2ble d'extension CEE pour l'ext\u00e9rieur 10m H07RN-F 3G2.5 avec prise CEE, coupleur CEE et clapet anti-retour. Le c\u00e2ble CEE en caoutchouc n\u00e9opr\u00e8ne impressionne par sa qualit\u00e9 et sa s\u00e9curit\u00e9 dans tous les domaines. Gr\u00e2ce au c\u00e2ble en caoutchouc sp\u00e9cial, cette rallonge de 10 m est id\u00e9ale pour une utilisation constante en ext\u00e9rieur. Sac de transport inclus. En outre, il convainc par les caract\u00e9ristiques suivantes :<br \/>\nDonn\u00e9es techniques<br \/>\nDesign : c\u00e2ble de rallonge \u00e9lectrique pour l'ext\u00e9rieur<br \/>\nConnexion A : prise CEE 230 V \/ 16 A<br \/>\nConnexion B : couplage CEE 230 V \/ 16 A<br \/>\nType de c\u00e2ble : H07RN-F 3G 2,5mm\u00b2<br \/>\nLongueur du c\u00e2ble : 10 m<br \/>\nTension : 230 V<br \/>\nCourant nominal : 16 A<br \/>\nClasse de protection : IP44<br \/>\nCouleur : noir<br \/>\nQualit\u00e9 du c\u00e2ble : caoutchouc n\u00e9opr\u00e8ne<br \/>\nApplication : id\u00e9al pour le camping, le camping-car, la caravane, la tente de camping, l'ext\u00e9rieur, le plein air.<\/p>","protected":false},"featured_media":2298,"template":"","meta":[],"product_brand":[],"product_cat":[42],"product_tag":[],"class_list":{"0":"post-2297","1":"product","2":"type-product","3":"status-publish","4":"has-post-thumbnail","6":"product_cat-extension-cables","8":"first","9":"instock","10":"shipping-taxable","11":"product-type-simple"},"_links":{"self":[{"href":"https:\/\/rifengcable.com\/fr\/wp-json\/wp\/v2\/product\/2297","targetHints":{"allow":["GET"]}}],"collection":[{"href":"https:\/\/rifengcable.com\/fr\/wp-json\/wp\/v2\/product"}],"about":[{"href":"https:\/\/rifengcable.com\/fr\/wp-json\/wp\/v2\/types\/product"}],"wp:featuredmedia":[{"embeddable":true,"href":"https:\/\/rifengcable.com\/fr\/wp-json\/wp\/v2\/media\/2298"}],"wp:attachment":[{"href":"https:\/\/rifengcable.com\/fr\/wp-json\/wp\/v2\/media?parent=2297"}],"wp:term":[{"taxonomy":"product_brand","embeddable":true,"href":"https:\/\/rifengcable.com\/fr\/wp-json\/wp\/v2\/product_brand?post=2297"},{"taxonomy":"product_cat","embeddable":true,"href":"https:\/\/rifengcable.com\/fr\/wp-json\/wp\/v2\/product_cat?post=2297"},{"taxonomy":"product_tag","embeddable":true,"href":"https:\/\/rifengcable.com\/fr\/wp-json\/wp\/v2\/product_tag?post=2297"}],"curies":[{"name":"wp","href":"https:\/\/api.w.org\/{rel}","templated":true}]}}