{"id":1853,"date":"2025-03-04T08:08:19","date_gmt":"2025-03-04T08:08:19","guid":{"rendered":"https:\/\/rifengcable.com\/?post_type=product&#038;p=1853"},"modified":"2025-04-25T09:10:33","modified_gmt":"2025-04-25T09:10:33","slug":"electric-range-cable","status":"publish","type":"product","link":"https:\/\/rifengcable.com\/fr\/manufacturer\/electric-range-cable\/","title":{"rendered":"Cuisini\u00e8re \u00e9lectrique C\u00e2ble SEOOW"},"content":{"rendered":"<h2 id=\"-electric-range-cable-seoow-easy-to-read-product-guide-\"><strong>R\u00e9f\u00e9rencement des c\u00e2bles de cuisini\u00e8re \u00e9lectrique - Guide de produit facile \u00e0 lire<\/strong><\/h2>\n<h4 id=\"-what-is-this-cable-\"><strong>Qu'est-ce que ce c\u00e2ble ?<\/strong><\/h4>\n<p>Le c\u00e2ble pour cuisini\u00e8re \u00e9lectrique SEOOW est un fil solide et s\u00fbr pour votre cuisini\u00e8re, votre four ou vos grosses machines. Il fonctionne dans les endroits chauds, froids, humides ou huileux et ne s'enflamme pas facilement.<\/p>\n<p><strong>Ce qu'il faut savoir :<\/strong>\u00a0\u2705\u00a0<strong>600V Puissance<\/strong>\u00a0- Bon pour\u00a0<strong>gros appareils<\/strong>. \u2705 <strong>R\u00e9sistant \u00e0 l'huile et \u00e0 l'eau<\/strong>\u00a0- En toute s\u00e9curit\u00e9\u00a0<strong>humide ou huileux<\/strong> taches. \u2705\u00a0<strong>Tr\u00e8s flexible<\/strong>\u00a0- Facile \u00e0\u00a0<strong>plier et installer<\/strong>. \u2705 <strong>Tr\u00e8s s\u00fbr<\/strong>\u00a0-\u00a0<strong>Pas d'incendie<\/strong> (class\u00e9 FT2).<\/p>\n<hr \/>\n<h3 id=\"-who-needs-this-cable-\"><strong>Qui a besoin de ce c\u00e2ble ?<\/strong><\/h3>\n<p><strong>Ce c\u00e2ble est id\u00e9al pour :<\/strong><\/p>\n<ul>\n<li>\ud83c\udfe0\u00a0<strong>Propri\u00e9taires<\/strong>\u00a0C\u00e2blage d'un\u00a0<strong>cuisini\u00e8re ou four \u00e9lectrique<\/strong>.<\/li>\n<li>\ud83d\udd27\u00a0<strong>Travailleurs<\/strong>\u00a0en utilisant\u00a0<strong>outils \u00e9lectriques<\/strong>\u00a0ou\u00a0<strong>grandes machines<\/strong>.<\/li>\n<li>\ud83c\udfed\u00a0<strong>Usines<\/strong>\u00a0avec\u00a0<strong>huile, eau<\/strong>ou\u00a0<strong>zones chaudes\/froides<\/strong>.<\/li>\n<\/ul>\n<hr \/>\n<h3 id=\"-product-details-simple-table-\"><strong>D\u00e9tails du produit (tableau simple)<\/strong><\/h3>\n<table style=\"height: 173px;\" width=\"529\">\n<thead>\n<tr>\n<th><strong>Fonctionnalit\u00e9<\/strong><\/th>\n<th><strong>Pourquoi c'est important<\/strong><\/th>\n<\/tr>\n<\/thead>\n<tbody>\n<tr>\n<td><strong>600V Puissance<\/strong><\/td>\n<td>Poign\u00e9es\u00a0<strong>gros appareils<\/strong>\u00a0comme\u00a0<strong>cuisini\u00e8res \u00e9lectriques<\/strong>.<\/td>\n<\/tr>\n<tr>\n<td><strong>Fils de cuivre<\/strong><\/td>\n<td><strong>Fort<\/strong>\u00a0et\u00a0<strong>bendy<\/strong> (dure longtemps).<\/td>\n<\/tr>\n<tr>\n<td><strong>Veste noire<\/strong><\/td>\n<td><strong>L'huile, l'eau et le soleil ne l'endommagent pas.<\/strong>.<\/td>\n<\/tr>\n<tr>\n<td><strong>Fonctionne de -50\u00b0C \u00e0 105\u00b0C<\/strong><\/td>\n<td><strong>Utilisation \u00e0 l'int\u00e9rieur ou \u00e0 l'ext\u00e9rieur<\/strong>-Chaud ou froid !<\/td>\n<\/tr>\n<tr>\n<td><strong>S\u00e9curit\u00e9 sans feu<\/strong><\/td>\n<td><strong>FT2 a not\u00e9<\/strong>-ne propage pas les flammes.<\/td>\n<\/tr>\n<\/tbody>\n<\/table>\n<hr \/>\n<h3 id=\"-where-can-you-use-it-\"><strong>O\u00f9 pouvez-vous l'utiliser ?<\/strong><\/h3>\n<h4 id=\"-1-kitchen-appliances-\"><strong>1. \ud83c\udf73 Cuisine et appareils \u00e9lectrom\u00e9nagers<\/strong><\/h4>\n<ul>\n<li>Parfait pour\u00a0<strong>cuisini\u00e8res, fours et fourneaux \u00e9lectriques<\/strong>.<\/li>\n<li><strong>Fiches \u00e0 4 broches<\/strong>\u00a0s'adaptent \u00e0 la plupart des installations domestiques.<\/li>\n<\/ul>\n<h4 id=\"-2-tools-machines-\"><strong>2. \ud83d\udee0\ufe0f Outils et machines<\/strong><\/h4>\n<ul>\n<li>Id\u00e9al pour\u00a0<strong>les outils \u00e9lectriques, les g\u00e9n\u00e9rateurs et les moteurs<\/strong>.<\/li>\n<li><strong>R\u00e9sistant \u00e0 l'huile<\/strong>\u00a0pour les garages et les ateliers.<\/li>\n<\/ul>\n<h4 id=\"-3-outdoor-tough-jobs-\"><strong>3. \ud83c\udf27\ufe0f Outdoor &amp; Tough Jobs<\/strong><\/h4>\n<ul>\n<li><strong>Imperm\u00e9able \u00e0 l'eau<\/strong>\u00a0pour\u00a0<strong>chantiers de construction<\/strong>.<\/li>\n<li><strong>R\u00e9sistant \u00e0 la lumi\u00e8re du soleil<\/strong>\u00a0pour une utilisation ext\u00e9rieure \u00e0 long terme.<\/li>\n<\/ul>\n<hr \/>\n<h3 id=\"-5-big-reasons-to-buy-\"><strong>5 grandes raisons d'acheter<\/strong><\/h3>\n<ol>\n<li><strong>Tr\u00e8s s\u00fbr<\/strong> - Ne s'enflamme pas (class\u00e9 FT2).<\/li>\n<li><strong>Flexible et solide<\/strong> - Facile \u00e0 plier, difficile \u00e0 casser.<\/li>\n<li><strong>Fonctionne partout<\/strong>\u00a0- De\u00a0<strong>De -50\u00b0C \u00e0 105\u00b0C<\/strong>.<\/li>\n<li><strong>Pas de d\u00e9g\u00e2ts d'huile ou d'eau<\/strong> - Id\u00e9al pour les endroits en d\u00e9sordre.<\/li>\n<li><strong>Certifi\u00e9 et de confiance<\/strong>\u00a0-\u00a0<strong>Approuv\u00e9 par UL, CSA et MSHA<\/strong>.<\/li>\n<\/ol>","protected":false},"excerpt":{"rendered":"<p>Item\uff1aSEOOW<\/p>\n<div>\n<p class=\"lableName\">Certification du produit : UL<\/p>\n<\/div>\n<div>\n<p class=\"lableName\"><strong>Param\u00e8tres de base\uff1a<\/strong><\/p>\n<\/div>\n<div>\n<ul>\n<li class=\"lableName\">Tension nominale 600V<\/li>\n<\/ul>\n<\/div>\n<div>\n<ul>\n<li class=\"lableName\">Temp\u00e9rature de travail : 105\u2103<\/li>\n<\/ul>\n<\/div>\n<div>\n<ul>\n<li class=\"lableName\">Norme ex\u00e9cutive : UL 62<\/li>\n<\/ul>\n<\/div>\n<div>\n<p class=\"lableName\"><strong>Structure du conducteur\uff1a<\/strong><\/p>\n<\/div>\n<div>\n<ul>\n<li class=\"lableName\"><span class=\"lableName\">Mat\u00e9riau du conducteur\uff1a<\/span>\u00a0Cuivre toronn\u00e9 nu<\/li>\n<\/ul>\n<\/div>\n<div>\n<ul>\n<li class=\"lableName\">Mat\u00e9riau d'isolation : PVC<\/li>\n<\/ul>\n<\/div>\n<div>\n<ul>\n<li class=\"lableName\">Mat\u00e9riau de la gaine\uff1a PVC<\/li>\n<\/ul>\n<\/div>","protected":false},"featured_media":1854,"template":"","meta":[],"product_brand":[],"product_cat":[40],"product_tag":[],"class_list":{"0":"post-1853","1":"product","2":"type-product","3":"status-publish","4":"has-post-thumbnail","6":"product_cat-pvc-cable","8":"first","9":"instock","10":"shipping-taxable","11":"product-type-simple"},"_links":{"self":[{"href":"https:\/\/rifengcable.com\/fr\/wp-json\/wp\/v2\/product\/1853","targetHints":{"allow":["GET"]}}],"collection":[{"href":"https:\/\/rifengcable.com\/fr\/wp-json\/wp\/v2\/product"}],"about":[{"href":"https:\/\/rifengcable.com\/fr\/wp-json\/wp\/v2\/types\/product"}],"wp:featuredmedia":[{"embeddable":true,"href":"https:\/\/rifengcable.com\/fr\/wp-json\/wp\/v2\/media\/1854"}],"wp:attachment":[{"href":"https:\/\/rifengcable.com\/fr\/wp-json\/wp\/v2\/media?parent=1853"}],"wp:term":[{"taxonomy":"product_brand","embeddable":true,"href":"https:\/\/rifengcable.com\/fr\/wp-json\/wp\/v2\/product_brand?post=1853"},{"taxonomy":"product_cat","embeddable":true,"href":"https:\/\/rifengcable.com\/fr\/wp-json\/wp\/v2\/product_cat?post=1853"},{"taxonomy":"product_tag","embeddable":true,"href":"https:\/\/rifengcable.com\/fr\/wp-json\/wp\/v2\/product_tag?post=1853"}],"curies":[{"name":"wp","href":"https:\/\/api.w.org\/{rel}","templated":true}]}}