{"id":1846,"date":"2025-03-04T07:39:54","date_gmt":"2025-03-04T07:39:54","guid":{"rendered":"https:\/\/rifengcable.com\/?post_type=product&#038;p=1846"},"modified":"2025-06-05T06:53:38","modified_gmt":"2025-06-05T06:53:38","slug":"fire-rated-electrical-cable","status":"publish","type":"product","link":"https:\/\/rifengcable.com\/fr\/manufacturer\/fire-rated-electrical-cable\/","title":{"rendered":"C\u00e2ble \u00e9lectrique LIYCY"},"content":{"rendered":"<h1 id=\"-fire-rated-electrical-cables-stay-safe-in-emergencies-\"><strong>C\u00e2bles \u00e9lectriques - Soyez en s\u00e9curit\u00e9 en cas d'urgence<\/strong><\/h1>\n<h2 id=\"-what-are-fire-rated-cables-\"><strong>Qu'est-ce qu'un c\u00e2ble \u00e9lectrique ?<\/strong><\/h2>\n<p id=\"-what-are-fire-rated-cables-\"><strong>C\u00e2bles \u00e9lectriques<\/strong> continuer \u00e0 travailler <strong>m\u00eame en cas d'incendie<\/strong>. Les fils normaux fondent et coupent l'alimentation\u00a0<strong>lumi\u00e8res, alarmes et ventilateurs<\/strong>. Mais\u00a0<strong>fils r\u00e9sistant au feu<\/strong> durer plus longtemps pour assurer la s\u00e9curit\u00e9 des personnes.<\/p>\n<hr \/>\n<h2 id=\"-why-you-need-fireproof-cables-\"><strong>Pourquoi avez-vous besoin de c\u00e2bles ignifug\u00e9s ?<\/strong><\/h2>\n<p>\u2714\u00a0<strong>Sauver des vies<\/strong> - Aide les personnes \u00e0 s'\u00e9chapper et les pompiers \u00e0 travailler \u2714 <strong>Pas de coupure d'\u00e9lectricit\u00e9<\/strong>\u00a0- Reste en place pendant\u00a0<strong>30 minutes \u00e0 2 heures<\/strong> dans les incendies \u2714\u00a0<strong>Fum\u00e9e s\u00fbre<\/strong>\u00a0-\u00a0<strong>Peu de fum\u00e9e, pas de gaz toxique<\/strong> (LSZH) \u2714\u00a0<strong>Fils solides<\/strong>\u00a0-\u00a0<strong>600V \u00e0 1000V<\/strong>\u00a0puissance, \u00e9paisseur\u00a0<strong>14 AWG \u00e0 500 MCM<\/strong> taille \u2714\u00a0<strong>Installation facile<\/strong>\u00a0- S'adapte \u00e0 la normale\u00a0<strong>conduits<\/strong>pas d'outils sp\u00e9ciaux<\/p>\n<hr \/>\n<h2 id=\"-key-features-table-\"><strong>Tableau des caract\u00e9ristiques principales<\/strong><\/h2>\n<table>\n<thead>\n<tr>\n<th><strong>Fonctionnalit\u00e9<\/strong><\/th>\n<th><strong>D\u00e9tails<\/strong><\/th>\n<\/tr>\n<\/thead>\n<tbody>\n<tr>\n<td><strong>Temps de feu<\/strong><\/td>\n<td>30 minutes (E30) \u00e0 2 heures (PH120)<\/td>\n<\/tr>\n<tr>\n<td><strong>Tension<\/strong><\/td>\n<td>600V et 1000V<\/td>\n<\/tr>\n<tr>\n<td><strong>Taille des fils<\/strong><\/td>\n<td>14 AWG (fin) \u00e0 500 MCM (tr\u00e8s \u00e9pais)<\/td>\n<\/tr>\n<tr>\n<td><strong>\u00c9tiquettes de s\u00e9curit\u00e9<\/strong><\/td>\n<td>UL44, BASEC, LPCB<\/td>\n<\/tr>\n<tr>\n<td><strong>Utilis\u00e9 en<\/strong><\/td>\n<td>Alarmes, h\u00f4pitaux, tunnels<\/td>\n<\/tr>\n<\/tbody>\n<\/table>\n<hr \/>\n<h2 id=\"-where-to-use-these-cables-\"><strong>O\u00f9 utiliser ces c\u00e2bles<\/strong><\/h2>\n<h3 id=\"-1-emergency-lights-alarms-\"><strong>1. Lumi\u00e8res et alarmes d'urgence<\/strong><\/h3>\n<p>Conserve\u00a0<strong>panneaux de sortie lumineux<\/strong>\u00a0et\u00a0<strong>alarmes incendie bruyantes<\/strong> pendant les incendies.<\/p>\n<h3 id=\"-2-hospitals-airports-\"><strong>2. H\u00f4pitaux et a\u00e9roports<\/strong><\/h3>\n<p>Critique\u00a0<strong>les machines de maintien en vie restent activ\u00e9es<\/strong> en cas d'urgence.<\/p>\n<h3 id=\"-3-tunnels-trains-\"><strong>3. Tunnels et trains<\/strong><\/h3>\n<p>Emp\u00eache\u00a0<strong>pannes d'\u00e9lectricit\u00e9<\/strong> dans les m\u00e9tros (s\u00e9curit\u00e9 NFPA 130).<\/p>\n<h3 id=\"-4-tall-buildings-\"><strong>4. B\u00e2timents de grande taille<\/strong><\/h3>\n<p>Fils\u00a0<strong>dans les ascenseurs et les escaliers<\/strong> travaillent encore dans les incendies.<\/p>\n<hr \/>\n<h2 id=\"-types-of-fireproof-cables-\"><strong>Types de c\u00e2bles ignifug\u00e9s<\/strong><\/h2>\n<p>\ud83d\udd39\u00a0<strong>PH30\/PH60\/PH120<\/strong>\u00a0- Dur\u00e9e de vie\u00a0<strong>30\/60\/120 minutes<\/strong> (BASEC s\u00fbr)<\/p>\n<p>\ud83d\udd39\u00a0<strong>FE180<\/strong>\u00a0- Travaux\u00a0<strong>3 heures<\/strong> (super fort)<\/p>\n<p>\ud83d\udd39\u00a0<strong>E30-E90<\/strong>\u00a0-\u00a0<strong>30-90 minutes<\/strong> alimentation de secours<\/p>\n<p>\ud83d\udd39\u00a0<strong>RHW-2\/RHH<\/strong>\u00a0- Robuste\u00a0<strong>600V-1000V<\/strong> fils<\/p>\n<hr \/>\n<h2 id=\"-easy-installation-\"><strong>Installation facile<\/strong><\/h2>\n<p>\u2705 Convient\u00a0<strong>tuyaux de conduits standard<\/strong> (sans frais suppl\u00e9mentaires)<\/p>\n<p>\u2705 <strong>\u00c9pissures autoris\u00e9es<\/strong> - Connecter les fils en toute s\u00e9curit\u00e9<\/p>\n<p>\u2705\u00a0<strong>M\u00eames outils<\/strong> comme les fils ordinaires<\/p>\n<p>Pour\u00a0<strong>lignes directrices pour les conduits ignifug\u00e9s<\/strong>Consultez nos conseils en mati\u00e8re de s\u00e9curit\u00e9 \u00e9lectrique.<\/p>\n<hr \/>\n<h2 id=\"-certified-safe-\"><strong>Certifi\u00e9 et s\u00fbr<\/strong><\/h2>\n<p>\u2714\u00a0<strong>UL 2196<\/strong>\u00a0test\u00e9 -\u00a0<strong>R\u00e9sistance au feu de 2 heures<\/strong><\/p>\n<p>\u2714 <strong>NFPA 70, 101, 130<\/strong> - R\u00e8gles am\u00e9ricaines en mati\u00e8re d'incendie<\/p>\n<p>\u2714\u00a0<strong>Z\u00e9ro halog\u00e8ne<\/strong>\u00a0-\u00a0<strong>Pas de fum\u00e9e toxique<\/strong><\/p>\n<hr \/>\n<h2 id=\"-need-help-\"><strong>Besoin d'aide ?<\/strong><\/h2>\n<p>Ces fils sont\u00a0<strong>plus intelligent que les c\u00e2bles min\u00e9raux<\/strong>\u00a0et\u00a0<strong>moins cher aussi<\/strong>.<\/p>\n<p>\ud83d\udd17\u00a0<strong>En savoir plus<\/strong>: Guide de c\u00e2blage des alarmes incendie \ud83d\udd17\u00a0<strong>Comparer les prix<\/strong>: Budget c\u00e2bles \u00e0 s\u00e9curit\u00e9 incendie \ud83d\udd17\u00a0<strong>L'aide d'un expert<\/strong>: Demander \u00e0 un \u00e9lectricien<\/p>\n<p><strong>Prot\u00e9gez des vies d\u00e8s aujourd'hui - choisissez des c\u00e2bles ignifug\u00e9s !<\/strong><\/p>","protected":false},"excerpt":{"rendered":"<p>Article\uff1aLIYCY<\/p>\n<div>\n<p class=\"lableName\">Certification du produit : VDE<\/p>\n<\/div>\n<div>\n<p class=\"lableName\"><strong>Param\u00e8tres de base\uff1a<\/strong><\/p>\n<\/div>\n<div>\n<ul>\n<li class=\"lableName\">Tension nominale 300\/500V<\/li>\n<\/ul>\n<\/div>\n<div>\n<ul>\n<li class=\"lableName\">Temp\u00e9rature de fonctionnement nominale : -30~70\u2103<\/li>\n<\/ul>\n<\/div>\n<div>\n<ul>\n<li class=\"lableName\">Norme ex\u00e9cutive : JB\/T 8735<\/li>\n<\/ul>\n<\/div>\n<div>\n<p class=\"lableName\"><strong>Structure du conducteur\uff1a<\/strong><\/p>\n<\/div>\n<div>\n<ul>\n<li class=\"lableName\"><span class=\"lableName\">Mat\u00e9riau du conducteur\uff1a<\/span>\u00a0Cuivre toronn\u00e9 nu<\/li>\n<\/ul>\n<\/div>\n<div>\n<ul>\n<li class=\"lableName\">Mat\u00e9riau d'isolation : PVC<\/li>\n<\/ul>\n<\/div>\n<div>\n<ul>\n<li class=\"lableName\">Mat\u00e9riau de la gaine\uff1a PVC<\/li>\n<\/ul>\n<\/div>","protected":false},"featured_media":2296,"template":"","meta":[],"product_brand":[],"product_cat":[40],"product_tag":[],"class_list":{"0":"post-1846","1":"product","2":"type-product","3":"status-publish","4":"has-post-thumbnail","6":"product_cat-pvc-cable","8":"first","9":"instock","10":"shipping-taxable","11":"product-type-simple"},"_links":{"self":[{"href":"https:\/\/rifengcable.com\/fr\/wp-json\/wp\/v2\/product\/1846","targetHints":{"allow":["GET"]}}],"collection":[{"href":"https:\/\/rifengcable.com\/fr\/wp-json\/wp\/v2\/product"}],"about":[{"href":"https:\/\/rifengcable.com\/fr\/wp-json\/wp\/v2\/types\/product"}],"wp:featuredmedia":[{"embeddable":true,"href":"https:\/\/rifengcable.com\/fr\/wp-json\/wp\/v2\/media\/2296"}],"wp:attachment":[{"href":"https:\/\/rifengcable.com\/fr\/wp-json\/wp\/v2\/media?parent=1846"}],"wp:term":[{"taxonomy":"product_brand","embeddable":true,"href":"https:\/\/rifengcable.com\/fr\/wp-json\/wp\/v2\/product_brand?post=1846"},{"taxonomy":"product_cat","embeddable":true,"href":"https:\/\/rifengcable.com\/fr\/wp-json\/wp\/v2\/product_cat?post=1846"},{"taxonomy":"product_tag","embeddable":true,"href":"https:\/\/rifengcable.com\/fr\/wp-json\/wp\/v2\/product_tag?post=1846"}],"curies":[{"name":"wp","href":"https:\/\/api.w.org\/{rel}","templated":true}]}}