{"id":1825,"date":"2025-03-04T03:27:12","date_gmt":"2025-03-04T03:27:12","guid":{"rendered":"https:\/\/rifengcable.com\/?post_type=product&#038;p=1825"},"modified":"2025-05-02T06:58:04","modified_gmt":"2025-05-02T06:58:04","slug":"rv-electrical-cable","status":"publish","type":"product","link":"https:\/\/rifengcable.com\/fr\/manufacturer\/rv-electrical-cable\/","title":{"rendered":"C\u00e2ble \u00e9lectrique pour VR SJOOW"},"content":{"rendered":"<h1 id=\"-rv-power-cords-heavy-duty-cables-for-camping-2025-guide-\"><strong>C\u00e2bles d'alimentation pour v\u00e9hicules r\u00e9cr\u00e9atifs - C\u00e2bles robustes pour le camping (Guide 2025)<\/strong><\/h1>\n<p>Besoin d'\u00e9lectricit\u00e9 pour votre v\u00e9hicule r\u00e9cr\u00e9atif ? Nos cordons d'alimentation de 30 et 50 amp\u00e8res vous permettent de disposer d'une \u00e9lectricit\u00e9 s\u00fbre et puissante n'importe o\u00f9. Fini les batteries \u00e0 plat et le courant faible !<\/p>\n<hr \/>\n<h2 id=\"-quick-rv-cord-facts-\"><strong>\u26a1 Quelques faits sur le cordon d'alimentation des v\u00e9hicules r\u00e9cr\u00e9atifs<\/strong><\/h2>\n<p><strong>Le meilleur pour votre v\u00e9hicule r\u00e9cr\u00e9atif :<\/strong>\u00a0\u2705\u00a0<strong>C\u00e2bles de 30 amp\u00e8res<\/strong>\u00a0- Bon pour\u00a0<strong>les v\u00e9hicules de loisirs de petite et moyenne taille<\/strong> (1 climatiseur) \u2705\u00a0<strong>C\u00e2bles de 50 amp\u00e8res<\/strong>\u00a0- Meilleur pour\u00a0<strong>grands v\u00e9hicules r\u00e9cr\u00e9atifs<\/strong> (2+ climatiseurs) \u2705\u00a0<strong>Tous les c\u00e2bles ont :<\/strong><\/p>\n<ul>\n<li><strong>Serrure r\u00e9sistante aux intemp\u00e9ries<\/strong> (pas de d\u00e9g\u00e2ts dus \u00e0 la pluie)<\/li>\n<li><strong>Certifi\u00e9 UL<\/strong> (pas d'incendie)<\/li>\n<li><strong>C\u00e2blage en cuivre pr\u00eat pour 2025<\/strong> (flux d'\u00e9nergie important)<\/li>\n<\/ul>\n<hr \/>\n<h2 id=\"-rv-power-cord-types-\"><strong>\ud83d\udd0c Types de cordons d'alimentation pour v\u00e9hicules de loisirs<\/strong><\/h2>\n<table style=\"height: 141px;\" width=\"491\">\n<thead>\n<tr>\n<th><strong>Fonctionnalit\u00e9<\/strong><\/th>\n<th><strong>C\u00e2ble de 30 amp\u00e8res<\/strong><\/th>\n<th><strong>C\u00e2ble de 50 amp\u00e8res<\/strong><\/th>\n<\/tr>\n<\/thead>\n<tbody>\n<tr>\n<td><strong>\u00c9paisseur du fil<\/strong><\/td>\n<td>Calibre 10 (\u00e9pais)<\/td>\n<td>Calibre 6\/8 (tr\u00e8s \u00e9pais)<\/td>\n<\/tr>\n<tr>\n<td><strong>Capacit\u00e9 de puissance<\/strong><\/td>\n<td>3600 watts<\/td>\n<td>12 500 watts<\/td>\n<\/tr>\n<tr>\n<td><strong>Choix de la longueur<\/strong><\/td>\n<td>25ft ou 50ft<\/td>\n<td>25ft seulement<\/td>\n<\/tr>\n<tr>\n<td><strong>Meilleur pour<\/strong><\/td>\n<td>Voyages de fin de semaine<\/td>\n<td>Vivre \u00e0 plein temps dans un camping-car<\/td>\n<\/tr>\n<\/tbody>\n<\/table>\n<p><strong>Pourquoi c'est important :<\/strong><\/p>\n<ul>\n<li>Fil plus \u00e9pais (num\u00e9ro de calibre inf\u00e9rieur) =\u00a0<strong>plus de puissance s\u00e9curit\u00e9<\/strong><\/li>\n<li>Cordons plus longs (50ft) =\u00a0<strong>meilleur acc\u00e8s au camping<\/strong><\/li>\n<\/ul>\n<hr \/>\n<h2 id=\"-where-to-use-your-rv-cable-\"><strong>\ud83d\udee0\ufe0f O\u00f9 utiliser votre c\u00e2ble pour camping-car<\/strong><\/h2>\n<p><strong>Ces cordons fonctionnent pour :<\/strong><\/p>\n<ul>\n<li><strong>Branchements \u00e9lectriques au camping<\/strong> (le plus fr\u00e9quent)<\/li>\n<li><strong>Boondocking avec un groupe \u00e9lectrog\u00e8ne<\/strong> (alimentation hors r\u00e9seau)<\/li>\n<li><strong>Sauvegarde d'urgence \u00e0 domicile<\/strong> (en cas de panne de courant)<\/li>\n<\/ul>\n<p><strong>Conseil de pro :<\/strong>\u00a0Utilisez toujours le\u00a0<strong>fiche d'adaptation droite<\/strong>\u00a0pour diff\u00e9rents d\u00e9bouch\u00e9s.<\/p>\n<hr \/>\n<h2 id=\"-why-safety-matters-\"><strong>\ud83d\udd12 Pourquoi la s\u00e9curit\u00e9 est importante<\/strong><\/h2>\n<p>Nos c\u00e2bles sont : \u2714\u00a0<strong>Homologu\u00e9 UL 62 et CSA<\/strong> - Ne s'enflamme pas \u2714\u00a0<strong>Anneau de verrouillage r\u00e9sistant aux intemp\u00e9ries<\/strong> - Reste sec en cas de temp\u00eate \u2714\u00a0<strong>Veste ignifug\u00e9e<\/strong> - S\u00e9curit\u00e9 \u00e0 proximit\u00e9 des feux de camp<\/p>\n<p><strong>Attention aux cordons bon march\u00e9 !<\/strong> Ils peuvent surchauffer ou fondre s'ils sont surcharg\u00e9s.<\/p>\n<hr \/>\n<h2 id=\"-ready-to-buy-\"><strong>\ud83d\ude9a Pr\u00eat \u00e0 acheter ?<\/strong><\/h2>\n<p><strong>Choisissez votre c\u00e2ble :<\/strong>\u00a0\ud83d\udd39\u00a0<strong>Cordon d'alimentation de 30 amp\u00e8res<\/strong>\u00a0- Id\u00e9al pour la plupart des VR \ud83d\udd39\u00a0<strong>Cordon d'alimentation de 50 amp\u00e8res<\/strong>\u00a0- Id\u00e9al pour les grands v\u00e9hicules de loisirs ayant besoin de beaucoup d'\u00e9nergie<\/p>\n<p><strong>Tous les cordons sont inclus :<\/strong><\/p>\n<ul>\n<li><strong>Garantie de 2 ans<\/strong><\/li>\n<li><strong>Livraison gratuite<\/strong><\/li>\n<li><strong>Assistance 24\/7<\/strong><\/li>\n<\/ul>\n<p><strong>\u26a0\ufe0f Se souvenir :<\/strong>\u00a0V\u00e9rifiez toujours les besoins en \u00e9nergie de votre v\u00e9hicule r\u00e9cr\u00e9atif avant de l'acheter !<\/p>\n<hr \/>\n<h2 id=\"-rv-power-faqs-\"><strong>\u2753 FAQ sur l'alimentation des v\u00e9hicules de loisirs<\/strong><\/h2>\n<p><strong>Q : Puis-je utiliser un cordon de 30 amp\u00e8res pour un grand v\u00e9hicule r\u00e9cr\u00e9atif ?<\/strong>\u00a0A :\u00a0<strong>Non !<\/strong>\u00a0Les grands v\u00e9hicules de loisirs ont besoin\u00a0<strong>Puissance de 50 amp\u00e8res<\/strong> pour la s\u00e9curit\u00e9.<\/p>\n<p><strong>Q : Quelle est la meilleure longueur ?<\/strong>\u00a0A :\u00a0<strong>25ft-50ft<\/strong> fonctionne pour la plupart des terrains de camping.<\/p>\n<p><strong>Q : Ces produits sont-ils adapt\u00e9s au froid ?<\/strong>\u00a0A :\u00a0<strong>Oui !<\/strong>\u00a0Construit pour\u00a0<strong>toutes les saisons<\/strong>.<\/p>","protected":false},"excerpt":{"rendered":"<p>Article\uff1aSJOOW<\/p>\n<div>\n<p class=\"lableName\">Certification du produit : UL<\/p>\n<\/div>\n<div>\n<p class=\"lableName\"><strong>Param\u00e8tres de base\uff1a<\/strong><\/p>\n<\/div>\n<div>\n<ul>\n<li class=\"lableName\">Tension nominale 600V<\/li>\n<\/ul>\n<\/div>\n<div>\n<ul>\n<li class=\"lableName\">Temp\u00e9rature de travail : 105\u2103<\/li>\n<\/ul>\n<\/div>\n<div>\n<ul>\n<li class=\"lableName\">Norme ex\u00e9cutive : UL 62<\/li>\n<\/ul>\n<\/div>\n<div>\n<p class=\"lableName\"><strong>Structure du conducteur\uff1a<\/strong><\/p>\n<\/div>\n<div>\n<ul>\n<li class=\"lableName\"><span class=\"lableName\">Mat\u00e9riau du conducteur\uff1a<\/span>\u00a0Cuivre toronn\u00e9 nu<\/li>\n<\/ul>\n<\/div>\n<div>\n<ul>\n<li class=\"lableName\">Mat\u00e9riau d'isolation : PVC<\/li>\n<\/ul>\n<\/div>\n<div>\n<ul>\n<li class=\"lableName\">Mat\u00e9riau de la gaine\uff1a PVC<\/li>\n<\/ul>\n<\/div>","protected":false},"featured_media":1826,"template":"","meta":[],"product_brand":[],"product_cat":[40],"product_tag":[],"class_list":{"0":"post-1825","1":"product","2":"type-product","3":"status-publish","4":"has-post-thumbnail","6":"product_cat-pvc-cable","8":"first","9":"instock","10":"shipping-taxable","11":"product-type-simple"},"_links":{"self":[{"href":"https:\/\/rifengcable.com\/fr\/wp-json\/wp\/v2\/product\/1825","targetHints":{"allow":["GET"]}}],"collection":[{"href":"https:\/\/rifengcable.com\/fr\/wp-json\/wp\/v2\/product"}],"about":[{"href":"https:\/\/rifengcable.com\/fr\/wp-json\/wp\/v2\/types\/product"}],"wp:featuredmedia":[{"embeddable":true,"href":"https:\/\/rifengcable.com\/fr\/wp-json\/wp\/v2\/media\/1826"}],"wp:attachment":[{"href":"https:\/\/rifengcable.com\/fr\/wp-json\/wp\/v2\/media?parent=1825"}],"wp:term":[{"taxonomy":"product_brand","embeddable":true,"href":"https:\/\/rifengcable.com\/fr\/wp-json\/wp\/v2\/product_brand?post=1825"},{"taxonomy":"product_cat","embeddable":true,"href":"https:\/\/rifengcable.com\/fr\/wp-json\/wp\/v2\/product_cat?post=1825"},{"taxonomy":"product_tag","embeddable":true,"href":"https:\/\/rifengcable.com\/fr\/wp-json\/wp\/v2\/product_tag?post=1825"}],"curies":[{"name":"wp","href":"https:\/\/api.w.org\/{rel}","templated":true}]}}