{"id":1822,"date":"2025-03-04T03:13:00","date_gmt":"2025-03-04T03:13:00","guid":{"rendered":"https:\/\/rifengcable.com\/?post_type=product&#038;p=1822"},"modified":"2025-04-25T07:06:49","modified_gmt":"2025-04-25T07:06:49","slug":"armoured-electrical-cable-se","status":"publish","type":"product","link":"https:\/\/rifengcable.com\/fr\/manufacturer\/armoured-electrical-cable-se\/","title":{"rendered":"C\u00e2ble \u00e9lectrique arm\u00e9 SE"},"content":{"rendered":"<h1 id=\"-armoured-electrical-cable-strong-power-safe-use-\"><strong>C\u00e2ble \u00e9lectrique blind\u00e9 - Puissance \u00e9lev\u00e9e, utilisation s\u00fbre<\/strong><\/h1>\n<h3 id=\"-what-is-armoured-electrical-cable-\"><strong>Qu'est-ce qu'un c\u00e2ble \u00e9lectrique arm\u00e9 ?<\/strong><\/h3>\n<p><strong>C\u00e2ble \u00e9lectrique arm\u00e9<\/strong>\u00a0est un\u00a0<strong>fil solide<\/strong>\u00a0avec un\u00a0<strong>bouclier m\u00e9tallique<\/strong>. Le m\u00e9tal le maintient\u00a0<strong>s\u00fbr<\/strong>\u00a0des dommages. Il fonctionne en\u00a0<strong>lieux difficiles<\/strong> comme les usines, les routes et les fermes solaires.<\/p>\n<h4 id=\"-why-pick-armoured-cable-\"><strong>Pourquoi choisir un c\u00e2ble arm\u00e9 ?<\/strong><\/h4>\n<ul>\n<li><strong>Fort :<\/strong> L'armure m\u00e9tallique arr\u00eate les coupures, les coups et les intemp\u00e9ries.<\/li>\n<li><strong>S\u00fbr :<\/strong>\u00a0Travaux en\u00a0<strong>chaud<\/strong>,\u00a0<strong>froid<\/strong>et\u00a0<strong>humide<\/strong> les lieux (s'ils sont \u00e9tanches).<\/li>\n<li><strong>Longue dur\u00e9e de vie :<\/strong>\u00a0Dur\u00e9e de vie\u00a0<strong>25 ans et plus<\/strong>.<\/li>\n<li><strong>\u00c9conomiser de l'argent :<\/strong> Moins de r\u00e9parations que les fils normaux.<\/li>\n<\/ul>\n<hr \/>\n<h2 id=\"-key-stuff-to-know-simple-table-\"><strong>Ce qu'il faut savoir (tableau simple)<\/strong><\/h2>\n<table>\n<thead>\n<tr>\n<th><strong>Fonctionnalit\u00e9<\/strong><\/th>\n<th><strong>D\u00e9tails<\/strong><\/th>\n<\/tr>\n<\/thead>\n<tbody>\n<tr>\n<td><strong>Types de m\u00e9taux<\/strong><\/td>\n<td>Acier, aluminium<\/td>\n<\/tr>\n<tr>\n<td><strong>Tailles (AWG)<\/strong><\/td>\n<td>18 \u00e0 4\/0 (fils \u00e9pais pour une grande puissance)<\/td>\n<\/tr>\n<tr>\n<td><strong>S\u00e9curit\u00e9 incendie<\/strong><\/td>\n<td>Oui (isolation PVC\/XLPE)<\/td>\n<\/tr>\n<tr>\n<td><strong>Lieux humides<\/strong><\/td>\n<td>Seulement\u00a0<strong>Types MC ou UF<\/strong> (les c\u00e2bles BX standard ne peuvent pas \u00eatre utilis\u00e9s dans l'eau)<\/td>\n<\/tr>\n<tr>\n<td><strong>Tension Puissance<\/strong><\/td>\n<td>600V<\/td>\n<\/tr>\n<\/tbody>\n<\/table>\n<hr \/>\n<h3 id=\"-where-to-use-armoured-cable-\"><strong>O\u00f9 utiliser le c\u00e2ble arm\u00e9 ?<\/strong><\/h3>\n<p>\u2705\u00a0<strong>Usines et mines<\/strong> - Manipule les machines, l'huile et la poussi\u00e8re.<\/p>\n<p>\u2705\u00a0<strong>\u00c9nergie solaire\/\u00e9olienne<\/strong>\u00a0- La s\u00e9curit\u00e9 \u00e0 l'ext\u00e9rieur pour\u00a0<strong>les \u00e9nergies renouvelables<\/strong>.<\/p>\n<p>\u2705\u00a0<strong>Routes et b\u00e2timents<\/strong> - Enfouis sous terre ou \u00e0 l'int\u00e9rieur des murs.<\/p>\n<p>\u2705\u00a0<strong>Centres de donn\u00e9es<\/strong> - Pr\u00e9vient les risques d'incendie.<\/p>\n<p>\ud83d\udeab\u00a0<strong>Ne jamais utiliser dans l'eau<\/strong>\u00a0\u00e0 moins qu'il n'ait\u00a0<strong>Label MC\/UF<\/strong>.<\/p>\n<hr \/>\n<h3 id=\"-how-to-install-easy-steps-\"><strong>Comment l'installer (\u00e9tapes simples)<\/strong><\/h3>\n<ol>\n<li><strong>V\u00e9rifier l'armure<\/strong> - Pas de coupures ni de rouille.<\/li>\n<li><strong>Plier doucement<\/strong> - \u00c9vitez les torsions brusques.<\/li>\n<li><strong>Utiliser les bons outils<\/strong> - Couteaux pour bouclier m\u00e9tallique.<\/li>\n<li><strong>Garder au sec<\/strong>\u00a0- Pour les endroits humides,\u00a0<strong>choisir des c\u00e2bles MC\/UF<\/strong>.<\/li>\n<\/ol>\n<blockquote><p>&nbsp;<\/p><\/blockquote>\n<h2 id=\"-types-compared-\"><strong>Types compar\u00e9s<\/strong><\/h2>\n<table style=\"height: 114px;\" width=\"325\">\n<thead>\n<tr>\n<th>Type<\/th>\n<th>Meilleur pour<\/th>\n<th>Imperm\u00e9able \u00e0 l'eau ?<\/th>\n<\/tr>\n<\/thead>\n<tbody>\n<tr>\n<td><strong>BX (AC)<\/strong><\/td>\n<td>Murs int\u00e9rieurs<\/td>\n<td>\u274c Non<\/td>\n<\/tr>\n<tr>\n<td><strong>MC<\/strong><\/td>\n<td>Lieux humides<\/td>\n<td>\u2705 Oui<\/td>\n<\/tr>\n<tr>\n<td><strong>UF<\/strong><\/td>\n<td>Sous terre<\/td>\n<td>\u2705 Oui<\/td>\n<\/tr>\n<\/tbody>\n<\/table>\n<p>&nbsp;<\/p>\n<h2 id=\"-picking-the-right-cable-\"><strong>Choisir le bon c\u00e2ble<\/strong><\/h2>\n<p><strong>Posez les questions suivantes :<\/strong><\/p>\n<p>\ud83d\udd39\u00a0<strong>1. Int\u00e9rieur ou ext\u00e9rieur ?<\/strong>\u00a0- Choisir\u00a0<strong>MC pour pluie<\/strong>BX pour sec.<\/p>\n<p>\ud83d\udd39\u00a0<strong>2. Grande ou petite puissance ?<\/strong>\u00a0- Fils plus \u00e9pais (4\/0) pour\u00a0<strong>usines<\/strong>.<\/p>\n<p>\ud83d\udd39\u00a0<strong>3. Une vie longue ou courte ?<\/strong>\u00a0-\u00a0<strong>Armure m\u00e9tallique = 25+ ans<\/strong>.<\/p>\n<hr \/>\n<h2 id=\"-why-customers-love-it-\"><strong>Pourquoi les clients l'adorent<\/strong><\/h2>\n<blockquote><p><em>\"Nous utilisons des c\u00e2bles blind\u00e9s dans notre ferme solaire...<strong>pas de rupture en 5 ans<\/strong>!&#8221;<\/em> - Energy Co.\u00a0<em>\"Parfait pour creuser sous terre.\u00a0<strong>Gain de temps et d'argent<\/strong>.&#8221;<\/em> - \u00c9quipe de b\u00e2tisseurs<\/p><\/blockquote>\n<hr \/>\n<h2 id=\"-extra-tips-\"><strong>Conseils suppl\u00e9mentaires<\/strong><\/h2>\n<p>\ud83d\udccc\u00a0<strong>Les \u00e9nergies renouvelables ?<\/strong>\u00a0Les c\u00e2bles blind\u00e9s conviennent le mieux pour\u00a0<strong>fils solaires et \u00e9oliens<\/strong>.<\/p>\n<p>\ud83d\udccc\u00a0<strong>Risque d'incendie ?<\/strong>\u00a0Choisir\u00a0<strong>PVC ignifug\u00e9<\/strong> l'isolation.<\/p>\n<p>\ud83d\udccc\u00a0<strong>Besoin d'options bon march\u00e9 ?<\/strong>\u00a0Les c\u00e2bles BX co\u00fbtent moins cher mais\u00a0<strong>\u00e9viter l'eau !<\/strong><\/p>\n<hr \/>\n<h3 id=\"-summary-\"><strong>R\u00e9sum\u00e9<\/strong><\/h3>\n<p>Les c\u00e2bles \u00e9lectriques arm\u00e9s sont\u00a0<strong>fort<\/strong>,\u00a0<strong>s\u00fbr<\/strong>et\u00a0<strong>durable<\/strong>. Ils travaillent dans :<\/p>\n<ul>\n<li><strong>Usines<\/strong><\/li>\n<li><strong>\u00c9nergie solaire<\/strong><\/li>\n<li><strong>Sous terre<\/strong><\/li>\n<li><strong>B\u00e2timents<\/strong><\/li>\n<\/ul>","protected":false},"excerpt":{"rendered":"<p>Item\uff1aSE<\/p>\n<div>\n<p class=\"lableName\">Certification du produit : UL<\/p>\n<\/div>\n<div>\n<p class=\"lableName\"><strong>Param\u00e8tres de base\uff1a<\/strong><\/p>\n<\/div>\n<div>\n<ul>\n<li class=\"lableName\">Tension nominale 600V<\/li>\n<li class=\"lableName\">La temp\u00e9rature de travail : <span style=\"color: #555555; font-size: 14.4px;\">105\u2103<\/span><\/li>\n<li class=\"lableName\">Standard ex\u00e9cutif :\u00a0<span style=\"color: #555555; font-size: 14.4px;\">UL 62<\/span><\/li>\n<\/ul>\n<\/div>\n<div>\n<p class=\"lableName\"><strong>Structure du conducteur\uff1a<\/strong><\/p>\n<\/div>\n<div>\n<ul>\n<li><span class=\"lableName\">Mat\u00e9riau du conducteur\uff1a<\/span> Cuivre toronn\u00e9 nu<\/li>\n<li>Mat\u00e9riau d'isolation : <span style=\"color: #555555; font-size: 14.4px;\">PVC<\/span><\/li>\n<li>Mati\u00e8re de la veste\uff1a <span style=\"color: #555555; font-size: 14.4px;\">PVC<\/span><\/li>\n<\/ul>\n<p class=\"lableName\"><strong>Application\uff1a<\/strong><\/p>\n<p class=\"labelContent\">Les c\u00e2bles sont utilis\u00e9s comme ligne de raccordement \u00e9lectrique dans les installations \u00e9lectriques, les appareils m\u00e9nagers et les outils \u00e9lectriques.<br \/>\ntension A.C 600V ou inf\u00e9rieure.<\/p>\n<\/div>","protected":false},"featured_media":2238,"template":"","meta":[],"product_brand":[],"product_cat":[40],"product_tag":[],"class_list":{"0":"post-1822","1":"product","2":"type-product","3":"status-publish","4":"has-post-thumbnail","6":"product_cat-pvc-cable","8":"first","9":"instock","10":"shipping-taxable","11":"product-type-simple"},"_links":{"self":[{"href":"https:\/\/rifengcable.com\/fr\/wp-json\/wp\/v2\/product\/1822","targetHints":{"allow":["GET"]}}],"collection":[{"href":"https:\/\/rifengcable.com\/fr\/wp-json\/wp\/v2\/product"}],"about":[{"href":"https:\/\/rifengcable.com\/fr\/wp-json\/wp\/v2\/types\/product"}],"wp:featuredmedia":[{"embeddable":true,"href":"https:\/\/rifengcable.com\/fr\/wp-json\/wp\/v2\/media\/2238"}],"wp:attachment":[{"href":"https:\/\/rifengcable.com\/fr\/wp-json\/wp\/v2\/media?parent=1822"}],"wp:term":[{"taxonomy":"product_brand","embeddable":true,"href":"https:\/\/rifengcable.com\/fr\/wp-json\/wp\/v2\/product_brand?post=1822"},{"taxonomy":"product_cat","embeddable":true,"href":"https:\/\/rifengcable.com\/fr\/wp-json\/wp\/v2\/product_cat?post=1822"},{"taxonomy":"product_tag","embeddable":true,"href":"https:\/\/rifengcable.com\/fr\/wp-json\/wp\/v2\/product_tag?post=1822"}],"curies":[{"name":"wp","href":"https:\/\/api.w.org\/{rel}","templated":true}]}}