{"id":1804,"date":"2025-03-03T08:37:16","date_gmt":"2025-03-03T08:37:16","guid":{"rendered":"https:\/\/rifengcable.com\/?post_type=product&#038;p=1804"},"modified":"2025-04-25T06:26:11","modified_gmt":"2025-04-25T06:26:11","slug":"ev-charging-cable-h07v-k","status":"publish","type":"product","link":"https:\/\/rifengcable.com\/fr\/manufacturer\/ev-charging-cable-h07v-k\/","title":{"rendered":"C\u00e2ble de recharge pour v\u00e9hicules \u00e9lectriques H07V-K"},"content":{"rendered":"<h1 id=\"-electric-vehicle-charging-cable-\"><strong>C\u00e2ble de recharge pour v\u00e9hicules \u00e9lectriques<\/strong><\/h1>\n<p>Rechargez votre voiture \u00e9lectrique rapidement et facilement ! Notre c\u00e2ble de recharge pour v\u00e9hicules \u00e9lectriques fonctionne avec la plupart des voitures \u00e9lectriques et hybrides rechargeables. Il est solide, s\u00fbr et pr\u00eat pour l'avenir.<\/p>\n<hr \/>\n<h2 id=\"-why-choose-our-ev-charging-cable-\"><strong>Pourquoi choisir notre c\u00e2ble de recharge pour VE ?<\/strong><\/h2>\n<p>\u2705\u00a0<strong>Fonctionne partout<\/strong>\u00a0- \u00c0 la maison, au travail ou sur la route.<\/p>\n<p>\u2705\u00a0<strong>Convient \u00e0 la plupart des voitures<\/strong> - Fonctionne avec les fiches H07V-K.<\/p>\n<p>\u2705\u00a0<strong>Chargement rapide<\/strong>\u00a0- Utilisations\u00a0<strong>99,5% cuivre pur<\/strong>\u00a0pour une meilleure puissance.<\/p>\n<p>\u2705\u00a0<strong>Solide et s\u00fbr<\/strong>\u00a0- Imperm\u00e9able et durable.<\/p>\n<p>\u2705\u00a0<strong>Intelligent et pr\u00eat pour l'avenir<\/strong>\u00a0- Fonctionne avec\u00a0<strong>Applications de recharge par l'IA<\/strong>\u00a0et\u00a0<strong>\u00e9nergie solaire<\/strong>.<\/p>\n<hr \/>\n<h2 id=\"-features-benefits-\"><strong>Caract\u00e9ristiques et avantages<\/strong><\/h2>\n<h3 id=\"-1-fast-strong-charging-\"><strong>1. Chargement rapide et puissant<\/strong><\/h3>\n<ul>\n<li>Fabriqu\u00e9 avec\u00a0<strong>cuivre de haute puret\u00e9<\/strong>\u00a0pour un flux d'\u00e9nergie rapide.<\/li>\n<li>Soutien\u00a0<strong>Niveau 1 (110V)<\/strong>\u00a0et\u00a0<strong>Niveau 2 (240V)<\/strong>\u00a0charge.<\/li>\n<li><strong>R\u00e9duit la chaleur<\/strong>\u00a0pour une charge plus s\u00fbre.<\/li>\n<\/ul>\n<h3 id=\"-2-fits-tight-spaces-\"><strong>2. S'adapte aux espaces restreints<\/strong><\/h3>\n<ul>\n<li><strong>Long c\u00e2ble de 23 pieds<\/strong>\u00a0- Parfait pour les petits garages ou les places de parking.<\/li>\n<li>Pas de flexion ni d'effort.<\/li>\n<\/ul>\n<h3 id=\"-3-works-in-all-weather-\"><strong>3. Fonctionne par tous les temps<\/strong><\/h3>\n<ul>\n<li><strong>Qu'il pleuve ou qu'il vente<\/strong>\u00a0- Peut \u00eatre utilis\u00e9 en toute s\u00e9curit\u00e9 \u00e0 l'ext\u00e9rieur.<\/li>\n<li>Pas de rouille ni de dommages.<\/li>\n<\/ul>\n<h3 id=\"-4-smart-charging-\"><strong>4. Chargement intelligent<\/strong><\/h3>\n<ul>\n<li><strong>Applications aliment\u00e9es par l'IA<\/strong>\u00a0aider \u00e0 trouver rapidement les stations de recharge.<\/li>\n<li><strong>Chargement bidirectionnel (V2G\/V2H)<\/strong>\u00a0- Alimentez votre maison avec la batterie de votre voiture !<\/li>\n<\/ul>\n<hr \/>\n<h2 id=\"-perfect-for-these-uses-\"><strong>Parfait pour ces utilisations<\/strong><\/h2>\n<table>\n<thead>\n<tr>\n<th><strong>O\u00f9 ?<\/strong><\/th>\n<th><strong>Pourquoi ?<\/strong><\/th>\n<\/tr>\n<\/thead>\n<tbody>\n<tr>\n<td><strong>Chargement \u00e0 domicile<\/strong><\/td>\n<td>Chargez pendant la nuit, \u00e9conomisez de l'argent et r\u00e9veillez-vous avec une batterie pleine.<\/td>\n<\/tr>\n<tr>\n<td><strong>Voyages en voiture<\/strong><\/td>\n<td>Trouvez rapidement les stations de recharge gr\u00e2ce \u00e0 des cartes aliment\u00e9es par l'IA.<\/td>\n<\/tr>\n<tr>\n<td><strong>Chargement du travail<\/strong><\/td>\n<td>De nombreux bureaux proposent d\u00e9sormais aux employ\u00e9s de recharger leur v\u00e9hicule \u00e9lectrique.<\/td>\n<\/tr>\n<tr>\n<td><strong>\u00c9nergie solaire<\/strong><\/td>\n<td>Fonctionne avec\u00a0<strong>stations aliment\u00e9es par l'\u00e9nergie solaire<\/strong>\u00a0pour l'\u00e9nergie verte.<\/td>\n<\/tr>\n<\/tbody>\n<\/table>\n<hr \/>\n<h2 id=\"-future-ready-technology-\"><strong>Une technologie pr\u00eate pour l'avenir<\/strong><\/h2>\n<p>Nouveau\u00a0<strong>2025 VE<\/strong>\u00a0avoir\u00a0<strong>charge plus rapide<\/strong>. Notre c\u00e2ble est pr\u00eat \u00e0 l'emploi :<\/p>\n<ul>\n<li><strong>Chargement ultra-rapide<\/strong>\u00a0(en minutes et non en heures).<\/li>\n<li><strong>Puissance bidirectionnelle<\/strong>\u00a0(utilisez votre voiture pour alimenter votre maison en \u00e9lectricit\u00e9).<\/li>\n<li><strong>R\u00e9seaux intelligents<\/strong>\u00a0qui \u00e9conomisent l'\u00e9nergie.<\/li>\n<\/ul>\n<hr \/>\n<h2 id=\"-frequently-asked-questions-\"><strong>Questions fr\u00e9quemment pos\u00e9es<\/strong><\/h2>\n<p><strong>\u2753 Fonctionne-t-il avec toutes les voitures \u00e9lectriques ?<\/strong> \u2705 Oui ! Convient aux fiches H07V-K.<\/p>\n<p>\u2753\u00a0<strong>Est-il s\u00fbr sous la pluie ?<\/strong>\u00a0\u2705 Oui !\u00a0<strong>Imperm\u00e9able \u00e0 l'eau<\/strong>\u00a0et r\u00e9sistant aux intemp\u00e9ries.<\/p>\n<p>\u2753\u00a0<strong>Puis-je l'utiliser dans les stations de recharge publiques ?<\/strong>\u00a0Oui ! Fonctionne avec\u00a0<strong>chargeurs rapides et stations domestiques<\/strong>.<\/p>\n<hr \/>\n<h2 id=\"-ready-to-buy-\"><strong>Pr\u00eat \u00e0 acheter ?<\/strong><\/h2>\n<p>\ud83d\ude97\u00a0<strong>Procurez-vous d\u00e8s aujourd'hui votre c\u00e2ble de recharge pour VE et rechargez plus intelligemment !<\/strong><\/p>\n<p>\ud83d\udcde\u00a0<strong>Besoin d'aide ?<\/strong>\u00a0Contactez-nous pour obtenir des conseils d'experts.<\/p>\n<hr \/>\n<h3 id=\"-why-trust-us-\"><strong>Pourquoi nous faire confiance ?<\/strong><\/h3>\n<ul>\n<li><strong>Croissance du march\u00e9 16%<\/strong>\u00a0- Chaque ann\u00e9e, de plus en plus de personnes optent pour les c\u00e2bles EV.<\/li>\n<li><strong>Class\u00e9 en haut de l'\u00e9chelle<\/strong>\u00a0- Appr\u00e9ci\u00e9 par les particuliers et les entreprises.<\/li>\n<li><strong>\u00c0 l'\u00e9preuve du temps<\/strong>\u00a0- Pr\u00eat pour\u00a0<strong>IA, \u00e9nergie solaire et technologie V2G<\/strong>.<\/li>\n<\/ul>","protected":false},"excerpt":{"rendered":"<p class=\"header-vfC6AV auto-hide-last-sibling-br\"><strong>Certification des produits<\/strong><\/p>\n<div class=\"auto-hide-last-sibling-br paragraph-JOTKXA paragraph-element br-paragraph-space\">Ce produit est certifi\u00e9 par la China Compulsory Certification (CCC). Cette certification indique que le produit r\u00e9pond aux exigences obligatoires de s\u00e9curit\u00e9 et de qualit\u00e9 fix\u00e9es par le gouvernement chinois, ce qui garantit sa fiabilit\u00e9 et sa s\u00e9curit\u00e9 d'utilisation sur le march\u00e9.<\/div>\n<p class=\"header-vfC6AV auto-hide-last-sibling-br\"><strong>Param\u00e8tres de base<\/strong><\/p>\n<ul class=\"auto-hide-last-sibling-br\">\n<li><strong>Tension nominale<\/strong>: La tension nominale de ce produit est de 450\/750V.<\/li>\n<li><strong>Temp\u00e9rature de fonctionnement nominale<\/strong>: Le produit est con\u00e7u pour fonctionner \u00e0 une temp\u00e9rature nominale de 70\u2103.<\/li>\n<li><strong>Standard ex\u00e9cutif<\/strong>: Le produit est conforme \u00e0 la norme EN 50525 - 2 - 31.<\/li>\n<\/ul>\n<p class=\"header-vfC6AV auto-hide-last-sibling-br\"><strong>Structure du conducteur<\/strong><\/p>\n<ul class=\"auto-hide-last-sibling-br\">\n<li><strong>Mat\u00e9riau du conducteur<\/strong>: Le conducteur est en cuivre toronn\u00e9 nu de type 5\/2\/1.<\/li>\n<li><strong>Mat\u00e9riau d'isolation<\/strong>: Le chlorure de polyvinyle (PVC) est utilis\u00e9 comme mat\u00e9riau d'isolation.<\/li>\n<\/ul>\n<p class=\"header-vfC6AV auto-hide-last-sibling-br\"><strong>Propri\u00e9t\u00e9s du produit<\/strong><\/p>\n<ol class=\"auto-hide-last-sibling-br\">\n<li><strong>S\u00e9curit\u00e9 ignifuge<\/strong>: Le produit utilise un mat\u00e9riau hautement isolant de qualit\u00e9 V0.<\/li>\n<li><strong>Pr\u00e9vention des fuites \u00e9lectriques<\/strong>: De nouveaux mat\u00e9riaux hautement isolants sont incorpor\u00e9s dans le produit.<\/li>\n<li><strong>Dur\u00e9e de vie prolong\u00e9e et s\u00e9curit\u00e9 accrue<\/strong>: Le produit utilise de nouveaux mat\u00e9riaux anti-vieillissement.<\/li>\n<\/ol>","protected":false},"featured_media":2233,"template":"","meta":[],"product_brand":[],"product_cat":[40],"product_tag":[],"class_list":{"0":"post-1804","1":"product","2":"type-product","3":"status-publish","4":"has-post-thumbnail","6":"product_cat-pvc-cable","8":"first","9":"instock","10":"shipping-taxable","11":"product-type-simple"},"_links":{"self":[{"href":"https:\/\/rifengcable.com\/fr\/wp-json\/wp\/v2\/product\/1804","targetHints":{"allow":["GET"]}}],"collection":[{"href":"https:\/\/rifengcable.com\/fr\/wp-json\/wp\/v2\/product"}],"about":[{"href":"https:\/\/rifengcable.com\/fr\/wp-json\/wp\/v2\/types\/product"}],"wp:featuredmedia":[{"embeddable":true,"href":"https:\/\/rifengcable.com\/fr\/wp-json\/wp\/v2\/media\/2233"}],"wp:attachment":[{"href":"https:\/\/rifengcable.com\/fr\/wp-json\/wp\/v2\/media?parent=1804"}],"wp:term":[{"taxonomy":"product_brand","embeddable":true,"href":"https:\/\/rifengcable.com\/fr\/wp-json\/wp\/v2\/product_brand?post=1804"},{"taxonomy":"product_cat","embeddable":true,"href":"https:\/\/rifengcable.com\/fr\/wp-json\/wp\/v2\/product_cat?post=1804"},{"taxonomy":"product_tag","embeddable":true,"href":"https:\/\/rifengcable.com\/fr\/wp-json\/wp\/v2\/product_tag?post=1804"}],"curies":[{"name":"wp","href":"https:\/\/api.w.org\/{rel}","templated":true}]}}