{"id":1775,"date":"2025-03-03T06:39:13","date_gmt":"2025-03-03T06:39:13","guid":{"rendered":"https:\/\/rifengcable.com\/?post_type=product&#038;p=1775"},"modified":"2025-05-02T06:39:07","modified_gmt":"2025-05-02T06:39:07","slug":"panel-wire","status":"publish","type":"product","link":"https:\/\/rifengcable.com\/fr\/manufacturer\/panel-wire\/","title":{"rendered":"Fil de panneau H03VV-F"},"content":{"rendered":"<h1 id=\"-easy-to-understand-panel-wire-guide-\"><strong>Guide de c\u00e2blage des panneaux facile \u00e0 comprendre<\/strong><\/h1>\n<p><strong>Fils du panneau<\/strong>\u00a0aider\u00a0<strong>l'\u00e9lectricit\u00e9 circule en toute s\u00e9curit\u00e9<\/strong>\u00a0en\u00a0<strong>foyers<\/strong>,\u00a0<strong>usines<\/strong>et\u00a0<strong>machines<\/strong>.<\/p>\n<h2 id=\"-what-is-panel-wire-\"><strong>Qu'est-ce qu'un c\u00e2ble pour panneau ?<\/strong><\/h2>\n<p>Le fil du panneau est\u00a0<strong>fort<\/strong>,\u00a0<strong>flexible<\/strong>et\u00a0<strong>facile \u00e0 installer<\/strong>. Il est utilis\u00e9 pour :<\/p>\n<ul>\n<li><strong>Panneaux de contr\u00f4le<\/strong> dans les usines.<\/li>\n<li><strong>Bo\u00eetes de disjoncteurs domestiques<\/strong> ($800-$3,000 pour l'installation).<\/li>\n<li><strong>Faisceaux de c\u00e2bles<\/strong> dans les voitures et les machines.<\/li>\n<\/ul>\n<h2 id=\"-key-features-\"><strong>Caract\u00e9ristiques principales<\/strong><\/h2>\n<table>\n<thead>\n<tr>\n<th><strong>Fonctionnalit\u00e9<\/strong><\/th>\n<th><strong>Pourquoi c'est important<\/strong><\/th>\n<\/tr>\n<\/thead>\n<tbody>\n<tr>\n<td><strong>Travaille avec des machines<\/strong><\/td>\n<td>Convient\u00a0<strong>Schleuniger, Komax, nVent<\/strong> outils en fil de fer.<\/td>\n<\/tr>\n<tr>\n<td><strong>Routage intelligent<\/strong><\/td>\n<td>L'ordinateur aide \u00e0 placer les fils\u00a0<strong>rapide et facile<\/strong>.<\/td>\n<\/tr>\n<tr>\n<td><strong>Pour les travaux difficiles<\/strong><\/td>\n<td>Utilis\u00e9 dans\u00a0<strong>usines, maisons, voitures<\/strong>.<\/td>\n<\/tr>\n<\/tbody>\n<\/table>\n<h2 id=\"-who-needs-panel-wire-\"><strong>Qui a besoin de fils pour panneaux ?<\/strong><\/h2>\n<ol>\n<li><strong>Ouvriers d'usine<\/strong>\u00a0- Pour\u00a0<strong>panneaux et machines de contr\u00f4le<\/strong>.<\/li>\n<li><strong>\u00c9lectriciens<\/strong>\u00a0- Pour\u00a0<strong>am\u00e9liorer le c\u00e2blage domestique<\/strong> ($800-$3 000 emplois).<\/li>\n<li><strong>Ing\u00e9nieurs<\/strong>\u00a0- Pour\u00a0<strong>conceptions de fils num\u00e9riques<\/strong>\u00a0(comme\u00a0<strong>Zuken Panel Builder 2025<\/strong>).<\/li>\n<\/ol>\n<h2 id=\"-where-to-learn-more-\"><strong>O\u00f9 en savoir plus ?<\/strong><\/h2>\n<ul>\n<li><strong>Interwire 2025<\/strong>\u00a0(13-15 mai, Atlanta) - Voir\u00a0<strong>nouvelle technologie du fil de fer<\/strong>.<\/li>\n<li><strong>Zuken Tech Tour 2025<\/strong>\u00a0- Apprendre\u00a0<strong>astuces de c\u00e2blage intelligent<\/strong>.<\/li>\n<\/ul>","protected":false},"excerpt":{"rendered":"<p>Item\uff1aH03VV-F<\/p>\n<div>\n<p class=\"lableName\">Certification du produit : VDE<\/p>\n<\/div>\n<div>\n<p class=\"lableName\"><strong>Param\u00e8tres de base\uff1a<\/strong><\/p>\n<\/div>\n<div>\n<ul>\n<li class=\"lableName\">Tension nominale 300\/300V<\/li>\n<li class=\"lableName\">La temp\u00e9rature de travail : <span style=\"color: #555555; font-size: 14.4px;\">70\u2103<\/span><\/li>\n<li class=\"lableName\">Standard ex\u00e9cutif :\u00a0<span style=\"color: #555555; font-size: 14.4px;\">AS\/NZS 60227.5<\/span><\/li>\n<\/ul>\n<\/div>\n<div>\n<p class=\"lableName\"><strong>Structure du conducteur\uff1a<\/strong><\/p>\n<\/div>\n<div>\n<ul>\n<li class=\"lableName\"><span class=\"lableName\">Mat\u00e9riau du conducteur\uff1a<\/span> Cuivre toronn\u00e9 nu<\/li>\n<li class=\"lableName\">Mat\u00e9riau d'isolation :\u00a0<span style=\"color: #555555; font-size: 14.4px;\">PVC<\/span><\/li>\n<li class=\"lableName\">Mati\u00e8re de la veste\uff1a\u00a0<span style=\"color: #555555; font-size: 14.4px;\">PVC<\/span><\/li>\n<\/ul>\n<\/div>","protected":false},"featured_media":2286,"template":"","meta":[],"product_brand":[],"product_cat":[40],"product_tag":[],"class_list":{"0":"post-1775","1":"product","2":"type-product","3":"status-publish","4":"has-post-thumbnail","6":"product_cat-pvc-cable","8":"first","9":"instock","10":"shipping-taxable","11":"product-type-simple"},"_links":{"self":[{"href":"https:\/\/rifengcable.com\/fr\/wp-json\/wp\/v2\/product\/1775","targetHints":{"allow":["GET"]}}],"collection":[{"href":"https:\/\/rifengcable.com\/fr\/wp-json\/wp\/v2\/product"}],"about":[{"href":"https:\/\/rifengcable.com\/fr\/wp-json\/wp\/v2\/types\/product"}],"wp:featuredmedia":[{"embeddable":true,"href":"https:\/\/rifengcable.com\/fr\/wp-json\/wp\/v2\/media\/2286"}],"wp:attachment":[{"href":"https:\/\/rifengcable.com\/fr\/wp-json\/wp\/v2\/media?parent=1775"}],"wp:term":[{"taxonomy":"product_brand","embeddable":true,"href":"https:\/\/rifengcable.com\/fr\/wp-json\/wp\/v2\/product_brand?post=1775"},{"taxonomy":"product_cat","embeddable":true,"href":"https:\/\/rifengcable.com\/fr\/wp-json\/wp\/v2\/product_cat?post=1775"},{"taxonomy":"product_tag","embeddable":true,"href":"https:\/\/rifengcable.com\/fr\/wp-json\/wp\/v2\/product_tag?post=1775"}],"curies":[{"name":"wp","href":"https:\/\/api.w.org\/{rel}","templated":true}]}}