{"id":1756,"date":"2025-03-03T03:18:46","date_gmt":"2025-03-03T03:18:46","guid":{"rendered":"https:\/\/rifengcable.com\/?post_type=product&#038;p=1756"},"modified":"2025-06-05T07:06:49","modified_gmt":"2025-06-05T07:06:49","slug":"welding-cable-h01n2-d","status":"publish","type":"product","link":"https:\/\/rifengcable.com\/fr\/manufacturer\/welding-cable-h01n2-d\/","title":{"rendered":"C\u00e2ble de soudage H01N2-D"},"content":{"rendered":"<h1 id=\"-h01n2-d-welding-cable-heavy-duty-rubber-sheathed-cable-\"><strong>H01N2-D C\u00e2ble de soudage - C\u00e2ble robuste sous gaine en caoutchouc<\/strong><\/h1>\n<p>Le H01N2-D est un c\u00e2ble de soudage solide, flexible et s\u00fbr. Il est certifi\u00e9 HAR et fonctionne avec 100V AC et 150V DC. Il est parfait pour le soudage automatique, semi-automatique et manuel.<\/p>\n<p>\u2705\u00a0<strong>Facile \u00e0 plier<\/strong>\u00a0- Id\u00e9al pour les espaces restreints. \u2705\u00a0<strong>Fonctionne dans des conditions de froid et de chaleur extr\u00eames<\/strong>\u00a0(-40\u00b0C \u00e0 +85\u00b0C). \u2705\u00a0<strong>R\u00e9sistant \u00e0 l'huile, \u00e0 la flamme et de longue dur\u00e9e<\/strong>. \u2705\u00a0<strong>Utilis\u00e9 dans les chantiers navals, les usines et la construction<\/strong>.<\/p>\n<hr \/>\n<h2 id=\"-why-buy-h01n2-d-\"><strong>Pourquoi acheter H01N2-D ?<\/strong><\/h2>\n<p>\u2714\u00a0<strong>S\u00fbr et certifi\u00e9<\/strong>\u00a0- R\u00e9unions\u00a0<strong>EN 50525-2-81<\/strong>\u00a0et\u00a0<strong>IEC 60245<\/strong>. \u2714\u00a0<strong>Noyau en cuivre solide<\/strong>\u00a0- Aucune rupture, m\u00eame en cas d'utilisation intensive. \u2714\u00a0<strong>Couvercle en caoutchouc flexible<\/strong>\u00a0- Ne se fissure pas et ne se d\u00e9chire pas facilement. \u2714\u00a0<strong>Fonctionne par tous les temps<\/strong>\u00a0- Bon pour\u00a0<strong>les endroits froids (-40\u00b0C) et chauds (+85\u00b0C)<\/strong>.<\/p>\n<hr \/>\n<h2 id=\"-specs-at-a-glance-\"><strong>Les caract\u00e9ristiques en un coup d'\u0153il<\/strong><\/h2>\n<table>\n<thead>\n<tr>\n<th><strong>Fonctionnalit\u00e9<\/strong><\/th>\n<th><strong>D\u00e9tails<\/strong><\/th>\n<\/tr>\n<\/thead>\n<tbody>\n<tr>\n<td><strong>Type<\/strong><\/td>\n<td>C\u00e2ble de soudage<\/td>\n<\/tr>\n<tr>\n<td><strong>Standard<\/strong><\/td>\n<td>EN 50525-2-81, HAR<\/td>\n<\/tr>\n<tr>\n<td><strong>Tension<\/strong><\/td>\n<td>100V AC \/ 150V DC<\/td>\n<\/tr>\n<tr>\n<td><strong>Temp\u00e9rature<\/strong><\/td>\n<td>-40\u00b0C \u00e0 +85\u00b0C (fixe) \/ -20\u00b0C \u00e0 +85\u00b0C (mobile)<\/td>\n<\/tr>\n<tr>\n<td><strong>Chef d'orchestre<\/strong><\/td>\n<td>Cuivre nu (flexible)<\/td>\n<\/tr>\n<tr>\n<td><strong>Veste<\/strong><\/td>\n<td>Caoutchouc (EM5)<\/td>\n<\/tr>\n<tr>\n<td><strong>Cycle de travail<\/strong><\/td>\n<td><strong>Enti\u00e8rement automatique<\/strong>: 100%\u00a0<strong>\u23d0 Semi-auto<\/strong>: 65-85%\u00a0<strong>\u23d0 Manuel<\/strong>: 30-60%<\/td>\n<\/tr>\n<\/tbody>\n<\/table>\n<hr \/>\n<h2 id=\"-best-uses-for-h01n2-d-\"><strong>Meilleures utilisations pour H01N2-D<\/strong><\/h2>\n<p>\ud83d\udd25\u00a0<strong>Soudage enti\u00e8rement automatique (cycle de travail de 100%)<\/strong>\u00a0\ud83d\udee0\ufe0f\u00a0<strong>Soudage manuel (cycle de travail 30-60%)<\/strong>\u00a0\u2699\ufe0f\u00a0<strong>Travail industriel (chantiers navals, usines automobiles, mines)<\/strong><\/p>\n<hr \/>\n<h2 id=\"-safety-performance-tips-\"><strong>Conseils en mati\u00e8re de s\u00e9curit\u00e9 et de performance<\/strong><\/h2>\n<ul>\n<li>\ud83d\udd25\u00a0<strong>Antid\u00e9flagrant<\/strong>\u00a0- Sans danger \u00e0 proximit\u00e9 d'\u00e9tincelles.<\/li>\n<li>\ud83c\udf21\ufe0f\u00a0<strong>Ne pas utiliser au-dessus de +85\u00b0C<\/strong>\u00a0ou\u00a0<strong>en dessous de -40\u00b0C<\/strong>.<\/li>\n<li>\ud83d\udd0c\u00a0<strong>V\u00e9rifier les coudes<\/strong>\u00a0- Garder \u00e0\u00a0<strong>4-8x l'\u00e9paisseur du c\u00e2ble<\/strong>.<\/li>\n<\/ul>\n<hr \/>\n<h2 id=\"-order-h01n2-d-today-\"><strong>Commandez H01N2-D d\u00e8s aujourd'hui !<\/strong><\/h2>\n<p><strong>Solide. S\u00fbr. Fiable.<\/strong>\u00a0Obtenez votre\u00a0<strong>C\u00e2ble de soudage H01N2-D<\/strong>\u00a0maintenant.<\/p>\n<p>\ud83d\udcde\u00a0<strong>Appelez-nous<\/strong>\u00a0ou\u00a0<strong>demander un devis<\/strong>\u00a0aujourd'hui !<\/p>","protected":false},"excerpt":{"rendered":"<p>Item\uff1aH01N2-D<\/p>\n<div>\n<p class=\"lableName\">Certification du produit : VDE<\/p>\n<\/div>\n<div>\n<p class=\"lableName\"><strong>Param\u00e8tres de base\uff1a<\/strong><\/p>\n<\/div>\n<div>\n<ul>\n<li class=\"lableName\">Tension nominale 100\/100V<\/li>\n<li class=\"lableName\">Temp\u00e9rature de fonctionnement nominale : 60\u2103<\/li>\n<li class=\"lableName\">Norme ex\u00e9cutive : VDE 0282-6<\/li>\n<\/ul>\n<\/div>\n<div><\/div>\n<div><\/div>\n<div>\n<p class=\"lableName\"><strong>Structure du conducteur<\/strong>\uff1a<\/p>\n<\/div>\n<div>\n<ul>\n<li class=\"lableName\"><span class=\"lableName\">Mat\u00e9riau du conducteur\uff1a<\/span> Cuivre toronn\u00e9 nu<\/li>\n<li class=\"lableName\">Mat\u00e9riau de la gaine\uff1a CPE<\/li>\n<\/ul>\n<\/div>\n<div>\n<p><strong>Applications du c\u00e2ble de soudage H01N2-D :<\/strong><\/p>\n<p>Ces c\u00e2bles sont con\u00e7us pour relier le g\u00e9n\u00e9rateur de soudage \u00e0 l'\u00e9lectrode manuelle et \u00e0 la pi\u00e8ce \u00e0 souder, ce qui les rend indispensables pour diverses op\u00e9rations de soudage. Ils sont largement utilis\u00e9s dans :<\/p>\n<ul>\n<li>Industrie automobile : Pour les t\u00e2ches de soudage et de fabrication.<\/li>\n<li>Construction navale : Convient aux environnements marins exigeants.<\/li>\n<li>Syst\u00e8mes de transport et de convoyage : Id\u00e9al pour les travaux de maintenance et d'assemblage.<\/li>\n<li>Fabrication d'outils et de machines : Utilis\u00e9s dans les processus de fabrication et de r\u00e9paration.<\/li>\n<li>Robots de soudage : Garantit des performances fiables dans les syst\u00e8mes de soudage automatis\u00e9s.<\/li>\n<\/ul>\n<\/div>","protected":false},"featured_media":1759,"template":"","meta":[],"product_brand":[],"product_cat":[39],"product_tag":[],"class_list":{"0":"post-1756","1":"product","2":"type-product","3":"status-publish","4":"has-post-thumbnail","6":"product_cat-welding-cable","8":"first","9":"instock","10":"shipping-taxable","11":"product-type-simple"},"_links":{"self":[{"href":"https:\/\/rifengcable.com\/fr\/wp-json\/wp\/v2\/product\/1756","targetHints":{"allow":["GET"]}}],"collection":[{"href":"https:\/\/rifengcable.com\/fr\/wp-json\/wp\/v2\/product"}],"about":[{"href":"https:\/\/rifengcable.com\/fr\/wp-json\/wp\/v2\/types\/product"}],"wp:featuredmedia":[{"embeddable":true,"href":"https:\/\/rifengcable.com\/fr\/wp-json\/wp\/v2\/media\/1759"}],"wp:attachment":[{"href":"https:\/\/rifengcable.com\/fr\/wp-json\/wp\/v2\/media?parent=1756"}],"wp:term":[{"taxonomy":"product_brand","embeddable":true,"href":"https:\/\/rifengcable.com\/fr\/wp-json\/wp\/v2\/product_brand?post=1756"},{"taxonomy":"product_cat","embeddable":true,"href":"https:\/\/rifengcable.com\/fr\/wp-json\/wp\/v2\/product_cat?post=1756"},{"taxonomy":"product_tag","embeddable":true,"href":"https:\/\/rifengcable.com\/fr\/wp-json\/wp\/v2\/product_tag?post=1756"}],"curies":[{"name":"wp","href":"https:\/\/api.w.org\/{rel}","templated":true}]}}